{"id":891,"date":"2020-04-17T06:13:52","date_gmt":"2020-04-17T06:13:52","guid":{"rendered":"https:\/\/zimllc.wpengine.com\/?page_id=891"},"modified":"2024-08-27T18:55:39","modified_gmt":"2024-08-27T18:55:39","slug":"ready-to-press-powder","status":"publish","type":"page","link":"https:\/\/zim.orangewallcreative.com\/cs\/powders\/ready-to-press-powder\/","title":{"rendered":"Pr\u00e1\u0161ek p\u0159ipraven\u00fd k lisov\u00e1n\u00ed"},"content":{"rendered":"<div class=\"fusion-fullwidth fullwidth-box fusion-builder-row-1 fusion-flex-container has-pattern-background has-mask-background nonhundred-percent-fullwidth non-hundred-percent-height-scrolling\" style=\"--awb-border-radius-top-left:0px;--awb-border-radius-top-right:0px;--awb-border-radius-bottom-right:0px;--awb-border-radius-bottom-left:0px;--awb-padding-right:0px;--awb-background-image:linear-gradient(180deg, #0000 0%,#0000 100%);--awb-flex-wrap:wrap;\" ><div class=\"fusion-builder-row fusion-row fusion-flex-align-items-flex-start fusion-flex-content-wrap\" style=\"max-width:1248px;margin-left: calc(-4% \/ 2 );margin-right: calc(-4% \/ 2 );\"><div class=\"fusion-layout-column fusion_builder_column fusion-builder-column-0 fusion_builder_column_2_3 2_3 fusion-flex-column\" style=\"--awb-bg-size:cover;--awb-width-large:66.666666666667%;--awb-margin-top-large:0px;--awb-spacing-right-large:2.88%;--awb-margin-bottom-large:0px;--awb-spacing-left-large:2.88%;--awb-width-medium:66.666666666667%;--awb-order-medium:0;--awb-spacing-right-medium:2.88%;--awb-spacing-left-medium:2.88%;--awb-width-small:100%;--awb-order-small:0;--awb-spacing-right-small:1.92%;--awb-spacing-left-small:1.92%;\" data-scroll-devices=\"small-visibility,medium-visibility,large-visibility\"><div class=\"fusion-column-wrapper fusion-column-has-shadow fusion-flex-justify-content-flex-start fusion-content-layout-column\"><div class=\"fusion-text fusion-text-1\"><h1>Pr\u00e1\u0161ek p\u0159ipraven\u00fd k lisov\u00e1n\u00ed<\/h1>\n<p>ZGCC pou\u017e\u00edv\u00e1 nejpokro\u010dilej\u0161\u00ed v\u00fdrobn\u00ed proces dopingov\u00e9ho paraf\u00ednu k v\u00fdrob\u011b pr\u00e1\u0161ku Ready To Press (RTP) (nebo pr\u00e1\u0161ku Cemented Carbide Grade Powder). RTP pr\u00e1\u0161ek m\u00e1 vynikaj\u00edc\u00ed tekutost pro pou\u017eit\u00ed jako surovina pro v\u00fdrobu d\u00edl\u016f ze slinut\u00e9ho karbidu. Od roku 1967 za\u010dala spole\u010dnost ZGCC navrhovat a vyr\u00e1b\u011bt na zak\u00e1zku pr\u00e1\u0161ek p\u0159ipraven\u00fd k lisov\u00e1n\u00ed s kobaltem a niklem jako pojivem p\u0159id\u00e1n\u00edm TiC, TaC a Ti pro dosa\u017een\u00ed vynikaj\u00edc\u00edho v\u00fdkonu.<\/p>\n<p>D\u00edky \u0161irok\u00e9 \u0161k\u00e1le velikost\u00ed karbid\u016f wolframu m\u016f\u017eeme vyr\u00e1b\u011bt des\u00edtky jakost\u00ed s r\u016fznou zrnitost\u00ed a slo\u017een\u00edm. Nyn\u00ed m\u00e1me sedm \u0159ad v\u010detn\u011b YG, YT, YW, ZP, ZM, ZK, ZN, ze kter\u00fdch si m\u016f\u017eete vybrat.<\/p>\n<p class=\"translation-block\">Pro v\u00edce informac\u00ed <strong><a href=\"https:\/\/zim-llc.com\/contact-us\/\" target=\"_self\">n\u00e1s nev\u00e1hejte kontaktovat<\/a><\/strong> nebo si prohl\u00e9dn\u011bte n\u00e1\u0161 <a href=\"https:\/\/zim-llc.com\/resources\/\" target=\"_self\"><strong>katalog.<\/strong><\/a><\/p>\n<p><strong>Produk\u010dn\u00ed proces:<br \/>\n<\/strong>nast\u0159\u00edkejte a vysu\u0161te<\/p>\n<p><strong>Ro\u010dn\u00ed kapacita:<br \/>\n<\/strong>4000 tun\/rok<\/p>\n<p><strong>Vzhled:<br \/>\n<\/strong>kulovit\u00e9 \u010d\u00e1stice \u0161ed\u00fd pr\u00e1\u0161ek<\/p>\n<p><strong>Velikost: <\/strong>-200 mesh<\/p>\n<p><strong>Aplikace:<br \/>\n<\/strong>RTP pr\u00e1\u0161ek m\u00e1 vynikaj\u00edc\u00ed kulovitou morfologii, perfektn\u00ed tekutost a minim\u00e1ln\u00ed zbytkovou vlhkost. Je to ide\u00e1ln\u00ed jakostn\u00ed pr\u00e1\u0161ek pro v\u00fdrobu prvot\u0159\u00eddn\u00edch d\u00edl\u016f ze slinut\u00e9ho karbidu, jako jsou pln\u00e9 \u0159ezn\u00e9 n\u00e1stroje, p\u0159esn\u00e9 karbidov\u00e9 d\u00edly, opot\u0159ebiteln\u00e9 d\u00edly a vrtac\u00ed n\u00e1stroje.<\/p>\n<\/div><\/div><\/div><div class=\"fusion-layout-column fusion_builder_column fusion-builder-column-1 fusion_builder_column_1_4 1_4 fusion-flex-column\" style=\"--awb-bg-size:cover;--awb-width-large:25%;--awb-margin-top-large:0px;--awb-spacing-right-large:7.68%;--awb-margin-bottom-large:0px;--awb-spacing-left-large:7.68%;--awb-width-medium:25%;--awb-order-medium:0;--awb-spacing-right-medium:7.68%;--awb-spacing-left-medium:7.68%;--awb-width-small:100%;--awb-order-small:0;--awb-spacing-right-small:1.92%;--awb-spacing-left-small:1.92%;\" data-scroll-devices=\"small-visibility,medium-visibility,large-visibility\"><div class=\"fusion-column-wrapper fusion-column-has-shadow fusion-flex-justify-content-flex-start fusion-content-layout-column\"><div class=\"fusion-separator fusion-full-width-sep\" style=\"align-self: center;margin-left: auto;margin-right: auto;margin-bottom:20px;width:100%;\"><\/div><div class=\"fusion-text fusion-text-2\">\n\t\t<div id=\"wppdfemb-frame-container-0\" style=\"-webkit-overflow-scrolling:auto;\">\n\t\t\t<iframe src=\"https:\/\/zim.orangewallcreative.com\/cs\/?url=https:\/\/zim-llc.com\/wp-content\/uploads\/2020\/07\/ZigongRTPpowder.pdf&#038;toolbarfixed=on&#038;index=1&#038;pdfID=0\"\n\t\t\t\tid=\"wppdf-emb-iframe-0\"\n\t\t\t\tdata-pdf-index=\"1\"\n\t\t\t\tclass=\"pdfembed-iframe nonfullscreen\"\n\t\t\t\tstyle=\"border:none;width:100%;max-width:250px;min-height:350px\"\n\t\t\t\tscrolling=\"yes\">\n\t\t\t<\/iframe>\n\t\t<\/div>\n\n\t\t\n<\/div><\/div><\/div><\/div><\/div>","protected":false},"excerpt":{"rendered":"","protected":false},"author":4,"featured_media":0,"parent":871,"menu_order":5,"comment_status":"closed","ping_status":"closed","template":"","meta":{"footnotes":""},"class_list":["post-891","page","type-page","status-publish","hentry"],"yoast_head":"<!-- This site is optimized with the Yoast SEO plugin v26.8 - https:\/\/yoast.com\/product\/yoast-seo-wordpress\/ -->\n<title>Ready to Press Powder - Zigong International Marketing, LLC<\/title>\n<meta name=\"description\" content=\"ZGCC uses the most advanced doping paraffine production process to produce the Ready To Press (RTP) powder (or Cemented Carbide Grade Powder)\" \/>\n<meta name=\"robots\" content=\"index, follow, max-snippet:-1, max-image-preview:large, max-video-preview:-1\" \/>\n<link rel=\"canonical\" href=\"http:\/\/zim.orangewallcreative.com\/cs\/powders\/ready-to-press-powder\/\" \/>\n<meta property=\"og:locale\" content=\"cs_CZ\" \/>\n<meta property=\"og:type\" content=\"article\" \/>\n<meta property=\"og:title\" content=\"Ready to Press Powder - Zigong International Marketing, LLC\" \/>\n<meta property=\"og:description\" content=\"ZGCC uses the most advanced doping paraffine production process to produce the Ready To Press (RTP) powder (or Cemented Carbide Grade Powder)\" \/>\n<meta property=\"og:url\" content=\"http:\/\/zim.orangewallcreative.com\/cs\/powders\/ready-to-press-powder\/\" \/>\n<meta property=\"og:site_name\" content=\"Zigong International Marketing, LLC\" \/>\n<meta property=\"article:modified_time\" content=\"2024-08-27T18:55:39+00:00\" \/>\n<meta name=\"twitter:card\" content=\"summary_large_image\" \/>\n<meta name=\"twitter:label1\" content=\"Odhadovan\u00e1 doba \u010dten\u00ed\" \/>\n\t<meta name=\"twitter:data1\" content=\"1 minuta\" \/>\n<script type=\"application\/ld+json\" class=\"yoast-schema-graph\">{\"@context\":\"https:\/\/schema.org\",\"@graph\":[{\"@type\":\"WebPage\",\"@id\":\"http:\/\/zim.orangewallcreative.com\/ar\/powders\/ready-to-press-powder\/\",\"url\":\"http:\/\/zim.orangewallcreative.com\/ar\/powders\/ready-to-press-powder\/\",\"name\":\"Ready to Press Powder - Zigong International Marketing, LLC\",\"isPartOf\":{\"@id\":\"http:\/\/zim.orangewallcreative.com\/bg\/#website\"},\"datePublished\":\"2020-04-17T06:13:52+00:00\",\"dateModified\":\"2024-08-27T18:55:39+00:00\",\"description\":\"ZGCC uses the most advanced doping paraffine production process to produce the Ready To Press (RTP) powder (or Cemented Carbide Grade Powder)\",\"breadcrumb\":{\"@id\":\"http:\/\/zim.orangewallcreative.com\/ar\/powders\/ready-to-press-powder\/#breadcrumb\"},\"inLanguage\":\"cs\",\"potentialAction\":[{\"@type\":\"ReadAction\",\"target\":[\"http:\/\/zim.orangewallcreative.com\/ar\/powders\/ready-to-press-powder\/\"]}]},{\"@type\":\"BreadcrumbList\",\"@id\":\"http:\/\/zim.orangewallcreative.com\/ar\/powders\/ready-to-press-powder\/#breadcrumb\",\"itemListElement\":[{\"@type\":\"ListItem\",\"position\":1,\"name\":\"Home\",\"item\":\"http:\/\/zim.orangewallcreative.com\/bg\/\"},{\"@type\":\"ListItem\",\"position\":2,\"name\":\"Powders\",\"item\":\"http:\/\/zim.orangewallcreative.com\/en\/powders\/\"},{\"@type\":\"ListItem\",\"position\":3,\"name\":\"Ready to Press Powder\"}]},{\"@type\":\"WebSite\",\"@id\":\"http:\/\/zim.orangewallcreative.com\/bg\/#website\",\"url\":\"http:\/\/zim.orangewallcreative.com\/bg\/\",\"name\":\"Zigong International Marketing, LLC\",\"description\":\"\",\"publisher\":{\"@id\":\"http:\/\/zim.orangewallcreative.com\/bg\/#organization\"},\"potentialAction\":[{\"@type\":\"SearchAction\",\"target\":{\"@type\":\"EntryPoint\",\"urlTemplate\":\"http:\/\/zim.orangewallcreative.com\/bg\/?s={search_term_string}\"},\"query-input\":{\"@type\":\"PropertyValueSpecification\",\"valueRequired\":true,\"valueName\":\"search_term_string\"}}],\"inLanguage\":\"cs\"},{\"@type\":\"Organization\",\"@id\":\"http:\/\/zim.orangewallcreative.com\/bg\/#organization\",\"name\":\"Zigong International Marketing LLC\",\"url\":\"http:\/\/zim.orangewallcreative.com\/bg\/\",\"logo\":{\"@type\":\"ImageObject\",\"inLanguage\":\"cs\",\"@id\":\"http:\/\/zim.orangewallcreative.com\/bg\/#\/schema\/logo\/image\/\",\"url\":\"https:\/\/zim-llc.com\/wp-content\/uploads\/2020\/06\/6-23-logo-c.jpg\",\"contentUrl\":\"https:\/\/zim-llc.com\/wp-content\/uploads\/2020\/06\/6-23-logo-c.jpg\",\"width\":201,\"height\":90,\"caption\":\"Zigong International Marketing LLC\"},\"image\":{\"@id\":\"http:\/\/zim.orangewallcreative.com\/bg\/#\/schema\/logo\/image\/\"}}]}<\/script>\n<!-- \/ Yoast SEO plugin. -->","yoast_head_json":{"title":"Ready to Press Powder - Zigong International Marketing, LLC","description":"ZGCC uses the most advanced doping paraffine production process to produce the Ready To Press (RTP) powder (or Cemented Carbide Grade Powder)","robots":{"index":"index","follow":"follow","max-snippet":"max-snippet:-1","max-image-preview":"max-image-preview:large","max-video-preview":"max-video-preview:-1"},"canonical":"http:\/\/zim.orangewallcreative.com\/cs\/powders\/ready-to-press-powder\/","og_locale":"cs_CZ","og_type":"article","og_title":"Ready to Press Powder - Zigong International Marketing, LLC","og_description":"ZGCC uses the most advanced doping paraffine production process to produce the Ready To Press (RTP) powder (or Cemented Carbide Grade Powder)","og_url":"http:\/\/zim.orangewallcreative.com\/cs\/powders\/ready-to-press-powder\/","og_site_name":"Zigong International Marketing, LLC","article_modified_time":"2024-08-27T18:55:39+00:00","twitter_card":"summary_large_image","twitter_misc":{"Odhadovan\u00e1 doba \u010dten\u00ed":"1 minuta"},"schema":{"@context":"https:\/\/schema.org","@graph":[{"@type":"WebPage","@id":"http:\/\/zim.orangewallcreative.com\/ar\/powders\/ready-to-press-powder\/","url":"http:\/\/zim.orangewallcreative.com\/ar\/powders\/ready-to-press-powder\/","name":"Ready to Press Powder - Zigong International Marketing, LLC","isPartOf":{"@id":"http:\/\/zim.orangewallcreative.com\/bg\/#website"},"datePublished":"2020-04-17T06:13:52+00:00","dateModified":"2024-08-27T18:55:39+00:00","description":"ZGCC uses the most advanced doping paraffine production process to produce the Ready To Press (RTP) powder (or Cemented Carbide Grade Powder)","breadcrumb":{"@id":"http:\/\/zim.orangewallcreative.com\/ar\/powders\/ready-to-press-powder\/#breadcrumb"},"inLanguage":"cs","potentialAction":[{"@type":"ReadAction","target":["http:\/\/zim.orangewallcreative.com\/ar\/powders\/ready-to-press-powder\/"]}]},{"@type":"BreadcrumbList","@id":"http:\/\/zim.orangewallcreative.com\/ar\/powders\/ready-to-press-powder\/#breadcrumb","itemListElement":[{"@type":"ListItem","position":1,"name":"Home","item":"http:\/\/zim.orangewallcreative.com\/bg\/"},{"@type":"ListItem","position":2,"name":"Powders","item":"http:\/\/zim.orangewallcreative.com\/en\/powders\/"},{"@type":"ListItem","position":3,"name":"Ready to Press Powder"}]},{"@type":"WebSite","@id":"http:\/\/zim.orangewallcreative.com\/bg\/#website","url":"http:\/\/zim.orangewallcreative.com\/bg\/","name":"Zigong International Marketing, LLC","description":"","publisher":{"@id":"http:\/\/zim.orangewallcreative.com\/bg\/#organization"},"potentialAction":[{"@type":"SearchAction","target":{"@type":"EntryPoint","urlTemplate":"http:\/\/zim.orangewallcreative.com\/bg\/?s={search_term_string}"},"query-input":{"@type":"PropertyValueSpecification","valueRequired":true,"valueName":"search_term_string"}}],"inLanguage":"cs"},{"@type":"Organization","@id":"http:\/\/zim.orangewallcreative.com\/bg\/#organization","name":"Zigong International Marketing LLC","url":"http:\/\/zim.orangewallcreative.com\/bg\/","logo":{"@type":"ImageObject","inLanguage":"cs","@id":"http:\/\/zim.orangewallcreative.com\/bg\/#\/schema\/logo\/image\/","url":"https:\/\/zim-llc.com\/wp-content\/uploads\/2020\/06\/6-23-logo-c.jpg","contentUrl":"https:\/\/zim-llc.com\/wp-content\/uploads\/2020\/06\/6-23-logo-c.jpg","width":201,"height":90,"caption":"Zigong International Marketing LLC"},"image":{"@id":"http:\/\/zim.orangewallcreative.com\/bg\/#\/schema\/logo\/image\/"}}]}},"_links":{"self":[{"href":"https:\/\/zim.orangewallcreative.com\/cs\/wp-json\/wp\/v2\/pages\/891","targetHints":{"allow":["GET"]}}],"collection":[{"href":"https:\/\/zim.orangewallcreative.com\/cs\/wp-json\/wp\/v2\/pages"}],"about":[{"href":"https:\/\/zim.orangewallcreative.com\/cs\/wp-json\/wp\/v2\/types\/page"}],"author":[{"embeddable":true,"href":"https:\/\/zim.orangewallcreative.com\/cs\/wp-json\/wp\/v2\/users\/4"}],"replies":[{"embeddable":true,"href":"https:\/\/zim.orangewallcreative.com\/cs\/wp-json\/wp\/v2\/comments?post=891"}],"version-history":[{"count":0,"href":"https:\/\/zim.orangewallcreative.com\/cs\/wp-json\/wp\/v2\/pages\/891\/revisions"}],"up":[{"embeddable":true,"href":"https:\/\/zim.orangewallcreative.com\/cs\/wp-json\/wp\/v2\/pages\/871"}],"wp:attachment":[{"href":"https:\/\/zim.orangewallcreative.com\/cs\/wp-json\/wp\/v2\/media?parent=891"}],"curies":[{"name":"wp","href":"https:\/\/api.w.org\/{rel}","templated":true}]}}