{"id":904,"date":"2020-04-17T06:17:57","date_gmt":"2020-04-17T06:17:57","guid":{"rendered":"https:\/\/zimllc.wpengine.com\/?page_id=904"},"modified":"2024-08-27T20:59:18","modified_gmt":"2024-08-27T20:59:18","slug":"cemented-carbide-rolls","status":"publish","type":"page","link":"https:\/\/zim.orangewallcreative.com\/cs\/cemented-carbides\/cemented-carbide-rolls\/","title":{"rendered":"V\u00e1le\u010dkov\u00e9 krou\u017eky ze slinut\u00e9ho karbidu"},"content":{"rendered":"<div class=\"fusion-fullwidth fullwidth-box fusion-builder-row-1 fusion-flex-container has-pattern-background has-mask-background nonhundred-percent-fullwidth non-hundred-percent-height-scrolling\" style=\"--awb-border-radius-top-left:0px;--awb-border-radius-top-right:0px;--awb-border-radius-bottom-right:0px;--awb-border-radius-bottom-left:0px;--awb-padding-right:0px;--awb-padding-left:60px;--awb-background-image:linear-gradient(180deg, #0000 0%,#0000 100%);--awb-flex-wrap:wrap;\" ><div class=\"fusion-builder-row fusion-row fusion-flex-align-items-flex-start fusion-flex-content-wrap\" style=\"max-width:1248px;margin-left: calc(-4% \/ 2 );margin-right: calc(-4% \/ 2 );\"><div class=\"fusion-layout-column fusion_builder_column fusion-builder-column-0 fusion_builder_column_2_3 2_3 fusion-flex-column\" style=\"--awb-bg-size:cover;--awb-width-large:66.666666666667%;--awb-margin-top-large:0px;--awb-spacing-right-large:2.88%;--awb-margin-bottom-large:0px;--awb-spacing-left-large:2.88%;--awb-width-medium:66.666666666667%;--awb-order-medium:0;--awb-spacing-right-medium:2.88%;--awb-spacing-left-medium:2.88%;--awb-width-small:100%;--awb-order-small:0;--awb-spacing-right-small:1.92%;--awb-spacing-left-small:1.92%;\" data-scroll-devices=\"small-visibility,medium-visibility,large-visibility\"><div class=\"fusion-column-wrapper fusion-column-has-shadow fusion-flex-justify-content-flex-start fusion-content-layout-column\"><div class=\"fusion-text fusion-text-1\"><h1>V\u00e1le\u010dkov\u00e9 krou\u017eky ze slinut\u00e9ho karbidu<\/h1>\n<p>Linka na v\u00fdrobu v\u00e1lc\u016f v ZGCC p\u0159ijala modern\u00ed paraf\u00ednov\u00fd proces v kombinaci s digit\u00e1ln\u00edm m\u00edchac\u00edm syst\u00e9mem a technologi\u00ed sprejov\u00e1n\u00ed a su\u0161en\u00ed, aby byla zaji\u0161t\u011bna kvalita jakostn\u00edho pr\u00e1\u0161ku pro v\u00e1lce ze slinut\u00e9ho karbidu. S podporou nejmodern\u011bj\u0161\u00edch v\u00fdrobn\u00edch za\u0159\u00edzen\u00ed, jako jsou 500tunov\u00e9 a 1000tunov\u00e9 lisy Alpha, pece Sintering-HOP, HIP pece, dovezen\u00e9 z USA a N\u011bmecka, m\u016f\u017ee tato linka vyr\u00e1b\u011bt mnoho typ\u016f polotovar\u016f rol\u00ed s vylep\u0161en\u00fdmi mikrostruktury a vlastnosti. D\u00edky pou\u017eit\u00ed speci\u00e1ln\u00edch brusek Wendt a dr\u00e1\u017ekovac\u00edch brusek z N\u011bmecka je zaru\u010dena rozm\u011brov\u00e1 p\u0159esnost hotov\u00fdch rol\u00ed. D\u00edky na\u0161emu patentovan\u00e9mu technick\u00e9mu know-how ve v\u00fdrob\u011b v\u00e1lc\u016f ze slinut\u00e9ho karbidu a odpov\u00eddaj\u00edc\u00edm standard\u016fm kvality Q\/62071126-8J1801-2010 a Q\/62071126-8K003-2009 m\u00e1te zaji\u0161t\u011bny produkty nejvy\u0161\u0161\u00ed kvality.<\/p>\n<p>M\u00e1me dva typy optimalizovan\u00e9ho materi\u00e1lu, ZY a ZY-A, s v\u00edce ne\u017e 20 druhy dostupn\u00fdmi pro v\u00fdrobu r\u016fzn\u00fdch druh\u016f karbidov\u00fdch ty\u010d\u00ed. Maxim\u00e1ln\u00ed vn\u011bj\u0161\u00ed pr\u016fm\u011br na\u0161ich v\u00e1lc\u016f ze slinut\u00e9ho karbidu m\u016f\u017ee dos\u00e1hnout a\u017e 500 mm a maxim\u00e1ln\u00ed tlou\u0161\u0165ka a\u017e 250 mm. M\u016f\u017eeme tak\u00e9 vyrobit karbidov\u00e9 v\u00e1lce na p\u0159\u00e1n\u00ed.<\/p>\n<\/div><\/div><\/div><div class=\"fusion-layout-column fusion_builder_column fusion-builder-column-1 fusion_builder_column_1_4 1_4 fusion-flex-column\" style=\"--awb-bg-size:cover;--awb-width-large:25%;--awb-margin-top-large:0px;--awb-spacing-right-large:7.68%;--awb-margin-bottom-large:0px;--awb-spacing-left-large:7.68%;--awb-width-medium:25%;--awb-order-medium:0;--awb-spacing-right-medium:7.68%;--awb-spacing-left-medium:7.68%;--awb-width-small:100%;--awb-order-small:0;--awb-spacing-right-small:1.92%;--awb-spacing-left-small:1.92%;\" data-scroll-devices=\"small-visibility,medium-visibility,large-visibility\"><div class=\"fusion-column-wrapper fusion-column-has-shadow fusion-flex-justify-content-flex-start fusion-content-layout-column\"><div class=\"fusion-separator fusion-full-width-sep\" style=\"align-self: center;margin-left: auto;margin-right: auto;margin-bottom:20px;width:100%;\"><\/div><div class=\"fusion-text fusion-text-2\">\n\t\t<div id=\"wppdfemb-frame-container-5159\" style=\"-webkit-overflow-scrolling:auto;\">\n\t\t\t<iframe src=\"https:\/\/zim.orangewallcreative.com\/cs\/?url=https:\/\/www.zim-llc.com\/wp-content\/uploads\/2024\/08\/ZGCC-Tungsten-Carbide-Roller-Rings.pdf&#038;title=ZGCC%20Tungsten%20Carbide%20Roller%20Rings&#038;index=1&#038;pdfID=5159\"\n\t\t\t\tid=\"wppdf-emb-iframe-5159\"\n\t\t\t\tdata-pdf-index=\"1\"\n\t\t\t\tclass=\"pdfembed-iframe nonfullscreen\"\n\t\t\t\tstyle=\"border:none;width:100%;max-width:250px;min-height:350px\"\n\t\t\t\tscrolling=\"yes\">\n\t\t\t<\/iframe>\n\t\t<\/div>\n\n\t\t\n<\/div><\/div><\/div><\/div><\/div>","protected":false},"excerpt":{"rendered":"","protected":false},"author":4,"featured_media":0,"parent":873,"menu_order":5,"comment_status":"closed","ping_status":"closed","template":"","meta":{"footnotes":""},"class_list":["post-904","page","type-page","status-publish","hentry"],"yoast_head":"<!-- This site is optimized with the Yoast SEO plugin v26.8 - https:\/\/yoast.com\/product\/yoast-seo-wordpress\/ -->\n<title>Cemented Carbide Roller Rings - Zigong International Marketing, LLC<\/title>\n<meta name=\"description\" content=\"Cemented Carbide Rolls can produce many types of roll blanks with improved microstructures and properties.\" \/>\n<meta name=\"robots\" content=\"index, follow, max-snippet:-1, max-image-preview:large, max-video-preview:-1\" \/>\n<link rel=\"canonical\" href=\"https:\/\/zim.orangewallcreative.com\/cs\/cemented-carbides\/cemented-carbide-rolls\/\" \/>\n<meta property=\"og:locale\" content=\"cs_CZ\" \/>\n<meta property=\"og:type\" content=\"article\" \/>\n<meta property=\"og:title\" content=\"Cemented Carbide Roller Rings - Zigong International Marketing, LLC\" \/>\n<meta property=\"og:description\" content=\"Cemented Carbide Rolls can produce many types of roll blanks with improved microstructures and properties.\" \/>\n<meta property=\"og:url\" content=\"https:\/\/zim.orangewallcreative.com\/cs\/cemented-carbides\/cemented-carbide-rolls\/\" \/>\n<meta property=\"og:site_name\" content=\"Zigong International Marketing, LLC\" \/>\n<meta property=\"article:modified_time\" content=\"2024-08-27T20:59:18+00:00\" \/>\n<meta name=\"twitter:card\" content=\"summary_large_image\" \/>\n<meta name=\"twitter:label1\" content=\"Odhadovan\u00e1 doba \u010dten\u00ed\" \/>\n\t<meta name=\"twitter:data1\" content=\"1 minuta\" \/>\n<script type=\"application\/ld+json\" class=\"yoast-schema-graph\">{\"@context\":\"https:\/\/schema.org\",\"@graph\":[{\"@type\":\"WebPage\",\"@id\":\"https:\/\/zim.orangewallcreative.com\/de\/cemented-carbides\/cemented-carbide-rolls\/\",\"url\":\"https:\/\/zim.orangewallcreative.com\/de\/cemented-carbides\/cemented-carbide-rolls\/\",\"name\":\"Cemented Carbide Roller Rings - Zigong International Marketing, LLC\",\"isPartOf\":{\"@id\":\"http:\/\/zim.orangewallcreative.com\/bg\/#website\"},\"datePublished\":\"2020-04-17T06:17:57+00:00\",\"dateModified\":\"2024-08-27T20:59:18+00:00\",\"description\":\"Cemented Carbide Rolls can produce many types of roll blanks with improved microstructures and properties.\",\"breadcrumb\":{\"@id\":\"https:\/\/zim.orangewallcreative.com\/de\/cemented-carbides\/cemented-carbide-rolls\/#breadcrumb\"},\"inLanguage\":\"cs\",\"potentialAction\":[{\"@type\":\"ReadAction\",\"target\":[\"https:\/\/zim.orangewallcreative.com\/de\/cemented-carbides\/cemented-carbide-rolls\/\"]}]},{\"@type\":\"BreadcrumbList\",\"@id\":\"https:\/\/zim.orangewallcreative.com\/de\/cemented-carbides\/cemented-carbide-rolls\/#breadcrumb\",\"itemListElement\":[{\"@type\":\"ListItem\",\"position\":1,\"name\":\"Home\",\"item\":\"http:\/\/zim.orangewallcreative.com\/bg\/\"},{\"@type\":\"ListItem\",\"position\":2,\"name\":\"Cemented Carbides\",\"item\":\"http:\/\/zim.orangewallcreative.com\/ca\/cemented-carbides\/\"},{\"@type\":\"ListItem\",\"position\":3,\"name\":\"Cemented Carbide Roller Rings\"}]},{\"@type\":\"WebSite\",\"@id\":\"http:\/\/zim.orangewallcreative.com\/bg\/#website\",\"url\":\"http:\/\/zim.orangewallcreative.com\/bg\/\",\"name\":\"Zigong International Marketing, LLC\",\"description\":\"\",\"publisher\":{\"@id\":\"http:\/\/zim.orangewallcreative.com\/bg\/#organization\"},\"potentialAction\":[{\"@type\":\"SearchAction\",\"target\":{\"@type\":\"EntryPoint\",\"urlTemplate\":\"http:\/\/zim.orangewallcreative.com\/bg\/?s={search_term_string}\"},\"query-input\":{\"@type\":\"PropertyValueSpecification\",\"valueRequired\":true,\"valueName\":\"search_term_string\"}}],\"inLanguage\":\"cs\"},{\"@type\":\"Organization\",\"@id\":\"http:\/\/zim.orangewallcreative.com\/bg\/#organization\",\"name\":\"Zigong International Marketing LLC\",\"url\":\"http:\/\/zim.orangewallcreative.com\/bg\/\",\"logo\":{\"@type\":\"ImageObject\",\"inLanguage\":\"cs\",\"@id\":\"http:\/\/zim.orangewallcreative.com\/bg\/#\/schema\/logo\/image\/\",\"url\":\"https:\/\/zim-llc.com\/wp-content\/uploads\/2020\/06\/6-23-logo-c.jpg\",\"contentUrl\":\"https:\/\/zim-llc.com\/wp-content\/uploads\/2020\/06\/6-23-logo-c.jpg\",\"width\":201,\"height\":90,\"caption\":\"Zigong International Marketing LLC\"},\"image\":{\"@id\":\"http:\/\/zim.orangewallcreative.com\/bg\/#\/schema\/logo\/image\/\"}}]}<\/script>\n<!-- \/ Yoast SEO plugin. -->","yoast_head_json":{"title":"Cemented Carbide Roller Rings - Zigong International Marketing, LLC","description":"Cemented Carbide Rolls can produce many types of roll blanks with improved microstructures and properties.","robots":{"index":"index","follow":"follow","max-snippet":"max-snippet:-1","max-image-preview":"max-image-preview:large","max-video-preview":"max-video-preview:-1"},"canonical":"https:\/\/zim.orangewallcreative.com\/cs\/cemented-carbides\/cemented-carbide-rolls\/","og_locale":"cs_CZ","og_type":"article","og_title":"Cemented Carbide Roller Rings - Zigong International Marketing, LLC","og_description":"Cemented Carbide Rolls can produce many types of roll blanks with improved microstructures and properties.","og_url":"https:\/\/zim.orangewallcreative.com\/cs\/cemented-carbides\/cemented-carbide-rolls\/","og_site_name":"Zigong International Marketing, LLC","article_modified_time":"2024-08-27T20:59:18+00:00","twitter_card":"summary_large_image","twitter_misc":{"Odhadovan\u00e1 doba \u010dten\u00ed":"1 minuta"},"schema":{"@context":"https:\/\/schema.org","@graph":[{"@type":"WebPage","@id":"https:\/\/zim.orangewallcreative.com\/de\/cemented-carbides\/cemented-carbide-rolls\/","url":"https:\/\/zim.orangewallcreative.com\/de\/cemented-carbides\/cemented-carbide-rolls\/","name":"Cemented Carbide Roller Rings - Zigong International Marketing, LLC","isPartOf":{"@id":"http:\/\/zim.orangewallcreative.com\/bg\/#website"},"datePublished":"2020-04-17T06:17:57+00:00","dateModified":"2024-08-27T20:59:18+00:00","description":"Cemented Carbide Rolls can produce many types of roll blanks with improved microstructures and properties.","breadcrumb":{"@id":"https:\/\/zim.orangewallcreative.com\/de\/cemented-carbides\/cemented-carbide-rolls\/#breadcrumb"},"inLanguage":"cs","potentialAction":[{"@type":"ReadAction","target":["https:\/\/zim.orangewallcreative.com\/de\/cemented-carbides\/cemented-carbide-rolls\/"]}]},{"@type":"BreadcrumbList","@id":"https:\/\/zim.orangewallcreative.com\/de\/cemented-carbides\/cemented-carbide-rolls\/#breadcrumb","itemListElement":[{"@type":"ListItem","position":1,"name":"Home","item":"http:\/\/zim.orangewallcreative.com\/bg\/"},{"@type":"ListItem","position":2,"name":"Cemented Carbides","item":"http:\/\/zim.orangewallcreative.com\/ca\/cemented-carbides\/"},{"@type":"ListItem","position":3,"name":"Cemented Carbide Roller Rings"}]},{"@type":"WebSite","@id":"http:\/\/zim.orangewallcreative.com\/bg\/#website","url":"http:\/\/zim.orangewallcreative.com\/bg\/","name":"Zigong International Marketing, LLC","description":"","publisher":{"@id":"http:\/\/zim.orangewallcreative.com\/bg\/#organization"},"potentialAction":[{"@type":"SearchAction","target":{"@type":"EntryPoint","urlTemplate":"http:\/\/zim.orangewallcreative.com\/bg\/?s={search_term_string}"},"query-input":{"@type":"PropertyValueSpecification","valueRequired":true,"valueName":"search_term_string"}}],"inLanguage":"cs"},{"@type":"Organization","@id":"http:\/\/zim.orangewallcreative.com\/bg\/#organization","name":"Zigong International Marketing LLC","url":"http:\/\/zim.orangewallcreative.com\/bg\/","logo":{"@type":"ImageObject","inLanguage":"cs","@id":"http:\/\/zim.orangewallcreative.com\/bg\/#\/schema\/logo\/image\/","url":"https:\/\/zim-llc.com\/wp-content\/uploads\/2020\/06\/6-23-logo-c.jpg","contentUrl":"https:\/\/zim-llc.com\/wp-content\/uploads\/2020\/06\/6-23-logo-c.jpg","width":201,"height":90,"caption":"Zigong International Marketing LLC"},"image":{"@id":"http:\/\/zim.orangewallcreative.com\/bg\/#\/schema\/logo\/image\/"}}]}},"_links":{"self":[{"href":"https:\/\/zim.orangewallcreative.com\/cs\/wp-json\/wp\/v2\/pages\/904","targetHints":{"allow":["GET"]}}],"collection":[{"href":"https:\/\/zim.orangewallcreative.com\/cs\/wp-json\/wp\/v2\/pages"}],"about":[{"href":"https:\/\/zim.orangewallcreative.com\/cs\/wp-json\/wp\/v2\/types\/page"}],"author":[{"embeddable":true,"href":"https:\/\/zim.orangewallcreative.com\/cs\/wp-json\/wp\/v2\/users\/4"}],"replies":[{"embeddable":true,"href":"https:\/\/zim.orangewallcreative.com\/cs\/wp-json\/wp\/v2\/comments?post=904"}],"version-history":[{"count":0,"href":"https:\/\/zim.orangewallcreative.com\/cs\/wp-json\/wp\/v2\/pages\/904\/revisions"}],"up":[{"embeddable":true,"href":"https:\/\/zim.orangewallcreative.com\/cs\/wp-json\/wp\/v2\/pages\/873"}],"wp:attachment":[{"href":"https:\/\/zim.orangewallcreative.com\/cs\/wp-json\/wp\/v2\/media?parent=904"}],"curies":[{"name":"wp","href":"https:\/\/api.w.org\/{rel}","templated":true}]}}