{"id":861,"date":"2017-04-17T05:44:39","date_gmt":"2017-04-17T05:44:39","guid":{"rendered":"https:\/\/zimllc.wpengine.com\/?page_id=861"},"modified":"2024-04-12T02:57:15","modified_gmt":"2024-04-12T02:57:15","slug":"who-we-are","status":"publish","type":"page","link":"https:\/\/zim.orangewallcreative.com\/cy\/about\/who-we-are\/","title":{"rendered":"Pwy Ydym Ni"},"content":{"rendered":"<div class=\"fusion-fullwidth fullwidth-box fusion-builder-row-1 fusion-flex-container has-pattern-background has-mask-background nonhundred-percent-fullwidth non-hundred-percent-height-scrolling\" style=\"--awb-border-radius-top-left:0px;--awb-border-radius-top-right:0px;--awb-border-radius-bottom-right:0px;--awb-border-radius-bottom-left:0px;--awb-background-image:linear-gradient(180deg, #0000 0%,#0000 100%);--awb-flex-wrap:wrap;\" ><div class=\"fusion-builder-row fusion-row fusion-flex-align-items-flex-start fusion-flex-content-wrap\" style=\"max-width:1248px;margin-left: calc(-4% \/ 2 );margin-right: calc(-4% \/ 2 );\"><div class=\"fusion-layout-column fusion_builder_column fusion-builder-column-0 fusion_builder_column_3_4 3_4 fusion-flex-column\" style=\"--awb-padding-left:60px;--awb-bg-size:cover;--awb-width-large:75%;--awb-margin-top-large:0px;--awb-spacing-right-large:2.56%;--awb-margin-bottom-large:0px;--awb-spacing-left-large:2.56%;--awb-width-medium:75%;--awb-order-medium:0;--awb-spacing-right-medium:2.56%;--awb-spacing-left-medium:2.56%;--awb-width-small:100%;--awb-order-small:0;--awb-spacing-right-small:1.92%;--awb-spacing-left-small:1.92%;\" data-scroll-devices=\"small-visibility,medium-visibility,large-visibility\"><div class=\"fusion-column-wrapper fusion-column-has-shadow fusion-flex-justify-content-flex-start fusion-content-layout-column\"><div class=\"fusion-text fusion-text-1\"><h1>Pwy Ydym Ni<\/h1>\n<p class=\"translation-block\"><span style=\"color: #af2828\">\u2192<\/span> Mae Zigong International Marketing yn is-gwmni i Zigong Cemented Carbide Co., Ltd.<\/p>\n<p class=\"translation-block\"><span style=\"color: #af2828\">\u2192<\/span> Mae ZGCC yn aelod craidd o China Minmetals Group, sy&#039;n un o 500 cwmni gorau&#039;r byd.<\/p>\n<p class=\"translation-block\"><span style=\"color: #af2828\">\u2192<\/span> Hwn oedd y mentrau gweithgynhyrchu carbid smentio ar raddfa fawr gyntaf a gynlluniwyd ac a adeiladwyd yn y cartref yn Tsieina.<\/p>\n<p class=\"translation-block\"><span style=\"color: #af2828\">\u2192<\/span> Rydym yn gyflenwr dibynadwy o ddeunyddiau wyneb caled gyda lefelau byd uwch a&#039;u gwasanaethau cymhwysiad.<\/p>\n<p class=\"translation-block\"><span style=\"color: #af2828\">\u2192<\/span> Mae ZGCC yn dal y safle arweinyddiaeth yn y gwneuthurwr cynnyrch Twngsten a Molybdenwm yn Tsieina.<\/p>\n<h2>Gwasanaeth cwsmer<\/h2>\n<p class=\"translation-block\"><span style=\"color: #af2828\">\u2192<\/span> <strong>CEFNOGAETH:<\/strong> Mae ein t\u00eem gwerthu proffesiynol a th\u00eem gwasanaeth technegol yn cadw mewn cysylltiad \u00e2&#039;n cwsmeriaid. Rydym yn darparu&#039;r gefnogaeth angenrheidiol i gwrdd \u00e2&#039;ch gofynion cynnyrch penodol.<\/p>\n<p class=\"translation-block\"><span style=\"color: #af2828\">\u2192<\/span> <strong>RHESTRIAD:<\/strong> Rydym yn cadw rhestr eiddo angenrheidiol ac mae gennym ganolfannau dosbarthu ym mhob prif farchnad ranbarthol i roi tro cyflym i&#039;n cwsmeriaid.<\/p>\n<p class=\"translation-block\"><span style=\"color: #af2828\">\u2192<\/span> <strong>LLWYDDIANT + TWF:<\/strong> Mae ein cwsmeriaid allweddol amrywiol yn chwarae rhan bwysig ym mhob maes economaidd byd-eang. Rydym yn gweithio gyda chi i&#039;ch helpu i dyfu eich busnes.<strong><br><\/strong><\/p>\n<h2>Yr hyn yr ydym yn ei ddarparu i&#039;n cwsmeriaid<\/h2>\n<p><em><strong>Ein cwsmeriaid yw ein ffocws. Rydym yn ymdrechu i sefydlu perthynas hirdymor gyda&#039;n cwsmeriaid ac i wneud ZGCC\/ZIM yn ddewis cyntaf ar gyfer ein cynnyrch.<\/strong><\/em><\/p>\n<p>Ein cenhadaeth yw darparu cynnyrch a gwasanaeth o safon i&#039;n cwsmeriaid. Rydym yn partneru \u00e2&#039;n cwsmeriaid i&#039;w helpu i gyrraedd eu nodau a chefnogi&#039;r broses weithgynhyrchu gyfan. Fel menter gyfrifol, rydym yn gweithio i wneud y gorau o&#039;ch potensial busnes a&#039;ch nodau busnes. Ein nodau yw dod yn brif gynhyrchydd a chyflenwr yr holl ddeunyddiau o erthyglau Carbide Cemented, Twngsten a Molybdenwm yn fyd-eang o dan arweiniad hte y China Minmentals Group.<\/p>\n<p>Rydym yn rhagori i wneud ZGCC yn ddarparwr blaenllaw o gynnydd gwyddonol ac ymchwil yn y maes deunydd newydd, ac yn cadw ZGCC fel cyflenwr cymwys o atebion effeithiol i&#039;n cwsmeriaid. Rydym yn edrych i&#039;r dyfodol ac yn ymdrechu i sicrhau cynnydd yn y dyfodol, ac rydym yn ymdrechu&#039;n gyson i gynnal ein safle arweinyddiaeth o fewn Carbide Cemented, deunydd wyneb caled, cynhyrchion Twngsten a Molybdenwm a&#039;u marchnad. Mae ein llwyddiant yn y dyfodol yn dibynnu ar y sylfaen a adeiladwyd gan ein gweithwyr. Rydym yn gwneud ymdrech i greu amgylchedd lle gallant gyflawni eu nodau a gwobrwyo eu llwyddiannau. Rydym hefyd yn cadw ZGCC fel menter sydd \u00e2 chyfrifoldeb cymdeithasol cryf i&#039;n cymuned.<\/p>\n<\/div><\/div><\/div><\/div><\/div>","protected":false},"excerpt":{"rendered":"","protected":false},"author":4,"featured_media":0,"parent":815,"menu_order":2,"comment_status":"closed","ping_status":"closed","template":"","meta":{"footnotes":""},"class_list":["post-861","page","type-page","status-publish","hentry"],"yoast_head":"<!-- This site is optimized with the Yoast SEO plugin v26.8 - https:\/\/yoast.com\/product\/yoast-seo-wordpress\/ -->\n<title>Who We Are - Zigong International Marketing, LLC<\/title>\n<meta name=\"description\" content=\"Zigong International Marketing is a subsidiary of Zignong Cemented Carbide Co., Ltd. Core member of China Minmentals Group.\" \/>\n<meta name=\"robots\" content=\"index, follow, max-snippet:-1, max-image-preview:large, max-video-preview:-1\" \/>\n<link rel=\"canonical\" href=\"https:\/\/zim.orangewallcreative.com\/cy\/about\/who-we-are\/\" \/>\n<meta property=\"og:locale\" content=\"en_US\" \/>\n<meta property=\"og:type\" content=\"article\" \/>\n<meta property=\"og:title\" content=\"Who We Are - Zigong International Marketing, LLC\" \/>\n<meta property=\"og:description\" content=\"Zigong International Marketing is a subsidiary of Zignong Cemented Carbide Co., Ltd. Core member of China Minmentals Group.\" \/>\n<meta property=\"og:url\" content=\"https:\/\/zim.orangewallcreative.com\/cy\/about\/who-we-are\/\" \/>\n<meta property=\"og:site_name\" content=\"Zigong International Marketing, LLC\" \/>\n<meta property=\"article:modified_time\" content=\"2024-04-12T02:57:15+00:00\" \/>\n<meta name=\"twitter:card\" content=\"summary_large_image\" \/>\n<meta name=\"twitter:label1\" content=\"Est. reading time\" \/>\n\t<meta name=\"twitter:data1\" content=\"4 munud\" \/>\n<script type=\"application\/ld+json\" class=\"yoast-schema-graph\">{\"@context\":\"https:\/\/schema.org\",\"@graph\":[{\"@type\":\"WebPage\",\"@id\":\"https:\/\/zim.orangewallcreative.com\/ug\/about\/who-we-are\/\",\"url\":\"https:\/\/zim.orangewallcreative.com\/ug\/about\/who-we-are\/\",\"name\":\"Who We Are - Zigong International Marketing, LLC\",\"isPartOf\":{\"@id\":\"http:\/\/zim.orangewallcreative.com\/bg\/#website\"},\"datePublished\":\"2017-04-17T05:44:39+00:00\",\"dateModified\":\"2024-04-12T02:57:15+00:00\",\"description\":\"Zigong International Marketing is a subsidiary of Zignong Cemented Carbide Co., Ltd. Core member of China Minmentals Group.\",\"breadcrumb\":{\"@id\":\"https:\/\/zim.orangewallcreative.com\/ug\/about\/who-we-are\/#breadcrumb\"},\"inLanguage\":\"cy\",\"potentialAction\":[{\"@type\":\"ReadAction\",\"target\":[\"https:\/\/zim.orangewallcreative.com\/ug\/about\/who-we-are\/\"]}]},{\"@type\":\"BreadcrumbList\",\"@id\":\"https:\/\/zim.orangewallcreative.com\/ug\/about\/who-we-are\/#breadcrumb\",\"itemListElement\":[{\"@type\":\"ListItem\",\"position\":1,\"name\":\"Home\",\"item\":\"http:\/\/zim.orangewallcreative.com\/bg\/\"},{\"@type\":\"ListItem\",\"position\":2,\"name\":\"About\",\"item\":\"https:\/\/zim.orangewallcreative.com\/ku\/about\/\"},{\"@type\":\"ListItem\",\"position\":3,\"name\":\"Who We Are\"}]},{\"@type\":\"WebSite\",\"@id\":\"http:\/\/zim.orangewallcreative.com\/bg\/#website\",\"url\":\"http:\/\/zim.orangewallcreative.com\/bg\/\",\"name\":\"Zigong International Marketing, LLC\",\"description\":\"\",\"publisher\":{\"@id\":\"http:\/\/zim.orangewallcreative.com\/bg\/#organization\"},\"potentialAction\":[{\"@type\":\"SearchAction\",\"target\":{\"@type\":\"EntryPoint\",\"urlTemplate\":\"http:\/\/zim.orangewallcreative.com\/bg\/?s={search_term_string}\"},\"query-input\":{\"@type\":\"PropertyValueSpecification\",\"valueRequired\":true,\"valueName\":\"search_term_string\"}}],\"inLanguage\":\"cy\"},{\"@type\":\"Organization\",\"@id\":\"http:\/\/zim.orangewallcreative.com\/bg\/#organization\",\"name\":\"Zigong International Marketing LLC\",\"url\":\"http:\/\/zim.orangewallcreative.com\/bg\/\",\"logo\":{\"@type\":\"ImageObject\",\"inLanguage\":\"cy\",\"@id\":\"http:\/\/zim.orangewallcreative.com\/bg\/#\/schema\/logo\/image\/\",\"url\":\"https:\/\/zim-llc.com\/wp-content\/uploads\/2020\/06\/6-23-logo-c.jpg\",\"contentUrl\":\"https:\/\/zim-llc.com\/wp-content\/uploads\/2020\/06\/6-23-logo-c.jpg\",\"width\":201,\"height\":90,\"caption\":\"Zigong International Marketing LLC\"},\"image\":{\"@id\":\"http:\/\/zim.orangewallcreative.com\/bg\/#\/schema\/logo\/image\/\"}}]}<\/script>\n<!-- \/ Yoast SEO plugin. -->","yoast_head_json":{"title":"Who We Are - Zigong International Marketing, LLC","description":"Zigong International Marketing is a subsidiary of Zignong Cemented Carbide Co., Ltd. Core member of China Minmentals Group.","robots":{"index":"index","follow":"follow","max-snippet":"max-snippet:-1","max-image-preview":"max-image-preview:large","max-video-preview":"max-video-preview:-1"},"canonical":"https:\/\/zim.orangewallcreative.com\/cy\/about\/who-we-are\/","og_locale":"en_US","og_type":"article","og_title":"Who We Are - Zigong International Marketing, LLC","og_description":"Zigong International Marketing is a subsidiary of Zignong Cemented Carbide Co., Ltd. Core member of China Minmentals Group.","og_url":"https:\/\/zim.orangewallcreative.com\/cy\/about\/who-we-are\/","og_site_name":"Zigong International Marketing, LLC","article_modified_time":"2024-04-12T02:57:15+00:00","twitter_card":"summary_large_image","twitter_misc":{"Est. reading time":"4 munud"},"schema":{"@context":"https:\/\/schema.org","@graph":[{"@type":"WebPage","@id":"https:\/\/zim.orangewallcreative.com\/ug\/about\/who-we-are\/","url":"https:\/\/zim.orangewallcreative.com\/ug\/about\/who-we-are\/","name":"Who We Are - Zigong International Marketing, LLC","isPartOf":{"@id":"http:\/\/zim.orangewallcreative.com\/bg\/#website"},"datePublished":"2017-04-17T05:44:39+00:00","dateModified":"2024-04-12T02:57:15+00:00","description":"Zigong International Marketing is a subsidiary of Zignong Cemented Carbide Co., Ltd. Core member of China Minmentals Group.","breadcrumb":{"@id":"https:\/\/zim.orangewallcreative.com\/ug\/about\/who-we-are\/#breadcrumb"},"inLanguage":"cy","potentialAction":[{"@type":"ReadAction","target":["https:\/\/zim.orangewallcreative.com\/ug\/about\/who-we-are\/"]}]},{"@type":"BreadcrumbList","@id":"https:\/\/zim.orangewallcreative.com\/ug\/about\/who-we-are\/#breadcrumb","itemListElement":[{"@type":"ListItem","position":1,"name":"Home","item":"http:\/\/zim.orangewallcreative.com\/bg\/"},{"@type":"ListItem","position":2,"name":"About","item":"https:\/\/zim.orangewallcreative.com\/ku\/about\/"},{"@type":"ListItem","position":3,"name":"Who We Are"}]},{"@type":"WebSite","@id":"http:\/\/zim.orangewallcreative.com\/bg\/#website","url":"http:\/\/zim.orangewallcreative.com\/bg\/","name":"Zigong International Marketing, LLC","description":"","publisher":{"@id":"http:\/\/zim.orangewallcreative.com\/bg\/#organization"},"potentialAction":[{"@type":"SearchAction","target":{"@type":"EntryPoint","urlTemplate":"http:\/\/zim.orangewallcreative.com\/bg\/?s={search_term_string}"},"query-input":{"@type":"PropertyValueSpecification","valueRequired":true,"valueName":"search_term_string"}}],"inLanguage":"cy"},{"@type":"Organization","@id":"http:\/\/zim.orangewallcreative.com\/bg\/#organization","name":"Marchnata Rhyngwladol Zigong LLC","url":"http:\/\/zim.orangewallcreative.com\/bg\/","logo":{"@type":"ImageObject","inLanguage":"cy","@id":"http:\/\/zim.orangewallcreative.com\/bg\/#\/schema\/logo\/image\/","url":"https:\/\/zim-llc.com\/wp-content\/uploads\/2020\/06\/6-23-logo-c.jpg","contentUrl":"https:\/\/zim-llc.com\/wp-content\/uploads\/2020\/06\/6-23-logo-c.jpg","width":201,"height":90,"caption":"Zigong International Marketing LLC"},"image":{"@id":"http:\/\/zim.orangewallcreative.com\/bg\/#\/schema\/logo\/image\/"}}]}},"_links":{"self":[{"href":"https:\/\/zim.orangewallcreative.com\/cy\/wp-json\/wp\/v2\/pages\/861","targetHints":{"allow":["GET"]}}],"collection":[{"href":"https:\/\/zim.orangewallcreative.com\/cy\/wp-json\/wp\/v2\/pages"}],"about":[{"href":"https:\/\/zim.orangewallcreative.com\/cy\/wp-json\/wp\/v2\/types\/page"}],"author":[{"embeddable":true,"href":"https:\/\/zim.orangewallcreative.com\/cy\/wp-json\/wp\/v2\/users\/4"}],"replies":[{"embeddable":true,"href":"https:\/\/zim.orangewallcreative.com\/cy\/wp-json\/wp\/v2\/comments?post=861"}],"version-history":[{"count":0,"href":"https:\/\/zim.orangewallcreative.com\/cy\/wp-json\/wp\/v2\/pages\/861\/revisions"}],"up":[{"embeddable":true,"href":"https:\/\/zim.orangewallcreative.com\/cy\/wp-json\/wp\/v2\/pages\/815"}],"wp:attachment":[{"href":"https:\/\/zim.orangewallcreative.com\/cy\/wp-json\/wp\/v2\/media?parent=861"}],"curies":[{"name":"wp","href":"https:\/\/api.w.org\/{rel}","templated":true}]}}