{"id":2756,"date":"2020-07-13T23:02:16","date_gmt":"2020-07-13T23:02:16","guid":{"rendered":"https:\/\/zimllc.wpengine.com\/?page_id=2756"},"modified":"2024-08-27T19:01:08","modified_gmt":"2024-08-27T19:01:08","slug":"molybdenum-bar-rod-plate","status":"publish","type":"page","link":"https:\/\/zim.orangewallcreative.com\/da\/w-mo-products\/molybdenum-bar-rod-plate\/","title":{"rendered":"Molybd\u00e6n bar, stang og plade"},"content":{"rendered":"<div class=\"fusion-fullwidth fullwidth-box fusion-builder-row-1 fusion-flex-container has-pattern-background has-mask-background nonhundred-percent-fullwidth non-hundred-percent-height-scrolling\" style=\"--awb-border-radius-top-left:0px;--awb-border-radius-top-right:0px;--awb-border-radius-bottom-right:0px;--awb-border-radius-bottom-left:0px;--awb-padding-left:60px;--awb-background-image:linear-gradient(180deg, #0000 0%,#0000 100%);--awb-flex-wrap:wrap;\" ><div class=\"fusion-builder-row fusion-row fusion-flex-align-items-flex-start fusion-flex-content-wrap\" style=\"max-width:1248px;margin-left: calc(-4% \/ 2 );margin-right: calc(-4% \/ 2 );\"><div class=\"fusion-layout-column fusion_builder_column fusion-builder-column-0 fusion_builder_column_2_3 2_3 fusion-flex-column\" style=\"--awb-bg-size:cover;--awb-width-large:66.666666666667%;--awb-margin-top-large:0px;--awb-spacing-right-large:2.88%;--awb-margin-bottom-large:0px;--awb-spacing-left-large:2.88%;--awb-width-medium:66.666666666667%;--awb-order-medium:0;--awb-spacing-right-medium:2.88%;--awb-spacing-left-medium:2.88%;--awb-width-small:100%;--awb-order-small:0;--awb-spacing-right-small:1.92%;--awb-spacing-left-small:1.92%;\" data-scroll-devices=\"small-visibility,medium-visibility,large-visibility\"><div class=\"fusion-column-wrapper fusion-column-has-shadow fusion-flex-justify-content-flex-start fusion-content-layout-column\"><div class=\"fusion-text fusion-text-1\"><h1>Molybd\u00e6n bar, stang og plade<\/h1>\n<p><strong>Molybd\u00e6n bar<\/strong><br \/>\nMolybd\u00e6nstang bruges som r\u00e5materiale til valsning, s\u00e6nkning og tr\u00e6kning af tr\u00e5d.<\/p>\n<p><strong>St\u00f8rrelse:<\/strong>\u00a0\u03a6(15,0~26) \u00d7 (350~900)mm<\/p>\n<p><strong>Molybd\u00e6n stang<\/strong><br \/>\nVores molybd\u00e6nstang af h\u00f8j kvalitet er velegnet til forskellige typer kontakt, blystang, elektrode og varmekomponenter.<\/p>\n<p><strong>St\u00f8rrelse:<\/strong>\u00a0\u03a6(1,0~15)mm<br \/>\n3.4.8 Andre wolfram- og molybd\u00e6nprodukter<\/p>\n<p><strong>Molybd\u00e6n plade<\/strong><br \/>\nMolybd\u00e6nplade til pladevalsning<br \/>\nMolybd\u00e6npladeemne bruges som r\u00e5materiale til fremstilling af molybd\u00e6npladen ved valsning.<\/p>\n<p><strong>Tykkelse:<\/strong>\u00a020-50 mm<\/p>\n<p><strong>Molybd\u00e6n penetrator<\/strong><br \/>\nMolybd\u00e6npenetrator bruges til at producere s\u00f8ml\u00f8se st\u00e5lr\u00f8r, s\u00e5som rustfrit st\u00e5l, lejer og h\u00f8jtemperaturlegeret st\u00e5l.<\/p>\n<p><strong>St\u00f8rrelse:<\/strong>\u00a0\u03a6(20,0~200) mm \u00d7 \u03a6(60,0~350) mm<\/p>\n<p><strong>Wolfram og Molybd\u00e6n additiver<\/strong><br \/>\nWolfram bruges som tils\u00e6tningsstof til fremstilling af specialst\u00e5l. Disse omfatter hovedsageligt h\u00f8jhastighedsst\u00e5l til fremstilling af drejesk\u00e6r med h\u00f8jere h\u00e5rdhed og fremragende slidstyrke ved h\u00f8je temperaturer. Det legerede v\u00e6rkt\u00f8jsst\u00e5l bruges til fremstilling af alle slags v\u00e6rkt\u00f8jer, s\u00e5som borekroner, fr\u00e6sere, matricer og pneumatiske st\u00f8ttev\u00e6rkt\u00f8jer og h\u00e5rde magnetiske materialer med en egenskab af h\u00f8j m\u00e6tningsmagnetisering og tvangskraft.<\/p>\n<p>Molybd\u00e6n er meget udbredt som et additiv til fremstilling af forskellige typer legeret st\u00e5l. Disse omfatter rustfrit st\u00e5l, varmebestandigt st\u00e5l, v\u00e6rkt\u00f8jsst\u00e5l, st\u00f8bejern, ruller, superlegeringer og specialst\u00e5l. Det forbedrer legeret st\u00e5ls h\u00f8jtemperaturstyrke, h\u00e5rdhed, slidstyrke, varmebestandighed og korrosionsbestandighed dramatisk.<\/p>\n<\/div><\/div><\/div><div class=\"fusion-layout-column fusion_builder_column fusion-builder-column-1 fusion_builder_column_1_3 1_3 fusion-flex-column\" style=\"--awb-bg-size:cover;--awb-width-large:33.333333333333%;--awb-margin-top-large:0px;--awb-spacing-right-large:5.76%;--awb-margin-bottom-large:0px;--awb-spacing-left-large:5.76%;--awb-width-medium:33.333333333333%;--awb-order-medium:0;--awb-spacing-right-medium:5.76%;--awb-spacing-left-medium:5.76%;--awb-width-small:100%;--awb-order-small:0;--awb-spacing-right-small:1.92%;--awb-spacing-left-small:1.92%;\" data-scroll-devices=\"small-visibility,medium-visibility,large-visibility\"><div class=\"fusion-column-wrapper fusion-column-has-shadow fusion-flex-justify-content-flex-start fusion-content-layout-column\"><div class=\"fusion-separator fusion-full-width-sep\" style=\"align-self: center;margin-left: auto;margin-right: auto;margin-bottom:20px;width:100%;\"><\/div><div class=\"fusion-text fusion-text-2\">\n\t\t<div id=\"wppdfemb-frame-container-0\" style=\"-webkit-overflow-scrolling:auto;\">\n\t\t\t<iframe src=\"https:\/\/zim.orangewallcreative.com\/da\/?url=https:\/\/zim-llc.com\/wp-content\/uploads\/2024\/04\/Molybdenum-Bar-Rod-and-Plate.pdf&#038;toolbarfixed=on&#038;index=1&#038;pdfID=0\"\n\t\t\t\tid=\"wppdf-emb-iframe-0\"\n\t\t\t\tdata-pdf-index=\"1\"\n\t\t\t\tclass=\"pdfembed-iframe nonfullscreen\"\n\t\t\t\tstyle=\"border:none;width:100%;max-width:250px;min-height:350px\"\n\t\t\t\tscrolling=\"yes\">\n\t\t\t<\/iframe>\n\t\t<\/div>\n\n\t\t\n<\/div><\/div><\/div><\/div><\/div>","protected":false},"excerpt":{"rendered":"","protected":false},"author":4,"featured_media":0,"parent":875,"menu_order":6,"comment_status":"closed","ping_status":"closed","template":"","meta":{"footnotes":""},"class_list":["post-2756","page","type-page","status-publish","hentry"],"yoast_head":"<!-- This site is optimized with the Yoast SEO plugin v26.8 - https:\/\/yoast.com\/product\/yoast-seo-wordpress\/ -->\n<title>Molybdenum Bar, Rod &amp; Plate - Zigong International Marketing, LLC<\/title>\n<meta name=\"description\" content=\"Molybdenum Bar, Road &amp; Plate manufacturing\" \/>\n<meta name=\"robots\" content=\"index, follow, max-snippet:-1, max-image-preview:large, max-video-preview:-1\" \/>\n<link rel=\"canonical\" href=\"https:\/\/zim.orangewallcreative.com\/da\/w-mo-products\/molybdenum-bar-rod-plate\/\" \/>\n<meta property=\"og:locale\" content=\"da_DK\" \/>\n<meta property=\"og:type\" content=\"article\" \/>\n<meta property=\"og:title\" content=\"Molybdenum Bar, Rod &amp; Plate - Zigong International Marketing, LLC\" \/>\n<meta property=\"og:description\" content=\"Molybdenum Bar, Road &amp; Plate manufacturing\" \/>\n<meta property=\"og:url\" content=\"https:\/\/zim.orangewallcreative.com\/da\/w-mo-products\/molybdenum-bar-rod-plate\/\" \/>\n<meta property=\"og:site_name\" content=\"Zigong International Marketing, LLC\" \/>\n<meta property=\"article:modified_time\" content=\"2024-08-27T19:01:08+00:00\" \/>\n<meta name=\"twitter:card\" content=\"summary_large_image\" \/>\n<meta name=\"twitter:label1\" content=\"Estimeret l\u00e6setid\" \/>\n\t<meta name=\"twitter:data1\" content=\"1 minut\" \/>\n<script type=\"application\/ld+json\" class=\"yoast-schema-graph\">{\"@context\":\"https:\/\/schema.org\",\"@graph\":[{\"@type\":\"WebPage\",\"@id\":\"https:\/\/zim.orangewallcreative.com\/es_mx\/w-mo-products\/molybdenum-bar-rod-plate\/\",\"url\":\"https:\/\/zim.orangewallcreative.com\/es_mx\/w-mo-products\/molybdenum-bar-rod-plate\/\",\"name\":\"Molybdenum Bar, Rod & Plate - Zigong International Marketing, LLC\",\"isPartOf\":{\"@id\":\"http:\/\/zim.orangewallcreative.com\/bg\/#website\"},\"datePublished\":\"2020-07-13T23:02:16+00:00\",\"dateModified\":\"2024-08-27T19:01:08+00:00\",\"description\":\"Molybdenum Bar, Road & Plate manufacturing\",\"breadcrumb\":{\"@id\":\"https:\/\/zim.orangewallcreative.com\/es_mx\/w-mo-products\/molybdenum-bar-rod-plate\/#breadcrumb\"},\"inLanguage\":\"da-DK\",\"potentialAction\":[{\"@type\":\"ReadAction\",\"target\":[\"https:\/\/zim.orangewallcreative.com\/es_mx\/w-mo-products\/molybdenum-bar-rod-plate\/\"]}]},{\"@type\":\"BreadcrumbList\",\"@id\":\"https:\/\/zim.orangewallcreative.com\/es_mx\/w-mo-products\/molybdenum-bar-rod-plate\/#breadcrumb\",\"itemListElement\":[{\"@type\":\"ListItem\",\"position\":1,\"name\":\"Home\",\"item\":\"http:\/\/zim.orangewallcreative.com\/bg\/\"},{\"@type\":\"ListItem\",\"position\":2,\"name\":\"W &#038; Mo Products\",\"item\":\"https:\/\/zim.orangewallcreative.com\/hy\/w-mo-products\/\"},{\"@type\":\"ListItem\",\"position\":3,\"name\":\"Molybdenum Bar, Rod &#038; Plate\"}]},{\"@type\":\"WebSite\",\"@id\":\"http:\/\/zim.orangewallcreative.com\/bg\/#website\",\"url\":\"http:\/\/zim.orangewallcreative.com\/bg\/\",\"name\":\"Zigong International Marketing, LLC\",\"description\":\"\",\"publisher\":{\"@id\":\"http:\/\/zim.orangewallcreative.com\/bg\/#organization\"},\"potentialAction\":[{\"@type\":\"SearchAction\",\"target\":{\"@type\":\"EntryPoint\",\"urlTemplate\":\"http:\/\/zim.orangewallcreative.com\/bg\/?s={search_term_string}\"},\"query-input\":{\"@type\":\"PropertyValueSpecification\",\"valueRequired\":true,\"valueName\":\"search_term_string\"}}],\"inLanguage\":\"da-DK\"},{\"@type\":\"Organization\",\"@id\":\"http:\/\/zim.orangewallcreative.com\/bg\/#organization\",\"name\":\"Zigong International Marketing LLC\",\"url\":\"http:\/\/zim.orangewallcreative.com\/bg\/\",\"logo\":{\"@type\":\"ImageObject\",\"inLanguage\":\"da-DK\",\"@id\":\"http:\/\/zim.orangewallcreative.com\/bg\/#\/schema\/logo\/image\/\",\"url\":\"https:\/\/zim-llc.com\/wp-content\/uploads\/2020\/06\/6-23-logo-c.jpg\",\"contentUrl\":\"https:\/\/zim-llc.com\/wp-content\/uploads\/2020\/06\/6-23-logo-c.jpg\",\"width\":201,\"height\":90,\"caption\":\"Zigong International Marketing LLC\"},\"image\":{\"@id\":\"http:\/\/zim.orangewallcreative.com\/bg\/#\/schema\/logo\/image\/\"}}]}<\/script>\n<!-- \/ Yoast SEO plugin. -->","yoast_head_json":{"title":"Molybdenum Bar, Rod & Plate - Zigong International Marketing, LLC","description":"Molybdenum Bar, Road & Plate manufacturing","robots":{"index":"index","follow":"follow","max-snippet":"max-snippet:-1","max-image-preview":"max-image-preview:large","max-video-preview":"max-video-preview:-1"},"canonical":"https:\/\/zim.orangewallcreative.com\/da\/w-mo-products\/molybdenum-bar-rod-plate\/","og_locale":"da_DK","og_type":"article","og_title":"Molybdenum Bar, Rod & Plate - Zigong International Marketing, LLC","og_description":"Molybdenum Bar, Road & Plate manufacturing","og_url":"https:\/\/zim.orangewallcreative.com\/da\/w-mo-products\/molybdenum-bar-rod-plate\/","og_site_name":"Zigong International Marketing, LLC","article_modified_time":"2024-08-27T19:01:08+00:00","twitter_card":"summary_large_image","twitter_misc":{"Estimeret l\u00e6setid":"1 minut"},"schema":{"@context":"https:\/\/schema.org","@graph":[{"@type":"WebPage","@id":"https:\/\/zim.orangewallcreative.com\/es_mx\/w-mo-products\/molybdenum-bar-rod-plate\/","url":"https:\/\/zim.orangewallcreative.com\/es_mx\/w-mo-products\/molybdenum-bar-rod-plate\/","name":"Molybdenum Bar, Rod & Plate - Zigong International Marketing, LLC","isPartOf":{"@id":"http:\/\/zim.orangewallcreative.com\/bg\/#website"},"datePublished":"2020-07-13T23:02:16+00:00","dateModified":"2024-08-27T19:01:08+00:00","description":"Molybdenum Bar, Road & Plate manufacturing","breadcrumb":{"@id":"https:\/\/zim.orangewallcreative.com\/es_mx\/w-mo-products\/molybdenum-bar-rod-plate\/#breadcrumb"},"inLanguage":"da-DK","potentialAction":[{"@type":"ReadAction","target":["https:\/\/zim.orangewallcreative.com\/es_mx\/w-mo-products\/molybdenum-bar-rod-plate\/"]}]},{"@type":"BreadcrumbList","@id":"https:\/\/zim.orangewallcreative.com\/es_mx\/w-mo-products\/molybdenum-bar-rod-plate\/#breadcrumb","itemListElement":[{"@type":"ListItem","position":1,"name":"Home","item":"http:\/\/zim.orangewallcreative.com\/bg\/"},{"@type":"ListItem","position":2,"name":"W &#038; Mo Products","item":"https:\/\/zim.orangewallcreative.com\/hy\/w-mo-products\/"},{"@type":"ListItem","position":3,"name":"Molybdenum Bar, Rod &#038; Plate"}]},{"@type":"WebSite","@id":"http:\/\/zim.orangewallcreative.com\/bg\/#website","url":"http:\/\/zim.orangewallcreative.com\/bg\/","name":"Zigong International Marketing, LLC","description":"","publisher":{"@id":"http:\/\/zim.orangewallcreative.com\/bg\/#organization"},"potentialAction":[{"@type":"SearchAction","target":{"@type":"EntryPoint","urlTemplate":"http:\/\/zim.orangewallcreative.com\/bg\/?s={search_term_string}"},"query-input":{"@type":"PropertyValueSpecification","valueRequired":true,"valueName":"search_term_string"}}],"inLanguage":"da-DK"},{"@type":"Organization","@id":"http:\/\/zim.orangewallcreative.com\/bg\/#organization","name":"Zigong International Marketing LLC","url":"http:\/\/zim.orangewallcreative.com\/bg\/","logo":{"@type":"ImageObject","inLanguage":"da-DK","@id":"http:\/\/zim.orangewallcreative.com\/bg\/#\/schema\/logo\/image\/","url":"https:\/\/zim-llc.com\/wp-content\/uploads\/2020\/06\/6-23-logo-c.jpg","contentUrl":"https:\/\/zim-llc.com\/wp-content\/uploads\/2020\/06\/6-23-logo-c.jpg","width":201,"height":90,"caption":"Zigong International Marketing LLC"},"image":{"@id":"http:\/\/zim.orangewallcreative.com\/bg\/#\/schema\/logo\/image\/"}}]}},"_links":{"self":[{"href":"https:\/\/zim.orangewallcreative.com\/da\/wp-json\/wp\/v2\/pages\/2756","targetHints":{"allow":["GET"]}}],"collection":[{"href":"https:\/\/zim.orangewallcreative.com\/da\/wp-json\/wp\/v2\/pages"}],"about":[{"href":"https:\/\/zim.orangewallcreative.com\/da\/wp-json\/wp\/v2\/types\/page"}],"author":[{"embeddable":true,"href":"https:\/\/zim.orangewallcreative.com\/da\/wp-json\/wp\/v2\/users\/4"}],"replies":[{"embeddable":true,"href":"https:\/\/zim.orangewallcreative.com\/da\/wp-json\/wp\/v2\/comments?post=2756"}],"version-history":[{"count":0,"href":"https:\/\/zim.orangewallcreative.com\/da\/wp-json\/wp\/v2\/pages\/2756\/revisions"}],"up":[{"embeddable":true,"href":"https:\/\/zim.orangewallcreative.com\/da\/wp-json\/wp\/v2\/pages\/875"}],"wp:attachment":[{"href":"https:\/\/zim.orangewallcreative.com\/da\/wp-json\/wp\/v2\/media?parent=2756"}],"curies":[{"name":"wp","href":"https:\/\/api.w.org\/{rel}","templated":true}]}}