{"id":891,"date":"2020-04-17T06:13:52","date_gmt":"2020-04-17T06:13:52","guid":{"rendered":"https:\/\/zimllc.wpengine.com\/?page_id=891"},"modified":"2024-08-27T18:55:39","modified_gmt":"2024-08-27T18:55:39","slug":"ready-to-press-powder","status":"publish","type":"page","link":"https:\/\/zim.orangewallcreative.com\/da\/powders\/ready-to-press-powder\/","title":{"rendered":"Klar til at presse pulver"},"content":{"rendered":"<div class=\"fusion-fullwidth fullwidth-box fusion-builder-row-1 fusion-flex-container has-pattern-background has-mask-background nonhundred-percent-fullwidth non-hundred-percent-height-scrolling\" style=\"--awb-border-radius-top-left:0px;--awb-border-radius-top-right:0px;--awb-border-radius-bottom-right:0px;--awb-border-radius-bottom-left:0px;--awb-padding-right:0px;--awb-background-image:linear-gradient(180deg, #0000 0%,#0000 100%);--awb-flex-wrap:wrap;\" ><div class=\"fusion-builder-row fusion-row fusion-flex-align-items-flex-start fusion-flex-content-wrap\" style=\"max-width:1248px;margin-left: calc(-4% \/ 2 );margin-right: calc(-4% \/ 2 );\"><div class=\"fusion-layout-column fusion_builder_column fusion-builder-column-0 fusion_builder_column_2_3 2_3 fusion-flex-column\" style=\"--awb-bg-size:cover;--awb-width-large:66.666666666667%;--awb-margin-top-large:0px;--awb-spacing-right-large:2.88%;--awb-margin-bottom-large:0px;--awb-spacing-left-large:2.88%;--awb-width-medium:66.666666666667%;--awb-order-medium:0;--awb-spacing-right-medium:2.88%;--awb-spacing-left-medium:2.88%;--awb-width-small:100%;--awb-order-small:0;--awb-spacing-right-small:1.92%;--awb-spacing-left-small:1.92%;\" data-scroll-devices=\"small-visibility,medium-visibility,large-visibility\"><div class=\"fusion-column-wrapper fusion-column-has-shadow fusion-flex-justify-content-flex-start fusion-content-layout-column\"><div class=\"fusion-text fusion-text-1\"><h1>Klar til at presse pulver<\/h1>\n<p>ZGCC bruger den mest avancerede dopingparaffinproduktionsproces til at fremstille Ready To Press (RTP) pulveret (eller Cemented Carbide Grade Powder). RTP-pulver har fremragende flydeevne til at bruge som r\u00e5materiale til fremstilling af cementerede h\u00e5rdmetaldele. Siden 1967 er ZGCC begyndt at designe og specialfremstille klar til at presse pulver med kobolt og nikkel som bindemiddel ved at tilf\u00f8je TiC, TaC og Ti for at f\u00e5 den overlegne ydeevne.<\/p>\n<p>Takket v\u00e6re det brede udvalg af Tungsten Carbide st\u00f8rrelser kan vi producere snesevis af kvaliteter med forskellige kornst\u00f8rrelser og formuleringer. Vi har nu syv serier, herunder YG, YT, YW, ZP, ZM, ZK, ZN, som du kan v\u00e6lge imellem.<\/p>\n<p class=\"translation-block\">For flere detaljer, er du velkommen til at <strong><a href=\"https:\/\/zim-llc.com\/contact-us\/\" target=\"_self\">kontakte os<\/a><\/strong> eller gennemg\u00e5 vores <a href=\"https:\/\/zim-llc.com\/resources\/\" target=\"_self\"><strong>katalog.<\/strong><\/a><\/p>\n<p><strong>Produktions proces:<br \/>\n<\/strong>spray og t\u00f8r<\/p>\n<p><strong>\u00c5rlig kapacitet:<br \/>\n<\/strong>4.000 tons\/\u00e5r<\/p>\n<p><strong>Udseende:<br \/>\n<\/strong>sf\u00e6roide partikler gr\u00e5t pulver<\/p>\n<p><strong>St\u00f8rrelse: <\/strong>-200 mesh<\/p>\n<p><strong>Ans\u00f8gning:<br \/>\n<\/strong>RTP-pulveret har fremragende sf\u00e6risk morfologi, perfekt flydeevne og minimal resterende fugt. Det er et ideelt pulver til fremstilling af f\u00f8rsteklasses cementerede h\u00e5rdmetaldele, s\u00e5som solide sk\u00e6rev\u00e6rkt\u00f8jer, pr\u00e6cisionskarbiddele, sliddele og borehulsv\u00e6rkt\u00f8jer.<\/p>\n<\/div><\/div><\/div><div class=\"fusion-layout-column fusion_builder_column fusion-builder-column-1 fusion_builder_column_1_4 1_4 fusion-flex-column\" style=\"--awb-bg-size:cover;--awb-width-large:25%;--awb-margin-top-large:0px;--awb-spacing-right-large:7.68%;--awb-margin-bottom-large:0px;--awb-spacing-left-large:7.68%;--awb-width-medium:25%;--awb-order-medium:0;--awb-spacing-right-medium:7.68%;--awb-spacing-left-medium:7.68%;--awb-width-small:100%;--awb-order-small:0;--awb-spacing-right-small:1.92%;--awb-spacing-left-small:1.92%;\" data-scroll-devices=\"small-visibility,medium-visibility,large-visibility\"><div class=\"fusion-column-wrapper fusion-column-has-shadow fusion-flex-justify-content-flex-start fusion-content-layout-column\"><div class=\"fusion-separator fusion-full-width-sep\" style=\"align-self: center;margin-left: auto;margin-right: auto;margin-bottom:20px;width:100%;\"><\/div><div class=\"fusion-text fusion-text-2\">\n\t\t<div id=\"wppdfemb-frame-container-0\" style=\"-webkit-overflow-scrolling:auto;\">\n\t\t\t<iframe src=\"https:\/\/zim.orangewallcreative.com\/da\/?url=https:\/\/zim-llc.com\/wp-content\/uploads\/2020\/07\/ZigongRTPpowder.pdf&#038;toolbarfixed=on&#038;index=1&#038;pdfID=0\"\n\t\t\t\tid=\"wppdf-emb-iframe-0\"\n\t\t\t\tdata-pdf-index=\"1\"\n\t\t\t\tclass=\"pdfembed-iframe nonfullscreen\"\n\t\t\t\tstyle=\"border:none;width:100%;max-width:250px;min-height:350px\"\n\t\t\t\tscrolling=\"yes\">\n\t\t\t<\/iframe>\n\t\t<\/div>\n\n\t\t\n<\/div><\/div><\/div><\/div><\/div>","protected":false},"excerpt":{"rendered":"","protected":false},"author":4,"featured_media":0,"parent":871,"menu_order":5,"comment_status":"closed","ping_status":"closed","template":"","meta":{"footnotes":""},"class_list":["post-891","page","type-page","status-publish","hentry"],"yoast_head":"<!-- This site is optimized with the Yoast SEO plugin v26.8 - https:\/\/yoast.com\/product\/yoast-seo-wordpress\/ -->\n<title>Ready to Press Powder - Zigong International Marketing, LLC<\/title>\n<meta name=\"description\" content=\"ZGCC uses the most advanced doping paraffine production process to produce the Ready To Press (RTP) powder (or Cemented Carbide Grade Powder)\" \/>\n<meta name=\"robots\" content=\"index, follow, max-snippet:-1, max-image-preview:large, max-video-preview:-1\" \/>\n<link rel=\"canonical\" href=\"http:\/\/zim.orangewallcreative.com\/da\/powders\/ready-to-press-powder\/\" \/>\n<meta property=\"og:locale\" content=\"da_DK\" \/>\n<meta property=\"og:type\" content=\"article\" \/>\n<meta property=\"og:title\" content=\"Ready to Press Powder - Zigong International Marketing, LLC\" \/>\n<meta property=\"og:description\" content=\"ZGCC uses the most advanced doping paraffine production process to produce the Ready To Press (RTP) powder (or Cemented Carbide Grade Powder)\" \/>\n<meta property=\"og:url\" content=\"http:\/\/zim.orangewallcreative.com\/da\/powders\/ready-to-press-powder\/\" \/>\n<meta property=\"og:site_name\" content=\"Zigong International Marketing, LLC\" \/>\n<meta property=\"article:modified_time\" content=\"2024-08-27T18:55:39+00:00\" \/>\n<meta name=\"twitter:card\" content=\"summary_large_image\" \/>\n<meta name=\"twitter:label1\" content=\"Estimeret l\u00e6setid\" \/>\n\t<meta name=\"twitter:data1\" content=\"1 minut\" \/>\n<script type=\"application\/ld+json\" class=\"yoast-schema-graph\">{\"@context\":\"https:\/\/schema.org\",\"@graph\":[{\"@type\":\"WebPage\",\"@id\":\"http:\/\/zim.orangewallcreative.com\/ar\/powders\/ready-to-press-powder\/\",\"url\":\"http:\/\/zim.orangewallcreative.com\/ar\/powders\/ready-to-press-powder\/\",\"name\":\"Ready to Press Powder - Zigong International Marketing, LLC\",\"isPartOf\":{\"@id\":\"http:\/\/zim.orangewallcreative.com\/bg\/#website\"},\"datePublished\":\"2020-04-17T06:13:52+00:00\",\"dateModified\":\"2024-08-27T18:55:39+00:00\",\"description\":\"ZGCC uses the most advanced doping paraffine production process to produce the Ready To Press (RTP) powder (or Cemented Carbide Grade Powder)\",\"breadcrumb\":{\"@id\":\"http:\/\/zim.orangewallcreative.com\/ar\/powders\/ready-to-press-powder\/#breadcrumb\"},\"inLanguage\":\"da-DK\",\"potentialAction\":[{\"@type\":\"ReadAction\",\"target\":[\"http:\/\/zim.orangewallcreative.com\/ar\/powders\/ready-to-press-powder\/\"]}]},{\"@type\":\"BreadcrumbList\",\"@id\":\"http:\/\/zim.orangewallcreative.com\/ar\/powders\/ready-to-press-powder\/#breadcrumb\",\"itemListElement\":[{\"@type\":\"ListItem\",\"position\":1,\"name\":\"Home\",\"item\":\"http:\/\/zim.orangewallcreative.com\/bg\/\"},{\"@type\":\"ListItem\",\"position\":2,\"name\":\"Powders\",\"item\":\"http:\/\/zim.orangewallcreative.com\/en\/powders\/\"},{\"@type\":\"ListItem\",\"position\":3,\"name\":\"Ready to Press Powder\"}]},{\"@type\":\"WebSite\",\"@id\":\"http:\/\/zim.orangewallcreative.com\/bg\/#website\",\"url\":\"http:\/\/zim.orangewallcreative.com\/bg\/\",\"name\":\"Zigong International Marketing, LLC\",\"description\":\"\",\"publisher\":{\"@id\":\"http:\/\/zim.orangewallcreative.com\/bg\/#organization\"},\"potentialAction\":[{\"@type\":\"SearchAction\",\"target\":{\"@type\":\"EntryPoint\",\"urlTemplate\":\"http:\/\/zim.orangewallcreative.com\/bg\/?s={search_term_string}\"},\"query-input\":{\"@type\":\"PropertyValueSpecification\",\"valueRequired\":true,\"valueName\":\"search_term_string\"}}],\"inLanguage\":\"da-DK\"},{\"@type\":\"Organization\",\"@id\":\"http:\/\/zim.orangewallcreative.com\/bg\/#organization\",\"name\":\"Zigong International Marketing LLC\",\"url\":\"http:\/\/zim.orangewallcreative.com\/bg\/\",\"logo\":{\"@type\":\"ImageObject\",\"inLanguage\":\"da-DK\",\"@id\":\"http:\/\/zim.orangewallcreative.com\/bg\/#\/schema\/logo\/image\/\",\"url\":\"https:\/\/zim-llc.com\/wp-content\/uploads\/2020\/06\/6-23-logo-c.jpg\",\"contentUrl\":\"https:\/\/zim-llc.com\/wp-content\/uploads\/2020\/06\/6-23-logo-c.jpg\",\"width\":201,\"height\":90,\"caption\":\"Zigong International Marketing LLC\"},\"image\":{\"@id\":\"http:\/\/zim.orangewallcreative.com\/bg\/#\/schema\/logo\/image\/\"}}]}<\/script>\n<!-- \/ Yoast SEO plugin. -->","yoast_head_json":{"title":"Ready to Press Powder - Zigong International Marketing, LLC","description":"ZGCC uses the most advanced doping paraffine production process to produce the Ready To Press (RTP) powder (or Cemented Carbide Grade Powder)","robots":{"index":"index","follow":"follow","max-snippet":"max-snippet:-1","max-image-preview":"max-image-preview:large","max-video-preview":"max-video-preview:-1"},"canonical":"http:\/\/zim.orangewallcreative.com\/da\/powders\/ready-to-press-powder\/","og_locale":"da_DK","og_type":"article","og_title":"Ready to Press Powder - Zigong International Marketing, LLC","og_description":"ZGCC uses the most advanced doping paraffine production process to produce the Ready To Press (RTP) powder (or Cemented Carbide Grade Powder)","og_url":"http:\/\/zim.orangewallcreative.com\/da\/powders\/ready-to-press-powder\/","og_site_name":"Zigong International Marketing, LLC","article_modified_time":"2024-08-27T18:55:39+00:00","twitter_card":"summary_large_image","twitter_misc":{"Estimeret l\u00e6setid":"1 minut"},"schema":{"@context":"https:\/\/schema.org","@graph":[{"@type":"WebPage","@id":"http:\/\/zim.orangewallcreative.com\/ar\/powders\/ready-to-press-powder\/","url":"http:\/\/zim.orangewallcreative.com\/ar\/powders\/ready-to-press-powder\/","name":"Ready to Press Powder - Zigong International Marketing, LLC","isPartOf":{"@id":"http:\/\/zim.orangewallcreative.com\/bg\/#website"},"datePublished":"2020-04-17T06:13:52+00:00","dateModified":"2024-08-27T18:55:39+00:00","description":"ZGCC uses the most advanced doping paraffine production process to produce the Ready To Press (RTP) powder (or Cemented Carbide Grade Powder)","breadcrumb":{"@id":"http:\/\/zim.orangewallcreative.com\/ar\/powders\/ready-to-press-powder\/#breadcrumb"},"inLanguage":"da-DK","potentialAction":[{"@type":"ReadAction","target":["http:\/\/zim.orangewallcreative.com\/ar\/powders\/ready-to-press-powder\/"]}]},{"@type":"BreadcrumbList","@id":"http:\/\/zim.orangewallcreative.com\/ar\/powders\/ready-to-press-powder\/#breadcrumb","itemListElement":[{"@type":"ListItem","position":1,"name":"Home","item":"http:\/\/zim.orangewallcreative.com\/bg\/"},{"@type":"ListItem","position":2,"name":"Powders","item":"http:\/\/zim.orangewallcreative.com\/en\/powders\/"},{"@type":"ListItem","position":3,"name":"Ready to Press Powder"}]},{"@type":"WebSite","@id":"http:\/\/zim.orangewallcreative.com\/bg\/#website","url":"http:\/\/zim.orangewallcreative.com\/bg\/","name":"Zigong International Marketing, LLC","description":"","publisher":{"@id":"http:\/\/zim.orangewallcreative.com\/bg\/#organization"},"potentialAction":[{"@type":"SearchAction","target":{"@type":"EntryPoint","urlTemplate":"http:\/\/zim.orangewallcreative.com\/bg\/?s={search_term_string}"},"query-input":{"@type":"PropertyValueSpecification","valueRequired":true,"valueName":"search_term_string"}}],"inLanguage":"da-DK"},{"@type":"Organization","@id":"http:\/\/zim.orangewallcreative.com\/bg\/#organization","name":"Zigong International Marketing LLC","url":"http:\/\/zim.orangewallcreative.com\/bg\/","logo":{"@type":"ImageObject","inLanguage":"da-DK","@id":"http:\/\/zim.orangewallcreative.com\/bg\/#\/schema\/logo\/image\/","url":"https:\/\/zim-llc.com\/wp-content\/uploads\/2020\/06\/6-23-logo-c.jpg","contentUrl":"https:\/\/zim-llc.com\/wp-content\/uploads\/2020\/06\/6-23-logo-c.jpg","width":201,"height":90,"caption":"Zigong International Marketing LLC"},"image":{"@id":"http:\/\/zim.orangewallcreative.com\/bg\/#\/schema\/logo\/image\/"}}]}},"_links":{"self":[{"href":"https:\/\/zim.orangewallcreative.com\/da\/wp-json\/wp\/v2\/pages\/891","targetHints":{"allow":["GET"]}}],"collection":[{"href":"https:\/\/zim.orangewallcreative.com\/da\/wp-json\/wp\/v2\/pages"}],"about":[{"href":"https:\/\/zim.orangewallcreative.com\/da\/wp-json\/wp\/v2\/types\/page"}],"author":[{"embeddable":true,"href":"https:\/\/zim.orangewallcreative.com\/da\/wp-json\/wp\/v2\/users\/4"}],"replies":[{"embeddable":true,"href":"https:\/\/zim.orangewallcreative.com\/da\/wp-json\/wp\/v2\/comments?post=891"}],"version-history":[{"count":0,"href":"https:\/\/zim.orangewallcreative.com\/da\/wp-json\/wp\/v2\/pages\/891\/revisions"}],"up":[{"embeddable":true,"href":"https:\/\/zim.orangewallcreative.com\/da\/wp-json\/wp\/v2\/pages\/871"}],"wp:attachment":[{"href":"https:\/\/zim.orangewallcreative.com\/da\/wp-json\/wp\/v2\/media?parent=891"}],"curies":[{"name":"wp","href":"https:\/\/api.w.org\/{rel}","templated":true}]}}