{"id":904,"date":"2020-04-17T06:17:57","date_gmt":"2020-04-17T06:17:57","guid":{"rendered":"https:\/\/zimllc.wpengine.com\/?page_id=904"},"modified":"2024-08-27T20:59:18","modified_gmt":"2024-08-27T20:59:18","slug":"cemented-carbide-rolls","status":"publish","type":"page","link":"https:\/\/zim.orangewallcreative.com\/da\/cemented-carbides\/cemented-carbide-rolls\/","title":{"rendered":"Cementeret h\u00e5rdmetal rulleringe"},"content":{"rendered":"<div class=\"fusion-fullwidth fullwidth-box fusion-builder-row-1 fusion-flex-container has-pattern-background has-mask-background nonhundred-percent-fullwidth non-hundred-percent-height-scrolling\" style=\"--awb-border-radius-top-left:0px;--awb-border-radius-top-right:0px;--awb-border-radius-bottom-right:0px;--awb-border-radius-bottom-left:0px;--awb-padding-right:0px;--awb-padding-left:60px;--awb-background-image:linear-gradient(180deg, #0000 0%,#0000 100%);--awb-flex-wrap:wrap;\" ><div class=\"fusion-builder-row fusion-row fusion-flex-align-items-flex-start fusion-flex-content-wrap\" style=\"max-width:1248px;margin-left: calc(-4% \/ 2 );margin-right: calc(-4% \/ 2 );\"><div class=\"fusion-layout-column fusion_builder_column fusion-builder-column-0 fusion_builder_column_2_3 2_3 fusion-flex-column\" style=\"--awb-bg-size:cover;--awb-width-large:66.666666666667%;--awb-margin-top-large:0px;--awb-spacing-right-large:2.88%;--awb-margin-bottom-large:0px;--awb-spacing-left-large:2.88%;--awb-width-medium:66.666666666667%;--awb-order-medium:0;--awb-spacing-right-medium:2.88%;--awb-spacing-left-medium:2.88%;--awb-width-small:100%;--awb-order-small:0;--awb-spacing-right-small:1.92%;--awb-spacing-left-small:1.92%;\" data-scroll-devices=\"small-visibility,medium-visibility,large-visibility\"><div class=\"fusion-column-wrapper fusion-column-has-shadow fusion-flex-justify-content-flex-start fusion-content-layout-column\"><div class=\"fusion-text fusion-text-1\"><h1>Cementeret h\u00e5rdmetal rulleringe<\/h1>\n<p>Rulleproduktionslinjen hos ZGCC har taget den opdaterede paraffinproces i brug kombineret med det digitale blandesystem og spray- og t\u00f8rreteknologi for at sikre kvaliteten af kvalitetspulveret til cementeret h\u00e5rdmetalvalser. Med st\u00f8tte fra det avancerede produktionsudstyr, s\u00e5som 500-tons og 1.000-tons Alpha-presser, Sintering-HOP-ovne, HIP-ovne, importeret fra USA og Tyskland, kan denne linje producere mange typer rulleemner med forbedrede mikrostrukturer og egenskaber. P\u00e5 grund af brugen af Wendt specialslibemaskiner og rilleslibemaskiner fra Tyskland er dimensionspr\u00e6cisionen af f\u00e6rdige valser garanteret. Med vores propriet\u00e6re tekniske knowhow inden for fremstilling af cementerede h\u00e5rdmetalvalser og passende kvalitetsstandarder Q\/62071126-8J1801-2010 og Q\/62071126-8K003-2009, er du sikret topkvalitetsprodukter.<\/p>\n<p>Vi har to typer optimeret kvalitetsmateriale, ZY og ZY-A, med mere end 20 kvaliteter til r\u00e5dighed til fremstilling af forskellige slags h\u00e5rdmetalst\u00e6nger. Den maksimale udvendige diameter p\u00e5 vores h\u00e5rdmetalvalser kan n\u00e5 op til 500 mm og med en maksimal tykkelse p\u00e5 op til 250 mm. Vi kan ogs\u00e5 skr\u00e6ddersy h\u00e5rdmetalvalserne efter \u00f8nske.<\/p>\n<\/div><\/div><\/div><div class=\"fusion-layout-column fusion_builder_column fusion-builder-column-1 fusion_builder_column_1_4 1_4 fusion-flex-column\" style=\"--awb-bg-size:cover;--awb-width-large:25%;--awb-margin-top-large:0px;--awb-spacing-right-large:7.68%;--awb-margin-bottom-large:0px;--awb-spacing-left-large:7.68%;--awb-width-medium:25%;--awb-order-medium:0;--awb-spacing-right-medium:7.68%;--awb-spacing-left-medium:7.68%;--awb-width-small:100%;--awb-order-small:0;--awb-spacing-right-small:1.92%;--awb-spacing-left-small:1.92%;\" data-scroll-devices=\"small-visibility,medium-visibility,large-visibility\"><div class=\"fusion-column-wrapper fusion-column-has-shadow fusion-flex-justify-content-flex-start fusion-content-layout-column\"><div class=\"fusion-separator fusion-full-width-sep\" style=\"align-self: center;margin-left: auto;margin-right: auto;margin-bottom:20px;width:100%;\"><\/div><div class=\"fusion-text fusion-text-2\">\n\t\t<div id=\"wppdfemb-frame-container-5159\" style=\"-webkit-overflow-scrolling:auto;\">\n\t\t\t<iframe src=\"https:\/\/zim.orangewallcreative.com\/da\/?url=https:\/\/www.zim-llc.com\/wp-content\/uploads\/2024\/08\/ZGCC-Tungsten-Carbide-Roller-Rings.pdf&#038;title=ZGCC%20Tungsten%20Carbide%20Roller%20Rings&#038;index=1&#038;pdfID=5159\"\n\t\t\t\tid=\"wppdf-emb-iframe-5159\"\n\t\t\t\tdata-pdf-index=\"1\"\n\t\t\t\tclass=\"pdfembed-iframe nonfullscreen\"\n\t\t\t\tstyle=\"border:none;width:100%;max-width:250px;min-height:350px\"\n\t\t\t\tscrolling=\"yes\">\n\t\t\t<\/iframe>\n\t\t<\/div>\n\n\t\t\n<\/div><\/div><\/div><\/div><\/div>","protected":false},"excerpt":{"rendered":"","protected":false},"author":4,"featured_media":0,"parent":873,"menu_order":5,"comment_status":"closed","ping_status":"closed","template":"","meta":{"footnotes":""},"class_list":["post-904","page","type-page","status-publish","hentry"],"yoast_head":"<!-- This site is optimized with the Yoast SEO plugin v26.8 - https:\/\/yoast.com\/product\/yoast-seo-wordpress\/ -->\n<title>Cemented Carbide Roller Rings - Zigong International Marketing, LLC<\/title>\n<meta name=\"description\" content=\"Cemented Carbide Rolls can produce many types of roll blanks with improved microstructures and properties.\" \/>\n<meta name=\"robots\" content=\"index, follow, max-snippet:-1, max-image-preview:large, max-video-preview:-1\" \/>\n<link rel=\"canonical\" href=\"https:\/\/zim.orangewallcreative.com\/da\/cemented-carbides\/cemented-carbide-rolls\/\" \/>\n<meta property=\"og:locale\" content=\"da_DK\" \/>\n<meta property=\"og:type\" content=\"article\" \/>\n<meta property=\"og:title\" content=\"Cemented Carbide Roller Rings - Zigong International Marketing, LLC\" \/>\n<meta property=\"og:description\" content=\"Cemented Carbide Rolls can produce many types of roll blanks with improved microstructures and properties.\" \/>\n<meta property=\"og:url\" content=\"https:\/\/zim.orangewallcreative.com\/da\/cemented-carbides\/cemented-carbide-rolls\/\" \/>\n<meta property=\"og:site_name\" content=\"Zigong International Marketing, LLC\" \/>\n<meta property=\"article:modified_time\" content=\"2024-08-27T20:59:18+00:00\" \/>\n<meta name=\"twitter:card\" content=\"summary_large_image\" \/>\n<meta name=\"twitter:label1\" content=\"Estimeret l\u00e6setid\" \/>\n\t<meta name=\"twitter:data1\" content=\"1 minut\" \/>\n<script type=\"application\/ld+json\" class=\"yoast-schema-graph\">{\"@context\":\"https:\/\/schema.org\",\"@graph\":[{\"@type\":\"WebPage\",\"@id\":\"https:\/\/zim.orangewallcreative.com\/de\/cemented-carbides\/cemented-carbide-rolls\/\",\"url\":\"https:\/\/zim.orangewallcreative.com\/de\/cemented-carbides\/cemented-carbide-rolls\/\",\"name\":\"Cemented Carbide Roller Rings - Zigong International Marketing, LLC\",\"isPartOf\":{\"@id\":\"http:\/\/zim.orangewallcreative.com\/bg\/#website\"},\"datePublished\":\"2020-04-17T06:17:57+00:00\",\"dateModified\":\"2024-08-27T20:59:18+00:00\",\"description\":\"Cemented Carbide Rolls can produce many types of roll blanks with improved microstructures and properties.\",\"breadcrumb\":{\"@id\":\"https:\/\/zim.orangewallcreative.com\/de\/cemented-carbides\/cemented-carbide-rolls\/#breadcrumb\"},\"inLanguage\":\"da-DK\",\"potentialAction\":[{\"@type\":\"ReadAction\",\"target\":[\"https:\/\/zim.orangewallcreative.com\/de\/cemented-carbides\/cemented-carbide-rolls\/\"]}]},{\"@type\":\"BreadcrumbList\",\"@id\":\"https:\/\/zim.orangewallcreative.com\/de\/cemented-carbides\/cemented-carbide-rolls\/#breadcrumb\",\"itemListElement\":[{\"@type\":\"ListItem\",\"position\":1,\"name\":\"Home\",\"item\":\"http:\/\/zim.orangewallcreative.com\/bg\/\"},{\"@type\":\"ListItem\",\"position\":2,\"name\":\"Cemented Carbides\",\"item\":\"http:\/\/zim.orangewallcreative.com\/ca\/cemented-carbides\/\"},{\"@type\":\"ListItem\",\"position\":3,\"name\":\"Cemented Carbide Roller Rings\"}]},{\"@type\":\"WebSite\",\"@id\":\"http:\/\/zim.orangewallcreative.com\/bg\/#website\",\"url\":\"http:\/\/zim.orangewallcreative.com\/bg\/\",\"name\":\"Zigong International Marketing, LLC\",\"description\":\"\",\"publisher\":{\"@id\":\"http:\/\/zim.orangewallcreative.com\/bg\/#organization\"},\"potentialAction\":[{\"@type\":\"SearchAction\",\"target\":{\"@type\":\"EntryPoint\",\"urlTemplate\":\"http:\/\/zim.orangewallcreative.com\/bg\/?s={search_term_string}\"},\"query-input\":{\"@type\":\"PropertyValueSpecification\",\"valueRequired\":true,\"valueName\":\"search_term_string\"}}],\"inLanguage\":\"da-DK\"},{\"@type\":\"Organization\",\"@id\":\"http:\/\/zim.orangewallcreative.com\/bg\/#organization\",\"name\":\"Zigong International Marketing LLC\",\"url\":\"http:\/\/zim.orangewallcreative.com\/bg\/\",\"logo\":{\"@type\":\"ImageObject\",\"inLanguage\":\"da-DK\",\"@id\":\"http:\/\/zim.orangewallcreative.com\/bg\/#\/schema\/logo\/image\/\",\"url\":\"https:\/\/zim-llc.com\/wp-content\/uploads\/2020\/06\/6-23-logo-c.jpg\",\"contentUrl\":\"https:\/\/zim-llc.com\/wp-content\/uploads\/2020\/06\/6-23-logo-c.jpg\",\"width\":201,\"height\":90,\"caption\":\"Zigong International Marketing LLC\"},\"image\":{\"@id\":\"http:\/\/zim.orangewallcreative.com\/bg\/#\/schema\/logo\/image\/\"}}]}<\/script>\n<!-- \/ Yoast SEO plugin. -->","yoast_head_json":{"title":"Cemented Carbide Roller Rings - Zigong International Marketing, LLC","description":"Cemented Carbide Rolls can produce many types of roll blanks with improved microstructures and properties.","robots":{"index":"index","follow":"follow","max-snippet":"max-snippet:-1","max-image-preview":"max-image-preview:large","max-video-preview":"max-video-preview:-1"},"canonical":"https:\/\/zim.orangewallcreative.com\/da\/cemented-carbides\/cemented-carbide-rolls\/","og_locale":"da_DK","og_type":"article","og_title":"Cemented Carbide Roller Rings - Zigong International Marketing, LLC","og_description":"Cemented Carbide Rolls can produce many types of roll blanks with improved microstructures and properties.","og_url":"https:\/\/zim.orangewallcreative.com\/da\/cemented-carbides\/cemented-carbide-rolls\/","og_site_name":"Zigong International Marketing, LLC","article_modified_time":"2024-08-27T20:59:18+00:00","twitter_card":"summary_large_image","twitter_misc":{"Estimeret l\u00e6setid":"1 minut"},"schema":{"@context":"https:\/\/schema.org","@graph":[{"@type":"WebPage","@id":"https:\/\/zim.orangewallcreative.com\/de\/cemented-carbides\/cemented-carbide-rolls\/","url":"https:\/\/zim.orangewallcreative.com\/de\/cemented-carbides\/cemented-carbide-rolls\/","name":"Cemented Carbide Roller Rings - Zigong International Marketing, LLC","isPartOf":{"@id":"http:\/\/zim.orangewallcreative.com\/bg\/#website"},"datePublished":"2020-04-17T06:17:57+00:00","dateModified":"2024-08-27T20:59:18+00:00","description":"Cemented Carbide Rolls can produce many types of roll blanks with improved microstructures and properties.","breadcrumb":{"@id":"https:\/\/zim.orangewallcreative.com\/de\/cemented-carbides\/cemented-carbide-rolls\/#breadcrumb"},"inLanguage":"da-DK","potentialAction":[{"@type":"ReadAction","target":["https:\/\/zim.orangewallcreative.com\/de\/cemented-carbides\/cemented-carbide-rolls\/"]}]},{"@type":"BreadcrumbList","@id":"https:\/\/zim.orangewallcreative.com\/de\/cemented-carbides\/cemented-carbide-rolls\/#breadcrumb","itemListElement":[{"@type":"ListItem","position":1,"name":"Home","item":"http:\/\/zim.orangewallcreative.com\/bg\/"},{"@type":"ListItem","position":2,"name":"Cemented Carbides","item":"http:\/\/zim.orangewallcreative.com\/ca\/cemented-carbides\/"},{"@type":"ListItem","position":3,"name":"Cemented Carbide Roller Rings"}]},{"@type":"WebSite","@id":"http:\/\/zim.orangewallcreative.com\/bg\/#website","url":"http:\/\/zim.orangewallcreative.com\/bg\/","name":"Zigong International Marketing, LLC","description":"","publisher":{"@id":"http:\/\/zim.orangewallcreative.com\/bg\/#organization"},"potentialAction":[{"@type":"SearchAction","target":{"@type":"EntryPoint","urlTemplate":"http:\/\/zim.orangewallcreative.com\/bg\/?s={search_term_string}"},"query-input":{"@type":"PropertyValueSpecification","valueRequired":true,"valueName":"search_term_string"}}],"inLanguage":"da-DK"},{"@type":"Organization","@id":"http:\/\/zim.orangewallcreative.com\/bg\/#organization","name":"Zigong International Marketing LLC","url":"http:\/\/zim.orangewallcreative.com\/bg\/","logo":{"@type":"ImageObject","inLanguage":"da-DK","@id":"http:\/\/zim.orangewallcreative.com\/bg\/#\/schema\/logo\/image\/","url":"https:\/\/zim-llc.com\/wp-content\/uploads\/2020\/06\/6-23-logo-c.jpg","contentUrl":"https:\/\/zim-llc.com\/wp-content\/uploads\/2020\/06\/6-23-logo-c.jpg","width":201,"height":90,"caption":"Zigong International Marketing LLC"},"image":{"@id":"http:\/\/zim.orangewallcreative.com\/bg\/#\/schema\/logo\/image\/"}}]}},"_links":{"self":[{"href":"https:\/\/zim.orangewallcreative.com\/da\/wp-json\/wp\/v2\/pages\/904","targetHints":{"allow":["GET"]}}],"collection":[{"href":"https:\/\/zim.orangewallcreative.com\/da\/wp-json\/wp\/v2\/pages"}],"about":[{"href":"https:\/\/zim.orangewallcreative.com\/da\/wp-json\/wp\/v2\/types\/page"}],"author":[{"embeddable":true,"href":"https:\/\/zim.orangewallcreative.com\/da\/wp-json\/wp\/v2\/users\/4"}],"replies":[{"embeddable":true,"href":"https:\/\/zim.orangewallcreative.com\/da\/wp-json\/wp\/v2\/comments?post=904"}],"version-history":[{"count":0,"href":"https:\/\/zim.orangewallcreative.com\/da\/wp-json\/wp\/v2\/pages\/904\/revisions"}],"up":[{"embeddable":true,"href":"https:\/\/zim.orangewallcreative.com\/da\/wp-json\/wp\/v2\/pages\/873"}],"wp:attachment":[{"href":"https:\/\/zim.orangewallcreative.com\/da\/wp-json\/wp\/v2\/media?parent=904"}],"curies":[{"name":"wp","href":"https:\/\/api.w.org\/{rel}","templated":true}]}}