{"id":889,"date":"2020-04-17T06:13:18","date_gmt":"2020-04-17T06:13:18","guid":{"rendered":"https:\/\/zimllc.wpengine.com\/?page_id=889"},"modified":"2024-08-27T18:55:37","modified_gmt":"2024-08-27T18:55:37","slug":"tungsten-carbide-powder","status":"publish","type":"page","link":"https:\/\/zim.orangewallcreative.com\/es\/powders\/tungsten-carbide-powder\/","title":{"rendered":"Carburo de wolframio en polvo"},"content":{"rendered":"<div class=\"fusion-fullwidth fullwidth-box fusion-builder-row-1 fusion-flex-container has-pattern-background has-mask-background nonhundred-percent-fullwidth non-hundred-percent-height-scrolling\" style=\"--awb-border-radius-top-left:0px;--awb-border-radius-top-right:0px;--awb-border-radius-bottom-right:0px;--awb-border-radius-bottom-left:0px;--awb-padding-right:0px;--awb-padding-left:0px;--awb-background-image:linear-gradient(180deg, #0000 0%,#0000 100%);--awb-flex-wrap:wrap;\" ><div class=\"fusion-builder-row fusion-row fusion-flex-align-items-flex-start fusion-flex-content-wrap\" style=\"max-width:1248px;margin-left: calc(-4% \/ 2 );margin-right: calc(-4% \/ 2 );\"><div class=\"fusion-layout-column fusion_builder_column fusion-builder-column-0 fusion_builder_column_1_4 1_4 fusion-flex-column\" style=\"--awb-bg-size:cover;--awb-width-large:25%;--awb-margin-top-large:0px;--awb-spacing-right-large:7.68%;--awb-margin-bottom-large:0px;--awb-spacing-left-large:7.68%;--awb-width-medium:25%;--awb-order-medium:0;--awb-spacing-right-medium:7.68%;--awb-spacing-left-medium:7.68%;--awb-width-small:100%;--awb-order-small:0;--awb-spacing-right-small:1.92%;--awb-spacing-left-small:1.92%;\" data-scroll-devices=\"small-visibility,medium-visibility,large-visibility\"><div class=\"fusion-column-wrapper fusion-column-has-shadow fusion-flex-justify-content-flex-start fusion-content-layout-column\"><div class=\"fusion-image-element\" style=\"text-align:center;--awb-margin-bottom:10px;--awb-caption-title-font-family:var(--h2_typography-font-family);--awb-caption-title-font-weight:var(--h2_typography-font-weight);--awb-caption-title-font-style:var(--h2_typography-font-style);--awb-caption-title-size:var(--h2_typography-font-size);--awb-caption-title-transform:var(--h2_typography-text-transform);--awb-caption-title-line-height:var(--h2_typography-line-height);--awb-caption-title-letter-spacing:var(--h2_typography-letter-spacing);\"><span class=\"fusion-imageframe imageframe-none imageframe-1 hover-type-zoomin fusion-animated\" data-animationtype=\"fadeInRight\" data-animationduration=\"0.5\" data-animationdelay=\"0.1\" data-animationoffset=\"top-into-view\"><img decoding=\"async\" width=\"400\" height=\"300\" title=\"polvo de carburo de tungsteno\" src=\"https:\/\/zim-llc.com\/wp-content\/uploads\/2017\/07\/tungsten-carbide-powder.jpg\" alt class=\"img-responsive wp-image-1423\" srcset=\"https:\/\/zim.orangewallcreative.com\/wp-content\/uploads\/2017\/07\/tungsten-carbide-powder-300x225.jpg 300w, https:\/\/zim.orangewallcreative.com\/wp-content\/uploads\/2017\/07\/tungsten-carbide-powder.jpg 400w\" sizes=\"(max-width: 400px) 100vw, 400px\" \/><\/span><\/div><div class=\"fusion-image-element\" style=\"text-align:center;--awb-margin-bottom:10px;--awb-caption-title-font-family:var(--h2_typography-font-family);--awb-caption-title-font-weight:var(--h2_typography-font-weight);--awb-caption-title-font-style:var(--h2_typography-font-style);--awb-caption-title-size:var(--h2_typography-font-size);--awb-caption-title-transform:var(--h2_typography-text-transform);--awb-caption-title-line-height:var(--h2_typography-line-height);--awb-caption-title-letter-spacing:var(--h2_typography-letter-spacing);\"><span class=\"fusion-imageframe imageframe-none imageframe-2 hover-type-zoomin fusion-animated\" data-animationtype=\"fadeInRight\" data-animationduration=\"0.5\" data-animationdelay=\"0.1\" data-animationoffset=\"top-into-view\"><img decoding=\"async\" width=\"484\" height=\"237\" title=\"imagen de polvo de carburo de tungsteno\" src=\"https:\/\/zim-llc.com\/wp-content\/uploads\/2017\/07\/tungsten-carbide-powder-image.jpg\" alt class=\"img-responsive wp-image-1424\" srcset=\"https:\/\/zim.orangewallcreative.com\/wp-content\/uploads\/2017\/07\/tungsten-carbide-powder-image-300x147.jpg 300w, https:\/\/zim.orangewallcreative.com\/wp-content\/uploads\/2017\/07\/tungsten-carbide-powder-image.jpg 484w\" sizes=\"(max-width: 484px) 100vw, 484px\" \/><\/span><\/div><\/div><\/div><div class=\"fusion-layout-column fusion_builder_column fusion-builder-column-1 fusion_builder_column_1_2 1_2 fusion-flex-column\" style=\"--awb-bg-size:cover;--awb-width-large:50%;--awb-margin-top-large:0px;--awb-spacing-right-large:3.84%;--awb-margin-bottom-large:0px;--awb-spacing-left-large:3.84%;--awb-width-medium:50%;--awb-order-medium:0;--awb-spacing-right-medium:3.84%;--awb-spacing-left-medium:3.84%;--awb-width-small:100%;--awb-order-small:0;--awb-spacing-right-small:1.92%;--awb-spacing-left-small:1.92%;\" data-scroll-devices=\"small-visibility,medium-visibility,large-visibility\"><div class=\"fusion-column-wrapper fusion-column-has-shadow fusion-flex-justify-content-flex-start fusion-content-layout-column\"><div class=\"fusion-text fusion-text-1\"><h1>Carburo de wolframio en polvo<\/h1>\n<p>ZGCC fabrica una amplia gama de tama\u00f1os de part\u00edculas con m\u00faltiples propiedades f\u00edsicas para diferentes aplicaciones. El polvo de carburo de tungsteno tiene una gran pureza, una distribuci\u00f3n granulom\u00e9trica centralizada, una morfolog\u00eda cristalina perfecta y una calidad estable.<\/p>\n<p><strong>Apariencia:<br \/>\n<\/strong>Gris oscuro o gris claro con color uniforme y un\u00e1nime.<\/p>\n<p><strong>Tama\u00f1o:\u00a0<\/strong>0,2 ~ 60\u03bcm<\/p>\n<p><strong>Aplicaci\u00f3n:<br \/>\n<\/strong>El polvo de carburo de tungsteno se utiliza principalmente como materia prima para fabricar productos de carburo cementado, incluidas herramientas de corte, herramientas de miner\u00eda, materiales de recargue duro a base de tungsteno y otras piezas de desgaste.<\/p>\n<p><strong>Polvo de carburo de tungsteno com\u00fan:<br \/>\n<\/strong>Esta serie de polvo de Tungsteno tiene una calidad estable y puede cumplir los requisitos de la mayor\u00eda de la producci\u00f3n de Carburo Cementado. Es el polvo de carburo de tungsteno m\u00e1s utilizado.<\/p>\n<p><strong>Polvo superfino de carburo de tungsteno:<br \/>\n<\/strong>Esta serie de polvo de carburo de tungsteno tiene una buena distribuci\u00f3n centralizada del tama\u00f1o de las part\u00edculas, excelente dispersidad, baja sensibilidad a la temperatura de sinterizaci\u00f3n de la aleaci\u00f3n, contenido moderado de ox\u00edgeno y alta dureza.<\/p>\n<p><strong>Carburo de tungsteno subfino:<br \/>\n<\/strong>Esta serie de polvo de carburo de tungsteno tiene una distribuci\u00f3n de part\u00edculas de tama\u00f1o centralizado, una excelente dispersi\u00f3n, un bajo contenido de ox\u00edgeno y una calidad estable.<\/p>\n<p><strong>Carburo de tungsteno supergrueso:<br \/>\n<\/strong>Esta serie de polvo de carburo de tungsteno tiene una estructura de grano perfecta y una excelente morfolog\u00eda de las part\u00edculas.<\/p>\n<\/div><\/div><\/div><div class=\"fusion-layout-column fusion_builder_column fusion-builder-column-2 fusion_builder_column_1_4 1_4 fusion-flex-column\" style=\"--awb-bg-size:cover;--awb-width-large:25%;--awb-margin-top-large:0px;--awb-spacing-right-large:7.68%;--awb-margin-bottom-large:0px;--awb-spacing-left-large:7.68%;--awb-width-medium:25%;--awb-order-medium:0;--awb-spacing-right-medium:7.68%;--awb-spacing-left-medium:7.68%;--awb-width-small:100%;--awb-order-small:0;--awb-spacing-right-small:1.92%;--awb-spacing-left-small:1.92%;\" data-scroll-devices=\"small-visibility,medium-visibility,large-visibility\"><div class=\"fusion-column-wrapper fusion-column-has-shadow fusion-flex-justify-content-flex-start fusion-content-layout-column\"><div class=\"fusion-separator fusion-full-width-sep\" style=\"align-self: center;margin-left: auto;margin-right: auto;margin-bottom:20px;width:100%;\"><\/div><div class=\"fusion-text fusion-text-2\">\n\t\t<div id=\"wppdfemb-frame-container-0\" style=\"-webkit-overflow-scrolling:auto;\">\n\t\t\t<iframe src=\"https:\/\/zim.orangewallcreative.com\/es\/?url=https:\/\/zim-llc.com\/\/wp-content\/uploads\/2024\/04\/Tungsten-Carbide-Powder.pdf&#038;toolbarfixed=on&#038;index=1&#038;pdfID=0\"\n\t\t\t\tid=\"wppdf-emb-iframe-0\"\n\t\t\t\tdata-pdf-index=\"1\"\n\t\t\t\tclass=\"pdfembed-iframe nonfullscreen\"\n\t\t\t\tstyle=\"border:none;width:100%;max-width:250px;min-height:350px\"\n\t\t\t\tscrolling=\"yes\">\n\t\t\t<\/iframe>\n\t\t<\/div>\n\n\t\t\n<\/div><\/div><\/div><\/div><\/div>","protected":false},"excerpt":{"rendered":"","protected":false},"author":4,"featured_media":0,"parent":871,"menu_order":4,"comment_status":"closed","ping_status":"closed","template":"","meta":{"footnotes":""},"class_list":["post-889","page","type-page","status-publish","hentry"],"yoast_head":"<!-- This site is optimized with the Yoast SEO plugin v26.8 - https:\/\/yoast.com\/product\/yoast-seo-wordpress\/ -->\n<title>Tungsten Carbide Powder - Zigong International Marketing, LLC<\/title>\n<meta name=\"description\" content=\"Tungsten Carbide powder has a high purity, centralized particle size distribution, perfect crystal morphology and stable quality.\" \/>\n<meta name=\"robots\" content=\"index, follow, max-snippet:-1, max-image-preview:large, max-video-preview:-1\" \/>\n<link rel=\"canonical\" href=\"https:\/\/zim.orangewallcreative.com\/es\/powders\/tungsten-carbide-powder\/\" \/>\n<meta property=\"og:locale\" content=\"es_ES\" \/>\n<meta property=\"og:type\" content=\"article\" \/>\n<meta property=\"og:title\" content=\"Tungsten Carbide Powder - Zigong International Marketing, LLC\" \/>\n<meta property=\"og:description\" content=\"Tungsten Carbide powder has a high purity, centralized particle size distribution, perfect crystal morphology and stable quality.\" \/>\n<meta property=\"og:url\" content=\"https:\/\/zim.orangewallcreative.com\/es\/powders\/tungsten-carbide-powder\/\" \/>\n<meta property=\"og:site_name\" content=\"Zigong International Marketing, LLC\" \/>\n<meta property=\"article:modified_time\" content=\"2024-08-27T18:55:37+00:00\" \/>\n<meta name=\"twitter:card\" content=\"summary_large_image\" \/>\n<meta name=\"twitter:label1\" content=\"Tiempo de lectura\" \/>\n\t<meta name=\"twitter:data1\" content=\"2 minutos\" \/>\n<script type=\"application\/ld+json\" class=\"yoast-schema-graph\">{\"@context\":\"https:\/\/schema.org\",\"@graph\":[{\"@type\":\"WebPage\",\"@id\":\"https:\/\/zim.orangewallcreative.com\/gl\/powders\/tungsten-carbide-powder\/\",\"url\":\"https:\/\/zim.orangewallcreative.com\/gl\/powders\/tungsten-carbide-powder\/\",\"name\":\"Tungsten Carbide Powder - Zigong International Marketing, LLC\",\"isPartOf\":{\"@id\":\"http:\/\/zim.orangewallcreative.com\/bg\/#website\"},\"datePublished\":\"2020-04-17T06:13:18+00:00\",\"dateModified\":\"2024-08-27T18:55:37+00:00\",\"description\":\"Tungsten Carbide powder has a high purity, centralized particle size distribution, perfect crystal morphology and stable quality.\",\"breadcrumb\":{\"@id\":\"https:\/\/zim.orangewallcreative.com\/gl\/powders\/tungsten-carbide-powder\/#breadcrumb\"},\"inLanguage\":\"es\",\"potentialAction\":[{\"@type\":\"ReadAction\",\"target\":[\"https:\/\/zim.orangewallcreative.com\/gl\/powders\/tungsten-carbide-powder\/\"]}]},{\"@type\":\"BreadcrumbList\",\"@id\":\"https:\/\/zim.orangewallcreative.com\/gl\/powders\/tungsten-carbide-powder\/#breadcrumb\",\"itemListElement\":[{\"@type\":\"ListItem\",\"position\":1,\"name\":\"Home\",\"item\":\"http:\/\/zim.orangewallcreative.com\/bg\/\"},{\"@type\":\"ListItem\",\"position\":2,\"name\":\"Powders\",\"item\":\"http:\/\/zim.orangewallcreative.com\/en\/powders\/\"},{\"@type\":\"ListItem\",\"position\":3,\"name\":\"Tungsten Carbide Powder\"}]},{\"@type\":\"WebSite\",\"@id\":\"http:\/\/zim.orangewallcreative.com\/bg\/#website\",\"url\":\"http:\/\/zim.orangewallcreative.com\/bg\/\",\"name\":\"Zigong International Marketing, LLC\",\"description\":\"\",\"publisher\":{\"@id\":\"http:\/\/zim.orangewallcreative.com\/bg\/#organization\"},\"potentialAction\":[{\"@type\":\"SearchAction\",\"target\":{\"@type\":\"EntryPoint\",\"urlTemplate\":\"http:\/\/zim.orangewallcreative.com\/bg\/?s={search_term_string}\"},\"query-input\":{\"@type\":\"PropertyValueSpecification\",\"valueRequired\":true,\"valueName\":\"search_term_string\"}}],\"inLanguage\":\"es\"},{\"@type\":\"Organization\",\"@id\":\"http:\/\/zim.orangewallcreative.com\/bg\/#organization\",\"name\":\"Zigong International Marketing LLC\",\"url\":\"http:\/\/zim.orangewallcreative.com\/bg\/\",\"logo\":{\"@type\":\"ImageObject\",\"inLanguage\":\"es\",\"@id\":\"http:\/\/zim.orangewallcreative.com\/bg\/#\/schema\/logo\/image\/\",\"url\":\"https:\/\/zim-llc.com\/wp-content\/uploads\/2020\/06\/6-23-logo-c.jpg\",\"contentUrl\":\"https:\/\/zim-llc.com\/wp-content\/uploads\/2020\/06\/6-23-logo-c.jpg\",\"width\":201,\"height\":90,\"caption\":\"Zigong International Marketing LLC\"},\"image\":{\"@id\":\"http:\/\/zim.orangewallcreative.com\/bg\/#\/schema\/logo\/image\/\"}}]}<\/script>\n<!-- \/ Yoast SEO plugin. -->","yoast_head_json":{"title":"Tungsten Carbide Powder - Zigong International Marketing, LLC","description":"Tungsten Carbide powder has a high purity, centralized particle size distribution, perfect crystal morphology and stable quality.","robots":{"index":"index","follow":"follow","max-snippet":"max-snippet:-1","max-image-preview":"max-image-preview:large","max-video-preview":"max-video-preview:-1"},"canonical":"https:\/\/zim.orangewallcreative.com\/es\/powders\/tungsten-carbide-powder\/","og_locale":"es_ES","og_type":"article","og_title":"Tungsten Carbide Powder - Zigong International Marketing, LLC","og_description":"Tungsten Carbide powder has a high purity, centralized particle size distribution, perfect crystal morphology and stable quality.","og_url":"https:\/\/zim.orangewallcreative.com\/es\/powders\/tungsten-carbide-powder\/","og_site_name":"Zigong International Marketing, LLC","article_modified_time":"2024-08-27T18:55:37+00:00","twitter_card":"summary_large_image","twitter_misc":{"Tiempo de lectura":"2 minutos"},"schema":{"@context":"https:\/\/schema.org","@graph":[{"@type":"WebPage","@id":"https:\/\/zim.orangewallcreative.com\/gl\/powders\/tungsten-carbide-powder\/","url":"https:\/\/zim.orangewallcreative.com\/gl\/powders\/tungsten-carbide-powder\/","name":"Tungsten Carbide Powder - Zigong International Marketing, LLC","isPartOf":{"@id":"http:\/\/zim.orangewallcreative.com\/bg\/#website"},"datePublished":"2020-04-17T06:13:18+00:00","dateModified":"2024-08-27T18:55:37+00:00","description":"Tungsten Carbide powder has a high purity, centralized particle size distribution, perfect crystal morphology and stable quality.","breadcrumb":{"@id":"https:\/\/zim.orangewallcreative.com\/gl\/powders\/tungsten-carbide-powder\/#breadcrumb"},"inLanguage":"es","potentialAction":[{"@type":"ReadAction","target":["https:\/\/zim.orangewallcreative.com\/gl\/powders\/tungsten-carbide-powder\/"]}]},{"@type":"BreadcrumbList","@id":"https:\/\/zim.orangewallcreative.com\/gl\/powders\/tungsten-carbide-powder\/#breadcrumb","itemListElement":[{"@type":"ListItem","position":1,"name":"Home","item":"http:\/\/zim.orangewallcreative.com\/bg\/"},{"@type":"ListItem","position":2,"name":"Powders","item":"http:\/\/zim.orangewallcreative.com\/en\/powders\/"},{"@type":"ListItem","position":3,"name":"Tungsten Carbide Powder"}]},{"@type":"WebSite","@id":"http:\/\/zim.orangewallcreative.com\/bg\/#website","url":"http:\/\/zim.orangewallcreative.com\/bg\/","name":"Zigong International Marketing, LLC","description":"","publisher":{"@id":"http:\/\/zim.orangewallcreative.com\/bg\/#organization"},"potentialAction":[{"@type":"SearchAction","target":{"@type":"EntryPoint","urlTemplate":"http:\/\/zim.orangewallcreative.com\/bg\/?s={search_term_string}"},"query-input":{"@type":"PropertyValueSpecification","valueRequired":true,"valueName":"search_term_string"}}],"inLanguage":"es"},{"@type":"Organization","@id":"http:\/\/zim.orangewallcreative.com\/bg\/#organization","name":"Zigong International Marketing LLC","url":"http:\/\/zim.orangewallcreative.com\/bg\/","logo":{"@type":"ImageObject","inLanguage":"es","@id":"http:\/\/zim.orangewallcreative.com\/bg\/#\/schema\/logo\/image\/","url":"https:\/\/zim-llc.com\/wp-content\/uploads\/2020\/06\/6-23-logo-c.jpg","contentUrl":"https:\/\/zim-llc.com\/wp-content\/uploads\/2020\/06\/6-23-logo-c.jpg","width":201,"height":90,"caption":"Zigong International Marketing LLC"},"image":{"@id":"http:\/\/zim.orangewallcreative.com\/bg\/#\/schema\/logo\/image\/"}}]}},"_links":{"self":[{"href":"https:\/\/zim.orangewallcreative.com\/es\/wp-json\/wp\/v2\/pages\/889","targetHints":{"allow":["GET"]}}],"collection":[{"href":"https:\/\/zim.orangewallcreative.com\/es\/wp-json\/wp\/v2\/pages"}],"about":[{"href":"https:\/\/zim.orangewallcreative.com\/es\/wp-json\/wp\/v2\/types\/page"}],"author":[{"embeddable":true,"href":"https:\/\/zim.orangewallcreative.com\/es\/wp-json\/wp\/v2\/users\/4"}],"replies":[{"embeddable":true,"href":"https:\/\/zim.orangewallcreative.com\/es\/wp-json\/wp\/v2\/comments?post=889"}],"version-history":[{"count":0,"href":"https:\/\/zim.orangewallcreative.com\/es\/wp-json\/wp\/v2\/pages\/889\/revisions"}],"up":[{"embeddable":true,"href":"https:\/\/zim.orangewallcreative.com\/es\/wp-json\/wp\/v2\/pages\/871"}],"wp:attachment":[{"href":"https:\/\/zim.orangewallcreative.com\/es\/wp-json\/wp\/v2\/media?parent=889"}],"curies":[{"name":"wp","href":"https:\/\/api.w.org\/{rel}","templated":true}]}}