{"id":3733,"date":"2022-12-12T19:20:34","date_gmt":"2022-12-12T19:20:34","guid":{"rendered":"https:\/\/zimllc.wpengine.com\/?page_id=3733"},"modified":"2024-04-24T16:06:15","modified_gmt":"2024-04-24T16:06:15","slug":"cemented-carbide-pallets","status":"publish","type":"page","link":"https:\/\/zim.orangewallcreative.com\/fr\/hardfacing-materials\/cemented-carbide-pallets\/","title":{"rendered":"Palettes en carbure c\u00e9ment\u00e9"},"content":{"rendered":"<div class=\"fusion-fullwidth fullwidth-box fusion-builder-row-1 fusion-flex-container has-pattern-background has-mask-background nonhundred-percent-fullwidth non-hundred-percent-height-scrolling\" style=\"--awb-border-color:#0000;--awb-border-radius-top-left:0px;--awb-border-radius-top-right:0px;--awb-border-radius-bottom-right:0px;--awb-border-radius-bottom-left:0px;--awb-padding-left:60px;--awb-background-color:#0000;--awb-background-image:linear-gradient(180deg, #0000 0%,#0000 100%);--awb-flex-wrap:wrap;\" ><div class=\"fusion-builder-row fusion-row fusion-flex-align-items-flex-start fusion-flex-content-wrap\" style=\"max-width:1248px;margin-left: calc(-4% \/ 2 );margin-right: calc(-4% \/ 2 );\"><div class=\"fusion-layout-column fusion_builder_column fusion-builder-column-0 fusion_builder_column_2_3 2_3 fusion-flex-column\" style=\"--awb-bg-size:cover;--awb-width-large:66.666666666667%;--awb-margin-top-large:0px;--awb-spacing-right-large:4.32%;--awb-margin-bottom-large:0px;--awb-spacing-left-large:2.88%;--awb-width-medium:66.666666666667%;--awb-spacing-right-medium:4.32%;--awb-spacing-left-medium:2.88%;--awb-width-small:100%;--awb-spacing-right-small:1.92%;--awb-spacing-left-small:1.92%;\"><div class=\"fusion-column-wrapper fusion-flex-justify-content-flex-start fusion-content-layout-column\"><div class=\"fusion-text fusion-text-1\"><h1>Palettes en carbure c\u00e9ment\u00e9<\/h1>\n<p class=\"translation-block\">&lt;Il s&#039;agit de particules de carbure c\u00e9ment\u00e9 sph\u00e9riques ou subsph\u00e9riques de couleur gris fonc\u00e9 pr\u00e9sentant une duret\u00e9 \u00e9lev\u00e9e (1400-1600 HV0.1), une r\u00e9sistance \u00e9lev\u00e9e \u00e0 l&#039;usure et une r\u00e9sistance \u00e0 l&#039;\u00e9rosion.<\/p>\n<p>Le CCP est utilis\u00e9 pour pr\u00e9parer des \u00e9lectrodes r\u00e9sistantes \u00e0 l'usure en carbure c\u00e9ment\u00e9 (fil), des mat\u00e9riaux de soudage par pulv\u00e9risation et des mat\u00e9riaux de surfa\u00e7age.  L'objectif principal est de pr\u00e9renforcer les surfaces r\u00e9sistantes \u00e0 l'usure ou de r\u00e9parer les surfaces us\u00e9es dans les secteurs de l'exploitation mini\u00e8re, du p\u00e9trole et du gaz, de la m\u00e9tallurgie, des machines de construction, des machines agricoles et de l'industrie sid\u00e9rurgique.<\/p>\n<p><strong>Composition chimique (poids, %) <\/strong><\/p>\n<table style=\"background-color: #ffffff; border-collapse: collapse; height: 259px; width: 800px;\" cellspacing=\"0\">\n<tbody>\n<tr>\n<td style=\"background-color: #2f5496; width: 97px; border: 0.5pt solid #000000;\" colspan=\"1\" rowspan=\"2\">\n<p style=\"text-align: center;\"><span style=\"color: #ffffff;\"><strong>Grade <\/strong><\/span><\/p>\n<\/td>\n<td style=\"background-color: #2f5496; width: 589px; border: 0.5pt solid #000000;\" colspan=\"6\" rowspan=\"1\">\n<p style=\"text-align: center;\"><span style=\"color: #ffffff;\"><strong>Composi(on chimique (poids, %) <\/strong><\/span><\/p>\n<\/td>\n<\/tr>\n<tr>\n<td style=\"background-color: #2f5496; border-color: #000000 #808080 #000000 #000000; border-style: solid; border-width: 0.5pt; width: 94px;\">\n<p style=\"text-align: center; color: #ffffff;\"><strong>Co <\/strong><\/p>\n<\/td>\n<td style=\"background-color: #2f5496; border-color: #000000 #808080; border-style: solid; border-width: 0.5pt; width: 105px;\">\n<p style=\"text-align: center; color: #ffffff;\"><strong>T. C <\/strong><\/p>\n<\/td>\n<td style=\"background-color: #2f5496; border-color: #000000 #808080; border-style: solid; border-width: 0.5pt; width: 99px;\">\n<p style=\"text-align: center; color: #ffffff;\"><strong>F. C <\/strong><\/p>\n<\/td>\n<td style=\"background-color: #2f5496; border-color: #000000 #808080; border-style: solid; border-width: 0.5pt; width: 99px;\">\n<p style=\"text-align: center; color: #ffffff;\"><strong>Ti <\/strong><\/p>\n<\/td>\n<td style=\"background-color: #2f5496; border-color: #000000 #808080; border-style: solid; border-width: 0.5pt; width: 93px;\">\n<p style=\"text-align: center; color: #ffffff;\"><strong>Fe <\/strong><\/p>\n<\/td>\n<td style=\"background-color: #2f5496; border-color: #000000 #000000 #000000 #808080; border-style: solid; border-width: 0.5pt; width: 84px;\">\n<p style=\"text-align: center; color: #ffffff;\"><strong>O <\/strong><\/p>\n<\/td>\n<\/tr>\n<tr>\n<td style=\"background-color: #ffffff; border-color: #000000 #000000 #808080; border-style: solid; border-width: 0.5pt; width: 97px;\">\n<p style=\"text-align: center;\"><span style=\"font-family: 'Calibri'; font-size: 11.000000pt;\">ZTC31 <\/span><\/p>\n<\/td>\n<td style=\"background-color: #ffffff; border-color: #000000 #808080 #808080 #000000; border-style: solid; border-width: 0.5pt; width: 94px;\">\n<p style=\"text-align: center;\"><span style=\"font-family: 'Calibri'; font-size: 11.000000pt;\">6.5-7.2 <\/span><\/p>\n<\/td>\n<td style=\"background-color: #ffffff; border-color: #000000 #808080 #808080; border-style: solid; border-width: 0.5pt; width: 105px;\">\n<p style=\"text-align: center;\"><span style=\"font-family: 'Calibri'; font-size: 11.000000pt;\">5.4-5.8 <\/span><\/p>\n<\/td>\n<td style=\"background-color: #ffffff; border-color: #000000 #808080 #808080; border-style: solid; border-width: 0.5pt; width: 99px;\">\n<p style=\"text-align: center;\"><span style=\"font-family: 'Calibri'; font-size: 11.000000pt;\">\u22640.01 <\/span><\/p>\n<\/td>\n<td style=\"background-color: #ffffff; border-color: #000000 #808080 #808080; border-style: solid; border-width: 0.5pt; width: 99px;\">\n<p style=\"text-align: center;\"><span style=\"font-family: 'Calibri'; font-size: 11.000000pt;\">\u22640.5 <\/span><\/p>\n<\/td>\n<td style=\"background-color: #ffffff; border-color: #000000 #808080 #808080; border-style: solid; border-width: 0.5pt; width: 93px;\">\n<p style=\"text-align: center;\"><span style=\"font-family: 'Calibri'; font-size: 11.000000pt;\">\u22640.5 <\/span><\/p>\n<\/td>\n<td style=\"background-color: #ffffff; border-color: #000000 #000000 #808080 #808080; border-style: solid; border-width: 0.5pt; width: 84px;\">\n<p style=\"text-align: center;\"><span style=\"font-family: 'Calibri'; font-size: 11.000000pt;\">\u22640.8 <\/span><\/p>\n<\/td>\n<\/tr>\n<tr>\n<td style=\"background-color: #ffffff; border-color: #808080 #000000; border-style: solid; border-width: 0.5pt; width: 97px;\">\n<p style=\"text-align: center;\"><span style=\"font-family: 'Calibri'; font-size: 11.000000pt;\">ZTC32 <\/span><\/p>\n<\/td>\n<td style=\"background-color: #ffffff; border-color: #808080 #808080 #808080 #000000; border-style: solid; border-width: 0.5pt; width: 94px;\">\n<p style=\"text-align: center;\"><span style=\"font-family: 'Calibri'; font-size: 11.000000pt;\">3.5-4.0 <\/span><\/p>\n<\/td>\n<td style=\"background-color: #ffffff; width: 105px; border: 0.5pt solid #808080;\">\n<p style=\"text-align: center;\"><span style=\"font-family: 'Calibri'; font-size: 11.000000pt;\">5.5-5.9 <\/span><\/p>\n<\/td>\n<td style=\"background-color: #ffffff; width: 99px; border: 0.5pt solid #808080;\">\n<p style=\"text-align: center;\"><span style=\"font-family: 'Calibri'; font-size: 11.000000pt;\">\u22640.01 <\/span><\/p>\n<\/td>\n<td style=\"background-color: #ffffff; width: 99px; border: 0.5pt solid #808080;\">\n<p style=\"text-align: center;\"><span style=\"font-family: 'Calibri'; font-size: 11.000000pt;\">\u22640.5 <\/span><\/p>\n<\/td>\n<td style=\"background-color: #ffffff; width: 93px; border: 0.5pt solid #808080;\">\n<p style=\"text-align: center;\"><span style=\"font-family: 'Calibri'; font-size: 11.000000pt;\">\u22640.5 <\/span><\/p>\n<\/td>\n<td style=\"background-color: #ffffff; border-color: #808080 #000000 #808080 #808080; border-style: solid; border-width: 0.5pt; width: 84px;\">\n<p style=\"text-align: center;\"><span style=\"font-family: 'Calibri'; font-size: 11.000000pt;\">\u22640.8 <\/span><\/p>\n<\/td>\n<\/tr>\n<tr>\n<td style=\"background-color: #ffffff; border-color: #808080 #000000; border-style: solid; border-width: 0.5pt; width: 97px;\">\n<p style=\"text-align: center;\"><span style=\"font-family: 'Calibri'; font-size: 11.000000pt;\">ZTC33 <\/span><\/p>\n<\/td>\n<td style=\"background-color: #ffffff; border-color: #808080 #808080 #808080 #000000; border-style: solid; border-width: 0.5pt; width: 94px;\">\n<p style=\"text-align: center;\"><span style=\"font-family: 'Calibri'; font-size: 11.000000pt;\">5.7-6.3 <\/span><\/p>\n<\/td>\n<td style=\"background-color: #ffffff; width: 105px; border: 0.5pt solid #808080;\">\n<p style=\"text-align: center;\"><span style=\"font-family: 'Calibri'; font-size: 11.000000pt;\">5.4-5.8 <\/span><\/p>\n<\/td>\n<td style=\"background-color: #ffffff; width: 99px; border: 0.5pt solid #808080;\">\n<p style=\"text-align: center;\"><span style=\"font-family: 'Calibri'; font-size: 11.000000pt;\">\u22640.01 <\/span><\/p>\n<\/td>\n<td style=\"background-color: #ffffff; width: 99px; border: 0.5pt solid #808080;\">\n<p style=\"text-align: center;\"><span style=\"font-family: 'Calibri'; font-size: 11.000000pt;\">\u22640.5 <\/span><\/p>\n<\/td>\n<td style=\"background-color: #ffffff; width: 93px; border: 0.5pt solid #808080;\">\n<p style=\"text-align: center;\"><span style=\"font-family: 'Calibri'; font-size: 11.000000pt;\">\u22640.5 <\/span><\/p>\n<\/td>\n<td style=\"background-color: #ffffff; border-color: #808080 #000000 #808080 #808080; border-style: solid; border-width: 0.5pt; width: 84px;\">\n<p style=\"text-align: center;\"><span style=\"font-family: 'Calibri'; font-size: 11.000000pt;\">\u22640.3 <\/span><\/p>\n<\/td>\n<\/tr>\n<\/tbody>\n<\/table>\n<p><strong><br \/>\nQualit\u00e9 et taille des particules <\/strong><\/p>\n<table style=\"background-color: #ffffff; border-collapse: collapse; width: 800px;\" cellspacing=\"0\">\n<tbody>\n<tr>\n<td style=\"background-color: #2f5496; width: 94px; border: 0.5pt solid #000000;\" colspan=\"1\" rowspan=\"2\">\n<p style=\"text-align: center;\"><span style=\"color: #ffffff;\"><strong>Grade <\/strong><\/span><\/p>\n<\/td>\n<td style=\"background-color: #2f5496; border-color: #000000 #808080 #000000 #000000; border-style: solid; border-width: 0.5pt; width: 222px;\" colspan=\"2\" rowspan=\"1\">\n<p style=\"text-align: center;\"><span style=\"color: #ffffff;\"><strong>Propri\u00e9t\u00e9s physiques <\/strong><\/span><\/p>\n<\/td>\n<td style=\"background-color: #2f5496; border-color: #000000 #000000 #000000 #808080; border-style: solid; border-width: 0.5pt; width: 449px;\" colspan=\"3\" rowspan=\"1\">\n<p style=\"text-align: center;\"><span style=\"color: #ffffff;\"><strong>Microstructure <\/strong><\/span><\/p>\n<\/td>\n<\/tr>\n<tr>\n<td style=\"background-color: #2f5496; border-color: #000000 #808080 #000000 #000000; border-style: solid; border-width: 0.5pt; width: 105px;\">\n<p style=\"text-align: center;\"><span style=\"color: #ffffff;\"><strong>Densit\u00e9 (g\/cm<\/strong><strong>3<\/strong><strong>) <\/strong><\/span><\/p>\n<\/td>\n<td style=\"background-color: #2f5496; border-color: #000000 #808080; border-style: solid; border-width: 0.5pt; width: 114px;\">\n<p style=\"text-align: center;\"><span style=\"color: #ffffff;\"><strong>Duret\u00e9 (HV) <\/strong><\/span><\/p>\n<\/td>\n<td style=\"background-color: #2f5496; border-color: #000000 #808080; border-style: solid; border-width: 0.5pt; width: 114px;\">\n<p style=\"text-align: center;\"><span style=\"color: #ffffff;\"><strong>Porosit\u00e9 (\u2264) <\/strong><\/span><\/p>\n<\/td>\n<td style=\"background-color: #2f5496; border-color: #000000 #808080; border-style: solid; border-width: 0.5pt; width: 128px;\">\n<p style=\"text-align: center;\"><span style=\"color: #ffffff;\"><strong>Carbone libre (\u2264) <\/strong><\/span><\/p>\n<\/td>\n<td style=\"background-color: #2f5496; border-color: #000000 #000000 #000000 #808080; border-style: solid; border-width: 0.5pt; width: 200px;\">\n<p style=\"text-align: center;\"><span style=\"color: #ffffff;\"><strong>Microstructure <\/strong><\/span><\/p>\n<\/td>\n<\/tr>\n<tr>\n<td style=\"background-color: #ffffff; border-color: #000000 #000000 #808080; border-style: solid; border-width: 0.5pt; width: 94px;\">\n<p style=\"text-align: center;\"><span style=\"font-family: 'Calibri'; font-size: 11.000000pt;\">ZTC31 <\/span><\/p>\n<\/td>\n<td style=\"background-color: #ffffff; border-color: #000000 #808080 #808080 #000000; border-style: solid; border-width: 0.5pt; width: 105px;\">\n<p style=\"text-align: center;\"><span style=\"font-family: 'Calibri'; font-size: 11.000000pt;\">14.5-15.0 <\/span><\/p>\n<\/td>\n<td style=\"background-color: #ffffff; border-color: #000000 #808080 #808080; border-style: solid; border-width: 0.5pt; width: 114px;\">\n<p style=\"text-align: center;\"><span style=\"font-family: 'Calibri'; font-size: 11.000000pt;\">\u22651400 <\/span><\/p>\n<\/td>\n<td style=\"background-color: #ffffff; border-color: #000000 #808080 #808080; border-style: solid; border-width: 0.5pt; width: 114px;\">\n<p style=\"text-align: center;\"><span style=\"font-family: 'Calibri'; font-size: 11.000000pt;\">A04B04 <\/span><\/p>\n<\/td>\n<td style=\"background-color: #ffffff; border-color: #000000 #808080 #808080; border-style: solid; border-width: 0.5pt; width: 128px;\">\n<p style=\"text-align: center;\"><span style=\"font-family: 'Calibri'; font-size: 11.000000pt;\">C04 <\/span><\/p>\n<\/td>\n<td style=\"background-color: #ffffff; border-color: #000000 #000000 #808080 #808080; border-style: solid; border-width: 0.5pt; width: 200px;\" colspan=\"1\" rowspan=\"3\">\n<p style=\"text-align: center;\"><span style=\"font-family: 'Calibri'; font-size: 11.000000pt;\">Pas de d\u00e9carburation ni d'agr\u00e9gation de cobalt. <\/span><\/p>\n<\/td>\n<\/tr>\n<tr>\n<td style=\"background-color: #ffffff; border-color: #808080 #000000; border-style: solid; border-width: 0.5pt; width: 94px;\">\n<p style=\"text-align: center;\"><span style=\"font-family: 'Calibri'; font-size: 11.000000pt;\">ZTC32 <\/span><\/p>\n<\/td>\n<td style=\"background-color: #ffffff; border-color: #808080 #808080 #808080 #000000; border-style: solid; border-width: 0.5pt; width: 105px;\">\n<p style=\"text-align: center;\"><span style=\"font-family: 'Calibri'; font-size: 11.000000pt;\">14.8-15.3 <\/span><\/p>\n<\/td>\n<td style=\"background-color: #ffffff; width: 114px; border: 0.5pt solid #808080;\">\n<p style=\"text-align: center;\"><span style=\"font-family: 'Calibri'; font-size: 11.000000pt;\">\u22651500 <\/span><\/p>\n<\/td>\n<td style=\"background-color: #ffffff; width: 114px; border: 0.5pt solid #808080;\">\n<p style=\"text-align: center;\"><span style=\"font-family: 'Calibri'; font-size: 11.000000pt;\">A04B04 <\/span><\/p>\n<\/td>\n<td style=\"background-color: #ffffff; width: 128px; border: 0.5pt solid #808080;\">\n<p style=\"text-align: center;\"><span style=\"font-family: 'Calibri'; font-size: 11.000000pt;\">C04 <\/span><\/p>\n<\/td>\n<\/tr>\n<tr>\n<td style=\"background-color: #ffffff; border-color: #808080 #000000; border-style: solid; border-width: 0.5pt; width: 94px;\">\n<p style=\"text-align: center;\"><span style=\"font-family: 'Calibri'; font-size: 11.000000pt;\">ZTC33 <\/span><\/p>\n<\/td>\n<td style=\"background-color: #ffffff; border-color: #808080 #808080 #808080 #000000; border-style: solid; border-width: 0.5pt; width: 105px;\">\n<p style=\"text-align: center;\"><span style=\"font-family: 'Calibri'; font-size: 11.000000pt;\">14.5-15.0 <\/span><\/p>\n<\/td>\n<td style=\"background-color: #ffffff; width: 114px; border: 0.5pt solid #808080;\">\n<p style=\"text-align: center;\"><span style=\"font-family: 'Calibri'; font-size: 11.000000pt;\">\u22651400 <\/span><\/p>\n<\/td>\n<td style=\"background-color: #ffffff; width: 114px; border: 0.5pt solid #808080;\">\n<p style=\"text-align: center;\"><span style=\"font-family: 'Calibri'; font-size: 11.000000pt;\">A04B04 <\/span><\/p>\n<\/td>\n<td style=\"background-color: #ffffff; width: 128px; border: 0.5pt solid #808080;\">\n<p style=\"text-align: center;\"><span style=\"font-family: 'Calibri'; font-size: 11.000000pt;\">C02 <\/span><\/p>\n<\/td>\n<\/tr>\n<\/tbody>\n<\/table>\n<\/div><\/div><\/div><div class=\"fusion-layout-column fusion_builder_column fusion-builder-column-1 fusion_builder_column_1_3 1_3 fusion-flex-column\" style=\"--awb-bg-size:cover;--awb-width-large:33.333333333333%;--awb-margin-top-large:0px;--awb-spacing-right-large:5.76%;--awb-margin-bottom-large:0px;--awb-spacing-left-large:2.88%;--awb-width-medium:33.333333333333%;--awb-spacing-right-medium:5.76%;--awb-spacing-left-medium:2.88%;--awb-width-small:100%;--awb-spacing-right-small:1.92%;--awb-spacing-left-small:1.92%;\"><div class=\"fusion-column-wrapper fusion-flex-justify-content-flex-start fusion-content-layout-column\"><div class=\"fusion-image-element\" style=\"text-align:center;--awb-caption-title-font-family:var(--h2_typography-font-family);--awb-caption-title-font-weight:var(--h2_typography-font-weight);--awb-caption-title-font-style:var(--h2_typography-font-style);--awb-caption-title-size:var(--h2_typography-font-size);--awb-caption-title-transform:var(--h2_typography-text-transform);--awb-caption-title-line-height:var(--h2_typography-line-height);--awb-caption-title-letter-spacing:var(--h2_typography-letter-spacing);\"><span class=\"fusion-imageframe imageframe-none imageframe-1 hover-type-zoomin\"><img decoding=\"async\" width=\"600\" height=\"600\" title=\"4.carbode ciment\u00e9-pellets-1\" src=\"https:\/\/zim-llc.com\/wp-content\/uploads\/2022\/12\/4.cemented-carbode-pellets-1.jpg\" alt class=\"img-responsive wp-image-3810\" srcset=\"https:\/\/zim.orangewallcreative.com\/wp-content\/uploads\/2022\/12\/4.cemented-carbode-pellets-1-150x150.jpg 150w, https:\/\/zim.orangewallcreative.com\/wp-content\/uploads\/2022\/12\/4.cemented-carbode-pellets-1-300x300.jpg 300w, https:\/\/zim.orangewallcreative.com\/wp-content\/uploads\/2022\/12\/4.cemented-carbode-pellets-1-350x350.jpg 350w, https:\/\/zim.orangewallcreative.com\/wp-content\/uploads\/2022\/12\/4.cemented-carbode-pellets-1.jpg 600w\" sizes=\"(max-width: 600px) 100vw, 600px\" \/><\/span><\/div><\/div><\/div><\/div><\/div>","protected":false},"excerpt":{"rendered":"","protected":false},"author":2,"featured_media":0,"parent":877,"menu_order":4,"comment_status":"closed","ping_status":"closed","template":"","meta":{"footnotes":""},"class_list":["post-3733","page","type-page","status-publish","hentry"],"yoast_head":"<!-- This site is optimized with the Yoast SEO plugin v26.8 - https:\/\/yoast.com\/product\/yoast-seo-wordpress\/ -->\n<title>Cemented Carbide Pallets - Zigong International Marketing, LLC<\/title>\n<meta name=\"description\" content=\"We manufacture three types of cast Tungsten Carbide powder.\" \/>\n<meta name=\"robots\" content=\"index, follow, max-snippet:-1, max-image-preview:large, max-video-preview:-1\" \/>\n<link rel=\"canonical\" href=\"https:\/\/zim.orangewallcreative.com\/fr\/hardfacing-materials\/cemented-carbide-pallets\/\" \/>\n<meta property=\"og:locale\" content=\"fr_FR\" \/>\n<meta property=\"og:type\" content=\"article\" \/>\n<meta property=\"og:title\" content=\"Cemented Carbide Pallets - Zigong International Marketing, LLC\" \/>\n<meta property=\"og:description\" content=\"We manufacture three types of cast Tungsten Carbide powder.\" \/>\n<meta property=\"og:url\" content=\"https:\/\/zim.orangewallcreative.com\/fr\/hardfacing-materials\/cemented-carbide-pallets\/\" \/>\n<meta property=\"og:site_name\" content=\"Zigong International Marketing, LLC\" \/>\n<meta property=\"article:modified_time\" content=\"2024-04-24T16:06:15+00:00\" \/>\n<meta name=\"twitter:card\" content=\"summary_large_image\" \/>\n<meta name=\"twitter:label1\" content=\"Dur\u00e9e de lecture estim\u00e9e\" \/>\n\t<meta name=\"twitter:data1\" content=\"1 minute\" \/>\n<script type=\"application\/ld+json\" class=\"yoast-schema-graph\">{\"@context\":\"https:\/\/schema.org\",\"@graph\":[{\"@type\":\"WebPage\",\"@id\":\"https:\/\/zim.orangewallcreative.com\/nb\/hardfacing-materials\/cemented-carbide-pallets\/\",\"url\":\"https:\/\/zim.orangewallcreative.com\/nb\/hardfacing-materials\/cemented-carbide-pallets\/\",\"name\":\"Cemented Carbide Pallets - Zigong International Marketing, LLC\",\"isPartOf\":{\"@id\":\"http:\/\/zim.orangewallcreative.com\/bg\/#website\"},\"datePublished\":\"2022-12-12T19:20:34+00:00\",\"dateModified\":\"2024-04-24T16:06:15+00:00\",\"description\":\"We manufacture three types of cast Tungsten Carbide powder.\",\"breadcrumb\":{\"@id\":\"https:\/\/zim.orangewallcreative.com\/nb\/hardfacing-materials\/cemented-carbide-pallets\/#breadcrumb\"},\"inLanguage\":\"fr-FR\",\"potentialAction\":[{\"@type\":\"ReadAction\",\"target\":[\"https:\/\/zim.orangewallcreative.com\/nb\/hardfacing-materials\/cemented-carbide-pallets\/\"]}]},{\"@type\":\"BreadcrumbList\",\"@id\":\"https:\/\/zim.orangewallcreative.com\/nb\/hardfacing-materials\/cemented-carbide-pallets\/#breadcrumb\",\"itemListElement\":[{\"@type\":\"ListItem\",\"position\":1,\"name\":\"Home\",\"item\":\"http:\/\/zim.orangewallcreative.com\/bg\/\"},{\"@type\":\"ListItem\",\"position\":2,\"name\":\"Hardfacing Materials\",\"item\":\"https:\/\/zim.orangewallcreative.com\/bg\/hardfacing-materials\/\"},{\"@type\":\"ListItem\",\"position\":3,\"name\":\"Cemented Carbide Pallets\"}]},{\"@type\":\"WebSite\",\"@id\":\"http:\/\/zim.orangewallcreative.com\/bg\/#website\",\"url\":\"http:\/\/zim.orangewallcreative.com\/bg\/\",\"name\":\"Zigong International Marketing, LLC\",\"description\":\"\",\"publisher\":{\"@id\":\"http:\/\/zim.orangewallcreative.com\/bg\/#organization\"},\"potentialAction\":[{\"@type\":\"SearchAction\",\"target\":{\"@type\":\"EntryPoint\",\"urlTemplate\":\"http:\/\/zim.orangewallcreative.com\/bg\/?s={search_term_string}\"},\"query-input\":{\"@type\":\"PropertyValueSpecification\",\"valueRequired\":true,\"valueName\":\"search_term_string\"}}],\"inLanguage\":\"fr-FR\"},{\"@type\":\"Organization\",\"@id\":\"http:\/\/zim.orangewallcreative.com\/bg\/#organization\",\"name\":\"Zigong International Marketing LLC\",\"url\":\"http:\/\/zim.orangewallcreative.com\/bg\/\",\"logo\":{\"@type\":\"ImageObject\",\"inLanguage\":\"fr-FR\",\"@id\":\"http:\/\/zim.orangewallcreative.com\/bg\/#\/schema\/logo\/image\/\",\"url\":\"https:\/\/zim-llc.com\/wp-content\/uploads\/2020\/06\/6-23-logo-c.jpg\",\"contentUrl\":\"https:\/\/zim-llc.com\/wp-content\/uploads\/2020\/06\/6-23-logo-c.jpg\",\"width\":201,\"height\":90,\"caption\":\"Zigong International Marketing LLC\"},\"image\":{\"@id\":\"http:\/\/zim.orangewallcreative.com\/bg\/#\/schema\/logo\/image\/\"}}]}<\/script>\n<!-- \/ Yoast SEO plugin. -->","yoast_head_json":{"title":"Cemented Carbide Pallets - Zigong International Marketing, LLC","description":"We manufacture three types of cast Tungsten Carbide powder.","robots":{"index":"index","follow":"follow","max-snippet":"max-snippet:-1","max-image-preview":"max-image-preview:large","max-video-preview":"max-video-preview:-1"},"canonical":"https:\/\/zim.orangewallcreative.com\/fr\/hardfacing-materials\/cemented-carbide-pallets\/","og_locale":"fr_FR","og_type":"article","og_title":"Cemented Carbide Pallets - Zigong International Marketing, LLC","og_description":"We manufacture three types of cast Tungsten Carbide powder.","og_url":"https:\/\/zim.orangewallcreative.com\/fr\/hardfacing-materials\/cemented-carbide-pallets\/","og_site_name":"Zigong International Marketing, LLC","article_modified_time":"2024-04-24T16:06:15+00:00","twitter_card":"summary_large_image","twitter_misc":{"Dur\u00e9e de lecture estim\u00e9e":"1 minute"},"schema":{"@context":"https:\/\/schema.org","@graph":[{"@type":"WebPage","@id":"https:\/\/zim.orangewallcreative.com\/nb\/hardfacing-materials\/cemented-carbide-pallets\/","url":"https:\/\/zim.orangewallcreative.com\/nb\/hardfacing-materials\/cemented-carbide-pallets\/","name":"Cemented Carbide Pallets - Zigong International Marketing, LLC","isPartOf":{"@id":"http:\/\/zim.orangewallcreative.com\/bg\/#website"},"datePublished":"2022-12-12T19:20:34+00:00","dateModified":"2024-04-24T16:06:15+00:00","description":"We manufacture three types of cast Tungsten Carbide powder.","breadcrumb":{"@id":"https:\/\/zim.orangewallcreative.com\/nb\/hardfacing-materials\/cemented-carbide-pallets\/#breadcrumb"},"inLanguage":"fr-FR","potentialAction":[{"@type":"ReadAction","target":["https:\/\/zim.orangewallcreative.com\/nb\/hardfacing-materials\/cemented-carbide-pallets\/"]}]},{"@type":"BreadcrumbList","@id":"https:\/\/zim.orangewallcreative.com\/nb\/hardfacing-materials\/cemented-carbide-pallets\/#breadcrumb","itemListElement":[{"@type":"ListItem","position":1,"name":"Home","item":"http:\/\/zim.orangewallcreative.com\/bg\/"},{"@type":"ListItem","position":2,"name":"Hardfacing Materials","item":"https:\/\/zim.orangewallcreative.com\/bg\/hardfacing-materials\/"},{"@type":"ListItem","position":3,"name":"Cemented Carbide Pallets"}]},{"@type":"WebSite","@id":"http:\/\/zim.orangewallcreative.com\/bg\/#website","url":"http:\/\/zim.orangewallcreative.com\/bg\/","name":"Zigong International Marketing, LLC","description":"","publisher":{"@id":"http:\/\/zim.orangewallcreative.com\/bg\/#organization"},"potentialAction":[{"@type":"SearchAction","target":{"@type":"EntryPoint","urlTemplate":"http:\/\/zim.orangewallcreative.com\/bg\/?s={search_term_string}"},"query-input":{"@type":"PropertyValueSpecification","valueRequired":true,"valueName":"search_term_string"}}],"inLanguage":"fr-FR"},{"@type":"Organization","@id":"http:\/\/zim.orangewallcreative.com\/bg\/#organization","name":"Zigong International Marketing LLC","url":"http:\/\/zim.orangewallcreative.com\/bg\/","logo":{"@type":"ImageObject","inLanguage":"fr-FR","@id":"http:\/\/zim.orangewallcreative.com\/bg\/#\/schema\/logo\/image\/","url":"https:\/\/zim-llc.com\/wp-content\/uploads\/2020\/06\/6-23-logo-c.jpg","contentUrl":"https:\/\/zim-llc.com\/wp-content\/uploads\/2020\/06\/6-23-logo-c.jpg","width":201,"height":90,"caption":"Zigong International Marketing LLC"},"image":{"@id":"http:\/\/zim.orangewallcreative.com\/bg\/#\/schema\/logo\/image\/"}}]}},"_links":{"self":[{"href":"https:\/\/zim.orangewallcreative.com\/fr\/wp-json\/wp\/v2\/pages\/3733","targetHints":{"allow":["GET"]}}],"collection":[{"href":"https:\/\/zim.orangewallcreative.com\/fr\/wp-json\/wp\/v2\/pages"}],"about":[{"href":"https:\/\/zim.orangewallcreative.com\/fr\/wp-json\/wp\/v2\/types\/page"}],"author":[{"embeddable":true,"href":"https:\/\/zim.orangewallcreative.com\/fr\/wp-json\/wp\/v2\/users\/2"}],"replies":[{"embeddable":true,"href":"https:\/\/zim.orangewallcreative.com\/fr\/wp-json\/wp\/v2\/comments?post=3733"}],"version-history":[{"count":0,"href":"https:\/\/zim.orangewallcreative.com\/fr\/wp-json\/wp\/v2\/pages\/3733\/revisions"}],"up":[{"embeddable":true,"href":"https:\/\/zim.orangewallcreative.com\/fr\/wp-json\/wp\/v2\/pages\/877"}],"wp:attachment":[{"href":"https:\/\/zim.orangewallcreative.com\/fr\/wp-json\/wp\/v2\/media?parent=3733"}],"curies":[{"name":"wp","href":"https:\/\/api.w.org\/{rel}","templated":true}]}}