{"id":815,"date":"2017-04-17T03:54:31","date_gmt":"2017-04-17T03:54:31","guid":{"rendered":"https:\/\/zimllc.wpengine.com\/?page_id=815"},"modified":"2024-07-04T20:41:37","modified_gmt":"2024-07-04T20:41:37","slug":"about","status":"publish","type":"page","link":"https:\/\/zim.orangewallcreative.com\/hr\/about\/","title":{"rendered":"Oko"},"content":{"rendered":"<div class=\"fusion-fullwidth fullwidth-box fusion-builder-row-1 fusion-flex-container has-pattern-background has-mask-background nonhundred-percent-fullwidth non-hundred-percent-height-scrolling\" style=\"--awb-border-radius-top-left:0px;--awb-border-radius-top-right:0px;--awb-border-radius-bottom-right:0px;--awb-border-radius-bottom-left:0px;--awb-background-image:linear-gradient(180deg, #0000 0%,#0000 100%);--awb-flex-wrap:wrap;\" ><div class=\"fusion-builder-row fusion-row fusion-flex-align-items-flex-start fusion-flex-content-wrap\" style=\"max-width:1248px;margin-left: calc(-4% \/ 2 );margin-right: calc(-4% \/ 2 );\"><div class=\"fusion-layout-column fusion_builder_column fusion-builder-column-0 fusion_builder_column_3_5 3_5 fusion-flex-column\" style=\"--awb-padding-left:60px;--awb-bg-size:cover;--awb-width-large:60%;--awb-margin-top-large:0px;--awb-spacing-right-large:3.2%;--awb-margin-bottom-large:0px;--awb-spacing-left-large:3.2%;--awb-width-medium:60%;--awb-order-medium:0;--awb-spacing-right-medium:3.2%;--awb-spacing-left-medium:3.2%;--awb-width-small:100%;--awb-order-small:0;--awb-spacing-right-small:1.92%;--awb-spacing-left-small:1.92%;\" data-scroll-devices=\"small-visibility,medium-visibility,large-visibility\"><div class=\"fusion-column-wrapper fusion-column-has-shadow fusion-flex-justify-content-flex-start fusion-content-layout-column\"><div class=\"fusion-text fusion-text-1\"><h1>O nama<\/h1>\n<p class=\"translation-block\"><strong>Zigong International Marketing (ZIM)<\/strong> osnovao je Zigong Cemented Carbide Co., LTD (ZGCC) 2003. godine u svrhu distribucije <strong><a href=\"https:\/\/zim-llc.com\/products\/\" target=\"_self\">proizvoda<\/a><\/strong> od cementnog karbida, volframa i molibdena izvan Narodne Republike Kine. Osnovani 1965., zapo\u0161ljavamo vi\u0161e od 3000 ljudi u na\u0161im pogonima u Kini. ZGCC i ZIM distribuiraju vi\u0161e od 2000 metri\u010dkih tona razli\u010ditih proizvoda u rasponu od preko 40 zemalja. ZGCC je jedan od najve\u0107ih proizvo\u0111a\u010da proizvoda od cementnog karbida, volframa i molibdena u Kini. Tvrtka je me\u0111u prvih deset svjetskih proizvo\u0111a\u010da ovih proizvoda. S vi\u0161e od 50 godina iskustva, izgradili smo kompletne linije od sirovina do daljnjih proizvoda, kao i na\u0161im kupcima opskrbili cijeli niz materijala.<\/p>\n<p class=\"translation-block\">ZGCC je <strong><a href=\"https:\/\/zim-llc.com\/about\/quality-certification\/\" target=\"_self\">ISO certificirana tvrtka<\/a><\/strong> s certifikatima ISO 9001, ISO 14001 i OHSAS-18001, koja pru\u017ea sustave kontrole kvalitete kako bi na\u0161im klijentima slu\u017eila kvalitetne proizvode i usluge.<\/p>\n<p class=\"translation-block\">ZIM ima <a href=\"https:\/\/zim-llc.com\/contact-us\/\" target=\"_self\"><strong>dva ureda<\/strong><\/a> u Sjedinjenim Ameri\u010dkim Dr\u017eavama. Jedan ured je u Houstonu, Texas, a drugi u Clevelandu, Ohio. Obje lokacije imaju skladi\u0161ta koja imaju zalihe kako bi kupcima pru\u017eili uslugu pravovremene dostave.<\/p>\n<\/div><\/div><\/div><div class=\"fusion-layout-column fusion_builder_column fusion-builder-column-1 fusion_builder_column_2_5 2_5 fusion-flex-column fusion-column-inner-bg-wrapper\" style=\"--awb-inner-bg-size:cover;--awb-width-large:40%;--awb-margin-top-large:0px;--awb-spacing-right-large:4.8%;--awb-margin-bottom-large:0px;--awb-spacing-left-large:4.8%;--awb-width-medium:40%;--awb-order-medium:0;--awb-spacing-right-medium:4.8%;--awb-spacing-left-medium:4.8%;--awb-width-small:100%;--awb-order-small:0;--awb-spacing-right-small:1.92%;--awb-spacing-left-small:1.92%;\" data-scroll-devices=\"small-visibility,medium-visibility,large-visibility\"><span class=\"fusion-column-inner-bg hover-type-zoomin\"><span class=\"fusion-column-anchor\"><span class=\"fusion-column-inner-bg-image\"><\/span><\/span><\/span><div class=\"fusion-column-wrapper fusion-column-has-shadow fusion-flex-justify-content-flex-start fusion-content-layout-column\"><div class=\"fusion-image-element\" style=\"text-align:center;--awb-margin-bottom:10px;--awb-caption-title-font-family:var(--h2_typography-font-family);--awb-caption-title-font-weight:var(--h2_typography-font-weight);--awb-caption-title-font-style:var(--h2_typography-font-style);--awb-caption-title-size:var(--h2_typography-font-size);--awb-caption-title-transform:var(--h2_typography-text-transform);--awb-caption-title-line-height:var(--h2_typography-line-height);--awb-caption-title-letter-spacing:var(--h2_typography-letter-spacing);\"><span class=\"fusion-imageframe imageframe-none imageframe-1 hover-type-zoomin fusion-animated\" data-animationtype=\"fadeInRight\" data-animationduration=\"0.5\" data-animationdelay=\"0.1\" data-animationoffset=\"top-into-view\"><img decoding=\"async\" width=\"500\" height=\"222\" title=\"oko1\" src=\"https:\/\/zim-llc.com\/wp-content\/uploads\/2020\/07\/about1.jpg\" alt class=\"img-responsive wp-image-2586\" srcset=\"https:\/\/zim.orangewallcreative.com\/wp-content\/uploads\/2020\/07\/about1-300x133.jpg 300w, https:\/\/zim.orangewallcreative.com\/wp-content\/uploads\/2020\/07\/about1-440x195.jpg 440w, https:\/\/zim.orangewallcreative.com\/wp-content\/uploads\/2020\/07\/about1.jpg 500w\" sizes=\"(max-width: 500px) 100vw, 500px\" \/><\/span><\/div><div class=\"fusion-image-element\" style=\"text-align:center;--awb-margin-bottom:10px;--awb-caption-title-font-family:var(--h2_typography-font-family);--awb-caption-title-font-weight:var(--h2_typography-font-weight);--awb-caption-title-font-style:var(--h2_typography-font-style);--awb-caption-title-size:var(--h2_typography-font-size);--awb-caption-title-transform:var(--h2_typography-text-transform);--awb-caption-title-line-height:var(--h2_typography-line-height);--awb-caption-title-letter-spacing:var(--h2_typography-letter-spacing);\"><span class=\"fusion-imageframe imageframe-none imageframe-2 hover-type-zoomin fusion-animated\" data-animationtype=\"fadeInRight\" data-animationduration=\"0.5\" data-animationdelay=\"0.1\" data-animationoffset=\"top-into-view\"><img decoding=\"async\" width=\"500\" height=\"222\" title=\"oko2\" src=\"https:\/\/zim-llc.com\/wp-content\/uploads\/2020\/07\/about2.jpg\" alt class=\"img-responsive wp-image-2587\" srcset=\"https:\/\/zim.orangewallcreative.com\/wp-content\/uploads\/2020\/07\/about2-300x133.jpg 300w, https:\/\/zim.orangewallcreative.com\/wp-content\/uploads\/2020\/07\/about2-440x195.jpg 440w, https:\/\/zim.orangewallcreative.com\/wp-content\/uploads\/2020\/07\/about2.jpg 500w\" sizes=\"(max-width: 500px) 100vw, 500px\" \/><\/span><\/div><div class=\"fusion-image-element\" style=\"text-align:center;--awb-caption-title-font-family:var(--h2_typography-font-family);--awb-caption-title-font-weight:var(--h2_typography-font-weight);--awb-caption-title-font-style:var(--h2_typography-font-style);--awb-caption-title-size:var(--h2_typography-font-size);--awb-caption-title-transform:var(--h2_typography-text-transform);--awb-caption-title-line-height:var(--h2_typography-line-height);--awb-caption-title-letter-spacing:var(--h2_typography-letter-spacing);\"><span class=\"fusion-imageframe imageframe-none imageframe-3 hover-type-zoomin fusion-animated\" data-animationtype=\"fadeInRight\" data-animationduration=\"0.5\" data-animationdelay=\"0.1\" data-animationoffset=\"top-into-view\"><img decoding=\"async\" width=\"500\" height=\"222\" title=\"oko3\" src=\"https:\/\/zim-llc.com\/wp-content\/uploads\/2020\/07\/about3.jpg\" alt class=\"img-responsive wp-image-2588\" srcset=\"https:\/\/zim.orangewallcreative.com\/wp-content\/uploads\/2020\/07\/about3-300x133.jpg 300w, https:\/\/zim.orangewallcreative.com\/wp-content\/uploads\/2020\/07\/about3-440x195.jpg 440w, https:\/\/zim.orangewallcreative.com\/wp-content\/uploads\/2020\/07\/about3.jpg 500w\" sizes=\"(max-width: 500px) 100vw, 500px\" \/><\/span><\/div><\/div><\/div><\/div><\/div>","protected":false},"excerpt":{"rendered":"","protected":false},"author":4,"featured_media":0,"parent":0,"menu_order":1,"comment_status":"closed","ping_status":"closed","template":"","meta":{"footnotes":""},"class_list":["post-815","page","type-page","status-publish","hentry"],"yoast_head":"<!-- This site is optimized with the Yoast SEO plugin v26.8 - https:\/\/yoast.com\/product\/yoast-seo-wordpress\/ -->\n<title>About - Zigong International Marketing, LLC<\/title>\n<meta name=\"description\" content=\"Zigong International Marketing distributes Cemented Carbide, Tungsten and Molybdenum Products outside The People\u2019s Republic of China.\" \/>\n<meta name=\"robots\" content=\"index, follow, max-snippet:-1, max-image-preview:large, max-video-preview:-1\" \/>\n<link rel=\"canonical\" href=\"https:\/\/zim.orangewallcreative.com\/hr\/about\/\" \/>\n<meta property=\"og:locale\" content=\"hr_HR\" \/>\n<meta property=\"og:type\" content=\"article\" \/>\n<meta property=\"og:title\" content=\"About - Zigong International Marketing, LLC\" \/>\n<meta property=\"og:description\" content=\"Zigong International Marketing distributes Cemented Carbide, Tungsten and Molybdenum Products outside The People\u2019s Republic of China.\" \/>\n<meta property=\"og:url\" content=\"https:\/\/zim.orangewallcreative.com\/hr\/about\/\" \/>\n<meta property=\"og:site_name\" content=\"Zigong International Marketing, LLC\" \/>\n<meta property=\"article:modified_time\" content=\"2024-07-04T20:41:37+00:00\" \/>\n<meta name=\"twitter:card\" content=\"summary_large_image\" \/>\n<meta name=\"twitter:label1\" content=\"Procijenjeno vrijeme \u010ditanja\" \/>\n\t<meta name=\"twitter:data1\" content=\"6 minuta\" \/>\n<script type=\"application\/ld+json\" class=\"yoast-schema-graph\">{\"@context\":\"https:\/\/schema.org\",\"@graph\":[{\"@type\":\"WebPage\",\"@id\":\"https:\/\/zim.orangewallcreative.com\/ku\/about\/\",\"url\":\"https:\/\/zim.orangewallcreative.com\/ku\/about\/\",\"name\":\"About - Zigong International Marketing, LLC\",\"isPartOf\":{\"@id\":\"http:\/\/zim.orangewallcreative.com\/bg\/#website\"},\"datePublished\":\"2017-04-17T03:54:31+00:00\",\"dateModified\":\"2024-07-04T20:41:37+00:00\",\"description\":\"Zigong International Marketing distributes Cemented Carbide, Tungsten and Molybdenum Products outside The People\u2019s Republic of China.\",\"breadcrumb\":{\"@id\":\"https:\/\/zim.orangewallcreative.com\/ku\/about\/#breadcrumb\"},\"inLanguage\":\"hr\",\"potentialAction\":[{\"@type\":\"ReadAction\",\"target\":[\"https:\/\/zim.orangewallcreative.com\/ku\/about\/\"]}]},{\"@type\":\"BreadcrumbList\",\"@id\":\"https:\/\/zim.orangewallcreative.com\/ku\/about\/#breadcrumb\",\"itemListElement\":[{\"@type\":\"ListItem\",\"position\":1,\"name\":\"Home\",\"item\":\"http:\/\/zim.orangewallcreative.com\/bg\/\"},{\"@type\":\"ListItem\",\"position\":2,\"name\":\"About\"}]},{\"@type\":\"WebSite\",\"@id\":\"http:\/\/zim.orangewallcreative.com\/bg\/#website\",\"url\":\"http:\/\/zim.orangewallcreative.com\/bg\/\",\"name\":\"Zigong International Marketing, LLC\",\"description\":\"\",\"publisher\":{\"@id\":\"http:\/\/zim.orangewallcreative.com\/bg\/#organization\"},\"potentialAction\":[{\"@type\":\"SearchAction\",\"target\":{\"@type\":\"EntryPoint\",\"urlTemplate\":\"http:\/\/zim.orangewallcreative.com\/bg\/?s={search_term_string}\"},\"query-input\":{\"@type\":\"PropertyValueSpecification\",\"valueRequired\":true,\"valueName\":\"search_term_string\"}}],\"inLanguage\":\"hr\"},{\"@type\":\"Organization\",\"@id\":\"http:\/\/zim.orangewallcreative.com\/bg\/#organization\",\"name\":\"Zigong International Marketing LLC\",\"url\":\"http:\/\/zim.orangewallcreative.com\/bg\/\",\"logo\":{\"@type\":\"ImageObject\",\"inLanguage\":\"hr\",\"@id\":\"http:\/\/zim.orangewallcreative.com\/bg\/#\/schema\/logo\/image\/\",\"url\":\"https:\/\/zim-llc.com\/wp-content\/uploads\/2020\/06\/6-23-logo-c.jpg\",\"contentUrl\":\"https:\/\/zim-llc.com\/wp-content\/uploads\/2020\/06\/6-23-logo-c.jpg\",\"width\":201,\"height\":90,\"caption\":\"Zigong International Marketing LLC\"},\"image\":{\"@id\":\"http:\/\/zim.orangewallcreative.com\/bg\/#\/schema\/logo\/image\/\"}}]}<\/script>\n<!-- \/ Yoast SEO plugin. -->","yoast_head_json":{"title":"About - Zigong International Marketing, LLC","description":"Zigong International Marketing distributes Cemented Carbide, Tungsten and Molybdenum Products outside The People\u2019s Republic of China.","robots":{"index":"index","follow":"follow","max-snippet":"max-snippet:-1","max-image-preview":"max-image-preview:large","max-video-preview":"max-video-preview:-1"},"canonical":"https:\/\/zim.orangewallcreative.com\/hr\/about\/","og_locale":"hr_HR","og_type":"article","og_title":"About - Zigong International Marketing, LLC","og_description":"Zigong International Marketing distributes Cemented Carbide, Tungsten and Molybdenum Products outside The People\u2019s Republic of China.","og_url":"https:\/\/zim.orangewallcreative.com\/hr\/about\/","og_site_name":"Zigong International Marketing, LLC","article_modified_time":"2024-07-04T20:41:37+00:00","twitter_card":"summary_large_image","twitter_misc":{"Procijenjeno vrijeme \u010ditanja":"6 minuta"},"schema":{"@context":"https:\/\/schema.org","@graph":[{"@type":"WebPage","@id":"https:\/\/zim.orangewallcreative.com\/ku\/about\/","url":"https:\/\/zim.orangewallcreative.com\/ku\/about\/","name":"About - Zigong International Marketing, LLC","isPartOf":{"@id":"http:\/\/zim.orangewallcreative.com\/bg\/#website"},"datePublished":"2017-04-17T03:54:31+00:00","dateModified":"2024-07-04T20:41:37+00:00","description":"Zigong International Marketing distributes Cemented Carbide, Tungsten and Molybdenum Products outside The People\u2019s Republic of China.","breadcrumb":{"@id":"https:\/\/zim.orangewallcreative.com\/ku\/about\/#breadcrumb"},"inLanguage":"hr","potentialAction":[{"@type":"ReadAction","target":["https:\/\/zim.orangewallcreative.com\/ku\/about\/"]}]},{"@type":"BreadcrumbList","@id":"https:\/\/zim.orangewallcreative.com\/ku\/about\/#breadcrumb","itemListElement":[{"@type":"ListItem","position":1,"name":"Home","item":"http:\/\/zim.orangewallcreative.com\/bg\/"},{"@type":"ListItem","position":2,"name":"About"}]},{"@type":"WebSite","@id":"http:\/\/zim.orangewallcreative.com\/bg\/#website","url":"http:\/\/zim.orangewallcreative.com\/bg\/","name":"Zigong International Marketing, LLC","description":"","publisher":{"@id":"http:\/\/zim.orangewallcreative.com\/bg\/#organization"},"potentialAction":[{"@type":"SearchAction","target":{"@type":"EntryPoint","urlTemplate":"http:\/\/zim.orangewallcreative.com\/bg\/?s={search_term_string}"},"query-input":{"@type":"PropertyValueSpecification","valueRequired":true,"valueName":"search_term_string"}}],"inLanguage":"hr"},{"@type":"Organization","@id":"http:\/\/zim.orangewallcreative.com\/bg\/#organization","name":"Zigong International Marketing LLC","url":"http:\/\/zim.orangewallcreative.com\/bg\/","logo":{"@type":"ImageObject","inLanguage":"hr","@id":"http:\/\/zim.orangewallcreative.com\/bg\/#\/schema\/logo\/image\/","url":"https:\/\/zim-llc.com\/wp-content\/uploads\/2020\/06\/6-23-logo-c.jpg","contentUrl":"https:\/\/zim-llc.com\/wp-content\/uploads\/2020\/06\/6-23-logo-c.jpg","width":201,"height":90,"caption":"Zigong International Marketing LLC"},"image":{"@id":"http:\/\/zim.orangewallcreative.com\/bg\/#\/schema\/logo\/image\/"}}]}},"_links":{"self":[{"href":"https:\/\/zim.orangewallcreative.com\/hr\/wp-json\/wp\/v2\/pages\/815","targetHints":{"allow":["GET"]}}],"collection":[{"href":"https:\/\/zim.orangewallcreative.com\/hr\/wp-json\/wp\/v2\/pages"}],"about":[{"href":"https:\/\/zim.orangewallcreative.com\/hr\/wp-json\/wp\/v2\/types\/page"}],"author":[{"embeddable":true,"href":"https:\/\/zim.orangewallcreative.com\/hr\/wp-json\/wp\/v2\/users\/4"}],"replies":[{"embeddable":true,"href":"https:\/\/zim.orangewallcreative.com\/hr\/wp-json\/wp\/v2\/comments?post=815"}],"version-history":[{"count":0,"href":"https:\/\/zim.orangewallcreative.com\/hr\/wp-json\/wp\/v2\/pages\/815\/revisions"}],"wp:attachment":[{"href":"https:\/\/zim.orangewallcreative.com\/hr\/wp-json\/wp\/v2\/media?parent=815"}],"curies":[{"name":"wp","href":"https:\/\/api.w.org\/{rel}","templated":true}]}}