{"id":861,"date":"2017-04-17T05:44:39","date_gmt":"2017-04-17T05:44:39","guid":{"rendered":"https:\/\/zimllc.wpengine.com\/?page_id=861"},"modified":"2024-04-12T02:57:15","modified_gmt":"2024-04-12T02:57:15","slug":"who-we-are","status":"publish","type":"page","link":"https:\/\/zim.orangewallcreative.com\/hr\/about\/who-we-are\/","title":{"rendered":"Tko smo mi"},"content":{"rendered":"<div class=\"fusion-fullwidth fullwidth-box fusion-builder-row-1 fusion-flex-container has-pattern-background has-mask-background nonhundred-percent-fullwidth non-hundred-percent-height-scrolling\" style=\"--awb-border-radius-top-left:0px;--awb-border-radius-top-right:0px;--awb-border-radius-bottom-right:0px;--awb-border-radius-bottom-left:0px;--awb-background-image:linear-gradient(180deg, #0000 0%,#0000 100%);--awb-flex-wrap:wrap;\" ><div class=\"fusion-builder-row fusion-row fusion-flex-align-items-flex-start fusion-flex-content-wrap\" style=\"max-width:1248px;margin-left: calc(-4% \/ 2 );margin-right: calc(-4% \/ 2 );\"><div class=\"fusion-layout-column fusion_builder_column fusion-builder-column-0 fusion_builder_column_3_4 3_4 fusion-flex-column\" style=\"--awb-padding-left:60px;--awb-bg-size:cover;--awb-width-large:75%;--awb-margin-top-large:0px;--awb-spacing-right-large:2.56%;--awb-margin-bottom-large:0px;--awb-spacing-left-large:2.56%;--awb-width-medium:75%;--awb-order-medium:0;--awb-spacing-right-medium:2.56%;--awb-spacing-left-medium:2.56%;--awb-width-small:100%;--awb-order-small:0;--awb-spacing-right-small:1.92%;--awb-spacing-left-small:1.92%;\" data-scroll-devices=\"small-visibility,medium-visibility,large-visibility\"><div class=\"fusion-column-wrapper fusion-column-has-shadow fusion-flex-justify-content-flex-start fusion-content-layout-column\"><div class=\"fusion-text fusion-text-1\"><h1>Tko smo mi<\/h1>\n<p class=\"translation-block\"><span style=\"color: #af2828\">\u2192<\/span> Zigong International Marketing je podru\u017enica Zigong Cemented Carbide Co., Ltd.<\/p>\n<p class=\"translation-block\"><span style=\"color: #af2828\">\u2192<\/span> ZGCC je klju\u010dni \u010dlan China Minmetals grupe, koja je jedna od 500 najve\u0107ih svjetskih kompanija.<\/p>\n<p class=\"translation-block\"><span style=\"color: #af2828\">\u2192<\/span> Bilo je to prvo doma\u0107e projektirano i izgra\u0111eno veliko poduze\u0107e za proizvodnju cementnog karbida u Kini.<\/p>\n<p class=\"translation-block\"><span style=\"color: #af2828\">\u2192<\/span> Pouzdan smo dobavlja\u010d materijala za navarivanje s naprednim svjetskim razinama i uslugama njihove primjene.<\/p>\n<p class=\"translation-block\"><span style=\"color: #af2828\">\u2192<\/span> ZGCC dr\u017ei vode\u0107i polo\u017eaj u proizvodnji proizvoda od volframa i molibdena u Kini.<\/p>\n<h2>Slu\u017eba za korisnike<\/h2>\n<p class=\"translation-block\"><span style=\"color: #af2828\">\u2192<\/span> <strong>PODR\u0160KA:<\/strong> Na\u0161 profesionalni prodajni tim i tim tehni\u010dke slu\u017ebe odr\u017eavaju kontakt s na\u0161im klijentima. Pru\u017eamo potrebnu podr\u0161ku kako bismo zadovoljili va\u0161e specifi\u010dne zahtjeve proizvoda.<\/p>\n<p class=\"translation-block\"><span style=\"color: #af2828\">\u2192<\/span> <strong>ZALIHE:<\/strong> Dr\u017eimo potrebne zalihe i imamo distribucijske centre na svakom glavnom regionalnom tr\u017ei\u0161tu kako bismo na\u0161im kupcima omogu\u0107ili brzi obrt.<\/p>\n<p class=\"translation-block\"><span style=\"color: #af2828\">\u2192<\/span> <strong>USPJEH + RAST:<\/strong> Na\u0161i raznoliki klju\u010dni kupci igraju va\u017enu ulogu u svakom globalnom gospodarskom polju. Radimo s vama kako bismo vam pomogli da razvijete svoje poslovanje.<strong><br><\/strong><\/p>\n<h2>\u0160to pru\u017eamo na\u0161im klijentima<\/h2>\n<p><em><strong>Na\u0161i kupci su na\u0161 fokus. Nastojimo uspostaviti dugoro\u010dne odnose s na\u0161im kupcima i u\u010diniti ZGCC\/ZIM njihovim prvim izborom za na\u0161e proizvode.<\/strong><\/em><\/p>\n<p>Na\u0161a misija je pru\u017eiti na\u0161im kupcima kvalitetne proizvode i usluge. Sura\u0111ujemo s na\u0161im kupcima kako bismo im pomogli da postignu svoje ciljeve i podr\u017eali cijeli proizvodni proces. Kao odgovorno poduze\u0107e, radimo na pove\u0107anju va\u0161eg poslovnog potencijala i poslovnih ciljeva. Na\u0161 cilj je postati vode\u0107i proizvo\u0111a\u010d i dobavlja\u010d svih materijala od karbida, volframa i molibdena na globalnoj razini pod vodstvom China Minmentals Group.<\/p>\n<p>Isti\u010demo se kako bismo ZGCC u\u010dinili vode\u0107im pru\u017eateljem znanstvenog i istra\u017eiva\u010dkog napretka u podru\u010dju novih materijala i zadr\u017eali ZGCC kao kvalificiranog dobavlja\u010da u\u010dinkovitih rje\u0161enja za na\u0161e klijente. Gledamo u budu\u0107nost i te\u017eimo budu\u0107em napretku, te stalno nastojimo odr\u017eati svoju vode\u0107u poziciju unutar proizvoda od cementnog karbida, materijala za navarivanje, volframa i molibdena i na njihovom tr\u017ei\u0161tu. Na\u0161 budu\u0107i uspjeh po\u010diva na temeljima koje su izgradili na\u0161i zaposlenici. Trudimo se stvoriti okru\u017eenje u kojem mogu ostvariti svoje ciljeve i nagraditi svoje uspjehe. Tako\u0111er odr\u017eavamo ZGCC kao poduze\u0107e koje ima sna\u017enu dru\u0161tvenu odgovornost prema na\u0161oj zajednici.<\/p>\n<\/div><\/div><\/div><\/div><\/div>","protected":false},"excerpt":{"rendered":"","protected":false},"author":4,"featured_media":0,"parent":815,"menu_order":2,"comment_status":"closed","ping_status":"closed","template":"","meta":{"footnotes":""},"class_list":["post-861","page","type-page","status-publish","hentry"],"yoast_head":"<!-- This site is optimized with the Yoast SEO plugin v26.8 - https:\/\/yoast.com\/product\/yoast-seo-wordpress\/ -->\n<title>Who We Are - Zigong International Marketing, LLC<\/title>\n<meta name=\"description\" content=\"Zigong International Marketing is a subsidiary of Zignong Cemented Carbide Co., Ltd. Core member of China Minmentals Group.\" \/>\n<meta name=\"robots\" content=\"index, follow, max-snippet:-1, max-image-preview:large, max-video-preview:-1\" \/>\n<link rel=\"canonical\" href=\"https:\/\/zim.orangewallcreative.com\/hr\/about\/who-we-are\/\" \/>\n<meta property=\"og:locale\" content=\"hr_HR\" \/>\n<meta property=\"og:type\" content=\"article\" \/>\n<meta property=\"og:title\" content=\"Who We Are - Zigong International Marketing, LLC\" \/>\n<meta property=\"og:description\" content=\"Zigong International Marketing is a subsidiary of Zignong Cemented Carbide Co., Ltd. Core member of China Minmentals Group.\" \/>\n<meta property=\"og:url\" content=\"https:\/\/zim.orangewallcreative.com\/hr\/about\/who-we-are\/\" \/>\n<meta property=\"og:site_name\" content=\"Zigong International Marketing, LLC\" \/>\n<meta property=\"article:modified_time\" content=\"2024-04-12T02:57:15+00:00\" \/>\n<meta name=\"twitter:card\" content=\"summary_large_image\" \/>\n<meta name=\"twitter:label1\" content=\"Procijenjeno vrijeme \u010ditanja\" \/>\n\t<meta name=\"twitter:data1\" content=\"4 minute\" \/>\n<script type=\"application\/ld+json\" class=\"yoast-schema-graph\">{\"@context\":\"https:\/\/schema.org\",\"@graph\":[{\"@type\":\"WebPage\",\"@id\":\"https:\/\/zim.orangewallcreative.com\/ug\/about\/who-we-are\/\",\"url\":\"https:\/\/zim.orangewallcreative.com\/ug\/about\/who-we-are\/\",\"name\":\"Who We Are - Zigong International Marketing, LLC\",\"isPartOf\":{\"@id\":\"http:\/\/zim.orangewallcreative.com\/bg\/#website\"},\"datePublished\":\"2017-04-17T05:44:39+00:00\",\"dateModified\":\"2024-04-12T02:57:15+00:00\",\"description\":\"Zigong International Marketing is a subsidiary of Zignong Cemented Carbide Co., Ltd. Core member of China Minmentals Group.\",\"breadcrumb\":{\"@id\":\"https:\/\/zim.orangewallcreative.com\/ug\/about\/who-we-are\/#breadcrumb\"},\"inLanguage\":\"hr\",\"potentialAction\":[{\"@type\":\"ReadAction\",\"target\":[\"https:\/\/zim.orangewallcreative.com\/ug\/about\/who-we-are\/\"]}]},{\"@type\":\"BreadcrumbList\",\"@id\":\"https:\/\/zim.orangewallcreative.com\/ug\/about\/who-we-are\/#breadcrumb\",\"itemListElement\":[{\"@type\":\"ListItem\",\"position\":1,\"name\":\"Home\",\"item\":\"http:\/\/zim.orangewallcreative.com\/bg\/\"},{\"@type\":\"ListItem\",\"position\":2,\"name\":\"About\",\"item\":\"https:\/\/zim.orangewallcreative.com\/ku\/about\/\"},{\"@type\":\"ListItem\",\"position\":3,\"name\":\"Who We Are\"}]},{\"@type\":\"WebSite\",\"@id\":\"http:\/\/zim.orangewallcreative.com\/bg\/#website\",\"url\":\"http:\/\/zim.orangewallcreative.com\/bg\/\",\"name\":\"Zigong International Marketing, LLC\",\"description\":\"\",\"publisher\":{\"@id\":\"http:\/\/zim.orangewallcreative.com\/bg\/#organization\"},\"potentialAction\":[{\"@type\":\"SearchAction\",\"target\":{\"@type\":\"EntryPoint\",\"urlTemplate\":\"http:\/\/zim.orangewallcreative.com\/bg\/?s={search_term_string}\"},\"query-input\":{\"@type\":\"PropertyValueSpecification\",\"valueRequired\":true,\"valueName\":\"search_term_string\"}}],\"inLanguage\":\"hr\"},{\"@type\":\"Organization\",\"@id\":\"http:\/\/zim.orangewallcreative.com\/bg\/#organization\",\"name\":\"Zigong International Marketing LLC\",\"url\":\"http:\/\/zim.orangewallcreative.com\/bg\/\",\"logo\":{\"@type\":\"ImageObject\",\"inLanguage\":\"hr\",\"@id\":\"http:\/\/zim.orangewallcreative.com\/bg\/#\/schema\/logo\/image\/\",\"url\":\"https:\/\/zim-llc.com\/wp-content\/uploads\/2020\/06\/6-23-logo-c.jpg\",\"contentUrl\":\"https:\/\/zim-llc.com\/wp-content\/uploads\/2020\/06\/6-23-logo-c.jpg\",\"width\":201,\"height\":90,\"caption\":\"Zigong International Marketing LLC\"},\"image\":{\"@id\":\"http:\/\/zim.orangewallcreative.com\/bg\/#\/schema\/logo\/image\/\"}}]}<\/script>\n<!-- \/ Yoast SEO plugin. -->","yoast_head_json":{"title":"Who We Are - Zigong International Marketing, LLC","description":"Zigong International Marketing is a subsidiary of Zignong Cemented Carbide Co., Ltd. Core member of China Minmentals Group.","robots":{"index":"index","follow":"follow","max-snippet":"max-snippet:-1","max-image-preview":"max-image-preview:large","max-video-preview":"max-video-preview:-1"},"canonical":"https:\/\/zim.orangewallcreative.com\/hr\/about\/who-we-are\/","og_locale":"hr_HR","og_type":"article","og_title":"Who We Are - Zigong International Marketing, LLC","og_description":"Zigong International Marketing is a subsidiary of Zignong Cemented Carbide Co., Ltd. Core member of China Minmentals Group.","og_url":"https:\/\/zim.orangewallcreative.com\/hr\/about\/who-we-are\/","og_site_name":"Zigong International Marketing, LLC","article_modified_time":"2024-04-12T02:57:15+00:00","twitter_card":"summary_large_image","twitter_misc":{"Procijenjeno vrijeme \u010ditanja":"4 minute"},"schema":{"@context":"https:\/\/schema.org","@graph":[{"@type":"WebPage","@id":"https:\/\/zim.orangewallcreative.com\/ug\/about\/who-we-are\/","url":"https:\/\/zim.orangewallcreative.com\/ug\/about\/who-we-are\/","name":"Who We Are - Zigong International Marketing, LLC","isPartOf":{"@id":"http:\/\/zim.orangewallcreative.com\/bg\/#website"},"datePublished":"2017-04-17T05:44:39+00:00","dateModified":"2024-04-12T02:57:15+00:00","description":"Zigong International Marketing is a subsidiary of Zignong Cemented Carbide Co., Ltd. Core member of China Minmentals Group.","breadcrumb":{"@id":"https:\/\/zim.orangewallcreative.com\/ug\/about\/who-we-are\/#breadcrumb"},"inLanguage":"hr","potentialAction":[{"@type":"ReadAction","target":["https:\/\/zim.orangewallcreative.com\/ug\/about\/who-we-are\/"]}]},{"@type":"BreadcrumbList","@id":"https:\/\/zim.orangewallcreative.com\/ug\/about\/who-we-are\/#breadcrumb","itemListElement":[{"@type":"ListItem","position":1,"name":"Home","item":"http:\/\/zim.orangewallcreative.com\/bg\/"},{"@type":"ListItem","position":2,"name":"About","item":"https:\/\/zim.orangewallcreative.com\/ku\/about\/"},{"@type":"ListItem","position":3,"name":"Who We Are"}]},{"@type":"WebSite","@id":"http:\/\/zim.orangewallcreative.com\/bg\/#website","url":"http:\/\/zim.orangewallcreative.com\/bg\/","name":"Zigong International Marketing, LLC","description":"","publisher":{"@id":"http:\/\/zim.orangewallcreative.com\/bg\/#organization"},"potentialAction":[{"@type":"SearchAction","target":{"@type":"EntryPoint","urlTemplate":"http:\/\/zim.orangewallcreative.com\/bg\/?s={search_term_string}"},"query-input":{"@type":"PropertyValueSpecification","valueRequired":true,"valueName":"search_term_string"}}],"inLanguage":"hr"},{"@type":"Organization","@id":"http:\/\/zim.orangewallcreative.com\/bg\/#organization","name":"Zigong International Marketing LLC","url":"http:\/\/zim.orangewallcreative.com\/bg\/","logo":{"@type":"ImageObject","inLanguage":"hr","@id":"http:\/\/zim.orangewallcreative.com\/bg\/#\/schema\/logo\/image\/","url":"https:\/\/zim-llc.com\/wp-content\/uploads\/2020\/06\/6-23-logo-c.jpg","contentUrl":"https:\/\/zim-llc.com\/wp-content\/uploads\/2020\/06\/6-23-logo-c.jpg","width":201,"height":90,"caption":"Zigong International Marketing LLC"},"image":{"@id":"http:\/\/zim.orangewallcreative.com\/bg\/#\/schema\/logo\/image\/"}}]}},"_links":{"self":[{"href":"https:\/\/zim.orangewallcreative.com\/hr\/wp-json\/wp\/v2\/pages\/861","targetHints":{"allow":["GET"]}}],"collection":[{"href":"https:\/\/zim.orangewallcreative.com\/hr\/wp-json\/wp\/v2\/pages"}],"about":[{"href":"https:\/\/zim.orangewallcreative.com\/hr\/wp-json\/wp\/v2\/types\/page"}],"author":[{"embeddable":true,"href":"https:\/\/zim.orangewallcreative.com\/hr\/wp-json\/wp\/v2\/users\/4"}],"replies":[{"embeddable":true,"href":"https:\/\/zim.orangewallcreative.com\/hr\/wp-json\/wp\/v2\/comments?post=861"}],"version-history":[{"count":0,"href":"https:\/\/zim.orangewallcreative.com\/hr\/wp-json\/wp\/v2\/pages\/861\/revisions"}],"up":[{"embeddable":true,"href":"https:\/\/zim.orangewallcreative.com\/hr\/wp-json\/wp\/v2\/pages\/815"}],"wp:attachment":[{"href":"https:\/\/zim.orangewallcreative.com\/hr\/wp-json\/wp\/v2\/media?parent=861"}],"curies":[{"name":"wp","href":"https:\/\/api.w.org\/{rel}","templated":true}]}}