{"id":1162,"date":"2017-06-27T15:34:17","date_gmt":"2017-06-27T15:34:17","guid":{"rendered":"https:\/\/zimllc.wpengine.com\/?page_id=1162"},"modified":"2024-04-12T03:39:10","modified_gmt":"2024-04-12T03:39:10","slug":"credentials","status":"publish","type":"page","link":"https:\/\/zim.orangewallcreative.com\/ku\/about\/credentials\/","title":{"rendered":"Belgey\u00ean me"},"content":{"rendered":"<div class=\"fusion-fullwidth fullwidth-box fusion-builder-row-1 fusion-flex-container has-pattern-background has-mask-background nonhundred-percent-fullwidth non-hundred-percent-height-scrolling\" style=\"--awb-border-radius-top-left:0px;--awb-border-radius-top-right:0px;--awb-border-radius-bottom-right:0px;--awb-border-radius-bottom-left:0px;--awb-background-image:linear-gradient(180deg, #0000 0%,#0000 100%);--awb-flex-wrap:wrap;\" ><div class=\"fusion-builder-row fusion-row fusion-flex-align-items-flex-start fusion-flex-content-wrap\" style=\"max-width:1248px;margin-left: calc(-4% \/ 2 );margin-right: calc(-4% \/ 2 );\"><div class=\"fusion-layout-column fusion_builder_column fusion-builder-column-0 fusion_builder_column_4_5 4_5 fusion-flex-column\" style=\"--awb-padding-left:60px;--awb-bg-size:cover;--awb-width-large:80%;--awb-margin-top-large:0px;--awb-spacing-right-large:2.4%;--awb-margin-bottom-large:0px;--awb-spacing-left-large:2.4%;--awb-width-medium:80%;--awb-order-medium:0;--awb-spacing-right-medium:2.4%;--awb-spacing-left-medium:2.4%;--awb-width-small:100%;--awb-order-small:0;--awb-spacing-right-small:1.92%;--awb-spacing-left-small:1.92%;\" data-scroll-devices=\"small-visibility,medium-visibility,large-visibility\"><div class=\"fusion-column-wrapper fusion-column-has-shadow fusion-flex-justify-content-flex-start fusion-content-layout-column\"><div class=\"fusion-text fusion-text-1\"><h1>Belgey\u00ean me<\/h1>\n<p>ZGCC parg\u00eedaniyek teknoloj\u00eeya bilind a dewlet\u00ea ye ku xwedan c\u00eehek xebata l\u00eakol\u00eena zanist\u00ee ya postdoktoray\u00ea ye. Di parg\u00eedaniy\u00ea de s\u00ea navend\u00ean R &amp; D hene, yek ji bo Karb\u00eed\u00ean Cemented, yek ji bo materyal\u00ean hi\u015fk, \u00fb ya din j\u00ee ji bo hilber\u00ean Tungsten \u00fb Molybdenum. Test\u00ean kal\u00eeteya me \u00fb pergala anal\u00eet\u00eek jixwe ji h\u00eala CNAS ve hat\u00ee pejirandin.<\/p>\n<p>ZGCC bi zan\u00eengeh \u00fb enst\u00eet\u00fby\u00ean l\u00eakol\u00een\u00ea y\u00ean pir gir\u00eeng re dixebite. T\u00eema meya R &amp; D ya bih\u00eaz a ji z\u00eadetir\u00ee sed \u015f\u00eawirmend\u00ean pispor \u00fb tekn\u00eek\u00ee p\u00eak t\u00ea ji pispor\u00ean pispor, tev\u00ee mez\u00fbn\u00ean Akademiya Endezyariya China\u00een\u00ea, p\u00eak t\u00ea.<\/p>\n<p>Em malzemey\u00ean n\u00fb p\u00ea\u015f dixin \u00fb digerin da ku kal\u00eeteya hilber\u00ea \u00fb r\u00eabaz\u00ean n\u00fb y\u00ean hilberandin\u00ea ba\u015ftir bikin da ku performansa mak\u00eeney\u00ea z\u00eade bikin, dema p\u00eavajoy\u00ea k\u00eam bikin \u00fb l\u00ea\u00e7\u00fbn k\u00eam bikin.<\/p>\n<p>Me ji h\u00eala huk\u00fbmeta par\u00eazgeh\u00ea \u00fb wezaretan ve ji bo l\u00eakol\u00een\u00ean zanist\u00ee \u00fb hem j\u00ee z\u00eadetir\u00ee sed patent\u00ean dest\u00fbrdar wergirtine.<\/p>\n<\/div><\/div><\/div><\/div><\/div>","protected":false},"excerpt":{"rendered":"","protected":false},"author":4,"featured_media":0,"parent":815,"menu_order":5,"comment_status":"closed","ping_status":"closed","template":"","meta":{"footnotes":""},"class_list":["post-1162","page","type-page","status-publish","hentry"],"yoast_head":"<!-- This site is optimized with the Yoast SEO plugin v26.8 - https:\/\/yoast.com\/product\/yoast-seo-wordpress\/ -->\n<title>Our Credentials - Zigong International Marketing, LLC<\/title>\n<meta name=\"description\" content=\"ZGCC is a state-ranked high-tech company with a postdoctoral scientific research workstation. Three R &amp; D centers in company.\" \/>\n<meta name=\"robots\" content=\"index, follow, max-snippet:-1, max-image-preview:large, max-video-preview:-1\" \/>\n<link rel=\"canonical\" href=\"http:\/\/zim.orangewallcreative.com\/ku\/about\/credentials\/\" \/>\n<meta property=\"og:locale\" content=\"en_US\" \/>\n<meta property=\"og:type\" content=\"article\" \/>\n<meta property=\"og:title\" content=\"Our Credentials - Zigong International Marketing, LLC\" \/>\n<meta property=\"og:description\" content=\"ZGCC is a state-ranked high-tech company with a postdoctoral scientific research workstation. Three R &amp; D centers in company.\" \/>\n<meta property=\"og:url\" content=\"http:\/\/zim.orangewallcreative.com\/ku\/about\/credentials\/\" \/>\n<meta property=\"og:site_name\" content=\"Zigong International Marketing, LLC\" \/>\n<meta property=\"article:modified_time\" content=\"2024-04-12T03:39:10+00:00\" \/>\n<meta name=\"twitter:card\" content=\"summary_large_image\" \/>\n<meta name=\"twitter:label1\" content=\"Est. reading time\" \/>\n\t<meta name=\"twitter:data1\" content=\"1 \u062e\u0648\u0644\u06d5\u06a9\" \/>\n<script type=\"application\/ld+json\" class=\"yoast-schema-graph\">{\"@context\":\"https:\/\/schema.org\",\"@graph\":[{\"@type\":\"WebPage\",\"@id\":\"http:\/\/zim.orangewallcreative.com\/gl\/about\/credentials\/\",\"url\":\"http:\/\/zim.orangewallcreative.com\/gl\/about\/credentials\/\",\"name\":\"Our Credentials - Zigong International Marketing, LLC\",\"isPartOf\":{\"@id\":\"http:\/\/zim.orangewallcreative.com\/bg\/#website\"},\"datePublished\":\"2017-06-27T15:34:17+00:00\",\"dateModified\":\"2024-04-12T03:39:10+00:00\",\"description\":\"ZGCC is a state-ranked high-tech company with a postdoctoral scientific research workstation. Three R & D centers in company.\",\"breadcrumb\":{\"@id\":\"http:\/\/zim.orangewallcreative.com\/gl\/about\/credentials\/#breadcrumb\"},\"inLanguage\":\"ckb\",\"potentialAction\":[{\"@type\":\"ReadAction\",\"target\":[\"http:\/\/zim.orangewallcreative.com\/gl\/about\/credentials\/\"]}]},{\"@type\":\"BreadcrumbList\",\"@id\":\"http:\/\/zim.orangewallcreative.com\/gl\/about\/credentials\/#breadcrumb\",\"itemListElement\":[{\"@type\":\"ListItem\",\"position\":1,\"name\":\"Home\",\"item\":\"http:\/\/zim.orangewallcreative.com\/bg\/\"},{\"@type\":\"ListItem\",\"position\":2,\"name\":\"About\",\"item\":\"https:\/\/zim.orangewallcreative.com\/ku\/about\/\"},{\"@type\":\"ListItem\",\"position\":3,\"name\":\"Our Credentials\"}]},{\"@type\":\"WebSite\",\"@id\":\"http:\/\/zim.orangewallcreative.com\/bg\/#website\",\"url\":\"http:\/\/zim.orangewallcreative.com\/bg\/\",\"name\":\"Zigong International Marketing, LLC\",\"description\":\"\",\"publisher\":{\"@id\":\"http:\/\/zim.orangewallcreative.com\/bg\/#organization\"},\"potentialAction\":[{\"@type\":\"SearchAction\",\"target\":{\"@type\":\"EntryPoint\",\"urlTemplate\":\"http:\/\/zim.orangewallcreative.com\/bg\/?s={search_term_string}\"},\"query-input\":{\"@type\":\"PropertyValueSpecification\",\"valueRequired\":true,\"valueName\":\"search_term_string\"}}],\"inLanguage\":\"ckb\"},{\"@type\":\"Organization\",\"@id\":\"http:\/\/zim.orangewallcreative.com\/bg\/#organization\",\"name\":\"Zigong International Marketing LLC\",\"url\":\"http:\/\/zim.orangewallcreative.com\/bg\/\",\"logo\":{\"@type\":\"ImageObject\",\"inLanguage\":\"ckb\",\"@id\":\"http:\/\/zim.orangewallcreative.com\/bg\/#\/schema\/logo\/image\/\",\"url\":\"https:\/\/zim-llc.com\/wp-content\/uploads\/2020\/06\/6-23-logo-c.jpg\",\"contentUrl\":\"https:\/\/zim-llc.com\/wp-content\/uploads\/2020\/06\/6-23-logo-c.jpg\",\"width\":201,\"height\":90,\"caption\":\"Zigong International Marketing LLC\"},\"image\":{\"@id\":\"http:\/\/zim.orangewallcreative.com\/bg\/#\/schema\/logo\/image\/\"}}]}<\/script>\n<!-- \/ Yoast SEO plugin. -->","yoast_head_json":{"title":"Our Credentials - Zigong International Marketing, LLC","description":"ZGCC is a state-ranked high-tech company with a postdoctoral scientific research workstation. Three R & D centers in company.","robots":{"index":"index","follow":"follow","max-snippet":"max-snippet:-1","max-image-preview":"max-image-preview:large","max-video-preview":"max-video-preview:-1"},"canonical":"http:\/\/zim.orangewallcreative.com\/ku\/about\/credentials\/","og_locale":"en_US","og_type":"article","og_title":"Our Credentials - Zigong International Marketing, LLC","og_description":"ZGCC is a state-ranked high-tech company with a postdoctoral scientific research workstation. Three R & D centers in company.","og_url":"http:\/\/zim.orangewallcreative.com\/ku\/about\/credentials\/","og_site_name":"Zigong International Marketing, LLC","article_modified_time":"2024-04-12T03:39:10+00:00","twitter_card":"summary_large_image","twitter_misc":{"Est. reading time":"1 \u062e\u0648\u0644\u06d5\u06a9"},"schema":{"@context":"https:\/\/schema.org","@graph":[{"@type":"WebPage","@id":"http:\/\/zim.orangewallcreative.com\/gl\/about\/credentials\/","url":"http:\/\/zim.orangewallcreative.com\/gl\/about\/credentials\/","name":"Our Credentials - Zigong International Marketing, LLC","isPartOf":{"@id":"http:\/\/zim.orangewallcreative.com\/bg\/#website"},"datePublished":"2017-06-27T15:34:17+00:00","dateModified":"2024-04-12T03:39:10+00:00","description":"ZGCC is a state-ranked high-tech company with a postdoctoral scientific research workstation. Three R & D centers in company.","breadcrumb":{"@id":"http:\/\/zim.orangewallcreative.com\/gl\/about\/credentials\/#breadcrumb"},"inLanguage":"ckb","potentialAction":[{"@type":"ReadAction","target":["http:\/\/zim.orangewallcreative.com\/gl\/about\/credentials\/"]}]},{"@type":"BreadcrumbList","@id":"http:\/\/zim.orangewallcreative.com\/gl\/about\/credentials\/#breadcrumb","itemListElement":[{"@type":"ListItem","position":1,"name":"Home","item":"http:\/\/zim.orangewallcreative.com\/bg\/"},{"@type":"ListItem","position":2,"name":"About","item":"https:\/\/zim.orangewallcreative.com\/ku\/about\/"},{"@type":"ListItem","position":3,"name":"Our Credentials"}]},{"@type":"WebSite","@id":"http:\/\/zim.orangewallcreative.com\/bg\/#website","url":"http:\/\/zim.orangewallcreative.com\/bg\/","name":"Zigong International Marketing, LLC","description":"","publisher":{"@id":"http:\/\/zim.orangewallcreative.com\/bg\/#organization"},"potentialAction":[{"@type":"SearchAction","target":{"@type":"EntryPoint","urlTemplate":"http:\/\/zim.orangewallcreative.com\/bg\/?s={search_term_string}"},"query-input":{"@type":"PropertyValueSpecification","valueRequired":true,"valueName":"search_term_string"}}],"inLanguage":"ckb"},{"@type":"Organization","@id":"http:\/\/zim.orangewallcreative.com\/bg\/#organization","name":"Zigong International Marketing LLC","url":"http:\/\/zim.orangewallcreative.com\/bg\/","logo":{"@type":"ImageObject","inLanguage":"ckb","@id":"http:\/\/zim.orangewallcreative.com\/bg\/#\/schema\/logo\/image\/","url":"https:\/\/zim-llc.com\/wp-content\/uploads\/2020\/06\/6-23-logo-c.jpg","contentUrl":"https:\/\/zim-llc.com\/wp-content\/uploads\/2020\/06\/6-23-logo-c.jpg","width":201,"height":90,"caption":"Zigong International Marketing LLC"},"image":{"@id":"http:\/\/zim.orangewallcreative.com\/bg\/#\/schema\/logo\/image\/"}}]}},"_links":{"self":[{"href":"https:\/\/zim.orangewallcreative.com\/ku\/wp-json\/wp\/v2\/pages\/1162","targetHints":{"allow":["GET"]}}],"collection":[{"href":"https:\/\/zim.orangewallcreative.com\/ku\/wp-json\/wp\/v2\/pages"}],"about":[{"href":"https:\/\/zim.orangewallcreative.com\/ku\/wp-json\/wp\/v2\/types\/page"}],"author":[{"embeddable":true,"href":"https:\/\/zim.orangewallcreative.com\/ku\/wp-json\/wp\/v2\/users\/4"}],"replies":[{"embeddable":true,"href":"https:\/\/zim.orangewallcreative.com\/ku\/wp-json\/wp\/v2\/comments?post=1162"}],"version-history":[{"count":0,"href":"https:\/\/zim.orangewallcreative.com\/ku\/wp-json\/wp\/v2\/pages\/1162\/revisions"}],"up":[{"embeddable":true,"href":"https:\/\/zim.orangewallcreative.com\/ku\/wp-json\/wp\/v2\/pages\/815"}],"wp:attachment":[{"href":"https:\/\/zim.orangewallcreative.com\/ku\/wp-json\/wp\/v2\/media?parent=1162"}],"curies":[{"name":"wp","href":"https:\/\/api.w.org\/{rel}","templated":true}]}}