{"id":2750,"date":"2020-07-13T23:00:29","date_gmt":"2020-07-13T23:00:29","guid":{"rendered":"https:\/\/zimllc.wpengine.com\/?page_id=2750"},"modified":"2024-08-27T19:01:02","modified_gmt":"2024-08-27T19:01:02","slug":"tungsten-bar-rod-plate","status":"publish","type":"page","link":"https:\/\/zim.orangewallcreative.com\/ku\/w-mo-products\/tungsten-bar-rod-plate\/","title":{"rendered":"Tungsten Bar, Rod &amp; Plate"},"content":{"rendered":"<div class=\"fusion-fullwidth fullwidth-box fusion-builder-row-1 fusion-flex-container has-pattern-background has-mask-background nonhundred-percent-fullwidth non-hundred-percent-height-scrolling\" style=\"--awb-border-radius-top-left:0px;--awb-border-radius-top-right:0px;--awb-border-radius-bottom-right:0px;--awb-border-radius-bottom-left:0px;--awb-padding-left:60px;--awb-background-image:linear-gradient(180deg, #0000 0%,#0000 100%);--awb-flex-wrap:wrap;\" ><div class=\"fusion-builder-row fusion-row fusion-flex-align-items-flex-start fusion-flex-content-wrap\" style=\"max-width:1248px;margin-left: calc(-4% \/ 2 );margin-right: calc(-4% \/ 2 );\"><div class=\"fusion-layout-column fusion_builder_column fusion-builder-column-0 fusion_builder_column_2_3 2_3 fusion-flex-column\" style=\"--awb-bg-size:cover;--awb-width-large:66.666666666667%;--awb-margin-top-large:0px;--awb-spacing-right-large:2.88%;--awb-margin-bottom-large:0px;--awb-spacing-left-large:2.88%;--awb-width-medium:66.666666666667%;--awb-order-medium:0;--awb-spacing-right-medium:2.88%;--awb-spacing-left-medium:2.88%;--awb-width-small:100%;--awb-order-small:0;--awb-spacing-right-small:1.92%;--awb-spacing-left-small:1.92%;\" data-scroll-devices=\"small-visibility,medium-visibility,large-visibility\"><div class=\"fusion-column-wrapper fusion-column-has-shadow fusion-flex-justify-content-flex-start fusion-content-layout-column\"><div class=\"fusion-text fusion-text-1\"><h1>Tungsten Bar, Rod \u00fb Plate<\/h1>\n<p><strong>Bar\u00ea Tungsten<\/strong><br \/>\nEw bi giran\u00ee ji bo amadekirina katod\u00ean c\u00fbrbec\u00fbr y\u00ean hilberandin\u00ea, \u015fikilandina baran, t\u00eal\u00ean tungsten\u00ea y\u00ean ne-sag ji bo p\u00eavajoyek zext\u00ea t\u00ea bikar an\u00een.<\/p>\n<p>Mezinah\u00ee: \u03a617.0 \u00d7 750mm<\/p>\n<p><strong>Tungsten Rod<\/strong><br \/>\nEw bi giran\u00ee ji bo amadekirina katod\u00ean c\u00fbrbec\u00fbr y\u00ean hilberandin\u00ea, \u00e7\u00eep\u00ean \u015fekildar, t\u00eal\u00ean p\u00ealav\u00ea, mandrela elektrod\u00ea ji bo mak\u00eenekirina mekan\u00eek\u00ee t\u00ea bikar an\u00een.<\/p>\n<p><strong>Mezinah\u00ee:<\/strong>\u00a0di navbera 0,6-12 mm de ye<\/p>\n<p><strong>Tungsten Plate<br \/>\n<\/strong><strong>Xuyab\u00fbn\u00ee:<\/strong>\u00a0reng\u00ea gewr b\u00ea k\u00eamas\u00ee, wek \u015fikestin \u00fb keviy\u00ean \u015fikest\u00ee<br \/>\n<strong>Qew\u00eet\u00ee:<\/strong>\u00a020-40 mm<br \/>\n<strong>Taybetmend\u00ee:<\/strong>\u00a0Paqijiya bilind, guheztina elektr\u00eek\u00ee \u00fb germ\u00ee ya h\u00eaja, berxwedana berbi\u00e7av \u00fb t\u00eer\u00eaj\u00ea.<br \/>\n<strong>Bikaran\u00een\u00ee:<\/strong>\u00a0Bi giran\u00ee ji bo hilber\u00eena per\u00e7eya kar\u00fbbar\u00ea Tungsten, pel, armanc, plakaya zirav, mertal\u00ea germ\u00ee, \u00fb hwd t\u00ea bikar an\u00een.<\/p>\n<\/div><\/div><\/div><div class=\"fusion-layout-column fusion_builder_column fusion-builder-column-1 fusion_builder_column_1_3 1_3 fusion-flex-column\" style=\"--awb-bg-size:cover;--awb-width-large:33.333333333333%;--awb-margin-top-large:0px;--awb-spacing-right-large:5.76%;--awb-margin-bottom-large:0px;--awb-spacing-left-large:5.76%;--awb-width-medium:33.333333333333%;--awb-order-medium:0;--awb-spacing-right-medium:5.76%;--awb-spacing-left-medium:5.76%;--awb-width-small:100%;--awb-order-small:0;--awb-spacing-right-small:1.92%;--awb-spacing-left-small:1.92%;\" data-scroll-devices=\"small-visibility,medium-visibility,large-visibility\"><div class=\"fusion-column-wrapper fusion-column-has-shadow fusion-flex-justify-content-flex-start fusion-content-layout-column\"><div class=\"fusion-separator fusion-full-width-sep\" style=\"align-self: center;margin-left: auto;margin-right: auto;margin-bottom:20px;width:100%;\"><\/div><div class=\"fusion-text fusion-text-2\">\n\t\t<div id=\"wppdfemb-frame-container-0\" style=\"-webkit-overflow-scrolling:auto;\">\n\t\t\t<iframe src=\"https:\/\/zim.orangewallcreative.com\/ku\/?url=https:\/\/zim-llc.com\/wp-content\/uploads\/2020\/07\/Tungsten-Bar-Rod-and-Plate.pdf&#038;toolbarfixed=on&#038;index=1&#038;pdfID=0\"\n\t\t\t\tid=\"wppdf-emb-iframe-0\"\n\t\t\t\tdata-pdf-index=\"1\"\n\t\t\t\tclass=\"pdfembed-iframe nonfullscreen\"\n\t\t\t\tstyle=\"border:none;width:100%;max-width:250px;min-height:350px\"\n\t\t\t\tscrolling=\"yes\">\n\t\t\t<\/iframe>\n\t\t<\/div>\n\n\t\t\n<\/div><\/div><\/div><\/div><\/div>","protected":false},"excerpt":{"rendered":"","protected":false},"author":4,"featured_media":0,"parent":875,"menu_order":2,"comment_status":"closed","ping_status":"closed","template":"","meta":{"footnotes":""},"class_list":["post-2750","page","type-page","status-publish","hentry"],"yoast_head":"<!-- This site is optimized with the Yoast SEO plugin v26.8 - https:\/\/yoast.com\/product\/yoast-seo-wordpress\/ -->\n<title>Tungsten Bar, Rod &amp; Plate - Zigong International Marketing, LLC<\/title>\n<meta name=\"description\" content=\"Mainly used to prepare various emitting cathodes, shaping bars, non-sag tungsten wire for pressure processing.\" \/>\n<meta name=\"robots\" content=\"index, follow, max-snippet:-1, max-image-preview:large, max-video-preview:-1\" \/>\n<link rel=\"canonical\" href=\"https:\/\/zim.orangewallcreative.com\/ku\/w-mo-products\/tungsten-bar-rod-plate\/\" \/>\n<meta property=\"og:locale\" content=\"en_US\" \/>\n<meta property=\"og:type\" content=\"article\" \/>\n<meta property=\"og:title\" content=\"Tungsten Bar, Rod &amp; Plate - Zigong International Marketing, LLC\" \/>\n<meta property=\"og:description\" content=\"Mainly used to prepare various emitting cathodes, shaping bars, non-sag tungsten wire for pressure processing.\" \/>\n<meta property=\"og:url\" content=\"https:\/\/zim.orangewallcreative.com\/ku\/w-mo-products\/tungsten-bar-rod-plate\/\" \/>\n<meta property=\"og:site_name\" content=\"Zigong International Marketing, LLC\" \/>\n<meta property=\"article:modified_time\" content=\"2024-08-27T19:01:02+00:00\" \/>\n<meta name=\"twitter:card\" content=\"summary_large_image\" \/>\n<meta name=\"twitter:label1\" content=\"Est. reading time\" \/>\n\t<meta name=\"twitter:data1\" content=\"1 \u062e\u0648\u0644\u06d5\u06a9\" \/>\n<script type=\"application\/ld+json\" class=\"yoast-schema-graph\">{\"@context\":\"https:\/\/schema.org\",\"@graph\":[{\"@type\":\"WebPage\",\"@id\":\"https:\/\/zim.orangewallcreative.com\/oc\/w-mo-products\/tungsten-bar-rod-plate\/\",\"url\":\"https:\/\/zim.orangewallcreative.com\/oc\/w-mo-products\/tungsten-bar-rod-plate\/\",\"name\":\"Tungsten Bar, Rod & Plate - Zigong International Marketing, LLC\",\"isPartOf\":{\"@id\":\"http:\/\/zim.orangewallcreative.com\/bg\/#website\"},\"datePublished\":\"2020-07-13T23:00:29+00:00\",\"dateModified\":\"2024-08-27T19:01:02+00:00\",\"description\":\"Mainly used to prepare various emitting cathodes, shaping bars, non-sag tungsten wire for pressure processing.\",\"breadcrumb\":{\"@id\":\"https:\/\/zim.orangewallcreative.com\/oc\/w-mo-products\/tungsten-bar-rod-plate\/#breadcrumb\"},\"inLanguage\":\"ckb\",\"potentialAction\":[{\"@type\":\"ReadAction\",\"target\":[\"https:\/\/zim.orangewallcreative.com\/oc\/w-mo-products\/tungsten-bar-rod-plate\/\"]}]},{\"@type\":\"BreadcrumbList\",\"@id\":\"https:\/\/zim.orangewallcreative.com\/oc\/w-mo-products\/tungsten-bar-rod-plate\/#breadcrumb\",\"itemListElement\":[{\"@type\":\"ListItem\",\"position\":1,\"name\":\"Home\",\"item\":\"http:\/\/zim.orangewallcreative.com\/bg\/\"},{\"@type\":\"ListItem\",\"position\":2,\"name\":\"W &#038; Mo Products\",\"item\":\"https:\/\/zim.orangewallcreative.com\/hy\/w-mo-products\/\"},{\"@type\":\"ListItem\",\"position\":3,\"name\":\"Tungsten Bar, Rod &#038; Plate\"}]},{\"@type\":\"WebSite\",\"@id\":\"http:\/\/zim.orangewallcreative.com\/bg\/#website\",\"url\":\"http:\/\/zim.orangewallcreative.com\/bg\/\",\"name\":\"Zigong International Marketing, LLC\",\"description\":\"\",\"publisher\":{\"@id\":\"http:\/\/zim.orangewallcreative.com\/bg\/#organization\"},\"potentialAction\":[{\"@type\":\"SearchAction\",\"target\":{\"@type\":\"EntryPoint\",\"urlTemplate\":\"http:\/\/zim.orangewallcreative.com\/bg\/?s={search_term_string}\"},\"query-input\":{\"@type\":\"PropertyValueSpecification\",\"valueRequired\":true,\"valueName\":\"search_term_string\"}}],\"inLanguage\":\"ckb\"},{\"@type\":\"Organization\",\"@id\":\"http:\/\/zim.orangewallcreative.com\/bg\/#organization\",\"name\":\"Zigong International Marketing LLC\",\"url\":\"http:\/\/zim.orangewallcreative.com\/bg\/\",\"logo\":{\"@type\":\"ImageObject\",\"inLanguage\":\"ckb\",\"@id\":\"http:\/\/zim.orangewallcreative.com\/bg\/#\/schema\/logo\/image\/\",\"url\":\"https:\/\/zim-llc.com\/wp-content\/uploads\/2020\/06\/6-23-logo-c.jpg\",\"contentUrl\":\"https:\/\/zim-llc.com\/wp-content\/uploads\/2020\/06\/6-23-logo-c.jpg\",\"width\":201,\"height\":90,\"caption\":\"Zigong International Marketing LLC\"},\"image\":{\"@id\":\"http:\/\/zim.orangewallcreative.com\/bg\/#\/schema\/logo\/image\/\"}}]}<\/script>\n<!-- \/ Yoast SEO plugin. -->","yoast_head_json":{"title":"Tungsten Bar, Rod & Plate - Zigong International Marketing, LLC","description":"Mainly used to prepare various emitting cathodes, shaping bars, non-sag tungsten wire for pressure processing.","robots":{"index":"index","follow":"follow","max-snippet":"max-snippet:-1","max-image-preview":"max-image-preview:large","max-video-preview":"max-video-preview:-1"},"canonical":"https:\/\/zim.orangewallcreative.com\/ku\/w-mo-products\/tungsten-bar-rod-plate\/","og_locale":"en_US","og_type":"article","og_title":"Tungsten Bar, Rod & Plate - Zigong International Marketing, LLC","og_description":"Mainly used to prepare various emitting cathodes, shaping bars, non-sag tungsten wire for pressure processing.","og_url":"https:\/\/zim.orangewallcreative.com\/ku\/w-mo-products\/tungsten-bar-rod-plate\/","og_site_name":"Zigong International Marketing, LLC","article_modified_time":"2024-08-27T19:01:02+00:00","twitter_card":"summary_large_image","twitter_misc":{"Est. reading time":"1 \u062e\u0648\u0644\u06d5\u06a9"},"schema":{"@context":"https:\/\/schema.org","@graph":[{"@type":"WebPage","@id":"https:\/\/zim.orangewallcreative.com\/oc\/w-mo-products\/tungsten-bar-rod-plate\/","url":"https:\/\/zim.orangewallcreative.com\/oc\/w-mo-products\/tungsten-bar-rod-plate\/","name":"Tungsten Bar, Rod & Plate - Zigong International Marketing, LLC","isPartOf":{"@id":"http:\/\/zim.orangewallcreative.com\/bg\/#website"},"datePublished":"2020-07-13T23:00:29+00:00","dateModified":"2024-08-27T19:01:02+00:00","description":"Mainly used to prepare various emitting cathodes, shaping bars, non-sag tungsten wire for pressure processing.","breadcrumb":{"@id":"https:\/\/zim.orangewallcreative.com\/oc\/w-mo-products\/tungsten-bar-rod-plate\/#breadcrumb"},"inLanguage":"ckb","potentialAction":[{"@type":"ReadAction","target":["https:\/\/zim.orangewallcreative.com\/oc\/w-mo-products\/tungsten-bar-rod-plate\/"]}]},{"@type":"BreadcrumbList","@id":"https:\/\/zim.orangewallcreative.com\/oc\/w-mo-products\/tungsten-bar-rod-plate\/#breadcrumb","itemListElement":[{"@type":"ListItem","position":1,"name":"Home","item":"http:\/\/zim.orangewallcreative.com\/bg\/"},{"@type":"ListItem","position":2,"name":"W &#038; Mo Products","item":"https:\/\/zim.orangewallcreative.com\/hy\/w-mo-products\/"},{"@type":"ListItem","position":3,"name":"Tungsten Bar, Rod &#038; Plate"}]},{"@type":"WebSite","@id":"http:\/\/zim.orangewallcreative.com\/bg\/#website","url":"http:\/\/zim.orangewallcreative.com\/bg\/","name":"Zigong International Marketing, LLC","description":"","publisher":{"@id":"http:\/\/zim.orangewallcreative.com\/bg\/#organization"},"potentialAction":[{"@type":"SearchAction","target":{"@type":"EntryPoint","urlTemplate":"http:\/\/zim.orangewallcreative.com\/bg\/?s={search_term_string}"},"query-input":{"@type":"PropertyValueSpecification","valueRequired":true,"valueName":"search_term_string"}}],"inLanguage":"ckb"},{"@type":"Organization","@id":"http:\/\/zim.orangewallcreative.com\/bg\/#organization","name":"Zigong International Marketing LLC","url":"http:\/\/zim.orangewallcreative.com\/bg\/","logo":{"@type":"ImageObject","inLanguage":"ckb","@id":"http:\/\/zim.orangewallcreative.com\/bg\/#\/schema\/logo\/image\/","url":"https:\/\/zim-llc.com\/wp-content\/uploads\/2020\/06\/6-23-logo-c.jpg","contentUrl":"https:\/\/zim-llc.com\/wp-content\/uploads\/2020\/06\/6-23-logo-c.jpg","width":201,"height":90,"caption":"Zigong International Marketing LLC"},"image":{"@id":"http:\/\/zim.orangewallcreative.com\/bg\/#\/schema\/logo\/image\/"}}]}},"_links":{"self":[{"href":"https:\/\/zim.orangewallcreative.com\/ku\/wp-json\/wp\/v2\/pages\/2750","targetHints":{"allow":["GET"]}}],"collection":[{"href":"https:\/\/zim.orangewallcreative.com\/ku\/wp-json\/wp\/v2\/pages"}],"about":[{"href":"https:\/\/zim.orangewallcreative.com\/ku\/wp-json\/wp\/v2\/types\/page"}],"author":[{"embeddable":true,"href":"https:\/\/zim.orangewallcreative.com\/ku\/wp-json\/wp\/v2\/users\/4"}],"replies":[{"embeddable":true,"href":"https:\/\/zim.orangewallcreative.com\/ku\/wp-json\/wp\/v2\/comments?post=2750"}],"version-history":[{"count":0,"href":"https:\/\/zim.orangewallcreative.com\/ku\/wp-json\/wp\/v2\/pages\/2750\/revisions"}],"up":[{"embeddable":true,"href":"https:\/\/zim.orangewallcreative.com\/ku\/wp-json\/wp\/v2\/pages\/875"}],"wp:attachment":[{"href":"https:\/\/zim.orangewallcreative.com\/ku\/wp-json\/wp\/v2\/media?parent=2750"}],"curies":[{"name":"wp","href":"https:\/\/api.w.org\/{rel}","templated":true}]}}