{"id":891,"date":"2020-04-17T06:13:52","date_gmt":"2020-04-17T06:13:52","guid":{"rendered":"https:\/\/zimllc.wpengine.com\/?page_id=891"},"modified":"2024-08-27T18:55:39","modified_gmt":"2024-08-27T18:55:39","slug":"ready-to-press-powder","status":"publish","type":"page","link":"https:\/\/zim.orangewallcreative.com\/ku\/powders\/ready-to-press-powder\/","title":{"rendered":"Ji bo \u00c7apemeniy\u00ea Powder amade ye"},"content":{"rendered":"<div class=\"fusion-fullwidth fullwidth-box fusion-builder-row-1 fusion-flex-container has-pattern-background has-mask-background nonhundred-percent-fullwidth non-hundred-percent-height-scrolling\" style=\"--awb-border-radius-top-left:0px;--awb-border-radius-top-right:0px;--awb-border-radius-bottom-right:0px;--awb-border-radius-bottom-left:0px;--awb-padding-right:0px;--awb-background-image:linear-gradient(180deg, #0000 0%,#0000 100%);--awb-flex-wrap:wrap;\" ><div class=\"fusion-builder-row fusion-row fusion-flex-align-items-flex-start fusion-flex-content-wrap\" style=\"max-width:1248px;margin-left: calc(-4% \/ 2 );margin-right: calc(-4% \/ 2 );\"><div class=\"fusion-layout-column fusion_builder_column fusion-builder-column-0 fusion_builder_column_2_3 2_3 fusion-flex-column\" style=\"--awb-bg-size:cover;--awb-width-large:66.666666666667%;--awb-margin-top-large:0px;--awb-spacing-right-large:2.88%;--awb-margin-bottom-large:0px;--awb-spacing-left-large:2.88%;--awb-width-medium:66.666666666667%;--awb-order-medium:0;--awb-spacing-right-medium:2.88%;--awb-spacing-left-medium:2.88%;--awb-width-small:100%;--awb-order-small:0;--awb-spacing-right-small:1.92%;--awb-spacing-left-small:1.92%;\" data-scroll-devices=\"small-visibility,medium-visibility,large-visibility\"><div class=\"fusion-column-wrapper fusion-column-has-shadow fusion-flex-justify-content-flex-start fusion-content-layout-column\"><div class=\"fusion-text fusion-text-1\"><h1>Ji bo \u00c7apemeniy\u00ea Powder amade ye<\/h1>\n<p>ZGCC p\u00eavajoya hilber\u00eena paraf\u00een a dop\u00eeng\u00ea ya her\u00ee p\u00ea\u015fkeft\u00ee bikar t\u00eene da ku toza \u00c7apemeniy\u00ea ya Amade (RTP) (an Powdera Karbide ya Cemented) hilber\u00eene. Toza RTP xwedan herik\u00eena h\u00eaja ye ku wek\u00ee madeya xav t\u00ea bikar an\u00een da ku par\u00e7ey\u00ean Karb\u00eed \u00ean Cemented hilber\u00eene. Ji sala 1967-an vir ve, ZGCC dest bi s\u00eawirandin \u00fb \u00e7\u00eakirina xwer\u00fb kiriye ku amade ye ku toza \u00e7apkirin\u00ea ya bi Kobalt \u00fb N\u00eekel wek\u00ee p\u00eavek bi l\u00eaz\u00eadekirina TiC, TaC, \u00fb Ti-y\u00ea z\u00eade bike da ku performansa bilindtir bist\u00eene.<\/p>\n<p>Bi x\u00eara c\u00fbrbec\u00fbr mezinahiy\u00ean Tungsten Carbide, em dikarin bi dehan pola bi p\u00eevan \u00fb formul\u00ean genim \u00ean cih\u00eareng hilber\u00eenin. Naha heft r\u00eazik\u00ean me hene, YG, YT, YW, ZP, ZM, ZK, ZN, ji bo ku h\u00fbn hilbij\u00earin.<\/p>\n<p class=\"translation-block\">Ji bo b\u00eatir agahdar\u00ee, ji kerema xwe <strong><a href=\"https:\/\/zim-llc.com\/contact-us\/\" target=\"_self\">bi me re t\u00eakil\u00ee daynin<\/a><\/strong> an <a href=\"https:\/\/zim-llc.com\/resources\/\" target=\"_self\"><strong>kataloga me binirx\u00eenin.<\/strong><\/a><\/p>\n<p><strong>P\u00eavajoya hilber\u00een\u00ea:<br \/>\n<\/strong>birij\u00eenin \u00fb hi\u015fk bikin<\/p>\n<p><strong>Kapas\u00eeteya salane:<br \/>\n<\/strong>4000 ton\/sal<\/p>\n<p><strong>Xuyab\u00fbn\u00ee:<br \/>\n<\/strong>pariy\u00ean spheroidal toza gewr<\/p>\n<p><strong>Mezinay\u00ee: <\/strong>-200 mesh<\/p>\n<p><strong>Bikaran\u00een\u00ee:<br \/>\n<\/strong>Toza RTP xwedan morfolojiya spher\u00eek\u00ee ya h\u00eaja, herik\u00eena b\u00eak\u00eamas\u00ee \u00fb nemahiya may\u00ee ya hindik e. Ew tozek pola \u00eedeal e ku ji bo \u00e7\u00eakirina par\u00e7ey\u00ean Karb\u00eed\u00ean \u00c7\u00eemented \u00ean \u00e7\u00eena yekem, wek\u00ee am\u00fbr\u00ean qutkirina zexm, par\u00e7ey\u00ean karb\u00eed \u00ean rast, par\u00e7ey\u00ean cil\u00ea \u00fb am\u00fbr\u00ean dak\u00ea\u015fan\u00ea \u00e7\u00eabikin.<\/p>\n<\/div><\/div><\/div><div class=\"fusion-layout-column fusion_builder_column fusion-builder-column-1 fusion_builder_column_1_4 1_4 fusion-flex-column\" style=\"--awb-bg-size:cover;--awb-width-large:25%;--awb-margin-top-large:0px;--awb-spacing-right-large:7.68%;--awb-margin-bottom-large:0px;--awb-spacing-left-large:7.68%;--awb-width-medium:25%;--awb-order-medium:0;--awb-spacing-right-medium:7.68%;--awb-spacing-left-medium:7.68%;--awb-width-small:100%;--awb-order-small:0;--awb-spacing-right-small:1.92%;--awb-spacing-left-small:1.92%;\" data-scroll-devices=\"small-visibility,medium-visibility,large-visibility\"><div class=\"fusion-column-wrapper fusion-column-has-shadow fusion-flex-justify-content-flex-start fusion-content-layout-column\"><div class=\"fusion-separator fusion-full-width-sep\" style=\"align-self: center;margin-left: auto;margin-right: auto;margin-bottom:20px;width:100%;\"><\/div><div class=\"fusion-text fusion-text-2\">\n\t\t<div id=\"wppdfemb-frame-container-0\" style=\"-webkit-overflow-scrolling:auto;\">\n\t\t\t<iframe src=\"https:\/\/zim.orangewallcreative.com\/ku\/?url=https:\/\/zim-llc.com\/wp-content\/uploads\/2020\/07\/ZigongRTPpowder.pdf&#038;toolbarfixed=on&#038;index=1&#038;pdfID=0\"\n\t\t\t\tid=\"wppdf-emb-iframe-0\"\n\t\t\t\tdata-pdf-index=\"1\"\n\t\t\t\tclass=\"pdfembed-iframe nonfullscreen\"\n\t\t\t\tstyle=\"border:none;width:100%;max-width:250px;min-height:350px\"\n\t\t\t\tscrolling=\"yes\">\n\t\t\t<\/iframe>\n\t\t<\/div>\n\n\t\t\n<\/div><\/div><\/div><\/div><\/div>","protected":false},"excerpt":{"rendered":"","protected":false},"author":4,"featured_media":0,"parent":871,"menu_order":5,"comment_status":"closed","ping_status":"closed","template":"","meta":{"footnotes":""},"class_list":["post-891","page","type-page","status-publish","hentry"],"yoast_head":"<!-- This site is optimized with the Yoast SEO plugin v26.8 - https:\/\/yoast.com\/product\/yoast-seo-wordpress\/ -->\n<title>Ready to Press Powder - Zigong International Marketing, LLC<\/title>\n<meta name=\"description\" content=\"ZGCC uses the most advanced doping paraffine production process to produce the Ready To Press (RTP) powder (or Cemented Carbide Grade Powder)\" \/>\n<meta name=\"robots\" content=\"index, follow, max-snippet:-1, max-image-preview:large, max-video-preview:-1\" \/>\n<link rel=\"canonical\" href=\"http:\/\/zim.orangewallcreative.com\/ku\/powders\/ready-to-press-powder\/\" \/>\n<meta property=\"og:locale\" content=\"en_US\" \/>\n<meta property=\"og:type\" content=\"article\" \/>\n<meta property=\"og:title\" content=\"Ready to Press Powder - Zigong International Marketing, LLC\" \/>\n<meta property=\"og:description\" content=\"ZGCC uses the most advanced doping paraffine production process to produce the Ready To Press (RTP) powder (or Cemented Carbide Grade Powder)\" \/>\n<meta property=\"og:url\" content=\"http:\/\/zim.orangewallcreative.com\/ku\/powders\/ready-to-press-powder\/\" \/>\n<meta property=\"og:site_name\" content=\"Zigong International Marketing, LLC\" \/>\n<meta property=\"article:modified_time\" content=\"2024-08-27T18:55:39+00:00\" \/>\n<meta name=\"twitter:card\" content=\"summary_large_image\" \/>\n<meta name=\"twitter:label1\" content=\"Est. reading time\" \/>\n\t<meta name=\"twitter:data1\" content=\"1 \u062e\u0648\u0644\u06d5\u06a9\" \/>\n<script type=\"application\/ld+json\" class=\"yoast-schema-graph\">{\"@context\":\"https:\/\/schema.org\",\"@graph\":[{\"@type\":\"WebPage\",\"@id\":\"http:\/\/zim.orangewallcreative.com\/ar\/powders\/ready-to-press-powder\/\",\"url\":\"http:\/\/zim.orangewallcreative.com\/ar\/powders\/ready-to-press-powder\/\",\"name\":\"Ready to Press Powder - Zigong International Marketing, LLC\",\"isPartOf\":{\"@id\":\"http:\/\/zim.orangewallcreative.com\/bg\/#website\"},\"datePublished\":\"2020-04-17T06:13:52+00:00\",\"dateModified\":\"2024-08-27T18:55:39+00:00\",\"description\":\"ZGCC uses the most advanced doping paraffine production process to produce the Ready To Press (RTP) powder (or Cemented Carbide Grade Powder)\",\"breadcrumb\":{\"@id\":\"http:\/\/zim.orangewallcreative.com\/ar\/powders\/ready-to-press-powder\/#breadcrumb\"},\"inLanguage\":\"ckb\",\"potentialAction\":[{\"@type\":\"ReadAction\",\"target\":[\"http:\/\/zim.orangewallcreative.com\/ar\/powders\/ready-to-press-powder\/\"]}]},{\"@type\":\"BreadcrumbList\",\"@id\":\"http:\/\/zim.orangewallcreative.com\/ar\/powders\/ready-to-press-powder\/#breadcrumb\",\"itemListElement\":[{\"@type\":\"ListItem\",\"position\":1,\"name\":\"Home\",\"item\":\"http:\/\/zim.orangewallcreative.com\/bg\/\"},{\"@type\":\"ListItem\",\"position\":2,\"name\":\"Powders\",\"item\":\"http:\/\/zim.orangewallcreative.com\/en\/powders\/\"},{\"@type\":\"ListItem\",\"position\":3,\"name\":\"Ready to Press Powder\"}]},{\"@type\":\"WebSite\",\"@id\":\"http:\/\/zim.orangewallcreative.com\/bg\/#website\",\"url\":\"http:\/\/zim.orangewallcreative.com\/bg\/\",\"name\":\"Zigong International Marketing, LLC\",\"description\":\"\",\"publisher\":{\"@id\":\"http:\/\/zim.orangewallcreative.com\/bg\/#organization\"},\"potentialAction\":[{\"@type\":\"SearchAction\",\"target\":{\"@type\":\"EntryPoint\",\"urlTemplate\":\"http:\/\/zim.orangewallcreative.com\/bg\/?s={search_term_string}\"},\"query-input\":{\"@type\":\"PropertyValueSpecification\",\"valueRequired\":true,\"valueName\":\"search_term_string\"}}],\"inLanguage\":\"ckb\"},{\"@type\":\"Organization\",\"@id\":\"http:\/\/zim.orangewallcreative.com\/bg\/#organization\",\"name\":\"Zigong International Marketing LLC\",\"url\":\"http:\/\/zim.orangewallcreative.com\/bg\/\",\"logo\":{\"@type\":\"ImageObject\",\"inLanguage\":\"ckb\",\"@id\":\"http:\/\/zim.orangewallcreative.com\/bg\/#\/schema\/logo\/image\/\",\"url\":\"https:\/\/zim-llc.com\/wp-content\/uploads\/2020\/06\/6-23-logo-c.jpg\",\"contentUrl\":\"https:\/\/zim-llc.com\/wp-content\/uploads\/2020\/06\/6-23-logo-c.jpg\",\"width\":201,\"height\":90,\"caption\":\"Zigong International Marketing LLC\"},\"image\":{\"@id\":\"http:\/\/zim.orangewallcreative.com\/bg\/#\/schema\/logo\/image\/\"}}]}<\/script>\n<!-- \/ Yoast SEO plugin. -->","yoast_head_json":{"title":"Ready to Press Powder - Zigong International Marketing, LLC","description":"ZGCC uses the most advanced doping paraffine production process to produce the Ready To Press (RTP) powder (or Cemented Carbide Grade Powder)","robots":{"index":"index","follow":"follow","max-snippet":"max-snippet:-1","max-image-preview":"max-image-preview:large","max-video-preview":"max-video-preview:-1"},"canonical":"http:\/\/zim.orangewallcreative.com\/ku\/powders\/ready-to-press-powder\/","og_locale":"en_US","og_type":"article","og_title":"Ready to Press Powder - Zigong International Marketing, LLC","og_description":"ZGCC uses the most advanced doping paraffine production process to produce the Ready To Press (RTP) powder (or Cemented Carbide Grade Powder)","og_url":"http:\/\/zim.orangewallcreative.com\/ku\/powders\/ready-to-press-powder\/","og_site_name":"Zigong International Marketing, LLC","article_modified_time":"2024-08-27T18:55:39+00:00","twitter_card":"summary_large_image","twitter_misc":{"Est. reading time":"1 \u062e\u0648\u0644\u06d5\u06a9"},"schema":{"@context":"https:\/\/schema.org","@graph":[{"@type":"WebPage","@id":"http:\/\/zim.orangewallcreative.com\/ar\/powders\/ready-to-press-powder\/","url":"http:\/\/zim.orangewallcreative.com\/ar\/powders\/ready-to-press-powder\/","name":"Ready to Press Powder - Zigong International Marketing, LLC","isPartOf":{"@id":"http:\/\/zim.orangewallcreative.com\/bg\/#website"},"datePublished":"2020-04-17T06:13:52+00:00","dateModified":"2024-08-27T18:55:39+00:00","description":"ZGCC uses the most advanced doping paraffine production process to produce the Ready To Press (RTP) powder (or Cemented Carbide Grade Powder)","breadcrumb":{"@id":"http:\/\/zim.orangewallcreative.com\/ar\/powders\/ready-to-press-powder\/#breadcrumb"},"inLanguage":"ckb","potentialAction":[{"@type":"ReadAction","target":["http:\/\/zim.orangewallcreative.com\/ar\/powders\/ready-to-press-powder\/"]}]},{"@type":"BreadcrumbList","@id":"http:\/\/zim.orangewallcreative.com\/ar\/powders\/ready-to-press-powder\/#breadcrumb","itemListElement":[{"@type":"ListItem","position":1,"name":"Home","item":"http:\/\/zim.orangewallcreative.com\/bg\/"},{"@type":"ListItem","position":2,"name":"Powders","item":"http:\/\/zim.orangewallcreative.com\/en\/powders\/"},{"@type":"ListItem","position":3,"name":"Ready to Press Powder"}]},{"@type":"WebSite","@id":"http:\/\/zim.orangewallcreative.com\/bg\/#website","url":"http:\/\/zim.orangewallcreative.com\/bg\/","name":"Zigong International Marketing, LLC","description":"","publisher":{"@id":"http:\/\/zim.orangewallcreative.com\/bg\/#organization"},"potentialAction":[{"@type":"SearchAction","target":{"@type":"EntryPoint","urlTemplate":"http:\/\/zim.orangewallcreative.com\/bg\/?s={search_term_string}"},"query-input":{"@type":"PropertyValueSpecification","valueRequired":true,"valueName":"search_term_string"}}],"inLanguage":"ckb"},{"@type":"Organization","@id":"http:\/\/zim.orangewallcreative.com\/bg\/#organization","name":"Zigong International Marketing LLC","url":"http:\/\/zim.orangewallcreative.com\/bg\/","logo":{"@type":"ImageObject","inLanguage":"ckb","@id":"http:\/\/zim.orangewallcreative.com\/bg\/#\/schema\/logo\/image\/","url":"https:\/\/zim-llc.com\/wp-content\/uploads\/2020\/06\/6-23-logo-c.jpg","contentUrl":"https:\/\/zim-llc.com\/wp-content\/uploads\/2020\/06\/6-23-logo-c.jpg","width":201,"height":90,"caption":"Zigong International Marketing LLC"},"image":{"@id":"http:\/\/zim.orangewallcreative.com\/bg\/#\/schema\/logo\/image\/"}}]}},"_links":{"self":[{"href":"https:\/\/zim.orangewallcreative.com\/ku\/wp-json\/wp\/v2\/pages\/891","targetHints":{"allow":["GET"]}}],"collection":[{"href":"https:\/\/zim.orangewallcreative.com\/ku\/wp-json\/wp\/v2\/pages"}],"about":[{"href":"https:\/\/zim.orangewallcreative.com\/ku\/wp-json\/wp\/v2\/types\/page"}],"author":[{"embeddable":true,"href":"https:\/\/zim.orangewallcreative.com\/ku\/wp-json\/wp\/v2\/users\/4"}],"replies":[{"embeddable":true,"href":"https:\/\/zim.orangewallcreative.com\/ku\/wp-json\/wp\/v2\/comments?post=891"}],"version-history":[{"count":0,"href":"https:\/\/zim.orangewallcreative.com\/ku\/wp-json\/wp\/v2\/pages\/891\/revisions"}],"up":[{"embeddable":true,"href":"https:\/\/zim.orangewallcreative.com\/ku\/wp-json\/wp\/v2\/pages\/871"}],"wp:attachment":[{"href":"https:\/\/zim.orangewallcreative.com\/ku\/wp-json\/wp\/v2\/media?parent=891"}],"curies":[{"name":"wp","href":"https:\/\/api.w.org\/{rel}","templated":true}]}}