{"id":902,"date":"2020-04-17T06:17:26","date_gmt":"2020-04-17T06:17:26","guid":{"rendered":"https:\/\/zimllc.wpengine.com\/?page_id=902"},"modified":"2024-08-27T20:32:13","modified_gmt":"2024-08-27T20:32:13","slug":"carbide-precision-parts","status":"publish","type":"page","link":"https:\/\/zim.orangewallcreative.com\/lt\/cemented-carbides\/carbide-precision-parts\/","title":{"rendered":"Tikslios karbido dalys"},"content":{"rendered":"<div class=\"fusion-fullwidth fullwidth-box fusion-builder-row-1 fusion-flex-container has-pattern-background has-mask-background nonhundred-percent-fullwidth non-hundred-percent-height-scrolling\" style=\"--awb-border-color:#0000;--awb-border-radius-top-left:0px;--awb-border-radius-top-right:0px;--awb-border-radius-bottom-right:0px;--awb-border-radius-bottom-left:0px;--awb-padding-right:0px;--awb-padding-left:60px;--awb-background-color:#0000;--awb-background-image:linear-gradient(180deg, #0000 0%,#0000 100%);--awb-flex-wrap:wrap;\" ><div class=\"fusion-builder-row fusion-row fusion-flex-align-items-flex-start fusion-flex-content-wrap\" style=\"max-width:1248px;margin-left: calc(-4% \/ 2 );margin-right: calc(-4% \/ 2 );\"><div class=\"fusion-layout-column fusion_builder_column fusion-builder-column-0 fusion_builder_column_2_3 2_3 fusion-flex-column\" style=\"--awb-bg-size:cover;--awb-width-large:66.666666666667%;--awb-margin-top-large:0px;--awb-spacing-right-large:2.88%;--awb-margin-bottom-large:0px;--awb-spacing-left-large:2.88%;--awb-width-medium:66.666666666667%;--awb-order-medium:0;--awb-spacing-right-medium:2.88%;--awb-spacing-left-medium:2.88%;--awb-width-small:100%;--awb-order-small:0;--awb-spacing-right-small:1.92%;--awb-spacing-left-small:1.92%;\" data-scroll-devices=\"small-visibility,medium-visibility,large-visibility\"><div class=\"fusion-column-wrapper fusion-column-has-shadow fusion-flex-justify-content-flex-start fusion-content-layout-column\"><div class=\"fusion-text fusion-text-1\"><h1>Tikslios karbido dalys<\/h1>\n<p>Cementuoto karbido preciziniai gaminiai pasi\u017eymi i\u0161skirtin\u0117mis mechanin\u0117mis savyb\u0117mis ir dideliu atsparumu dilimui ir korozijai, dideliu matmen\u0173 tikslumu ir nurodytu pavir\u0161iaus \u0161iurk\u0161tumu ir kt. Cementuoto karbido pusgaminiai bus \u0161lifuojami naudojant deimantin\u012f rat\u0105 ir EDM. Jie bus supjaustomi \u012f \u012fvairius komponentus, siekiant pakeisti metalines dalis sud\u0117tingomis ir nepalankiomis darbo s\u0105lygomis, siekiant padidinti efektyvum\u0105 ir pailginti gyvavimo cikl\u0105.<\/p>\n<p class=\"translation-block\">M\u016bs\u0173 tiksl\u016bs cemento karbido gaminiai daugiausia apima <strong>a\u0161ines movas, sandarinimo \u017eied\u0105, sriegio antgalius, \u012fvores, vo\u017etuv\u0173 \u0161erdis, vo\u017etuv\u0173 rutulius ir lizdus, vo\u017etuv\u0173 diskus, nestandartines konstrukcijos dalis ir mechaninius komponentus.<\/strong><\/p>\n<p>Tikslios karbido dalys daugiausia bus naudojamos panardinamuose alyvos i\u0161centriniuose siurbliuose, panardinamuose alyvos elektriniuose siurbliuose, panardinamuose alyvos separatoriuose, panardinamuose alyvos apsauginiuose \u012frenginiuose, nuos\u0117d\u0173 srut\u0173 siurbliuose, panardintose alyvos centrifugose, srut\u0173 siurbliuose, r\u016bg\u0161tims atspariuose siurbliuose, nuotek\u0173 valymo siurbliuose, geriamojo vandens siurbliuose. , PDC gr\u0105\u017etai, k\u016bginiai ritininiai antgaliai, centrifuginiai alyvos pak\u0117limo siurbliai, MWD ir LWD, vertikal\u016bs besisukantys kreiptuvai ir savaime \u012fsijungiantys svyruojantys-sukantys-sm\u016bginiai gr\u0119\u017eimo \u012frankiai.<\/p>\n<p>\u2022 Specialus projektavimas ir med\u017eiag\u0173 k\u016brimas<br \/>\n\u2022 Visas gamybos procesas \u2013 nuo med\u017eiag\u0173 gamybos iki gatav\u0173 susid\u0117vin\u010di\u0173 dali\u0173<br \/>\n\u2022 Daugiau nei 20 met\u0173 bendradarbiavimo su tarptautin\u0117mis naftos paslaug\u0173 \u012fmon\u0117mis patirtis<br \/>\n\u2022 Pa\u017eangi \u012franga ir galingos sistemingos saugos galimyb\u0117s<br \/>\n\u2022 Plataus diapazono kokyb\u0117s kontrol\u0117<\/p>\n<\/div><\/div><\/div><div class=\"fusion-layout-column fusion_builder_column fusion-builder-column-1 fusion_builder_column_1_4 1_4 fusion-flex-column\" style=\"--awb-bg-size:cover;--awb-width-large:25%;--awb-margin-top-large:0px;--awb-spacing-right-large:7.68%;--awb-margin-bottom-large:0px;--awb-spacing-left-large:7.68%;--awb-width-medium:25%;--awb-order-medium:0;--awb-spacing-right-medium:7.68%;--awb-spacing-left-medium:7.68%;--awb-width-small:100%;--awb-order-small:0;--awb-spacing-right-small:1.92%;--awb-spacing-left-small:1.92%;\" data-scroll-devices=\"small-visibility,medium-visibility,large-visibility\"><div class=\"fusion-column-wrapper fusion-column-has-shadow fusion-flex-justify-content-flex-start fusion-content-layout-column\"><div class=\"fusion-separator fusion-full-width-sep\" style=\"align-self: center;margin-left: auto;margin-right: auto;margin-bottom:20px;width:100%;\"><\/div><div class=\"fusion-text fusion-text-2\">\n\t\t<div id=\"wppdfemb-frame-container-5154\" style=\"-webkit-overflow-scrolling:auto;\">\n\t\t\t<iframe src=\"https:\/\/zim.orangewallcreative.com\/lt\/?url=https:\/\/www.zim-llc.com\/wp-content\/uploads\/2024\/08\/Precision-Carbide-Parts.pdf&#038;title=Precision%20Carbide%20Parts&#038;index=1&#038;pdfID=5154\"\n\t\t\t\tid=\"wppdf-emb-iframe-5154\"\n\t\t\t\tdata-pdf-index=\"1\"\n\t\t\t\tclass=\"pdfembed-iframe nonfullscreen\"\n\t\t\t\tstyle=\"border:none;width:100%;max-width:250px;min-height:350px\"\n\t\t\t\tscrolling=\"yes\">\n\t\t\t<\/iframe>\n\t\t<\/div>\n\n\t\t\n<\/div><\/div><\/div><\/div><\/div>","protected":false},"excerpt":{"rendered":"","protected":false},"author":4,"featured_media":0,"parent":873,"menu_order":3,"comment_status":"closed","ping_status":"closed","template":"","meta":{"footnotes":""},"class_list":["post-902","page","type-page","status-publish","hentry"],"yoast_head":"<!-- This site is optimized with the Yoast SEO plugin v26.8 - https:\/\/yoast.com\/product\/yoast-seo-wordpress\/ -->\n<title>Carbide Precision Parts - Zigong International Marketing, LLC<\/title>\n<meta name=\"description\" content=\"Cemented Carbide precision products have exceptional mechanical properties and features of high wear and corrosive resistance, high dimension accuracy, and specified surface roughness.\" \/>\n<meta name=\"robots\" content=\"index, follow, max-snippet:-1, max-image-preview:large, max-video-preview:-1\" \/>\n<link rel=\"canonical\" href=\"https:\/\/zim.orangewallcreative.com\/lt\/cemented-carbides\/carbide-precision-parts\/\" \/>\n<meta property=\"og:locale\" content=\"lt_LT\" \/>\n<meta property=\"og:type\" content=\"article\" \/>\n<meta property=\"og:title\" content=\"Carbide Precision Parts - Zigong International Marketing, LLC\" \/>\n<meta property=\"og:description\" content=\"Cemented Carbide precision products have exceptional mechanical properties and features of high wear and corrosive resistance, high dimension accuracy, and specified surface roughness.\" \/>\n<meta property=\"og:url\" content=\"https:\/\/zim.orangewallcreative.com\/lt\/cemented-carbides\/carbide-precision-parts\/\" \/>\n<meta property=\"og:site_name\" content=\"Zigong International Marketing, LLC\" \/>\n<meta property=\"article:modified_time\" content=\"2024-08-27T20:32:13+00:00\" \/>\n<meta name=\"twitter:card\" content=\"summary_large_image\" \/>\n<meta name=\"twitter:label1\" content=\"Est. reading time\" \/>\n\t<meta name=\"twitter:data1\" content=\"1 minut\u0117\" \/>\n<script type=\"application\/ld+json\" class=\"yoast-schema-graph\">{\"@context\":\"https:\/\/schema.org\",\"@graph\":[{\"@type\":\"WebPage\",\"@id\":\"https:\/\/zim.orangewallcreative.com\/nb\/cemented-carbides\/carbide-precision-parts\/\",\"url\":\"https:\/\/zim.orangewallcreative.com\/nb\/cemented-carbides\/carbide-precision-parts\/\",\"name\":\"Carbide Precision Parts - Zigong International Marketing, LLC\",\"isPartOf\":{\"@id\":\"http:\/\/zim.orangewallcreative.com\/bg\/#website\"},\"datePublished\":\"2020-04-17T06:17:26+00:00\",\"dateModified\":\"2024-08-27T20:32:13+00:00\",\"description\":\"Cemented Carbide precision products have exceptional mechanical properties and features of high wear and corrosive resistance, high dimension accuracy, and specified surface roughness.\",\"breadcrumb\":{\"@id\":\"https:\/\/zim.orangewallcreative.com\/nb\/cemented-carbides\/carbide-precision-parts\/#breadcrumb\"},\"inLanguage\":\"lt-LT\",\"potentialAction\":[{\"@type\":\"ReadAction\",\"target\":[\"https:\/\/zim.orangewallcreative.com\/nb\/cemented-carbides\/carbide-precision-parts\/\"]}]},{\"@type\":\"BreadcrumbList\",\"@id\":\"https:\/\/zim.orangewallcreative.com\/nb\/cemented-carbides\/carbide-precision-parts\/#breadcrumb\",\"itemListElement\":[{\"@type\":\"ListItem\",\"position\":1,\"name\":\"Home\",\"item\":\"http:\/\/zim.orangewallcreative.com\/bg\/\"},{\"@type\":\"ListItem\",\"position\":2,\"name\":\"Cemented Carbides\",\"item\":\"http:\/\/zim.orangewallcreative.com\/ca\/cemented-carbides\/\"},{\"@type\":\"ListItem\",\"position\":3,\"name\":\"Carbide Precision Parts\"}]},{\"@type\":\"WebSite\",\"@id\":\"http:\/\/zim.orangewallcreative.com\/bg\/#website\",\"url\":\"http:\/\/zim.orangewallcreative.com\/bg\/\",\"name\":\"Zigong International Marketing, LLC\",\"description\":\"\",\"publisher\":{\"@id\":\"http:\/\/zim.orangewallcreative.com\/bg\/#organization\"},\"potentialAction\":[{\"@type\":\"SearchAction\",\"target\":{\"@type\":\"EntryPoint\",\"urlTemplate\":\"http:\/\/zim.orangewallcreative.com\/bg\/?s={search_term_string}\"},\"query-input\":{\"@type\":\"PropertyValueSpecification\",\"valueRequired\":true,\"valueName\":\"search_term_string\"}}],\"inLanguage\":\"lt-LT\"},{\"@type\":\"Organization\",\"@id\":\"http:\/\/zim.orangewallcreative.com\/bg\/#organization\",\"name\":\"Zigong International Marketing LLC\",\"url\":\"http:\/\/zim.orangewallcreative.com\/bg\/\",\"logo\":{\"@type\":\"ImageObject\",\"inLanguage\":\"lt-LT\",\"@id\":\"http:\/\/zim.orangewallcreative.com\/bg\/#\/schema\/logo\/image\/\",\"url\":\"https:\/\/zim-llc.com\/wp-content\/uploads\/2020\/06\/6-23-logo-c.jpg\",\"contentUrl\":\"https:\/\/zim-llc.com\/wp-content\/uploads\/2020\/06\/6-23-logo-c.jpg\",\"width\":201,\"height\":90,\"caption\":\"Zigong International Marketing LLC\"},\"image\":{\"@id\":\"http:\/\/zim.orangewallcreative.com\/bg\/#\/schema\/logo\/image\/\"}}]}<\/script>\n<!-- \/ Yoast SEO plugin. -->","yoast_head_json":{"title":"Carbide Precision Parts - Zigong International Marketing, LLC","description":"Cemented Carbide precision products have exceptional mechanical properties and features of high wear and corrosive resistance, high dimension accuracy, and specified surface roughness.","robots":{"index":"index","follow":"follow","max-snippet":"max-snippet:-1","max-image-preview":"max-image-preview:large","max-video-preview":"max-video-preview:-1"},"canonical":"https:\/\/zim.orangewallcreative.com\/lt\/cemented-carbides\/carbide-precision-parts\/","og_locale":"lt_LT","og_type":"article","og_title":"Carbide Precision Parts - Zigong International Marketing, LLC","og_description":"Cemented Carbide precision products have exceptional mechanical properties and features of high wear and corrosive resistance, high dimension accuracy, and specified surface roughness.","og_url":"https:\/\/zim.orangewallcreative.com\/lt\/cemented-carbides\/carbide-precision-parts\/","og_site_name":"Zigong International Marketing, LLC","article_modified_time":"2024-08-27T20:32:13+00:00","twitter_card":"summary_large_image","twitter_misc":{"Est. reading time":"1 minut\u0117"},"schema":{"@context":"https:\/\/schema.org","@graph":[{"@type":"WebPage","@id":"https:\/\/zim.orangewallcreative.com\/nb\/cemented-carbides\/carbide-precision-parts\/","url":"https:\/\/zim.orangewallcreative.com\/nb\/cemented-carbides\/carbide-precision-parts\/","name":"Carbide Precision Parts - Zigong International Marketing, LLC","isPartOf":{"@id":"http:\/\/zim.orangewallcreative.com\/bg\/#website"},"datePublished":"2020-04-17T06:17:26+00:00","dateModified":"2024-08-27T20:32:13+00:00","description":"Cemented Carbide precision products have exceptional mechanical properties and features of high wear and corrosive resistance, high dimension accuracy, and specified surface roughness.","breadcrumb":{"@id":"https:\/\/zim.orangewallcreative.com\/nb\/cemented-carbides\/carbide-precision-parts\/#breadcrumb"},"inLanguage":"lt-LT","potentialAction":[{"@type":"ReadAction","target":["https:\/\/zim.orangewallcreative.com\/nb\/cemented-carbides\/carbide-precision-parts\/"]}]},{"@type":"BreadcrumbList","@id":"https:\/\/zim.orangewallcreative.com\/nb\/cemented-carbides\/carbide-precision-parts\/#breadcrumb","itemListElement":[{"@type":"ListItem","position":1,"name":"Home","item":"http:\/\/zim.orangewallcreative.com\/bg\/"},{"@type":"ListItem","position":2,"name":"Cemented Carbides","item":"http:\/\/zim.orangewallcreative.com\/ca\/cemented-carbides\/"},{"@type":"ListItem","position":3,"name":"Carbide Precision Parts"}]},{"@type":"WebSite","@id":"http:\/\/zim.orangewallcreative.com\/bg\/#website","url":"http:\/\/zim.orangewallcreative.com\/bg\/","name":"Zigong International Marketing, LLC","description":"","publisher":{"@id":"http:\/\/zim.orangewallcreative.com\/bg\/#organization"},"potentialAction":[{"@type":"SearchAction","target":{"@type":"EntryPoint","urlTemplate":"http:\/\/zim.orangewallcreative.com\/bg\/?s={search_term_string}"},"query-input":{"@type":"PropertyValueSpecification","valueRequired":true,"valueName":"search_term_string"}}],"inLanguage":"lt-LT"},{"@type":"Organization","@id":"http:\/\/zim.orangewallcreative.com\/bg\/#organization","name":"Zigong International Marketing LLC","url":"http:\/\/zim.orangewallcreative.com\/bg\/","logo":{"@type":"ImageObject","inLanguage":"lt-LT","@id":"http:\/\/zim.orangewallcreative.com\/bg\/#\/schema\/logo\/image\/","url":"https:\/\/zim-llc.com\/wp-content\/uploads\/2020\/06\/6-23-logo-c.jpg","contentUrl":"https:\/\/zim-llc.com\/wp-content\/uploads\/2020\/06\/6-23-logo-c.jpg","width":201,"height":90,"caption":"Zigong International Marketing LLC"},"image":{"@id":"http:\/\/zim.orangewallcreative.com\/bg\/#\/schema\/logo\/image\/"}}]}},"_links":{"self":[{"href":"https:\/\/zim.orangewallcreative.com\/lt\/wp-json\/wp\/v2\/pages\/902","targetHints":{"allow":["GET"]}}],"collection":[{"href":"https:\/\/zim.orangewallcreative.com\/lt\/wp-json\/wp\/v2\/pages"}],"about":[{"href":"https:\/\/zim.orangewallcreative.com\/lt\/wp-json\/wp\/v2\/types\/page"}],"author":[{"embeddable":true,"href":"https:\/\/zim.orangewallcreative.com\/lt\/wp-json\/wp\/v2\/users\/4"}],"replies":[{"embeddable":true,"href":"https:\/\/zim.orangewallcreative.com\/lt\/wp-json\/wp\/v2\/comments?post=902"}],"version-history":[{"count":0,"href":"https:\/\/zim.orangewallcreative.com\/lt\/wp-json\/wp\/v2\/pages\/902\/revisions"}],"up":[{"embeddable":true,"href":"https:\/\/zim.orangewallcreative.com\/lt\/wp-json\/wp\/v2\/pages\/873"}],"wp:attachment":[{"href":"https:\/\/zim.orangewallcreative.com\/lt\/wp-json\/wp\/v2\/media?parent=902"}],"curies":[{"name":"wp","href":"https:\/\/api.w.org\/{rel}","templated":true}]}}