{"id":3285,"date":"2020-07-23T19:25:53","date_gmt":"2020-07-23T19:25:53","guid":{"rendered":"https:\/\/zimllc.wpengine.com\/?page_id=3285"},"modified":"2024-04-12T04:53:34","modified_gmt":"2024-04-12T04:53:34","slug":"conflict-free-minerals","status":"publish","type":"page","link":"https:\/\/zim.orangewallcreative.com\/lv\/about\/conflict-free-minerals\/","title":{"rendered":"Miner\u0101li bez konfliktiem"},"content":{"rendered":"<div class=\"fusion-fullwidth fullwidth-box fusion-builder-row-1 fusion-flex-container has-pattern-background has-mask-background nonhundred-percent-fullwidth non-hundred-percent-height-scrolling\" style=\"--awb-border-radius-top-left:0px;--awb-border-radius-top-right:0px;--awb-border-radius-bottom-right:0px;--awb-border-radius-bottom-left:0px;--awb-background-image:linear-gradient(180deg, #0000 0%,#0000 100%);--awb-flex-wrap:wrap;\" ><div class=\"fusion-builder-row fusion-row fusion-flex-align-items-flex-start fusion-flex-content-wrap\" style=\"max-width:1248px;margin-left: calc(-4% \/ 2 );margin-right: calc(-4% \/ 2 );\"><div class=\"fusion-layout-column fusion_builder_column fusion-builder-column-0 fusion_builder_column_3_5 3_5 fusion-flex-column\" style=\"--awb-padding-left:60px;--awb-bg-size:cover;--awb-width-large:60%;--awb-margin-top-large:0px;--awb-spacing-right-large:3.2%;--awb-margin-bottom-large:0px;--awb-spacing-left-large:3.2%;--awb-width-medium:60%;--awb-order-medium:0;--awb-spacing-right-medium:3.2%;--awb-spacing-left-medium:3.2%;--awb-width-small:100%;--awb-order-small:0;--awb-spacing-right-small:1.92%;--awb-spacing-left-small:1.92%;\" data-scroll-devices=\"small-visibility,medium-visibility,large-visibility\"><div class=\"fusion-column-wrapper fusion-column-has-shadow fusion-flex-justify-content-flex-start fusion-content-layout-column\"><div class=\"fusion-text fusion-text-1\"><h1>Deklar\u0101cija par bezkonfliktu miner\u0101liem<\/h1>\n<p>\u201cKonfliktu miner\u0101li\u201d \u2014 2010. gada 21. j\u016blij\u0101 prezidents Obama parakst\u012bja likumu Doda-Franka Volstr\u012btas reformas un pat\u0113r\u0113t\u0101ju aizsardz\u012bbas likumu (Volstr\u012btas reformas likumu). \u0160\u012b ties\u012bbu akta sada\u013ca attiecas uz \u201ckonfliktu miner\u0101liem\u201d \u2014 zeltu (Au), tantalu (Ta), volframu (W), kobaltu (Co) un alvu (Sn) no raktuv\u0113m Kongo Demokr\u0101tisk\u0101s Republikas konflikta apgabalos ( KDR) un tai blakus eso\u0161\u0101s valstis, \u0161aj\u0101s kaimi\u0146valst\u012bs ietilpst; Ruanda, Uganda, Burundi, Tanz\u0101nija un Kenija.<\/p>\n<p>Zigong Cemented Carbide Co., Ltd. (ZGCC) un t\u0101 meitasuz\u0146\u0113mumi ir atbild\u012bgi uz\u0146\u0113mumi, kas lielu uzman\u012bbu piev\u0113r\u0161 savai soci\u0101lajai atbild\u012bbai. ZGCC stingri iev\u0113ro saist\u012bto politiku un noteikumus par miner\u0101liem bez konfliktiem. ZGCC ar\u012b veic pien\u0101c\u012bgu r\u016bp\u012bbu un pas\u0101kumus, lai l\u016bgtu visus savus pieg\u0101d\u0101t\u0101jus un to apak\u0161pieg\u0101d\u0101t\u0101jus izvair\u012bties no \u201ckonfliktu miner\u0101lu\u201d izmanto\u0161anas.<\/p>\n<p>Zigong Cemented Carbide Co. Ltd un Zigong International Marketing LCC iev\u0113ro visas Dodd-Frank Wall Street reformas pras\u012bbas, kas attiecas uz \u201ckonfliktu miner\u0101liem\u201d, un ra\u017eo produktus, kas ir \u201cKDR konflikti br\u012bvi\u201d.<\/p>\n<p class=\"translation-block\">Ja jums ir papildu jaut\u0101jumi vai dokument\u0101cija, <strong><a href=\"https:\/\/zim-llc.com\/contact-us\/\" target=\"_self\">sazinieties ar mums<\/a><\/strong> .<\/p>\n<\/div><\/div><\/div><div class=\"fusion-layout-column fusion_builder_column fusion-builder-column-1 fusion_builder_column_1_4 1_4 fusion-flex-column\" style=\"--awb-padding-left:60px;--awb-bg-size:cover;--awb-width-large:25%;--awb-margin-top-large:0px;--awb-spacing-right-large:7.68%;--awb-margin-bottom-large:0px;--awb-spacing-left-large:7.68%;--awb-width-medium:25%;--awb-order-medium:0;--awb-spacing-right-medium:7.68%;--awb-spacing-left-medium:7.68%;--awb-width-small:100%;--awb-order-small:0;--awb-spacing-right-small:1.92%;--awb-spacing-left-small:1.92%;\" data-scroll-devices=\"small-visibility,medium-visibility,large-visibility\"><div class=\"fusion-column-wrapper fusion-column-has-shadow fusion-flex-justify-content-flex-start fusion-content-layout-column\"><div class=\"fusion-separator fusion-full-width-sep\" style=\"align-self: center;margin-left: auto;margin-right: auto;margin-top:20px;margin-bottom:20px;width:100%;\"><\/div><div class=\"fusion-image-element\" style=\"text-align:center;--awb-margin-bottom:10px;--awb-caption-title-font-family:var(--h2_typography-font-family);--awb-caption-title-font-weight:var(--h2_typography-font-weight);--awb-caption-title-font-style:var(--h2_typography-font-style);--awb-caption-title-size:var(--h2_typography-font-size);--awb-caption-title-transform:var(--h2_typography-text-transform);--awb-caption-title-line-height:var(--h2_typography-line-height);--awb-caption-title-letter-spacing:var(--h2_typography-letter-spacing);\"><span class=\"fusion-imageframe imageframe-none imageframe-1 hover-type-zoomin fusion-animated\" data-animationtype=\"fadeInRight\" data-animationduration=\"0.5\" data-animationdelay=\"0.1\" data-animationoffset=\"top-into-view\"><img decoding=\"async\" width=\"300\" height=\"136\" title=\"ZIM logotips1\" src=\"https:\/\/zim-llc.com\/wp-content\/uploads\/2020\/06\/ZIM-Logo1-300x136.jpg\" alt class=\"img-responsive wp-image-2266\" srcset=\"https:\/\/zim.orangewallcreative.com\/wp-content\/uploads\/2020\/06\/ZIM-Logo1-300x136.jpg 300w, https:\/\/zim.orangewallcreative.com\/wp-content\/uploads\/2020\/06\/ZIM-Logo1.jpg 500w\" sizes=\"(max-width: 300px) 100vw, 300px\" \/><\/span><\/div><div class=\"fusion-text fusion-text-2\"><p><strong><a href=\"https:\/\/zim-llc.com\/wp-content\/uploads\/2017\/04\/DECLARATION-OF-CONFLICT-FREE-MINERALS1.pdf\">&gt; Lejupiel\u0101d\u0113t deklar\u0101ciju par konfliktu bezmaksas miner\u0101lu PDF failu<\/a><\/strong><\/p>\n<\/div><\/div><\/div><\/div><\/div>","protected":false},"excerpt":{"rendered":"","protected":false},"author":4,"featured_media":0,"parent":815,"menu_order":7,"comment_status":"closed","ping_status":"closed","template":"","meta":{"footnotes":""},"class_list":["post-3285","page","type-page","status-publish","hentry"],"yoast_head":"<!-- This site is optimized with the Yoast SEO plugin v26.8 - https:\/\/yoast.com\/product\/yoast-seo-wordpress\/ -->\n<title>Conflict-Free Minerals - Zigong International Marketing, LLC<\/title>\n<meta name=\"description\" content=\"ZGCC strictly follows the related policies and rules on \u201cConflict-Free\u201d minerals.\" \/>\n<meta name=\"robots\" content=\"index, follow, max-snippet:-1, max-image-preview:large, max-video-preview:-1\" \/>\n<link rel=\"canonical\" href=\"https:\/\/zim.orangewallcreative.com\/lv\/about\/conflict-free-minerals\/\" \/>\n<meta property=\"og:locale\" content=\"lv_LV\" \/>\n<meta property=\"og:type\" content=\"article\" \/>\n<meta property=\"og:title\" content=\"Conflict-Free Minerals - Zigong International Marketing, LLC\" \/>\n<meta property=\"og:description\" content=\"ZGCC strictly follows the related policies and rules on \u201cConflict-Free\u201d minerals.\" \/>\n<meta property=\"og:url\" content=\"https:\/\/zim.orangewallcreative.com\/lv\/about\/conflict-free-minerals\/\" \/>\n<meta property=\"og:site_name\" content=\"Zigong International Marketing, LLC\" \/>\n<meta property=\"article:modified_time\" content=\"2024-04-12T04:53:34+00:00\" \/>\n<meta name=\"twitter:card\" content=\"summary_large_image\" \/>\n<meta name=\"twitter:label1\" content=\"Est. reading time\" \/>\n\t<meta name=\"twitter:data1\" content=\"2 min\u016btes\" \/>\n<script type=\"application\/ld+json\" class=\"yoast-schema-graph\">{\"@context\":\"https:\/\/schema.org\",\"@graph\":[{\"@type\":\"WebPage\",\"@id\":\"https:\/\/zim.orangewallcreative.com\/de\/about\/conflict-free-minerals\/\",\"url\":\"https:\/\/zim.orangewallcreative.com\/de\/about\/conflict-free-minerals\/\",\"name\":\"Conflict-Free Minerals - Zigong International Marketing, LLC\",\"isPartOf\":{\"@id\":\"http:\/\/zim.orangewallcreative.com\/bg\/#website\"},\"datePublished\":\"2020-07-23T19:25:53+00:00\",\"dateModified\":\"2024-04-12T04:53:34+00:00\",\"description\":\"ZGCC strictly follows the related policies and rules on \u201cConflict-Free\u201d minerals.\",\"breadcrumb\":{\"@id\":\"https:\/\/zim.orangewallcreative.com\/de\/about\/conflict-free-minerals\/#breadcrumb\"},\"inLanguage\":\"lv-LV\",\"potentialAction\":[{\"@type\":\"ReadAction\",\"target\":[\"https:\/\/zim.orangewallcreative.com\/de\/about\/conflict-free-minerals\/\"]}]},{\"@type\":\"BreadcrumbList\",\"@id\":\"https:\/\/zim.orangewallcreative.com\/de\/about\/conflict-free-minerals\/#breadcrumb\",\"itemListElement\":[{\"@type\":\"ListItem\",\"position\":1,\"name\":\"Home\",\"item\":\"http:\/\/zim.orangewallcreative.com\/bg\/\"},{\"@type\":\"ListItem\",\"position\":2,\"name\":\"About\",\"item\":\"https:\/\/zim.orangewallcreative.com\/ku\/about\/\"},{\"@type\":\"ListItem\",\"position\":3,\"name\":\"Conflict-Free Minerals\"}]},{\"@type\":\"WebSite\",\"@id\":\"http:\/\/zim.orangewallcreative.com\/bg\/#website\",\"url\":\"http:\/\/zim.orangewallcreative.com\/bg\/\",\"name\":\"Zigong International Marketing, LLC\",\"description\":\"\",\"publisher\":{\"@id\":\"http:\/\/zim.orangewallcreative.com\/bg\/#organization\"},\"potentialAction\":[{\"@type\":\"SearchAction\",\"target\":{\"@type\":\"EntryPoint\",\"urlTemplate\":\"http:\/\/zim.orangewallcreative.com\/bg\/?s={search_term_string}\"},\"query-input\":{\"@type\":\"PropertyValueSpecification\",\"valueRequired\":true,\"valueName\":\"search_term_string\"}}],\"inLanguage\":\"lv-LV\"},{\"@type\":\"Organization\",\"@id\":\"http:\/\/zim.orangewallcreative.com\/bg\/#organization\",\"name\":\"Zigong International Marketing LLC\",\"url\":\"http:\/\/zim.orangewallcreative.com\/bg\/\",\"logo\":{\"@type\":\"ImageObject\",\"inLanguage\":\"lv-LV\",\"@id\":\"http:\/\/zim.orangewallcreative.com\/bg\/#\/schema\/logo\/image\/\",\"url\":\"https:\/\/zim-llc.com\/wp-content\/uploads\/2020\/06\/6-23-logo-c.jpg\",\"contentUrl\":\"https:\/\/zim-llc.com\/wp-content\/uploads\/2020\/06\/6-23-logo-c.jpg\",\"width\":201,\"height\":90,\"caption\":\"Zigong International Marketing LLC\"},\"image\":{\"@id\":\"http:\/\/zim.orangewallcreative.com\/bg\/#\/schema\/logo\/image\/\"}}]}<\/script>\n<!-- \/ Yoast SEO plugin. -->","yoast_head_json":{"title":"Conflict-Free Minerals - Zigong International Marketing, LLC","description":"ZGCC strictly follows the related policies and rules on \u201cConflict-Free\u201d minerals.","robots":{"index":"index","follow":"follow","max-snippet":"max-snippet:-1","max-image-preview":"max-image-preview:large","max-video-preview":"max-video-preview:-1"},"canonical":"https:\/\/zim.orangewallcreative.com\/lv\/about\/conflict-free-minerals\/","og_locale":"lv_LV","og_type":"article","og_title":"Conflict-Free Minerals - Zigong International Marketing, LLC","og_description":"ZGCC strictly follows the related policies and rules on \u201cConflict-Free\u201d minerals.","og_url":"https:\/\/zim.orangewallcreative.com\/lv\/about\/conflict-free-minerals\/","og_site_name":"Zigong International Marketing, LLC","article_modified_time":"2024-04-12T04:53:34+00:00","twitter_card":"summary_large_image","twitter_misc":{"Est. reading time":"2 min\u016btes"},"schema":{"@context":"https:\/\/schema.org","@graph":[{"@type":"WebPage","@id":"https:\/\/zim.orangewallcreative.com\/de\/about\/conflict-free-minerals\/","url":"https:\/\/zim.orangewallcreative.com\/de\/about\/conflict-free-minerals\/","name":"Conflict-Free Minerals - Zigong International Marketing, LLC","isPartOf":{"@id":"http:\/\/zim.orangewallcreative.com\/bg\/#website"},"datePublished":"2020-07-23T19:25:53+00:00","dateModified":"2024-04-12T04:53:34+00:00","description":"ZGCC strictly follows the related policies and rules on \u201cConflict-Free\u201d minerals.","breadcrumb":{"@id":"https:\/\/zim.orangewallcreative.com\/de\/about\/conflict-free-minerals\/#breadcrumb"},"inLanguage":"lv-LV","potentialAction":[{"@type":"ReadAction","target":["https:\/\/zim.orangewallcreative.com\/de\/about\/conflict-free-minerals\/"]}]},{"@type":"BreadcrumbList","@id":"https:\/\/zim.orangewallcreative.com\/de\/about\/conflict-free-minerals\/#breadcrumb","itemListElement":[{"@type":"ListItem","position":1,"name":"Home","item":"http:\/\/zim.orangewallcreative.com\/bg\/"},{"@type":"ListItem","position":2,"name":"About","item":"https:\/\/zim.orangewallcreative.com\/ku\/about\/"},{"@type":"ListItem","position":3,"name":"Conflict-Free Minerals"}]},{"@type":"WebSite","@id":"http:\/\/zim.orangewallcreative.com\/bg\/#website","url":"http:\/\/zim.orangewallcreative.com\/bg\/","name":"Zigong International Marketing, LLC","description":"","publisher":{"@id":"http:\/\/zim.orangewallcreative.com\/bg\/#organization"},"potentialAction":[{"@type":"SearchAction","target":{"@type":"EntryPoint","urlTemplate":"http:\/\/zim.orangewallcreative.com\/bg\/?s={search_term_string}"},"query-input":{"@type":"PropertyValueSpecification","valueRequired":true,"valueName":"search_term_string"}}],"inLanguage":"lv-LV"},{"@type":"Organization","@id":"http:\/\/zim.orangewallcreative.com\/bg\/#organization","name":"Zigong International Marketing LLC","url":"http:\/\/zim.orangewallcreative.com\/bg\/","logo":{"@type":"ImageObject","inLanguage":"lv-LV","@id":"http:\/\/zim.orangewallcreative.com\/bg\/#\/schema\/logo\/image\/","url":"https:\/\/zim-llc.com\/wp-content\/uploads\/2020\/06\/6-23-logo-c.jpg","contentUrl":"https:\/\/zim-llc.com\/wp-content\/uploads\/2020\/06\/6-23-logo-c.jpg","width":201,"height":90,"caption":"Zigong International Marketing LLC"},"image":{"@id":"http:\/\/zim.orangewallcreative.com\/bg\/#\/schema\/logo\/image\/"}}]}},"_links":{"self":[{"href":"https:\/\/zim.orangewallcreative.com\/lv\/wp-json\/wp\/v2\/pages\/3285","targetHints":{"allow":["GET"]}}],"collection":[{"href":"https:\/\/zim.orangewallcreative.com\/lv\/wp-json\/wp\/v2\/pages"}],"about":[{"href":"https:\/\/zim.orangewallcreative.com\/lv\/wp-json\/wp\/v2\/types\/page"}],"author":[{"embeddable":true,"href":"https:\/\/zim.orangewallcreative.com\/lv\/wp-json\/wp\/v2\/users\/4"}],"replies":[{"embeddable":true,"href":"https:\/\/zim.orangewallcreative.com\/lv\/wp-json\/wp\/v2\/comments?post=3285"}],"version-history":[{"count":0,"href":"https:\/\/zim.orangewallcreative.com\/lv\/wp-json\/wp\/v2\/pages\/3285\/revisions"}],"up":[{"embeddable":true,"href":"https:\/\/zim.orangewallcreative.com\/lv\/wp-json\/wp\/v2\/pages\/815"}],"wp:attachment":[{"href":"https:\/\/zim.orangewallcreative.com\/lv\/wp-json\/wp\/v2\/media?parent=3285"}],"curies":[{"name":"wp","href":"https:\/\/api.w.org\/{rel}","templated":true}]}}