{"id":1258,"date":"2020-06-30T16:21:58","date_gmt":"2020-06-30T16:21:58","guid":{"rendered":"https:\/\/zimllc.wpengine.com\/?page_id=1258"},"modified":"2024-08-27T18:57:35","modified_gmt":"2024-08-27T18:57:35","slug":"cemented-carbide-for-mining-2","status":"publish","type":"page","link":"https:\/\/zim.orangewallcreative.com\/ro\/cemented-carbides\/cemented-carbide-for-mining-2\/","title":{"rendered":"Inser\u021bii din carbur\u0103 cimentat\u0103 pentru minerit"},"content":{"rendered":"<div class=\"fusion-fullwidth fullwidth-box fusion-builder-row-1 fusion-flex-container has-pattern-background has-mask-background nonhundred-percent-fullwidth non-hundred-percent-height-scrolling\" style=\"--awb-border-radius-top-left:0px;--awb-border-radius-top-right:0px;--awb-border-radius-bottom-right:0px;--awb-border-radius-bottom-left:0px;--awb-padding-right:0px;--awb-padding-left:60px;--awb-background-image:linear-gradient(180deg, #0000 0%,#0000 100%);--awb-flex-wrap:wrap;\" ><div class=\"fusion-builder-row fusion-row fusion-flex-align-items-flex-start fusion-flex-content-wrap\" style=\"max-width:1248px;margin-left: calc(-4% \/ 2 );margin-right: calc(-4% \/ 2 );\"><div class=\"fusion-layout-column fusion_builder_column fusion-builder-column-0 fusion_builder_column_2_3 2_3 fusion-flex-column\" style=\"--awb-bg-size:cover;--awb-width-large:66.666666666667%;--awb-margin-top-large:0px;--awb-spacing-right-large:2.88%;--awb-margin-bottom-large:0px;--awb-spacing-left-large:2.88%;--awb-width-medium:66.666666666667%;--awb-order-medium:0;--awb-spacing-right-medium:2.88%;--awb-spacing-left-medium:2.88%;--awb-width-small:100%;--awb-order-small:0;--awb-spacing-right-small:1.92%;--awb-spacing-left-small:1.92%;\" data-scroll-devices=\"small-visibility,medium-visibility,large-visibility\"><div class=\"fusion-column-wrapper fusion-column-has-shadow fusion-flex-justify-content-flex-start fusion-content-layout-column\"><div class=\"fusion-text fusion-text-1\"><h1>Inser\u021bii din carbur\u0103 cimentat\u0103 pentru minerit<\/h1>\n<p>Carburele de tungsten sunt extrase \u00een principal pentru fabricarea diverselor instrumente de minerit \u0219i de construc\u021bie. Sunt utilizate pe scar\u0103 larg\u0103 \u00een minerit, construc\u021bii de inginerie, construc\u021bie de drumuri \u0219i multe alte domenii.<\/p>\n<p><strong>Sfaturi de carbur\u0103 pentru frezare:<\/strong><\/p>\n<p>Acest tip de v\u00e2rfuri sunt folosite pentru t\u0103ierea \u0219i frezarea rocii cu consum mare.<br \/>\n\u2022 V\u00e2rfuri din carbur\u0103 pentru frezarea drumurilor<br \/>\n\u2022 V\u00e2rfuri din carbur\u0103 pentru tachelaj de foraj rotativ<br \/>\n\u2022 V\u00e2rfuri de carbur\u0103 pentru exploatarea c\u0103rbunelui<br \/>\n\u2022 V\u00e2rfuri din carbur\u0103 pentru tuneluri<br \/>\n\u2022 V\u00e2rfuri din carbur\u0103 pentru \u0219an\u021buri<\/p>\n<p><strong>Sfaturi din carbur\u0103 pentru g\u0103urire:<\/strong><\/p>\n<p>Acest tip de v\u00e2rfuri sunt folosite cu un impactor pentru a g\u0103uri g\u0103uri \u00een roc\u0103.<br \/>\n\u2022 V\u00e2rfuri din carbur\u0103 pentru g\u0103urirea \u00een roc\u0103<br \/>\n\u2022 V\u00e2rfuri din carbur\u0103 pentru foraj<br \/>\n\u2022 V\u00e2rfuri din carbur\u0103 pentru bi\u021bi tri-con<br \/>\n\u2022 V\u00e2rfuri din carbur\u0103 pentru burghie pentru roc\u0103<br \/>\n\u2022 V\u00e2rfuri din carbur\u0103 pentru burghii tri-con de foraj ulei<\/p>\n<p><strong>substrat de diamant<\/strong><br \/>\n\u2022 V\u00e2rfuri de carbur\u0103 pentru prospectare geologic\u0103<\/p>\n<\/div><\/div><\/div><div class=\"fusion-layout-column fusion_builder_column fusion-builder-column-1 fusion_builder_column_1_4 1_4 fusion-flex-column\" style=\"--awb-bg-size:cover;--awb-width-large:25%;--awb-margin-top-large:0px;--awb-spacing-right-large:7.68%;--awb-margin-bottom-large:0px;--awb-spacing-left-large:7.68%;--awb-width-medium:25%;--awb-order-medium:0;--awb-spacing-right-medium:7.68%;--awb-spacing-left-medium:7.68%;--awb-width-small:100%;--awb-order-small:0;--awb-spacing-right-small:1.92%;--awb-spacing-left-small:1.92%;\" data-scroll-devices=\"small-visibility,medium-visibility,large-visibility\"><div class=\"fusion-column-wrapper fusion-column-has-shadow fusion-flex-justify-content-flex-start fusion-content-layout-column\"><div class=\"fusion-separator fusion-full-width-sep\" style=\"align-self: center;margin-left: auto;margin-right: auto;margin-bottom:20px;width:100%;\"><\/div><div class=\"fusion-text fusion-text-2\">\n\t\t<div id=\"wppdfemb-frame-container-0\" style=\"-webkit-overflow-scrolling:auto;\">\n\t\t\t<iframe src=\"https:\/\/zim.orangewallcreative.com\/ro\/?url=https:\/\/zim-llc.com\/wp-content\/uploads\/2024\/04\/Mining-Carbide-2016.pdf&#038;toolbarfixed=on&#038;index=1&#038;pdfID=0\"\n\t\t\t\tid=\"wppdf-emb-iframe-0\"\n\t\t\t\tdata-pdf-index=\"1\"\n\t\t\t\tclass=\"pdfembed-iframe nonfullscreen\"\n\t\t\t\tstyle=\"border:none;width:100%;max-width:250px;min-height:350px\"\n\t\t\t\tscrolling=\"yes\">\n\t\t\t<\/iframe>\n\t\t<\/div>\n\n\t\t\n<\/div><\/div><\/div><\/div><\/div>","protected":false},"excerpt":{"rendered":"","protected":false},"author":4,"featured_media":0,"parent":873,"menu_order":4,"comment_status":"closed","ping_status":"closed","template":"","meta":{"footnotes":""},"class_list":["post-1258","page","type-page","status-publish","hentry"],"yoast_head":"<!-- This site is optimized with the Yoast SEO plugin v26.8 - https:\/\/yoast.com\/product\/yoast-seo-wordpress\/ -->\n<title>Cemented Carbide Inserts for Mining - Zigong International Marketing, LLC<\/title>\n<meta name=\"description\" content=\"Tungsten Carbides are mainly mined for making various mining and construction tools.\" \/>\n<meta name=\"robots\" content=\"index, follow, max-snippet:-1, max-image-preview:large, max-video-preview:-1\" \/>\n<link rel=\"canonical\" href=\"http:\/\/zim.orangewallcreative.com\/ro\/cemented-carbides\/cemented-carbide-for-mining-2\/\" \/>\n<meta property=\"og:locale\" content=\"ro_RO\" \/>\n<meta property=\"og:type\" content=\"article\" \/>\n<meta property=\"og:title\" content=\"Cemented Carbide Inserts for Mining - Zigong International Marketing, LLC\" \/>\n<meta property=\"og:description\" content=\"Tungsten Carbides are mainly mined for making various mining and construction tools.\" \/>\n<meta property=\"og:url\" content=\"http:\/\/zim.orangewallcreative.com\/ro\/cemented-carbides\/cemented-carbide-for-mining-2\/\" \/>\n<meta property=\"og:site_name\" content=\"Zigong International Marketing, LLC\" \/>\n<meta property=\"article:modified_time\" content=\"2024-08-27T18:57:35+00:00\" \/>\n<meta name=\"twitter:card\" content=\"summary_large_image\" \/>\n<meta name=\"twitter:label1\" content=\"Timp estimat pentru citire\" \/>\n\t<meta name=\"twitter:data1\" content=\"1 minut\" \/>\n<script type=\"application\/ld+json\" class=\"yoast-schema-graph\">{\"@context\":\"https:\/\/schema.org\",\"@graph\":[{\"@type\":\"WebPage\",\"@id\":\"http:\/\/zim.orangewallcreative.com\/fi\/cemented-carbides\/cemented-carbide-for-mining-2\/\",\"url\":\"http:\/\/zim.orangewallcreative.com\/fi\/cemented-carbides\/cemented-carbide-for-mining-2\/\",\"name\":\"Cemented Carbide Inserts for Mining - Zigong International Marketing, LLC\",\"isPartOf\":{\"@id\":\"http:\/\/zim.orangewallcreative.com\/bg\/#website\"},\"datePublished\":\"2020-06-30T16:21:58+00:00\",\"dateModified\":\"2024-08-27T18:57:35+00:00\",\"description\":\"Tungsten Carbides are mainly mined for making various mining and construction tools.\",\"breadcrumb\":{\"@id\":\"http:\/\/zim.orangewallcreative.com\/fi\/cemented-carbides\/cemented-carbide-for-mining-2\/#breadcrumb\"},\"inLanguage\":\"ro-RO\",\"potentialAction\":[{\"@type\":\"ReadAction\",\"target\":[\"http:\/\/zim.orangewallcreative.com\/fi\/cemented-carbides\/cemented-carbide-for-mining-2\/\"]}]},{\"@type\":\"BreadcrumbList\",\"@id\":\"http:\/\/zim.orangewallcreative.com\/fi\/cemented-carbides\/cemented-carbide-for-mining-2\/#breadcrumb\",\"itemListElement\":[{\"@type\":\"ListItem\",\"position\":1,\"name\":\"Home\",\"item\":\"http:\/\/zim.orangewallcreative.com\/bg\/\"},{\"@type\":\"ListItem\",\"position\":2,\"name\":\"Cemented Carbides\",\"item\":\"http:\/\/zim.orangewallcreative.com\/ca\/cemented-carbides\/\"},{\"@type\":\"ListItem\",\"position\":3,\"name\":\"Cemented Carbide Inserts for Mining\"}]},{\"@type\":\"WebSite\",\"@id\":\"http:\/\/zim.orangewallcreative.com\/bg\/#website\",\"url\":\"http:\/\/zim.orangewallcreative.com\/bg\/\",\"name\":\"Zigong International Marketing, LLC\",\"description\":\"\",\"publisher\":{\"@id\":\"http:\/\/zim.orangewallcreative.com\/bg\/#organization\"},\"potentialAction\":[{\"@type\":\"SearchAction\",\"target\":{\"@type\":\"EntryPoint\",\"urlTemplate\":\"http:\/\/zim.orangewallcreative.com\/bg\/?s={search_term_string}\"},\"query-input\":{\"@type\":\"PropertyValueSpecification\",\"valueRequired\":true,\"valueName\":\"search_term_string\"}}],\"inLanguage\":\"ro-RO\"},{\"@type\":\"Organization\",\"@id\":\"http:\/\/zim.orangewallcreative.com\/bg\/#organization\",\"name\":\"Zigong International Marketing LLC\",\"url\":\"http:\/\/zim.orangewallcreative.com\/bg\/\",\"logo\":{\"@type\":\"ImageObject\",\"inLanguage\":\"ro-RO\",\"@id\":\"http:\/\/zim.orangewallcreative.com\/bg\/#\/schema\/logo\/image\/\",\"url\":\"https:\/\/zim-llc.com\/wp-content\/uploads\/2020\/06\/6-23-logo-c.jpg\",\"contentUrl\":\"https:\/\/zim-llc.com\/wp-content\/uploads\/2020\/06\/6-23-logo-c.jpg\",\"width\":201,\"height\":90,\"caption\":\"Zigong International Marketing LLC\"},\"image\":{\"@id\":\"http:\/\/zim.orangewallcreative.com\/bg\/#\/schema\/logo\/image\/\"}}]}<\/script>\n<!-- \/ Yoast SEO plugin. -->","yoast_head_json":{"title":"Cemented Carbide Inserts for Mining - Zigong International Marketing, LLC","description":"Tungsten Carbides are mainly mined for making various mining and construction tools.","robots":{"index":"index","follow":"follow","max-snippet":"max-snippet:-1","max-image-preview":"max-image-preview:large","max-video-preview":"max-video-preview:-1"},"canonical":"http:\/\/zim.orangewallcreative.com\/ro\/cemented-carbides\/cemented-carbide-for-mining-2\/","og_locale":"ro_RO","og_type":"article","og_title":"Cemented Carbide Inserts for Mining - Zigong International Marketing, LLC","og_description":"Tungsten Carbides are mainly mined for making various mining and construction tools.","og_url":"http:\/\/zim.orangewallcreative.com\/ro\/cemented-carbides\/cemented-carbide-for-mining-2\/","og_site_name":"Zigong International Marketing, LLC","article_modified_time":"2024-08-27T18:57:35+00:00","twitter_card":"summary_large_image","twitter_misc":{"Timp estimat pentru citire":"1 minut"},"schema":{"@context":"https:\/\/schema.org","@graph":[{"@type":"WebPage","@id":"http:\/\/zim.orangewallcreative.com\/fi\/cemented-carbides\/cemented-carbide-for-mining-2\/","url":"http:\/\/zim.orangewallcreative.com\/fi\/cemented-carbides\/cemented-carbide-for-mining-2\/","name":"Cemented Carbide Inserts for Mining - Zigong International Marketing, LLC","isPartOf":{"@id":"http:\/\/zim.orangewallcreative.com\/bg\/#website"},"datePublished":"2020-06-30T16:21:58+00:00","dateModified":"2024-08-27T18:57:35+00:00","description":"Tungsten Carbides are mainly mined for making various mining and construction tools.","breadcrumb":{"@id":"http:\/\/zim.orangewallcreative.com\/fi\/cemented-carbides\/cemented-carbide-for-mining-2\/#breadcrumb"},"inLanguage":"ro-RO","potentialAction":[{"@type":"ReadAction","target":["http:\/\/zim.orangewallcreative.com\/fi\/cemented-carbides\/cemented-carbide-for-mining-2\/"]}]},{"@type":"BreadcrumbList","@id":"http:\/\/zim.orangewallcreative.com\/fi\/cemented-carbides\/cemented-carbide-for-mining-2\/#breadcrumb","itemListElement":[{"@type":"ListItem","position":1,"name":"Home","item":"http:\/\/zim.orangewallcreative.com\/bg\/"},{"@type":"ListItem","position":2,"name":"Cemented Carbides","item":"http:\/\/zim.orangewallcreative.com\/ca\/cemented-carbides\/"},{"@type":"ListItem","position":3,"name":"Cemented Carbide Inserts for Mining"}]},{"@type":"WebSite","@id":"http:\/\/zim.orangewallcreative.com\/bg\/#website","url":"http:\/\/zim.orangewallcreative.com\/bg\/","name":"Zigong International Marketing, LLC","description":"","publisher":{"@id":"http:\/\/zim.orangewallcreative.com\/bg\/#organization"},"potentialAction":[{"@type":"SearchAction","target":{"@type":"EntryPoint","urlTemplate":"http:\/\/zim.orangewallcreative.com\/bg\/?s={search_term_string}"},"query-input":{"@type":"PropertyValueSpecification","valueRequired":true,"valueName":"search_term_string"}}],"inLanguage":"ro-RO"},{"@type":"Organization","@id":"http:\/\/zim.orangewallcreative.com\/bg\/#organization","name":"Zigong International Marketing LLC","url":"http:\/\/zim.orangewallcreative.com\/bg\/","logo":{"@type":"ImageObject","inLanguage":"ro-RO","@id":"http:\/\/zim.orangewallcreative.com\/bg\/#\/schema\/logo\/image\/","url":"https:\/\/zim-llc.com\/wp-content\/uploads\/2020\/06\/6-23-logo-c.jpg","contentUrl":"https:\/\/zim-llc.com\/wp-content\/uploads\/2020\/06\/6-23-logo-c.jpg","width":201,"height":90,"caption":"Zigong International Marketing LLC"},"image":{"@id":"http:\/\/zim.orangewallcreative.com\/bg\/#\/schema\/logo\/image\/"}}]}},"_links":{"self":[{"href":"https:\/\/zim.orangewallcreative.com\/ro\/wp-json\/wp\/v2\/pages\/1258","targetHints":{"allow":["GET"]}}],"collection":[{"href":"https:\/\/zim.orangewallcreative.com\/ro\/wp-json\/wp\/v2\/pages"}],"about":[{"href":"https:\/\/zim.orangewallcreative.com\/ro\/wp-json\/wp\/v2\/types\/page"}],"author":[{"embeddable":true,"href":"https:\/\/zim.orangewallcreative.com\/ro\/wp-json\/wp\/v2\/users\/4"}],"replies":[{"embeddable":true,"href":"https:\/\/zim.orangewallcreative.com\/ro\/wp-json\/wp\/v2\/comments?post=1258"}],"version-history":[{"count":0,"href":"https:\/\/zim.orangewallcreative.com\/ro\/wp-json\/wp\/v2\/pages\/1258\/revisions"}],"up":[{"embeddable":true,"href":"https:\/\/zim.orangewallcreative.com\/ro\/wp-json\/wp\/v2\/pages\/873"}],"wp:attachment":[{"href":"https:\/\/zim.orangewallcreative.com\/ro\/wp-json\/wp\/v2\/media?parent=1258"}],"curies":[{"name":"wp","href":"https:\/\/api.w.org\/{rel}","templated":true}]}}