{"id":1162,"date":"2017-06-27T15:34:17","date_gmt":"2017-06-27T15:34:17","guid":{"rendered":"https:\/\/zimllc.wpengine.com\/?page_id=1162"},"modified":"2024-04-12T03:39:10","modified_gmt":"2024-04-12T03:39:10","slug":"credentials","status":"publish","type":"page","link":"https:\/\/zim.orangewallcreative.com\/sk\/about\/credentials\/","title":{"rendered":"Na\u0161e poverenia"},"content":{"rendered":"<div class=\"fusion-fullwidth fullwidth-box fusion-builder-row-1 fusion-flex-container has-pattern-background has-mask-background nonhundred-percent-fullwidth non-hundred-percent-height-scrolling\" style=\"--awb-border-radius-top-left:0px;--awb-border-radius-top-right:0px;--awb-border-radius-bottom-right:0px;--awb-border-radius-bottom-left:0px;--awb-background-image:linear-gradient(180deg, #0000 0%,#0000 100%);--awb-flex-wrap:wrap;\" ><div class=\"fusion-builder-row fusion-row fusion-flex-align-items-flex-start fusion-flex-content-wrap\" style=\"max-width:1248px;margin-left: calc(-4% \/ 2 );margin-right: calc(-4% \/ 2 );\"><div class=\"fusion-layout-column fusion_builder_column fusion-builder-column-0 fusion_builder_column_4_5 4_5 fusion-flex-column\" style=\"--awb-padding-left:60px;--awb-bg-size:cover;--awb-width-large:80%;--awb-margin-top-large:0px;--awb-spacing-right-large:2.4%;--awb-margin-bottom-large:0px;--awb-spacing-left-large:2.4%;--awb-width-medium:80%;--awb-order-medium:0;--awb-spacing-right-medium:2.4%;--awb-spacing-left-medium:2.4%;--awb-width-small:100%;--awb-order-small:0;--awb-spacing-right-small:1.92%;--awb-spacing-left-small:1.92%;\" data-scroll-devices=\"small-visibility,medium-visibility,large-visibility\"><div class=\"fusion-column-wrapper fusion-column-has-shadow fusion-flex-justify-content-flex-start fusion-content-layout-column\"><div class=\"fusion-text fusion-text-1\"><h1>Na\u0161e poverenia<\/h1>\n<p>ZGCC je \u0161t\u00e1tom hodnoten\u00e1 high-tech spolo\u010dnos\u0165 s postdoktorandsk\u00fdm vedeck\u00fdm v\u00fdskumn\u00fdm pracoviskom. V spolo\u010dnosti s\u00fa tri centr\u00e1 v\u00fdskumu a v\u00fdvoja, jedno pre slinut\u00e9 karbidy, jedno pre tvrdon\u00e1varov\u00e9 materi\u00e1ly a druh\u00e9 pre v\u00fdrobky z volfr\u00e1mu a molybd\u00e9nu. Na\u0161e testy kvality a analytick\u00fd syst\u00e9m u\u017e bol certifikovan\u00fd CNAS.<\/p>\n<p>ZGCC spolupracuje s vysoko uzn\u00e1van\u00fdmi univerzitami a v\u00fdskumn\u00fdmi \u00fastavmi. N\u00e1\u0161 siln\u00fd t\u00edm v\u00fdskumu a v\u00fdvoja s viac ako stovkou odborn\u00fdch a technick\u00fdch konzultantov pozost\u00e1va zo \u0161pecializovan\u00fdch odborn\u00edkov vr\u00e1tane absolventov \u010c\u00ednskej in\u017einierskej akad\u00e9mie.<\/p>\n<p>Vyv\u00edjame a h\u013ead\u00e1me nov\u00e9 materi\u00e1ly na zlep\u0161enie kvality produktov a nov\u00e9 met\u00f3dy spracovania s cie\u013eom maximalizova\u0165 v\u00fdkon obr\u00e1bania, minimalizova\u0165 \u010das spracovania a zn\u00ed\u017ei\u0165 n\u00e1klady.<\/p>\n<p>Z\u00edskali sme granty od provin\u010dnej vl\u00e1dy a ministerstiev na vedeck\u00fd v\u00fdskum, ako aj viac ako sto autorizovan\u00fdch patentov.<\/p>\n<\/div><\/div><\/div><\/div><\/div>","protected":false},"excerpt":{"rendered":"","protected":false},"author":4,"featured_media":0,"parent":815,"menu_order":5,"comment_status":"closed","ping_status":"closed","template":"","meta":{"footnotes":""},"class_list":["post-1162","page","type-page","status-publish","hentry"],"yoast_head":"<!-- This site is optimized with the Yoast SEO plugin v26.8 - https:\/\/yoast.com\/product\/yoast-seo-wordpress\/ -->\n<title>Our Credentials - Zigong International Marketing, LLC<\/title>\n<meta name=\"description\" content=\"ZGCC is a state-ranked high-tech company with a postdoctoral scientific research workstation. Three R &amp; D centers in company.\" \/>\n<meta name=\"robots\" content=\"index, follow, max-snippet:-1, max-image-preview:large, max-video-preview:-1\" \/>\n<link rel=\"canonical\" href=\"http:\/\/zim.orangewallcreative.com\/sk\/about\/credentials\/\" \/>\n<meta property=\"og:locale\" content=\"sk_SK\" \/>\n<meta property=\"og:type\" content=\"article\" \/>\n<meta property=\"og:title\" content=\"Our Credentials - Zigong International Marketing, LLC\" \/>\n<meta property=\"og:description\" content=\"ZGCC is a state-ranked high-tech company with a postdoctoral scientific research workstation. Three R &amp; D centers in company.\" \/>\n<meta property=\"og:url\" content=\"http:\/\/zim.orangewallcreative.com\/sk\/about\/credentials\/\" \/>\n<meta property=\"og:site_name\" content=\"Zigong International Marketing, LLC\" \/>\n<meta property=\"article:modified_time\" content=\"2024-04-12T03:39:10+00:00\" \/>\n<meta name=\"twitter:card\" content=\"summary_large_image\" \/>\n<meta name=\"twitter:label1\" content=\"Predpokladan\u00fd \u010das \u010d\u00edtania\" \/>\n\t<meta name=\"twitter:data1\" content=\"1 min\u00fata\" \/>\n<script type=\"application\/ld+json\" class=\"yoast-schema-graph\">{\"@context\":\"https:\/\/schema.org\",\"@graph\":[{\"@type\":\"WebPage\",\"@id\":\"http:\/\/zim.orangewallcreative.com\/gl\/about\/credentials\/\",\"url\":\"http:\/\/zim.orangewallcreative.com\/gl\/about\/credentials\/\",\"name\":\"Our Credentials - Zigong International Marketing, LLC\",\"isPartOf\":{\"@id\":\"http:\/\/zim.orangewallcreative.com\/bg\/#website\"},\"datePublished\":\"2017-06-27T15:34:17+00:00\",\"dateModified\":\"2024-04-12T03:39:10+00:00\",\"description\":\"ZGCC is a state-ranked high-tech company with a postdoctoral scientific research workstation. Three R & D centers in company.\",\"breadcrumb\":{\"@id\":\"http:\/\/zim.orangewallcreative.com\/gl\/about\/credentials\/#breadcrumb\"},\"inLanguage\":\"sk-SK\",\"potentialAction\":[{\"@type\":\"ReadAction\",\"target\":[\"http:\/\/zim.orangewallcreative.com\/gl\/about\/credentials\/\"]}]},{\"@type\":\"BreadcrumbList\",\"@id\":\"http:\/\/zim.orangewallcreative.com\/gl\/about\/credentials\/#breadcrumb\",\"itemListElement\":[{\"@type\":\"ListItem\",\"position\":1,\"name\":\"Home\",\"item\":\"http:\/\/zim.orangewallcreative.com\/bg\/\"},{\"@type\":\"ListItem\",\"position\":2,\"name\":\"About\",\"item\":\"https:\/\/zim.orangewallcreative.com\/ku\/about\/\"},{\"@type\":\"ListItem\",\"position\":3,\"name\":\"Our Credentials\"}]},{\"@type\":\"WebSite\",\"@id\":\"http:\/\/zim.orangewallcreative.com\/bg\/#website\",\"url\":\"http:\/\/zim.orangewallcreative.com\/bg\/\",\"name\":\"Zigong International Marketing, LLC\",\"description\":\"\",\"publisher\":{\"@id\":\"http:\/\/zim.orangewallcreative.com\/bg\/#organization\"},\"potentialAction\":[{\"@type\":\"SearchAction\",\"target\":{\"@type\":\"EntryPoint\",\"urlTemplate\":\"http:\/\/zim.orangewallcreative.com\/bg\/?s={search_term_string}\"},\"query-input\":{\"@type\":\"PropertyValueSpecification\",\"valueRequired\":true,\"valueName\":\"search_term_string\"}}],\"inLanguage\":\"sk-SK\"},{\"@type\":\"Organization\",\"@id\":\"http:\/\/zim.orangewallcreative.com\/bg\/#organization\",\"name\":\"Zigong International Marketing LLC\",\"url\":\"http:\/\/zim.orangewallcreative.com\/bg\/\",\"logo\":{\"@type\":\"ImageObject\",\"inLanguage\":\"sk-SK\",\"@id\":\"http:\/\/zim.orangewallcreative.com\/bg\/#\/schema\/logo\/image\/\",\"url\":\"https:\/\/zim-llc.com\/wp-content\/uploads\/2020\/06\/6-23-logo-c.jpg\",\"contentUrl\":\"https:\/\/zim-llc.com\/wp-content\/uploads\/2020\/06\/6-23-logo-c.jpg\",\"width\":201,\"height\":90,\"caption\":\"Zigong International Marketing LLC\"},\"image\":{\"@id\":\"http:\/\/zim.orangewallcreative.com\/bg\/#\/schema\/logo\/image\/\"}}]}<\/script>\n<!-- \/ Yoast SEO plugin. -->","yoast_head_json":{"title":"Our Credentials - Zigong International Marketing, LLC","description":"ZGCC is a state-ranked high-tech company with a postdoctoral scientific research workstation. Three R & D centers in company.","robots":{"index":"index","follow":"follow","max-snippet":"max-snippet:-1","max-image-preview":"max-image-preview:large","max-video-preview":"max-video-preview:-1"},"canonical":"http:\/\/zim.orangewallcreative.com\/sk\/about\/credentials\/","og_locale":"sk_SK","og_type":"article","og_title":"Our Credentials - Zigong International Marketing, LLC","og_description":"ZGCC is a state-ranked high-tech company with a postdoctoral scientific research workstation. Three R & D centers in company.","og_url":"http:\/\/zim.orangewallcreative.com\/sk\/about\/credentials\/","og_site_name":"Zigong International Marketing, LLC","article_modified_time":"2024-04-12T03:39:10+00:00","twitter_card":"summary_large_image","twitter_misc":{"Predpokladan\u00fd \u010das \u010d\u00edtania":"1 min\u00fata"},"schema":{"@context":"https:\/\/schema.org","@graph":[{"@type":"WebPage","@id":"http:\/\/zim.orangewallcreative.com\/gl\/about\/credentials\/","url":"http:\/\/zim.orangewallcreative.com\/gl\/about\/credentials\/","name":"Our Credentials - Zigong International Marketing, LLC","isPartOf":{"@id":"http:\/\/zim.orangewallcreative.com\/bg\/#website"},"datePublished":"2017-06-27T15:34:17+00:00","dateModified":"2024-04-12T03:39:10+00:00","description":"ZGCC is a state-ranked high-tech company with a postdoctoral scientific research workstation. Three R & D centers in company.","breadcrumb":{"@id":"http:\/\/zim.orangewallcreative.com\/gl\/about\/credentials\/#breadcrumb"},"inLanguage":"sk-SK","potentialAction":[{"@type":"ReadAction","target":["http:\/\/zim.orangewallcreative.com\/gl\/about\/credentials\/"]}]},{"@type":"BreadcrumbList","@id":"http:\/\/zim.orangewallcreative.com\/gl\/about\/credentials\/#breadcrumb","itemListElement":[{"@type":"ListItem","position":1,"name":"Home","item":"http:\/\/zim.orangewallcreative.com\/bg\/"},{"@type":"ListItem","position":2,"name":"About","item":"https:\/\/zim.orangewallcreative.com\/ku\/about\/"},{"@type":"ListItem","position":3,"name":"Our Credentials"}]},{"@type":"WebSite","@id":"http:\/\/zim.orangewallcreative.com\/bg\/#website","url":"http:\/\/zim.orangewallcreative.com\/bg\/","name":"Zigong International Marketing, LLC","description":"","publisher":{"@id":"http:\/\/zim.orangewallcreative.com\/bg\/#organization"},"potentialAction":[{"@type":"SearchAction","target":{"@type":"EntryPoint","urlTemplate":"http:\/\/zim.orangewallcreative.com\/bg\/?s={search_term_string}"},"query-input":{"@type":"PropertyValueSpecification","valueRequired":true,"valueName":"search_term_string"}}],"inLanguage":"sk-SK"},{"@type":"Organization","@id":"http:\/\/zim.orangewallcreative.com\/bg\/#organization","name":"Zigong International Marketing LLC","url":"http:\/\/zim.orangewallcreative.com\/bg\/","logo":{"@type":"ImageObject","inLanguage":"sk-SK","@id":"http:\/\/zim.orangewallcreative.com\/bg\/#\/schema\/logo\/image\/","url":"https:\/\/zim-llc.com\/wp-content\/uploads\/2020\/06\/6-23-logo-c.jpg","contentUrl":"https:\/\/zim-llc.com\/wp-content\/uploads\/2020\/06\/6-23-logo-c.jpg","width":201,"height":90,"caption":"Zigong International Marketing LLC"},"image":{"@id":"http:\/\/zim.orangewallcreative.com\/bg\/#\/schema\/logo\/image\/"}}]}},"_links":{"self":[{"href":"https:\/\/zim.orangewallcreative.com\/sk\/wp-json\/wp\/v2\/pages\/1162","targetHints":{"allow":["GET"]}}],"collection":[{"href":"https:\/\/zim.orangewallcreative.com\/sk\/wp-json\/wp\/v2\/pages"}],"about":[{"href":"https:\/\/zim.orangewallcreative.com\/sk\/wp-json\/wp\/v2\/types\/page"}],"author":[{"embeddable":true,"href":"https:\/\/zim.orangewallcreative.com\/sk\/wp-json\/wp\/v2\/users\/4"}],"replies":[{"embeddable":true,"href":"https:\/\/zim.orangewallcreative.com\/sk\/wp-json\/wp\/v2\/comments?post=1162"}],"version-history":[{"count":0,"href":"https:\/\/zim.orangewallcreative.com\/sk\/wp-json\/wp\/v2\/pages\/1162\/revisions"}],"up":[{"embeddable":true,"href":"https:\/\/zim.orangewallcreative.com\/sk\/wp-json\/wp\/v2\/pages\/815"}],"wp:attachment":[{"href":"https:\/\/zim.orangewallcreative.com\/sk\/wp-json\/wp\/v2\/media?parent=1162"}],"curies":[{"name":"wp","href":"https:\/\/api.w.org\/{rel}","templated":true}]}}