{"id":4495,"date":"2023-10-31T22:58:58","date_gmt":"2023-10-31T22:58:58","guid":{"rendered":"https:\/\/zimllc.wpengine.com\/?page_id=4495"},"modified":"2024-05-16T17:03:06","modified_gmt":"2024-05-16T17:03:06","slug":"mining-and-road-milling-bits","status":"publish","type":"page","link":"https:\/\/zim.orangewallcreative.com\/sk\/mining-and-road-milling-bits\/","title":{"rendered":"Bity na \u0165a\u017ebu a fr\u00e9zovanie ciest"},"content":{"rendered":"<div class=\"fusion-fullwidth fullwidth-box fusion-builder-row-1 fusion-flex-container has-pattern-background has-mask-background nonhundred-percent-fullwidth non-hundred-percent-height-scrolling\" style=\"--awb-border-radius-top-left:0px;--awb-border-radius-top-right:0px;--awb-border-radius-bottom-right:0px;--awb-border-radius-bottom-left:0px;--awb-background-image:linear-gradient(180deg, #0000 0%,#0000 100%);--awb-flex-wrap:wrap;\" ><div class=\"fusion-builder-row fusion-row fusion-flex-align-items-flex-start fusion-flex-content-wrap\" style=\"max-width:1248px;margin-left: calc(-4% \/ 2 );margin-right: calc(-4% \/ 2 );\"><div class=\"fusion-layout-column fusion_builder_column fusion-builder-column-0 fusion_builder_column_3_5 3_5 fusion-flex-column\" style=\"--awb-bg-size:cover;--awb-width-large:60%;--awb-margin-top-large:0px;--awb-spacing-right-large:3.2%;--awb-margin-bottom-large:20px;--awb-spacing-left-large:3.2%;--awb-width-medium:60%;--awb-order-medium:0;--awb-spacing-right-medium:3.2%;--awb-spacing-left-medium:3.2%;--awb-width-small:100%;--awb-order-small:0;--awb-spacing-right-small:1.92%;--awb-spacing-left-small:1.92%;\"><div class=\"fusion-column-wrapper fusion-column-has-shadow fusion-flex-justify-content-flex-start fusion-content-layout-column\"><div class=\"fusion-text fusion-text-1\"><h1>Bity na \u0165a\u017ebu a fr\u00e9zovanie ciest<\/h1>\n<p><strong>Zigong International Marketing sp\u013a\u0148a v\u0161etky va\u0161e potreby pre \u0165a\u017ebu, h\u013abenie a fr\u00e9zovanie ciest.<\/strong><\/p>\n<p>N\u00e1\u0161 proces karboniz\u00e1cie pri super vysokej teplote \u2013 vytv\u00e1ra hrub\u0161iu ve\u013ekos\u0165 zrna, aby odolal siln\u00fdm n\u00e1razom a opotrebovaniu \u2013 odli\u0161uje ZGCC od in\u00fdch v\u00fdrobcov karbidov\u00fdch bitov.<\/p>\n<ul>\n<li>Sme \u0161pecialisti na v\u00fdrobu \u0161irok\u00e9ho sortimentu slinut\u00fdch karbidov u\u017e viac ako 50 rokov.<\/li>\n<li>Pr\u00edsna kontrola kvality po\u010das celej v\u00fdroby<\/li>\n<li>Popredn\u00e9 v\u00fdrobn\u00e9 technol\u00f3gie a zariadenia<\/li>\n<li>Konzistentn\u00e1 a presn\u00e1 pr\u00edprava RTP pr\u00e1\u0161ku, lisovanie polotovarov a spekanie<\/li>\n<\/ul>\n<\/div><\/div><\/div><div class=\"fusion-layout-column fusion_builder_column fusion-builder-column-1 fusion_builder_column_1_4 1_4 fusion-flex-column\" style=\"--awb-bg-size:cover;--awb-width-large:25%;--awb-margin-top-large:0px;--awb-spacing-right-large:7.68%;--awb-margin-bottom-large:20px;--awb-spacing-left-large:7.68%;--awb-width-medium:25%;--awb-order-medium:0;--awb-spacing-right-medium:7.68%;--awb-spacing-left-medium:7.68%;--awb-width-small:100%;--awb-order-small:0;--awb-spacing-right-small:1.92%;--awb-spacing-left-small:1.92%;\"><div class=\"fusion-column-wrapper fusion-column-has-shadow fusion-flex-justify-content-flex-start fusion-content-layout-column\"><div class=\"fusion-separator fusion-full-width-sep\" style=\"align-self: center;margin-left: auto;margin-right: auto;margin-bottom:20px;width:100%;\"><\/div><div class=\"fusion-text fusion-text-2\"><h2 style=\"text-align: center;\">ot\u00e1zky?<\/h2>\n<p style=\"text-align: center;\">M\u00e1te ot\u00e1zky, potrebujete cenov\u00fa ponuku? M\u00e1me \u0161irok\u00fd sortiment produktov, materi\u00e1lov a spotrebn\u00e9ho materi\u00e1lu!<\/p>\n<\/div><div style=\"text-align:center;\"><a class=\"fusion-button button-flat button-medium button-default fusion-button-default button-1 fusion-button-default-span fusion-button-default-type\" target=\"_self\" href=\"https:\/\/www.zim-llc.com\/contact-us\/\"><span class=\"fusion-button-text\">Kontaktuj n\u00e1s<\/span><\/a><\/div><\/div><\/div><div class=\"fusion-layout-column fusion_builder_column fusion-builder-column-2 fusion_builder_column_1_1 1_1 fusion-flex-column\" style=\"--awb-bg-size:cover;--awb-width-large:100%;--awb-margin-top-large:0px;--awb-spacing-right-large:1.92%;--awb-margin-bottom-large:20px;--awb-spacing-left-large:1.92%;--awb-width-medium:100%;--awb-order-medium:0;--awb-spacing-right-medium:1.92%;--awb-spacing-left-medium:1.92%;--awb-width-small:100%;--awb-order-small:0;--awb-spacing-right-small:1.92%;--awb-spacing-left-small:1.92%;\"><div class=\"fusion-column-wrapper fusion-column-has-shadow fusion-flex-justify-content-flex-start fusion-content-layout-column\"><div class=\"fusion-separator fusion-full-width-sep\" style=\"align-self: center;margin-left: auto;margin-right: auto;margin-bottom:20px;width:100%;\"><\/div><\/div><\/div><\/div><\/div><div class=\"fusion-fullwidth fullwidth-box fusion-builder-row-2 fusion-flex-container has-pattern-background has-mask-background nonhundred-percent-fullwidth non-hundred-percent-height-scrolling\" style=\"--awb-border-radius-top-left:0px;--awb-border-radius-top-right:0px;--awb-border-radius-bottom-right:0px;--awb-border-radius-bottom-left:0px;--awb-padding-top:0px;--awb-padding-right:0px;--awb-padding-bottom:0px;--awb-padding-left:0px;--awb-margin-bottom:30PX;--awb-background-image:linear-gradient(180deg, #0000 0%,#0000 100%);--awb-flex-wrap:wrap;\" ><div class=\"fusion-builder-row fusion-row fusion-flex-align-items-center fusion-flex-content-wrap\" style=\"max-width:calc( 1200px + 1px );margin-left: calc(-1px \/ 2 );margin-right: calc(-1px \/ 2 );\"><div class=\"fusion-layout-column fusion_builder_column fusion-builder-column-3 fusion_builder_column_1_3 1_3 fusion-flex-column\" style=\"--awb-padding-left:60px;--awb-bg-size:cover;--awb-width-large:33.333333333333%;--awb-margin-top-large:0px;--awb-spacing-right-large:0.5px;--awb-margin-bottom-large:0px;--awb-spacing-left-large:calc( 0.06 * calc( 100% - 1px ) );--awb-width-medium:33.333333333333%;--awb-order-medium:0;--awb-spacing-right-medium:0.5px;--awb-spacing-left-medium:calc( 0.06 * calc( 100% - 1px ) );--awb-width-small:100%;--awb-order-small:0;--awb-spacing-right-small:0.5px;--awb-spacing-left-small:0.5px;\" data-scroll-devices=\"small-visibility,medium-visibility,large-visibility\"><div class=\"fusion-column-wrapper fusion-column-has-shadow fusion-flex-justify-content-flex-start fusion-content-layout-column\"><div class=\"fusion-image-element\" style=\"text-align:center;--awb-caption-overlay-color:var(--awb-color6);--awb-caption-title-font-family:var(--h3_typography-font-family);--awb-caption-title-font-weight:var(--h3_typography-font-weight);--awb-caption-title-font-style:var(--h3_typography-font-style);--awb-caption-title-size:var(--h3_typography-font-size);--awb-caption-title-transform:var(--h3_typography-text-transform);--awb-caption-title-line-height:var(--h3_typography-line-height);--awb-caption-title-letter-spacing:var(--h3_typography-letter-spacing);\"><span class=\"fusion-imageframe imageframe-none imageframe-1 awb-imageframe-style awb-imageframe-style-resa\" style=\"border-radius:10PX;\"><a class=\"fusion-no-lightbox\" href=\"https:\/\/zim-llc.com\/mining-and-road-milling-bits\/road-milling-bits\/\" target=\"_self\" aria-label=\"cesta-fr\u00e9zovacie-bity-vstupn\u00e1-str\u00e1nka\"><img decoding=\"async\" width=\"300\" height=\"300\" alt=\"ROAD MILLING BITS\" src=\"https:\/\/zim-llc.com\/wp-content\/uploads\/2023\/11\/road-milling-bits-landing-page.jpg\" class=\"img-responsive wp-image-4723\" srcset=\"https:\/\/zim.orangewallcreative.com\/wp-content\/uploads\/2023\/11\/road-milling-bits-landing-page-150x150.jpg 150w, https:\/\/zim.orangewallcreative.com\/wp-content\/uploads\/2023\/11\/road-milling-bits-landing-page.jpg 300w\" sizes=\"(max-width: 300px) 100vw, 300px\" \/><div class=\"awb-imageframe-caption-container\"><div class=\"awb-imageframe-caption\"><h3 class=\"awb-imageframe-caption-title\">CESTN\u00c9 FR\u00c9ZOVACIE BROTY<\/h3><\/div><\/div><\/a><\/span><\/div><\/div><\/div><div class=\"fusion-layout-column fusion_builder_column fusion-builder-column-4 fusion_builder_column_1_3 1_3 fusion-flex-column\" style=\"--awb-padding-left:60px;--awb-bg-size:cover;--awb-width-large:33.333333333333%;--awb-margin-top-large:0px;--awb-spacing-right-large:0.5px;--awb-margin-bottom-large:0px;--awb-spacing-left-large:calc( 0.06 * calc( 100% - 1px ) );--awb-width-medium:33.333333333333%;--awb-order-medium:0;--awb-spacing-right-medium:0.5px;--awb-spacing-left-medium:calc( 0.06 * calc( 100% - 1px ) );--awb-width-small:100%;--awb-order-small:0;--awb-spacing-right-small:0.5px;--awb-spacing-left-small:0.5px;\" data-scroll-devices=\"small-visibility,medium-visibility,large-visibility\"><div class=\"fusion-column-wrapper fusion-column-has-shadow fusion-flex-justify-content-flex-start fusion-content-layout-column\"><div class=\"fusion-image-element\" style=\"text-align:center;--awb-caption-overlay-color:var(--awb-color6);--awb-caption-title-font-family:var(--h3_typography-font-family);--awb-caption-title-font-weight:var(--h3_typography-font-weight);--awb-caption-title-font-style:var(--h3_typography-font-style);--awb-caption-title-size:var(--h3_typography-font-size);--awb-caption-title-transform:var(--h3_typography-text-transform);--awb-caption-title-line-height:var(--h3_typography-line-height);--awb-caption-title-letter-spacing:var(--h3_typography-letter-spacing);\"><span class=\"fusion-imageframe imageframe-none imageframe-2 awb-imageframe-style awb-imageframe-style-resa\" style=\"border-radius:10PX;\"><a class=\"fusion-no-lightbox\" href=\"https:\/\/zim-llc.com\/mining-and-road-milling-bits\/rock-trenching-bits\/\" target=\"_self\" aria-label=\"rock-prist\u00e1tie\"><img decoding=\"async\" width=\"300\" height=\"300\" alt=\"ROCK TRENCHING BITS\" src=\"https:\/\/zim-llc.com\/wp-content\/uploads\/2023\/11\/rock-landing.jpg\" class=\"img-responsive wp-image-4579\" srcset=\"https:\/\/zim.orangewallcreative.com\/wp-content\/uploads\/2023\/11\/rock-landing-150x150.jpg 150w, https:\/\/zim.orangewallcreative.com\/wp-content\/uploads\/2023\/11\/rock-landing.jpg 300w\" sizes=\"(max-width: 300px) 100vw, 300px\" \/><div class=\"awb-imageframe-caption-container\"><div class=\"awb-imageframe-caption\"><h3 class=\"awb-imageframe-caption-title\">SKALN\u00c9 KOPOVACIE KOSY<\/h3><\/div><\/div><\/a><\/span><\/div><\/div><\/div><div class=\"fusion-layout-column fusion_builder_column fusion-builder-column-5 fusion_builder_column_1_3 1_3 fusion-flex-column\" style=\"--awb-padding-left:60px;--awb-bg-size:cover;--awb-width-large:33.333333333333%;--awb-margin-top-large:0px;--awb-spacing-right-large:0.5px;--awb-margin-bottom-large:0px;--awb-spacing-left-large:calc( 0.06 * calc( 100% - 1px ) );--awb-width-medium:33.333333333333%;--awb-order-medium:0;--awb-spacing-right-medium:0.5px;--awb-spacing-left-medium:calc( 0.06 * calc( 100% - 1px ) );--awb-width-small:100%;--awb-order-small:0;--awb-spacing-right-small:0.5px;--awb-spacing-left-small:0.5px;\" data-scroll-devices=\"small-visibility,medium-visibility,large-visibility\"><div class=\"fusion-column-wrapper fusion-column-has-shadow fusion-flex-justify-content-flex-start fusion-content-layout-column\"><div class=\"fusion-image-element\" style=\"text-align:center;--awb-caption-overlay-color:var(--awb-color6);--awb-caption-title-font-family:var(--h3_typography-font-family);--awb-caption-title-font-weight:var(--h3_typography-font-weight);--awb-caption-title-font-style:var(--h3_typography-font-style);--awb-caption-title-size:var(--h3_typography-font-size);--awb-caption-title-transform:var(--h3_typography-text-transform);--awb-caption-title-line-height:var(--h3_typography-line-height);--awb-caption-title-letter-spacing:var(--h3_typography-letter-spacing);\"><span class=\"fusion-imageframe imageframe-none imageframe-3 awb-imageframe-style awb-imageframe-style-resa\" style=\"border-radius:10PX;\"><a class=\"fusion-no-lightbox\" href=\"https:\/\/zim-llc.com\/mining-and-road-milling-bits\/mining-bits\/\" target=\"_blank\" aria-label=\"mining-landing-page-art-3\" rel=\"noopener noreferrer\"><img decoding=\"async\" width=\"300\" height=\"300\" alt=\"MINING BITS\" src=\"https:\/\/zim-llc.com\/wp-content\/uploads\/2023\/11\/mining-landing-page-art-3.jpg\" class=\"img-responsive wp-image-4727\" srcset=\"https:\/\/zim.orangewallcreative.com\/wp-content\/uploads\/2023\/11\/mining-landing-page-art-3-150x150.jpg 150w, https:\/\/zim.orangewallcreative.com\/wp-content\/uploads\/2023\/11\/mining-landing-page-art-3.jpg 300w\" sizes=\"(max-width: 300px) 100vw, 300px\" \/><div class=\"awb-imageframe-caption-container\"><div class=\"awb-imageframe-caption\"><h3 class=\"awb-imageframe-caption-title\">\u0164A\u017dBA BITOV<\/h3><\/div><\/div><\/a><\/span><\/div><\/div><\/div><\/div><\/div><div class=\"fusion-fullwidth fullwidth-box fusion-builder-row-3 fusion-flex-container has-pattern-background has-mask-background nonhundred-percent-fullwidth non-hundred-percent-height-scrolling\" style=\"--awb-border-radius-top-left:0px;--awb-border-radius-top-right:0px;--awb-border-radius-bottom-right:0px;--awb-border-radius-bottom-left:0px;--awb-background-image:linear-gradient(180deg, #0000 0%,#0000 100%);--awb-flex-wrap:wrap;\" ><div class=\"fusion-builder-row fusion-row fusion-flex-align-items-flex-start fusion-flex-content-wrap\" style=\"max-width:1248px;margin-left: calc(-4% \/ 2 );margin-right: calc(-4% \/ 2 );\"><\/div><\/div>","protected":false},"excerpt":{"rendered":"","protected":false},"author":2,"featured_media":0,"parent":0,"menu_order":1,"comment_status":"closed","ping_status":"closed","template":"","meta":{"footnotes":""},"class_list":["post-4495","page","type-page","status-publish","hentry"],"yoast_head":"<!-- This site is optimized with the Yoast SEO plugin v26.8 - https:\/\/yoast.com\/product\/yoast-seo-wordpress\/ -->\n<title>Mining and Road Milling Bits - Zigong International Marketing, LLC<\/title>\n<meta name=\"description\" content=\"Production of Cemented Carbides products. Ammonium Paratungsten (APT) to Tungsten powder, Tungsten Carbide powder, and Ready To Press (RTP) powder.\" \/>\n<meta name=\"robots\" content=\"index, follow, max-snippet:-1, max-image-preview:large, max-video-preview:-1\" \/>\n<link rel=\"canonical\" href=\"http:\/\/zim.orangewallcreative.com\/sk\/mining-and-road-milling-bits\/\" \/>\n<meta property=\"og:locale\" content=\"sk_SK\" \/>\n<meta property=\"og:type\" content=\"article\" \/>\n<meta property=\"og:title\" content=\"Mining and Road Milling Bits - Zigong International Marketing, LLC\" \/>\n<meta property=\"og:description\" content=\"Production of Cemented Carbides products. Ammonium Paratungsten (APT) to Tungsten powder, Tungsten Carbide powder, and Ready To Press (RTP) powder.\" \/>\n<meta property=\"og:url\" content=\"http:\/\/zim.orangewallcreative.com\/sk\/mining-and-road-milling-bits\/\" \/>\n<meta property=\"og:site_name\" content=\"Zigong International Marketing, LLC\" \/>\n<meta property=\"article:modified_time\" content=\"2024-05-16T17:03:06+00:00\" \/>\n<meta name=\"twitter:card\" content=\"summary_large_image\" \/>\n<meta name=\"twitter:label1\" content=\"Predpokladan\u00fd \u010das \u010d\u00edtania\" \/>\n\t<meta name=\"twitter:data1\" content=\"2 min\u00faty\" \/>\n<script type=\"application\/ld+json\" class=\"yoast-schema-graph\">{\"@context\":\"https:\/\/schema.org\",\"@graph\":[{\"@type\":\"WebPage\",\"@id\":\"http:\/\/zim.orangewallcreative.com\/fa\/mining-and-road-milling-bits\/\",\"url\":\"http:\/\/zim.orangewallcreative.com\/fa\/mining-and-road-milling-bits\/\",\"name\":\"Mining and Road Milling Bits - Zigong International Marketing, LLC\",\"isPartOf\":{\"@id\":\"http:\/\/zim.orangewallcreative.com\/bg\/#website\"},\"datePublished\":\"2023-10-31T22:58:58+00:00\",\"dateModified\":\"2024-05-16T17:03:06+00:00\",\"description\":\"Production of Cemented Carbides products. Ammonium Paratungsten (APT) to Tungsten powder, Tungsten Carbide powder, and Ready To Press (RTP) powder.\",\"breadcrumb\":{\"@id\":\"http:\/\/zim.orangewallcreative.com\/fa\/mining-and-road-milling-bits\/#breadcrumb\"},\"inLanguage\":\"sk-SK\",\"potentialAction\":[{\"@type\":\"ReadAction\",\"target\":[\"http:\/\/zim.orangewallcreative.com\/fa\/mining-and-road-milling-bits\/\"]}]},{\"@type\":\"BreadcrumbList\",\"@id\":\"http:\/\/zim.orangewallcreative.com\/fa\/mining-and-road-milling-bits\/#breadcrumb\",\"itemListElement\":[{\"@type\":\"ListItem\",\"position\":1,\"name\":\"Home\",\"item\":\"http:\/\/zim.orangewallcreative.com\/bg\/\"},{\"@type\":\"ListItem\",\"position\":2,\"name\":\"Mining and Road Milling Bits\"}]},{\"@type\":\"WebSite\",\"@id\":\"http:\/\/zim.orangewallcreative.com\/bg\/#website\",\"url\":\"http:\/\/zim.orangewallcreative.com\/bg\/\",\"name\":\"Zigong International Marketing, LLC\",\"description\":\"\",\"publisher\":{\"@id\":\"http:\/\/zim.orangewallcreative.com\/bg\/#organization\"},\"potentialAction\":[{\"@type\":\"SearchAction\",\"target\":{\"@type\":\"EntryPoint\",\"urlTemplate\":\"http:\/\/zim.orangewallcreative.com\/bg\/?s={search_term_string}\"},\"query-input\":{\"@type\":\"PropertyValueSpecification\",\"valueRequired\":true,\"valueName\":\"search_term_string\"}}],\"inLanguage\":\"sk-SK\"},{\"@type\":\"Organization\",\"@id\":\"http:\/\/zim.orangewallcreative.com\/bg\/#organization\",\"name\":\"Zigong International Marketing LLC\",\"url\":\"http:\/\/zim.orangewallcreative.com\/bg\/\",\"logo\":{\"@type\":\"ImageObject\",\"inLanguage\":\"sk-SK\",\"@id\":\"http:\/\/zim.orangewallcreative.com\/bg\/#\/schema\/logo\/image\/\",\"url\":\"https:\/\/zim-llc.com\/wp-content\/uploads\/2020\/06\/6-23-logo-c.jpg\",\"contentUrl\":\"https:\/\/zim-llc.com\/wp-content\/uploads\/2020\/06\/6-23-logo-c.jpg\",\"width\":201,\"height\":90,\"caption\":\"Zigong International Marketing LLC\"},\"image\":{\"@id\":\"http:\/\/zim.orangewallcreative.com\/bg\/#\/schema\/logo\/image\/\"}}]}<\/script>\n<!-- \/ Yoast SEO plugin. -->","yoast_head_json":{"title":"Mining and Road Milling Bits - Zigong International Marketing, LLC","description":"Production of Cemented Carbides products. Ammonium Paratungsten (APT) to Tungsten powder, Tungsten Carbide powder, and Ready To Press (RTP) powder.","robots":{"index":"index","follow":"follow","max-snippet":"max-snippet:-1","max-image-preview":"max-image-preview:large","max-video-preview":"max-video-preview:-1"},"canonical":"http:\/\/zim.orangewallcreative.com\/sk\/mining-and-road-milling-bits\/","og_locale":"sk_SK","og_type":"article","og_title":"Mining and Road Milling Bits - Zigong International Marketing, LLC","og_description":"Production of Cemented Carbides products. Ammonium Paratungsten (APT) to Tungsten powder, Tungsten Carbide powder, and Ready To Press (RTP) powder.","og_url":"http:\/\/zim.orangewallcreative.com\/sk\/mining-and-road-milling-bits\/","og_site_name":"Zigong International Marketing, LLC","article_modified_time":"2024-05-16T17:03:06+00:00","twitter_card":"summary_large_image","twitter_misc":{"Predpokladan\u00fd \u010das \u010d\u00edtania":"2 min\u00faty"},"schema":{"@context":"https:\/\/schema.org","@graph":[{"@type":"WebPage","@id":"http:\/\/zim.orangewallcreative.com\/fa\/mining-and-road-milling-bits\/","url":"http:\/\/zim.orangewallcreative.com\/fa\/mining-and-road-milling-bits\/","name":"Mining and Road Milling Bits - Zigong International Marketing, LLC","isPartOf":{"@id":"http:\/\/zim.orangewallcreative.com\/bg\/#website"},"datePublished":"2023-10-31T22:58:58+00:00","dateModified":"2024-05-16T17:03:06+00:00","description":"Production of Cemented Carbides products. Ammonium Paratungsten (APT) to Tungsten powder, Tungsten Carbide powder, and Ready To Press (RTP) powder.","breadcrumb":{"@id":"http:\/\/zim.orangewallcreative.com\/fa\/mining-and-road-milling-bits\/#breadcrumb"},"inLanguage":"sk-SK","potentialAction":[{"@type":"ReadAction","target":["http:\/\/zim.orangewallcreative.com\/fa\/mining-and-road-milling-bits\/"]}]},{"@type":"BreadcrumbList","@id":"http:\/\/zim.orangewallcreative.com\/fa\/mining-and-road-milling-bits\/#breadcrumb","itemListElement":[{"@type":"ListItem","position":1,"name":"Home","item":"http:\/\/zim.orangewallcreative.com\/bg\/"},{"@type":"ListItem","position":2,"name":"Mining and Road Milling Bits"}]},{"@type":"WebSite","@id":"http:\/\/zim.orangewallcreative.com\/bg\/#website","url":"http:\/\/zim.orangewallcreative.com\/bg\/","name":"Zigong International Marketing, LLC","description":"","publisher":{"@id":"http:\/\/zim.orangewallcreative.com\/bg\/#organization"},"potentialAction":[{"@type":"SearchAction","target":{"@type":"EntryPoint","urlTemplate":"http:\/\/zim.orangewallcreative.com\/bg\/?s={search_term_string}"},"query-input":{"@type":"PropertyValueSpecification","valueRequired":true,"valueName":"search_term_string"}}],"inLanguage":"sk-SK"},{"@type":"Organization","@id":"http:\/\/zim.orangewallcreative.com\/bg\/#organization","name":"Zigong International Marketing LLC","url":"http:\/\/zim.orangewallcreative.com\/bg\/","logo":{"@type":"ImageObject","inLanguage":"sk-SK","@id":"http:\/\/zim.orangewallcreative.com\/bg\/#\/schema\/logo\/image\/","url":"https:\/\/zim-llc.com\/wp-content\/uploads\/2020\/06\/6-23-logo-c.jpg","contentUrl":"https:\/\/zim-llc.com\/wp-content\/uploads\/2020\/06\/6-23-logo-c.jpg","width":201,"height":90,"caption":"Zigong International Marketing LLC"},"image":{"@id":"http:\/\/zim.orangewallcreative.com\/bg\/#\/schema\/logo\/image\/"}}]}},"_links":{"self":[{"href":"https:\/\/zim.orangewallcreative.com\/sk\/wp-json\/wp\/v2\/pages\/4495","targetHints":{"allow":["GET"]}}],"collection":[{"href":"https:\/\/zim.orangewallcreative.com\/sk\/wp-json\/wp\/v2\/pages"}],"about":[{"href":"https:\/\/zim.orangewallcreative.com\/sk\/wp-json\/wp\/v2\/types\/page"}],"author":[{"embeddable":true,"href":"https:\/\/zim.orangewallcreative.com\/sk\/wp-json\/wp\/v2\/users\/2"}],"replies":[{"embeddable":true,"href":"https:\/\/zim.orangewallcreative.com\/sk\/wp-json\/wp\/v2\/comments?post=4495"}],"version-history":[{"count":0,"href":"https:\/\/zim.orangewallcreative.com\/sk\/wp-json\/wp\/v2\/pages\/4495\/revisions"}],"wp:attachment":[{"href":"https:\/\/zim.orangewallcreative.com\/sk\/wp-json\/wp\/v2\/media?parent=4495"}],"curies":[{"name":"wp","href":"https:\/\/api.w.org\/{rel}","templated":true}]}}