{"id":4504,"date":"2023-10-31T23:08:44","date_gmt":"2023-10-31T23:08:44","guid":{"rendered":"https:\/\/zimllc.wpengine.com\/?page_id=4504"},"modified":"2024-08-27T20:42:54","modified_gmt":"2024-08-27T20:42:54","slug":"rock-trenching-bits","status":"publish","type":"page","link":"https:\/\/zim.orangewallcreative.com\/sl\/mining-and-road-milling-bits\/rock-trenching-bits\/","title":{"rendered":"Nastavki za izkopavanje kamnitih jarkov"},"content":{"rendered":"<div class=\"fusion-fullwidth fullwidth-box fusion-builder-row-1 fusion-flex-container has-pattern-background has-mask-background nonhundred-percent-fullwidth non-hundred-percent-height-scrolling\" style=\"--awb-border-radius-top-left:0px;--awb-border-radius-top-right:0px;--awb-border-radius-bottom-right:0px;--awb-border-radius-bottom-left:0px;--awb-padding-left:60px;--awb-background-image:linear-gradient(180deg, #0000 0%,#0000 100%);--awb-flex-wrap:wrap;\" ><div class=\"fusion-builder-row fusion-row fusion-flex-align-items-flex-start fusion-flex-content-wrap\" style=\"max-width:1248px;margin-left: calc(-4% \/ 2 );margin-right: calc(-4% \/ 2 );\"><div class=\"fusion-layout-column fusion_builder_column fusion-builder-column-0 fusion_builder_column_1_2 1_2 fusion-flex-column\" style=\"--awb-bg-size:cover;--awb-width-large:50%;--awb-margin-top-large:0px;--awb-spacing-right-large:3.84%;--awb-margin-bottom-large:0px;--awb-spacing-left-large:3.84%;--awb-width-medium:50%;--awb-order-medium:0;--awb-spacing-right-medium:3.84%;--awb-spacing-left-medium:3.84%;--awb-width-small:100%;--awb-order-small:0;--awb-spacing-right-small:1.92%;--awb-spacing-left-small:1.92%;\" data-scroll-devices=\"small-visibility,medium-visibility,large-visibility\"><div class=\"fusion-column-wrapper fusion-column-has-shadow fusion-flex-justify-content-flex-start fusion-content-layout-column\"><div class=\"fusion-text fusion-text-1\"><h1>Nastavki za izkopavanje kamnitih jarkov<\/h1>\n<p>Nastavki za izkopavanje jarkov se pogosto uporabljajo pri izkopavanju predorov, jarkov, komunalnih cevovodov, rudarstvu, izkopavanju kamnin in zmrznjene zemlje, ru\u0161enju zgradb, gozdarstvu in na drugih podro\u010djih. Uporabite super grobo, optimizirano velikost zrn volframovega karbida za izbolj\u0161anje odpornosti proti udarcem in razpokam zaradi utrujenosti.<\/p>\n<p>S profesionalno zasnovo oblike, optimalnim materialom iz volframovega karbida in strogo nadzorovanim jeklenim ohi\u0161jem imajo na\u0161i nastavki za izkopavanje jarkov izjemen \u017eivljenjski cikel in lahko znatno zmanj\u0161ajo va\u0161e operativne stro\u0161ke.<\/p>\n<\/div><\/div><\/div><div class=\"fusion-layout-column fusion_builder_column fusion-builder-column-1 fusion_builder_column_1_4 1_4 fusion-flex-column\" style=\"--awb-bg-size:cover;--awb-width-large:25%;--awb-margin-top-large:0px;--awb-spacing-right-large:7.68%;--awb-margin-bottom-large:0px;--awb-spacing-left-large:7.68%;--awb-width-medium:25%;--awb-order-medium:0;--awb-spacing-right-medium:7.68%;--awb-spacing-left-medium:7.68%;--awb-width-small:100%;--awb-order-small:0;--awb-spacing-right-small:1.92%;--awb-spacing-left-small:1.92%;\" data-scroll-devices=\"small-visibility,medium-visibility,large-visibility\"><div class=\"fusion-column-wrapper fusion-column-has-shadow fusion-flex-justify-content-flex-start fusion-content-layout-column\"><div class=\"fusion-separator fusion-full-width-sep\" style=\"align-self: center;margin-left: auto;margin-right: auto;margin-bottom:20px;width:100%;\"><\/div><div class=\"fusion-image-element\" style=\"--awb-caption-title-font-family:var(--h2_typography-font-family);--awb-caption-title-font-weight:var(--h2_typography-font-weight);--awb-caption-title-font-style:var(--h2_typography-font-style);--awb-caption-title-size:var(--h2_typography-font-size);--awb-caption-title-transform:var(--h2_typography-text-transform);--awb-caption-title-line-height:var(--h2_typography-line-height);--awb-caption-title-letter-spacing:var(--h2_typography-letter-spacing);\"><span class=\"fusion-imageframe imageframe-none imageframe-1 hover-type-none\"><img decoding=\"async\" width=\"300\" height=\"300\" src=\"https:\/\/zim-llc.com\/wp-content\/uploads\/2023\/11\/rock-2.jpg\" alt class=\"img-responsive wp-image-4681\" srcset=\"https:\/\/zim.orangewallcreative.com\/wp-content\/uploads\/2023\/11\/rock-2-150x150.jpg 150w, https:\/\/zim.orangewallcreative.com\/wp-content\/uploads\/2023\/11\/rock-2.jpg 300w\" sizes=\"(max-width: 300px) 100vw, 300px\" \/><\/span><\/div><\/div><\/div><div class=\"fusion-layout-column fusion_builder_column fusion-builder-column-2 fusion_builder_column_1_4 1_4 fusion-flex-column\" style=\"--awb-bg-size:cover;--awb-width-large:25%;--awb-margin-top-large:0px;--awb-spacing-right-large:7.68%;--awb-margin-bottom-large:0px;--awb-spacing-left-large:7.68%;--awb-width-medium:25%;--awb-order-medium:0;--awb-spacing-right-medium:7.68%;--awb-spacing-left-medium:7.68%;--awb-width-small:100%;--awb-order-small:0;--awb-spacing-right-small:1.92%;--awb-spacing-left-small:1.92%;\" data-scroll-devices=\"small-visibility,medium-visibility,large-visibility\"><div class=\"fusion-column-wrapper fusion-column-has-shadow fusion-flex-justify-content-flex-start fusion-content-layout-column\"><div class=\"fusion-separator fusion-full-width-sep\" style=\"align-self: center;margin-left: auto;margin-right: auto;margin-bottom:20px;width:100%;\"><\/div><div class=\"fusion-image-element\" style=\"--awb-caption-title-font-family:var(--h2_typography-font-family);--awb-caption-title-font-weight:var(--h2_typography-font-weight);--awb-caption-title-font-style:var(--h2_typography-font-style);--awb-caption-title-size:var(--h2_typography-font-size);--awb-caption-title-transform:var(--h2_typography-text-transform);--awb-caption-title-line-height:var(--h2_typography-line-height);--awb-caption-title-letter-spacing:var(--h2_typography-letter-spacing);\"><span class=\"fusion-imageframe imageframe-none imageframe-2 hover-type-none\"><img decoding=\"async\" width=\"300\" height=\"300\" title=\"skala-1\" src=\"https:\/\/zim-llc.com\/wp-content\/uploads\/2023\/11\/rock-1.jpg\" alt class=\"img-responsive wp-image-4678\" srcset=\"https:\/\/zim.orangewallcreative.com\/wp-content\/uploads\/2023\/11\/rock-1-150x150.jpg 150w, https:\/\/zim.orangewallcreative.com\/wp-content\/uploads\/2023\/11\/rock-1.jpg 300w\" sizes=\"(max-width: 300px) 100vw, 300px\" \/><\/span><\/div><div class=\"fusion-separator fusion-full-width-sep\" style=\"align-self: center;margin-left: auto;margin-right: auto;margin-bottom:20px;width:100%;\"><\/div><div class=\"fusion-image-element\" style=\"--awb-caption-title-font-family:var(--h2_typography-font-family);--awb-caption-title-font-weight:var(--h2_typography-font-weight);--awb-caption-title-font-style:var(--h2_typography-font-style);--awb-caption-title-size:var(--h2_typography-font-size);--awb-caption-title-transform:var(--h2_typography-text-transform);--awb-caption-title-line-height:var(--h2_typography-line-height);--awb-caption-title-letter-spacing:var(--h2_typography-letter-spacing);\"><span class=\"fusion-imageframe imageframe-none imageframe-3 hover-type-none\"><img decoding=\"async\" width=\"300\" height=\"300\" src=\"https:\/\/zim-llc.com\/wp-content\/uploads\/2023\/11\/rock-3.jpg\" alt class=\"img-responsive wp-image-4680\" srcset=\"https:\/\/zim.orangewallcreative.com\/wp-content\/uploads\/2023\/11\/rock-3-150x150.jpg 150w, https:\/\/zim.orangewallcreative.com\/wp-content\/uploads\/2023\/11\/rock-3.jpg 300w\" sizes=\"(max-width: 300px) 100vw, 300px\" \/><\/span><\/div><\/div><\/div><\/div><\/div>","protected":false},"excerpt":{"rendered":"","protected":false},"author":2,"featured_media":0,"parent":4495,"menu_order":2,"comment_status":"closed","ping_status":"closed","template":"","meta":{"footnotes":""},"class_list":["post-4504","page","type-page","status-publish","hentry"],"yoast_head":"<!-- This site is optimized with the Yoast SEO plugin v26.8 - https:\/\/yoast.com\/product\/yoast-seo-wordpress\/ -->\n<title>Rock Trenching Bits - Zigong International Marketing, LLC<\/title>\n<meta name=\"description\" content=\"ZGCC manufactures both standard and non-standard solid Carbide tools including taps, Mills Cutters, Broachers, Reamers, Indexable Inserts for Die Milling Cutters, and Drills.\" \/>\n<meta name=\"robots\" content=\"index, follow, max-snippet:-1, max-image-preview:large, max-video-preview:-1\" \/>\n<link rel=\"canonical\" href=\"http:\/\/zim.orangewallcreative.com\/sl\/mining-and-road-milling-bits\/rock-trenching-bits\/\" \/>\n<meta property=\"og:locale\" content=\"sl_SI\" \/>\n<meta property=\"og:type\" content=\"article\" \/>\n<meta property=\"og:title\" content=\"Rock Trenching Bits - Zigong International Marketing, LLC\" \/>\n<meta property=\"og:description\" content=\"ZGCC manufactures both standard and non-standard solid Carbide tools including taps, Mills Cutters, Broachers, Reamers, Indexable Inserts for Die Milling Cutters, and Drills.\" \/>\n<meta property=\"og:url\" content=\"http:\/\/zim.orangewallcreative.com\/sl\/mining-and-road-milling-bits\/rock-trenching-bits\/\" \/>\n<meta property=\"og:site_name\" content=\"Zigong International Marketing, LLC\" \/>\n<meta property=\"article:modified_time\" content=\"2024-08-27T20:42:54+00:00\" \/>\n<meta name=\"twitter:card\" content=\"summary_large_image\" \/>\n<meta name=\"twitter:label1\" content=\"Est. reading time\" \/>\n\t<meta name=\"twitter:data1\" content=\"1 minuta\" \/>\n<script type=\"application\/ld+json\" class=\"yoast-schema-graph\">{\"@context\":\"https:\/\/schema.org\",\"@graph\":[{\"@type\":\"WebPage\",\"@id\":\"http:\/\/zim.orangewallcreative.com\/it\/mining-and-road-milling-bits\/rock-trenching-bits\/\",\"url\":\"http:\/\/zim.orangewallcreative.com\/it\/mining-and-road-milling-bits\/rock-trenching-bits\/\",\"name\":\"Rock Trenching Bits - Zigong International Marketing, LLC\",\"isPartOf\":{\"@id\":\"http:\/\/zim.orangewallcreative.com\/bg\/#website\"},\"datePublished\":\"2023-10-31T23:08:44+00:00\",\"dateModified\":\"2024-08-27T20:42:54+00:00\",\"description\":\"ZGCC manufactures both standard and non-standard solid Carbide tools including taps, Mills Cutters, Broachers, Reamers, Indexable Inserts for Die Milling Cutters, and Drills.\",\"breadcrumb\":{\"@id\":\"http:\/\/zim.orangewallcreative.com\/it\/mining-and-road-milling-bits\/rock-trenching-bits\/#breadcrumb\"},\"inLanguage\":\"sl-SI\",\"potentialAction\":[{\"@type\":\"ReadAction\",\"target\":[\"http:\/\/zim.orangewallcreative.com\/it\/mining-and-road-milling-bits\/rock-trenching-bits\/\"]}]},{\"@type\":\"BreadcrumbList\",\"@id\":\"http:\/\/zim.orangewallcreative.com\/it\/mining-and-road-milling-bits\/rock-trenching-bits\/#breadcrumb\",\"itemListElement\":[{\"@type\":\"ListItem\",\"position\":1,\"name\":\"Home\",\"item\":\"http:\/\/zim.orangewallcreative.com\/bg\/\"},{\"@type\":\"ListItem\",\"position\":2,\"name\":\"Mining and Road Milling Bits\",\"item\":\"http:\/\/zim.orangewallcreative.com\/fa\/mining-and-road-milling-bits\/\"},{\"@type\":\"ListItem\",\"position\":3,\"name\":\"Rock Trenching Bits\"}]},{\"@type\":\"WebSite\",\"@id\":\"http:\/\/zim.orangewallcreative.com\/bg\/#website\",\"url\":\"http:\/\/zim.orangewallcreative.com\/bg\/\",\"name\":\"Zigong International Marketing, LLC\",\"description\":\"\",\"publisher\":{\"@id\":\"http:\/\/zim.orangewallcreative.com\/bg\/#organization\"},\"potentialAction\":[{\"@type\":\"SearchAction\",\"target\":{\"@type\":\"EntryPoint\",\"urlTemplate\":\"http:\/\/zim.orangewallcreative.com\/bg\/?s={search_term_string}\"},\"query-input\":{\"@type\":\"PropertyValueSpecification\",\"valueRequired\":true,\"valueName\":\"search_term_string\"}}],\"inLanguage\":\"sl-SI\"},{\"@type\":\"Organization\",\"@id\":\"http:\/\/zim.orangewallcreative.com\/bg\/#organization\",\"name\":\"Zigong International Marketing LLC\",\"url\":\"http:\/\/zim.orangewallcreative.com\/bg\/\",\"logo\":{\"@type\":\"ImageObject\",\"inLanguage\":\"sl-SI\",\"@id\":\"http:\/\/zim.orangewallcreative.com\/bg\/#\/schema\/logo\/image\/\",\"url\":\"https:\/\/zim-llc.com\/wp-content\/uploads\/2020\/06\/6-23-logo-c.jpg\",\"contentUrl\":\"https:\/\/zim-llc.com\/wp-content\/uploads\/2020\/06\/6-23-logo-c.jpg\",\"width\":201,\"height\":90,\"caption\":\"Zigong International Marketing LLC\"},\"image\":{\"@id\":\"http:\/\/zim.orangewallcreative.com\/bg\/#\/schema\/logo\/image\/\"}}]}<\/script>\n<!-- \/ Yoast SEO plugin. -->","yoast_head_json":{"title":"Rock Trenching Bits - Zigong International Marketing, LLC","description":"ZGCC manufactures both standard and non-standard solid Carbide tools including taps, Mills Cutters, Broachers, Reamers, Indexable Inserts for Die Milling Cutters, and Drills.","robots":{"index":"index","follow":"follow","max-snippet":"max-snippet:-1","max-image-preview":"max-image-preview:large","max-video-preview":"max-video-preview:-1"},"canonical":"http:\/\/zim.orangewallcreative.com\/sl\/mining-and-road-milling-bits\/rock-trenching-bits\/","og_locale":"sl_SI","og_type":"article","og_title":"Rock Trenching Bits - Zigong International Marketing, LLC","og_description":"ZGCC manufactures both standard and non-standard solid Carbide tools including taps, Mills Cutters, Broachers, Reamers, Indexable Inserts for Die Milling Cutters, and Drills.","og_url":"http:\/\/zim.orangewallcreative.com\/sl\/mining-and-road-milling-bits\/rock-trenching-bits\/","og_site_name":"Zigong International Marketing, LLC","article_modified_time":"2024-08-27T20:42:54+00:00","twitter_card":"summary_large_image","twitter_misc":{"Est. reading time":"1 minuta"},"schema":{"@context":"https:\/\/schema.org","@graph":[{"@type":"WebPage","@id":"http:\/\/zim.orangewallcreative.com\/it\/mining-and-road-milling-bits\/rock-trenching-bits\/","url":"http:\/\/zim.orangewallcreative.com\/it\/mining-and-road-milling-bits\/rock-trenching-bits\/","name":"Rock Trenching Bits - Zigong International Marketing, LLC","isPartOf":{"@id":"http:\/\/zim.orangewallcreative.com\/bg\/#website"},"datePublished":"2023-10-31T23:08:44+00:00","dateModified":"2024-08-27T20:42:54+00:00","description":"ZGCC manufactures both standard and non-standard solid Carbide tools including taps, Mills Cutters, Broachers, Reamers, Indexable Inserts for Die Milling Cutters, and Drills.","breadcrumb":{"@id":"http:\/\/zim.orangewallcreative.com\/it\/mining-and-road-milling-bits\/rock-trenching-bits\/#breadcrumb"},"inLanguage":"sl-SI","potentialAction":[{"@type":"ReadAction","target":["http:\/\/zim.orangewallcreative.com\/it\/mining-and-road-milling-bits\/rock-trenching-bits\/"]}]},{"@type":"BreadcrumbList","@id":"http:\/\/zim.orangewallcreative.com\/it\/mining-and-road-milling-bits\/rock-trenching-bits\/#breadcrumb","itemListElement":[{"@type":"ListItem","position":1,"name":"Home","item":"http:\/\/zim.orangewallcreative.com\/bg\/"},{"@type":"ListItem","position":2,"name":"Mining and Road Milling Bits","item":"http:\/\/zim.orangewallcreative.com\/fa\/mining-and-road-milling-bits\/"},{"@type":"ListItem","position":3,"name":"Rock Trenching Bits"}]},{"@type":"WebSite","@id":"http:\/\/zim.orangewallcreative.com\/bg\/#website","url":"http:\/\/zim.orangewallcreative.com\/bg\/","name":"Zigong International Marketing, LLC","description":"","publisher":{"@id":"http:\/\/zim.orangewallcreative.com\/bg\/#organization"},"potentialAction":[{"@type":"SearchAction","target":{"@type":"EntryPoint","urlTemplate":"http:\/\/zim.orangewallcreative.com\/bg\/?s={search_term_string}"},"query-input":{"@type":"PropertyValueSpecification","valueRequired":true,"valueName":"search_term_string"}}],"inLanguage":"sl-SI"},{"@type":"Organization","@id":"http:\/\/zim.orangewallcreative.com\/bg\/#organization","name":"Zigong International Marketing LLC","url":"http:\/\/zim.orangewallcreative.com\/bg\/","logo":{"@type":"ImageObject","inLanguage":"sl-SI","@id":"http:\/\/zim.orangewallcreative.com\/bg\/#\/schema\/logo\/image\/","url":"https:\/\/zim-llc.com\/wp-content\/uploads\/2020\/06\/6-23-logo-c.jpg","contentUrl":"https:\/\/zim-llc.com\/wp-content\/uploads\/2020\/06\/6-23-logo-c.jpg","width":201,"height":90,"caption":"Zigong International Marketing LLC"},"image":{"@id":"http:\/\/zim.orangewallcreative.com\/bg\/#\/schema\/logo\/image\/"}}]}},"_links":{"self":[{"href":"https:\/\/zim.orangewallcreative.com\/sl\/wp-json\/wp\/v2\/pages\/4504","targetHints":{"allow":["GET"]}}],"collection":[{"href":"https:\/\/zim.orangewallcreative.com\/sl\/wp-json\/wp\/v2\/pages"}],"about":[{"href":"https:\/\/zim.orangewallcreative.com\/sl\/wp-json\/wp\/v2\/types\/page"}],"author":[{"embeddable":true,"href":"https:\/\/zim.orangewallcreative.com\/sl\/wp-json\/wp\/v2\/users\/2"}],"replies":[{"embeddable":true,"href":"https:\/\/zim.orangewallcreative.com\/sl\/wp-json\/wp\/v2\/comments?post=4504"}],"version-history":[{"count":0,"href":"https:\/\/zim.orangewallcreative.com\/sl\/wp-json\/wp\/v2\/pages\/4504\/revisions"}],"up":[{"embeddable":true,"href":"https:\/\/zim.orangewallcreative.com\/sl\/wp-json\/wp\/v2\/pages\/4495"}],"wp:attachment":[{"href":"https:\/\/zim.orangewallcreative.com\/sl\/wp-json\/wp\/v2\/media?parent=4504"}],"curies":[{"name":"wp","href":"https:\/\/api.w.org\/{rel}","templated":true}]}}