{"id":3721,"date":"2022-12-12T19:15:28","date_gmt":"2022-12-12T19:15:28","guid":{"rendered":"https:\/\/zimllc.wpengine.com\/?page_id=3721"},"modified":"2024-04-24T15:45:46","modified_gmt":"2024-04-24T15:45:46","slug":"premixed-powder","status":"publish","type":"page","link":"https:\/\/zim.orangewallcreative.com\/sq\/hardfacing-materials\/premixed-powder\/","title":{"rendered":"Pluhur i parap\u00ebrzier"},"content":{"rendered":"<div class=\"fusion-fullwidth fullwidth-box fusion-builder-row-1 fusion-flex-container has-pattern-background has-mask-background nonhundred-percent-fullwidth non-hundred-percent-height-scrolling\" style=\"--awb-border-color:#0000;--awb-border-radius-top-left:0px;--awb-border-radius-top-right:0px;--awb-border-radius-bottom-right:0px;--awb-border-radius-bottom-left:0px;--awb-padding-left:60px;--awb-background-color:#0000;--awb-background-image:linear-gradient(180deg, #0000 0%,#0000 100%);--awb-flex-wrap:wrap;\" ><div class=\"fusion-builder-row fusion-row fusion-flex-align-items-flex-start fusion-flex-content-wrap\" style=\"max-width:1248px;margin-left: calc(-4% \/ 2 );margin-right: calc(-4% \/ 2 );\"><div class=\"fusion-layout-column fusion_builder_column fusion-builder-column-0 fusion_builder_column_2_3 2_3 fusion-flex-column\" style=\"--awb-bg-size:cover;--awb-width-large:66.666666666667%;--awb-margin-top-large:0px;--awb-spacing-right-large:4.32%;--awb-margin-bottom-large:0px;--awb-spacing-left-large:2.88%;--awb-width-medium:66.666666666667%;--awb-spacing-right-medium:4.32%;--awb-spacing-left-medium:2.88%;--awb-width-small:100%;--awb-spacing-right-small:1.92%;--awb-spacing-left-small:1.92%;\"><div class=\"fusion-column-wrapper fusion-flex-justify-content-flex-start fusion-content-layout-column\"><div class=\"fusion-text fusion-text-1\"><h1>Pluhur i parap\u00ebrzier<\/h1>\n<p>Pluhuri i parap\u00ebrzier \u00ebsht\u00eb nj\u00eb material i p\u00ebrzier me materiale p\u00ebrforcuese t\u00eb karbitit t\u00eb tungstenit dhe pluhur aliazh me baz\u00eb nikel, i p\u00ebrdorur gjer\u00ebsisht p\u00ebr saldimin me hark t\u00eb transferuar n\u00eb plazm\u00eb (PTA), veshjen me lazer dhe sp\u00ebrkatjen me flak\u00eb.<\/p>\n<p>Materialet e forta t\u00eb karabit t\u00eb tungstenit p\u00ebrfshijn\u00eb pluhur karabit tungsteni t\u00eb derdhur, pluhur karabit tungsteni makrokristalor, pluhur karabit tungsteni t\u00eb derdhur sferik dhe grimca kobalti karabit tungsteni t\u00eb grimcuar. Nj\u00eb ose m\u00eb shum\u00eb karbide tungsteni p\u00ebrdoren si faza t\u00eb v\u00ebshtira. Lidhjet me baz\u00eb nikelin me kimi, fort\u00ebsi dhe madh\u00ebsi t\u00eb ndryshme t\u00eb grimcave jan\u00eb t\u00eb disponueshme p\u00ebr t\u00eb zgjedhur.<\/p>\n<p>Ne gjithashtu mund t\u00eb b\u00ebjm\u00eb kombinime t\u00eb ndryshme t\u00eb pluhurave t\u00eb parap\u00ebrziera sipas specifikave dhe aplikimit tuaj. Ju lutemi mos hezitoni t\u00eb na kontaktoni p\u00ebr t\u00eb m\u00ebsuar m\u00eb shum\u00eb detaje.<\/p>\n<p>Kapaciteti vjetor: 300 ton\u00eb metrik\u00eb\/vit<\/p>\n<p><a href=\"https:\/\/zim-llc.com\/cast-tungsten-carbide-nickel-based-alloy-powder-for-pta\/\">\u2192 Pluhur aliazh me baz\u00eb nikel, karabit tungsteni t\u00eb derdhur p\u00ebr PTA, veshje me lazer dhe sp\u00ebrkatje me flak\u00eb<\/a><\/p>\n<p><a href=\"https:\/\/zim-llc.com\/macrocrystalline-tungsten-carbide-nickel-based-alloy-powder-for-pta\/\">\u2192 Pluhur aliazh makrokristalor Tungsten Carbice me baz\u00eb t\u00eb k\u00ebndshme p\u00ebr PTA, veshje me lazer dhe sp\u00ebrkatje me flak\u00eb<\/a><\/p>\n<p><a href=\"https:\/\/zim-llc.com\/spherical-cast-tungsten-carbide-nickel-based-alloy-powder\/\">\u2192 Pluhur aliazh sferik i karabit tungsteni me baz\u00eb nicel p\u00ebr PTA, veshje me lazer dhe sp\u00ebrkatje me flak\u00eb<\/a><\/p>\n<\/div><\/div><\/div><div class=\"fusion-layout-column fusion_builder_column fusion-builder-column-1 fusion_builder_column_1_3 1_3 fusion-flex-column\" style=\"--awb-bg-size:cover;--awb-width-large:33.333333333333%;--awb-margin-top-large:0px;--awb-spacing-right-large:5.76%;--awb-margin-bottom-large:0px;--awb-spacing-left-large:2.88%;--awb-width-medium:33.333333333333%;--awb-spacing-right-medium:5.76%;--awb-spacing-left-medium:2.88%;--awb-width-small:100%;--awb-spacing-right-small:1.92%;--awb-spacing-left-small:1.92%;\"><div class=\"fusion-column-wrapper fusion-flex-justify-content-flex-start fusion-content-layout-column\"><div class=\"fusion-image-element\" style=\"text-align:center;--awb-caption-title-font-family:var(--h2_typography-font-family);--awb-caption-title-font-weight:var(--h2_typography-font-weight);--awb-caption-title-font-style:var(--h2_typography-font-style);--awb-caption-title-size:var(--h2_typography-font-size);--awb-caption-title-transform:var(--h2_typography-text-transform);--awb-caption-title-line-height:var(--h2_typography-line-height);--awb-caption-title-letter-spacing:var(--h2_typography-letter-spacing);\"><span class=\"fusion-imageframe imageframe-none imageframe-1 hover-type-none\"><img decoding=\"async\" width=\"600\" height=\"600\" title=\"Spherical-Cast-tungsten-carbide-Nickel-based-alloy-powder-for-PTA-2\" src=\"https:\/\/zim-llc.com\/wp-content\/uploads\/2022\/12\/Spherical-Cast-tungsten-carbide-Nickel-based-alloy-powder-for-PTA-2.jpg\" alt class=\"img-responsive wp-image-3969\" srcset=\"https:\/\/zim.orangewallcreative.com\/wp-content\/uploads\/2022\/12\/Spherical-Cast-tungsten-carbide-Nickel-based-alloy-powder-for-PTA-2-150x150.jpg 150w, https:\/\/zim.orangewallcreative.com\/wp-content\/uploads\/2022\/12\/Spherical-Cast-tungsten-carbide-Nickel-based-alloy-powder-for-PTA-2-300x300.jpg 300w, https:\/\/zim.orangewallcreative.com\/wp-content\/uploads\/2022\/12\/Spherical-Cast-tungsten-carbide-Nickel-based-alloy-powder-for-PTA-2-350x350.jpg 350w, https:\/\/zim.orangewallcreative.com\/wp-content\/uploads\/2022\/12\/Spherical-Cast-tungsten-carbide-Nickel-based-alloy-powder-for-PTA-2.jpg 600w\" sizes=\"(max-width: 600px) 100vw, 600px\" \/><\/span><\/div><\/div><\/div><\/div><\/div>","protected":false},"excerpt":{"rendered":"","protected":false},"author":2,"featured_media":0,"parent":877,"menu_order":7,"comment_status":"closed","ping_status":"closed","template":"","meta":{"footnotes":""},"class_list":["post-3721","page","type-page","status-publish","hentry"],"yoast_head":"<!-- This site is optimized with the Yoast SEO plugin v26.8 - https:\/\/yoast.com\/product\/yoast-seo-wordpress\/ -->\n<title>Premixed Powder - Zigong International Marketing, LLC<\/title>\n<meta name=\"description\" content=\"We manufacture three types of cast Tungsten Carbide powder.\" \/>\n<meta name=\"robots\" content=\"index, follow, max-snippet:-1, max-image-preview:large, max-video-preview:-1\" \/>\n<link rel=\"canonical\" href=\"https:\/\/zim.orangewallcreative.com\/sq\/hardfacing-materials\/premixed-powder\/\" \/>\n<meta property=\"og:locale\" content=\"sq_AL\" \/>\n<meta property=\"og:type\" content=\"article\" \/>\n<meta property=\"og:title\" content=\"Premixed Powder - Zigong International Marketing, LLC\" \/>\n<meta property=\"og:description\" content=\"We manufacture three types of cast Tungsten Carbide powder.\" \/>\n<meta property=\"og:url\" content=\"https:\/\/zim.orangewallcreative.com\/sq\/hardfacing-materials\/premixed-powder\/\" \/>\n<meta property=\"og:site_name\" content=\"Zigong International Marketing, LLC\" \/>\n<meta property=\"article:modified_time\" content=\"2024-04-24T15:45:46+00:00\" \/>\n<meta name=\"twitter:card\" content=\"summary_large_image\" \/>\n<meta name=\"twitter:label1\" content=\"Est. reading time\" \/>\n\t<meta name=\"twitter:data1\" content=\"1 minut\u00eb\" \/>\n<script type=\"application\/ld+json\" class=\"yoast-schema-graph\">{\"@context\":\"https:\/\/schema.org\",\"@graph\":[{\"@type\":\"WebPage\",\"@id\":\"https:\/\/zim.orangewallcreative.com\/ug\/hardfacing-materials\/premixed-powder\/\",\"url\":\"https:\/\/zim.orangewallcreative.com\/ug\/hardfacing-materials\/premixed-powder\/\",\"name\":\"Premixed Powder - Zigong International Marketing, LLC\",\"isPartOf\":{\"@id\":\"http:\/\/zim.orangewallcreative.com\/bg\/#website\"},\"datePublished\":\"2022-12-12T19:15:28+00:00\",\"dateModified\":\"2024-04-24T15:45:46+00:00\",\"description\":\"We manufacture three types of cast Tungsten Carbide powder.\",\"breadcrumb\":{\"@id\":\"https:\/\/zim.orangewallcreative.com\/ug\/hardfacing-materials\/premixed-powder\/#breadcrumb\"},\"inLanguage\":\"sq\",\"potentialAction\":[{\"@type\":\"ReadAction\",\"target\":[\"https:\/\/zim.orangewallcreative.com\/ug\/hardfacing-materials\/premixed-powder\/\"]}]},{\"@type\":\"BreadcrumbList\",\"@id\":\"https:\/\/zim.orangewallcreative.com\/ug\/hardfacing-materials\/premixed-powder\/#breadcrumb\",\"itemListElement\":[{\"@type\":\"ListItem\",\"position\":1,\"name\":\"Home\",\"item\":\"http:\/\/zim.orangewallcreative.com\/bg\/\"},{\"@type\":\"ListItem\",\"position\":2,\"name\":\"Hardfacing Materials\",\"item\":\"https:\/\/zim.orangewallcreative.com\/bg\/hardfacing-materials\/\"},{\"@type\":\"ListItem\",\"position\":3,\"name\":\"Premixed Powder\"}]},{\"@type\":\"WebSite\",\"@id\":\"http:\/\/zim.orangewallcreative.com\/bg\/#website\",\"url\":\"http:\/\/zim.orangewallcreative.com\/bg\/\",\"name\":\"Zigong International Marketing, LLC\",\"description\":\"\",\"publisher\":{\"@id\":\"http:\/\/zim.orangewallcreative.com\/bg\/#organization\"},\"potentialAction\":[{\"@type\":\"SearchAction\",\"target\":{\"@type\":\"EntryPoint\",\"urlTemplate\":\"http:\/\/zim.orangewallcreative.com\/bg\/?s={search_term_string}\"},\"query-input\":{\"@type\":\"PropertyValueSpecification\",\"valueRequired\":true,\"valueName\":\"search_term_string\"}}],\"inLanguage\":\"sq\"},{\"@type\":\"Organization\",\"@id\":\"http:\/\/zim.orangewallcreative.com\/bg\/#organization\",\"name\":\"Zigong International Marketing LLC\",\"url\":\"http:\/\/zim.orangewallcreative.com\/bg\/\",\"logo\":{\"@type\":\"ImageObject\",\"inLanguage\":\"sq\",\"@id\":\"http:\/\/zim.orangewallcreative.com\/bg\/#\/schema\/logo\/image\/\",\"url\":\"https:\/\/zim-llc.com\/wp-content\/uploads\/2020\/06\/6-23-logo-c.jpg\",\"contentUrl\":\"https:\/\/zim-llc.com\/wp-content\/uploads\/2020\/06\/6-23-logo-c.jpg\",\"width\":201,\"height\":90,\"caption\":\"Zigong International Marketing LLC\"},\"image\":{\"@id\":\"http:\/\/zim.orangewallcreative.com\/bg\/#\/schema\/logo\/image\/\"}}]}<\/script>\n<!-- \/ Yoast SEO plugin. -->","yoast_head_json":{"title":"Premixed Powder - Zigong International Marketing, LLC","description":"We manufacture three types of cast Tungsten Carbide powder.","robots":{"index":"index","follow":"follow","max-snippet":"max-snippet:-1","max-image-preview":"max-image-preview:large","max-video-preview":"max-video-preview:-1"},"canonical":"https:\/\/zim.orangewallcreative.com\/sq\/hardfacing-materials\/premixed-powder\/","og_locale":"sq_AL","og_type":"article","og_title":"Premixed Powder - Zigong International Marketing, LLC","og_description":"We manufacture three types of cast Tungsten Carbide powder.","og_url":"https:\/\/zim.orangewallcreative.com\/sq\/hardfacing-materials\/premixed-powder\/","og_site_name":"Zigong International Marketing, LLC","article_modified_time":"2024-04-24T15:45:46+00:00","twitter_card":"summary_large_image","twitter_misc":{"Est. reading time":"1 minut\u00eb"},"schema":{"@context":"https:\/\/schema.org","@graph":[{"@type":"WebPage","@id":"https:\/\/zim.orangewallcreative.com\/ug\/hardfacing-materials\/premixed-powder\/","url":"https:\/\/zim.orangewallcreative.com\/ug\/hardfacing-materials\/premixed-powder\/","name":"Premixed Powder - Zigong International Marketing, LLC","isPartOf":{"@id":"http:\/\/zim.orangewallcreative.com\/bg\/#website"},"datePublished":"2022-12-12T19:15:28+00:00","dateModified":"2024-04-24T15:45:46+00:00","description":"We manufacture three types of cast Tungsten Carbide powder.","breadcrumb":{"@id":"https:\/\/zim.orangewallcreative.com\/ug\/hardfacing-materials\/premixed-powder\/#breadcrumb"},"inLanguage":"sq","potentialAction":[{"@type":"ReadAction","target":["https:\/\/zim.orangewallcreative.com\/ug\/hardfacing-materials\/premixed-powder\/"]}]},{"@type":"BreadcrumbList","@id":"https:\/\/zim.orangewallcreative.com\/ug\/hardfacing-materials\/premixed-powder\/#breadcrumb","itemListElement":[{"@type":"ListItem","position":1,"name":"Home","item":"http:\/\/zim.orangewallcreative.com\/bg\/"},{"@type":"ListItem","position":2,"name":"Hardfacing Materials","item":"https:\/\/zim.orangewallcreative.com\/bg\/hardfacing-materials\/"},{"@type":"ListItem","position":3,"name":"Premixed Powder"}]},{"@type":"WebSite","@id":"http:\/\/zim.orangewallcreative.com\/bg\/#website","url":"http:\/\/zim.orangewallcreative.com\/bg\/","name":"Zigong International Marketing, LLC","description":"","publisher":{"@id":"http:\/\/zim.orangewallcreative.com\/bg\/#organization"},"potentialAction":[{"@type":"SearchAction","target":{"@type":"EntryPoint","urlTemplate":"http:\/\/zim.orangewallcreative.com\/bg\/?s={search_term_string}"},"query-input":{"@type":"PropertyValueSpecification","valueRequired":true,"valueName":"search_term_string"}}],"inLanguage":"sq"},{"@type":"Organization","@id":"http:\/\/zim.orangewallcreative.com\/bg\/#organization","name":"Zigong International Marketing LLC","url":"http:\/\/zim.orangewallcreative.com\/bg\/","logo":{"@type":"ImageObject","inLanguage":"sq","@id":"http:\/\/zim.orangewallcreative.com\/bg\/#\/schema\/logo\/image\/","url":"https:\/\/zim-llc.com\/wp-content\/uploads\/2020\/06\/6-23-logo-c.jpg","contentUrl":"https:\/\/zim-llc.com\/wp-content\/uploads\/2020\/06\/6-23-logo-c.jpg","width":201,"height":90,"caption":"Zigong International Marketing LLC"},"image":{"@id":"http:\/\/zim.orangewallcreative.com\/bg\/#\/schema\/logo\/image\/"}}]}},"_links":{"self":[{"href":"https:\/\/zim.orangewallcreative.com\/sq\/wp-json\/wp\/v2\/pages\/3721","targetHints":{"allow":["GET"]}}],"collection":[{"href":"https:\/\/zim.orangewallcreative.com\/sq\/wp-json\/wp\/v2\/pages"}],"about":[{"href":"https:\/\/zim.orangewallcreative.com\/sq\/wp-json\/wp\/v2\/types\/page"}],"author":[{"embeddable":true,"href":"https:\/\/zim.orangewallcreative.com\/sq\/wp-json\/wp\/v2\/users\/2"}],"replies":[{"embeddable":true,"href":"https:\/\/zim.orangewallcreative.com\/sq\/wp-json\/wp\/v2\/comments?post=3721"}],"version-history":[{"count":0,"href":"https:\/\/zim.orangewallcreative.com\/sq\/wp-json\/wp\/v2\/pages\/3721\/revisions"}],"up":[{"embeddable":true,"href":"https:\/\/zim.orangewallcreative.com\/sq\/wp-json\/wp\/v2\/pages\/877"}],"wp:attachment":[{"href":"https:\/\/zim.orangewallcreative.com\/sq\/wp-json\/wp\/v2\/media?parent=3721"}],"curies":[{"name":"wp","href":"https:\/\/api.w.org\/{rel}","templated":true}]}}