{"id":902,"date":"2020-04-17T06:17:26","date_gmt":"2020-04-17T06:17:26","guid":{"rendered":"https:\/\/zimllc.wpengine.com\/?page_id=902"},"modified":"2024-08-27T20:32:13","modified_gmt":"2024-08-27T20:32:13","slug":"carbide-precision-parts","status":"publish","type":"page","link":"https:\/\/zim.orangewallcreative.com\/sq\/cemented-carbides\/carbide-precision-parts\/","title":{"rendered":"Pjes\u00eb precize karabit"},"content":{"rendered":"<div class=\"fusion-fullwidth fullwidth-box fusion-builder-row-1 fusion-flex-container has-pattern-background has-mask-background nonhundred-percent-fullwidth non-hundred-percent-height-scrolling\" style=\"--awb-border-color:#0000;--awb-border-radius-top-left:0px;--awb-border-radius-top-right:0px;--awb-border-radius-bottom-right:0px;--awb-border-radius-bottom-left:0px;--awb-padding-right:0px;--awb-padding-left:60px;--awb-background-color:#0000;--awb-background-image:linear-gradient(180deg, #0000 0%,#0000 100%);--awb-flex-wrap:wrap;\" ><div class=\"fusion-builder-row fusion-row fusion-flex-align-items-flex-start fusion-flex-content-wrap\" style=\"max-width:1248px;margin-left: calc(-4% \/ 2 );margin-right: calc(-4% \/ 2 );\"><div class=\"fusion-layout-column fusion_builder_column fusion-builder-column-0 fusion_builder_column_2_3 2_3 fusion-flex-column\" style=\"--awb-bg-size:cover;--awb-width-large:66.666666666667%;--awb-margin-top-large:0px;--awb-spacing-right-large:2.88%;--awb-margin-bottom-large:0px;--awb-spacing-left-large:2.88%;--awb-width-medium:66.666666666667%;--awb-order-medium:0;--awb-spacing-right-medium:2.88%;--awb-spacing-left-medium:2.88%;--awb-width-small:100%;--awb-order-small:0;--awb-spacing-right-small:1.92%;--awb-spacing-left-small:1.92%;\" data-scroll-devices=\"small-visibility,medium-visibility,large-visibility\"><div class=\"fusion-column-wrapper fusion-column-has-shadow fusion-flex-justify-content-flex-start fusion-content-layout-column\"><div class=\"fusion-text fusion-text-1\"><h1>Pjes\u00eb precize karabit<\/h1>\n<p>Produktet e sakt\u00ebsis\u00eb s\u00eb karabit t\u00eb \u00e7imentuar kan\u00eb veti dhe ve\u00e7ori t\u00eb jasht\u00ebzakonshme mekanike t\u00eb rezistenc\u00ebs s\u00eb lart\u00eb ndaj konsumit dhe g\u00ebrryerjes, sakt\u00ebsis\u00eb s\u00eb lart\u00eb t\u00eb dimensionit dhe vrazhd\u00ebsis\u00eb s\u00eb specifikuar t\u00eb sip\u00ebrfaqes dhe m\u00eb shum\u00eb. Produktet gjys\u00ebm t\u00eb gatshme t\u00eb karabit t\u00eb \u00e7imentuar do t\u00eb bluhen duke p\u00ebrdorur nj\u00eb rrot\u00eb diamanti dhe EDM. Ato do t\u00eb priten n\u00eb komponent\u00eb t\u00eb ndrysh\u00ebm p\u00ebr t\u00eb z\u00ebvend\u00ebsuar pjes\u00ebt metalike n\u00eb kushte t\u00eb nd\u00ebrlikuara dhe t\u00eb pafavorshme pune, n\u00eb m\u00ebnyr\u00eb q\u00eb t\u00eb rritet efikasiteti si dhe t\u00eb zgjas\u00eb ciklin e jet\u00ebs.<\/p>\n<p class=\"translation-block\">Produktet tona precize t\u00eb karabit t\u00eb \u00e7imentuar p\u00ebrfshijn\u00eb kryesisht <strong>m\u00ebng\u00eb boshtore, unaz\u00eb mbyll\u00ebse, hund\u00eb fijesh, tufa, b\u00ebrthama valvulash, topa dhe ndenj\u00ebse valvulash, disqe valvulash, pjes\u00eb strukturore jo standarde dhe p\u00ebrb\u00ebr\u00ebs mekanik\u00eb.<\/strong><\/p>\n<p>Pjes\u00ebt e sakt\u00ebsis\u00eb s\u00eb karabit do t\u00eb p\u00ebrdoren kryesisht n\u00eb pompat centrifugale t\u00eb vajit t\u00eb zhytur, pompat elektrike t\u00eb vajit t\u00eb zhytur, ndar\u00ebsit e vajit t\u00eb zhytur, mbrojt\u00ebset e vajit t\u00eb zhytur, pompat e llumit t\u00eb zhytur, centrifugat e vajit t\u00eb zhytur, pompat e llumit, pompat kund\u00ebr acidit, pompat e trajtimit t\u00eb uj\u00ebrave t\u00eb zeza, pompat e ujit t\u00eb pijsh\u00ebm , copa shpimi PDC, copa rul koni, pompa centrifuguese p\u00ebr ngritjen e vajit, MWD dhe LWD, udh\u00ebzues rrotullues vertikal dhe vegla shpimi me goditje me oscilim rrotullues vet\u00eb-aktivizues.<\/p>\n<p>\u2022 Projektimi dhe zhvillimi special i materialeve<br \/>\n\u2022 Procesi i plot\u00eb i prodhimit \u2013 nga prodhimi i materialeve deri te pjes\u00ebt e p\u00ebrfunduara t\u00eb veshjes<br \/>\n\u2022 Mbi 20 vjet p\u00ebrvoj\u00eb bashk\u00ebpunuese me kompani nd\u00ebrkomb\u00ebtare t\u00eb sh\u00ebrbimit t\u00eb naft\u00ebs<br \/>\n\u2022 Pajisje t\u00eb avancuara dhe aft\u00ebsi t\u00eb fuqishme sistematike t\u00eb sigurta<br \/>\n\u2022 Kontrolli i cil\u00ebsis\u00eb me nj\u00eb gam\u00eb t\u00eb gjer\u00eb<\/p>\n<\/div><\/div><\/div><div class=\"fusion-layout-column fusion_builder_column fusion-builder-column-1 fusion_builder_column_1_4 1_4 fusion-flex-column\" style=\"--awb-bg-size:cover;--awb-width-large:25%;--awb-margin-top-large:0px;--awb-spacing-right-large:7.68%;--awb-margin-bottom-large:0px;--awb-spacing-left-large:7.68%;--awb-width-medium:25%;--awb-order-medium:0;--awb-spacing-right-medium:7.68%;--awb-spacing-left-medium:7.68%;--awb-width-small:100%;--awb-order-small:0;--awb-spacing-right-small:1.92%;--awb-spacing-left-small:1.92%;\" data-scroll-devices=\"small-visibility,medium-visibility,large-visibility\"><div class=\"fusion-column-wrapper fusion-column-has-shadow fusion-flex-justify-content-flex-start fusion-content-layout-column\"><div class=\"fusion-separator fusion-full-width-sep\" style=\"align-self: center;margin-left: auto;margin-right: auto;margin-bottom:20px;width:100%;\"><\/div><div class=\"fusion-text fusion-text-2\">\n\t\t<div id=\"wppdfemb-frame-container-5154\" style=\"-webkit-overflow-scrolling:auto;\">\n\t\t\t<iframe src=\"https:\/\/zim.orangewallcreative.com\/sq\/?url=https:\/\/www.zim-llc.com\/wp-content\/uploads\/2024\/08\/Precision-Carbide-Parts.pdf&#038;title=Precision%20Carbide%20Parts&#038;index=1&#038;pdfID=5154\"\n\t\t\t\tid=\"wppdf-emb-iframe-5154\"\n\t\t\t\tdata-pdf-index=\"1\"\n\t\t\t\tclass=\"pdfembed-iframe nonfullscreen\"\n\t\t\t\tstyle=\"border:none;width:100%;max-width:250px;min-height:350px\"\n\t\t\t\tscrolling=\"yes\">\n\t\t\t<\/iframe>\n\t\t<\/div>\n\n\t\t\n<\/div><\/div><\/div><\/div><\/div>","protected":false},"excerpt":{"rendered":"","protected":false},"author":4,"featured_media":0,"parent":873,"menu_order":3,"comment_status":"closed","ping_status":"closed","template":"","meta":{"footnotes":""},"class_list":["post-902","page","type-page","status-publish","hentry"],"yoast_head":"<!-- This site is optimized with the Yoast SEO plugin v26.8 - https:\/\/yoast.com\/product\/yoast-seo-wordpress\/ -->\n<title>Carbide Precision Parts - Zigong International Marketing, LLC<\/title>\n<meta name=\"description\" content=\"Cemented Carbide precision products have exceptional mechanical properties and features of high wear and corrosive resistance, high dimension accuracy, and specified surface roughness.\" \/>\n<meta name=\"robots\" content=\"index, follow, max-snippet:-1, max-image-preview:large, max-video-preview:-1\" \/>\n<link rel=\"canonical\" href=\"https:\/\/zim.orangewallcreative.com\/sq\/cemented-carbides\/carbide-precision-parts\/\" \/>\n<meta property=\"og:locale\" content=\"sq_AL\" \/>\n<meta property=\"og:type\" content=\"article\" \/>\n<meta property=\"og:title\" content=\"Carbide Precision Parts - Zigong International Marketing, LLC\" \/>\n<meta property=\"og:description\" content=\"Cemented Carbide precision products have exceptional mechanical properties and features of high wear and corrosive resistance, high dimension accuracy, and specified surface roughness.\" \/>\n<meta property=\"og:url\" content=\"https:\/\/zim.orangewallcreative.com\/sq\/cemented-carbides\/carbide-precision-parts\/\" \/>\n<meta property=\"og:site_name\" content=\"Zigong International Marketing, LLC\" \/>\n<meta property=\"article:modified_time\" content=\"2024-08-27T20:32:13+00:00\" \/>\n<meta name=\"twitter:card\" content=\"summary_large_image\" \/>\n<meta name=\"twitter:label1\" content=\"Est. reading time\" \/>\n\t<meta name=\"twitter:data1\" content=\"1 minut\u00eb\" \/>\n<script type=\"application\/ld+json\" class=\"yoast-schema-graph\">{\"@context\":\"https:\/\/schema.org\",\"@graph\":[{\"@type\":\"WebPage\",\"@id\":\"https:\/\/zim.orangewallcreative.com\/nb\/cemented-carbides\/carbide-precision-parts\/\",\"url\":\"https:\/\/zim.orangewallcreative.com\/nb\/cemented-carbides\/carbide-precision-parts\/\",\"name\":\"Carbide Precision Parts - Zigong International Marketing, LLC\",\"isPartOf\":{\"@id\":\"http:\/\/zim.orangewallcreative.com\/bg\/#website\"},\"datePublished\":\"2020-04-17T06:17:26+00:00\",\"dateModified\":\"2024-08-27T20:32:13+00:00\",\"description\":\"Cemented Carbide precision products have exceptional mechanical properties and features of high wear and corrosive resistance, high dimension accuracy, and specified surface roughness.\",\"breadcrumb\":{\"@id\":\"https:\/\/zim.orangewallcreative.com\/nb\/cemented-carbides\/carbide-precision-parts\/#breadcrumb\"},\"inLanguage\":\"sq\",\"potentialAction\":[{\"@type\":\"ReadAction\",\"target\":[\"https:\/\/zim.orangewallcreative.com\/nb\/cemented-carbides\/carbide-precision-parts\/\"]}]},{\"@type\":\"BreadcrumbList\",\"@id\":\"https:\/\/zim.orangewallcreative.com\/nb\/cemented-carbides\/carbide-precision-parts\/#breadcrumb\",\"itemListElement\":[{\"@type\":\"ListItem\",\"position\":1,\"name\":\"Home\",\"item\":\"http:\/\/zim.orangewallcreative.com\/bg\/\"},{\"@type\":\"ListItem\",\"position\":2,\"name\":\"Cemented Carbides\",\"item\":\"http:\/\/zim.orangewallcreative.com\/ca\/cemented-carbides\/\"},{\"@type\":\"ListItem\",\"position\":3,\"name\":\"Carbide Precision Parts\"}]},{\"@type\":\"WebSite\",\"@id\":\"http:\/\/zim.orangewallcreative.com\/bg\/#website\",\"url\":\"http:\/\/zim.orangewallcreative.com\/bg\/\",\"name\":\"Zigong International Marketing, LLC\",\"description\":\"\",\"publisher\":{\"@id\":\"http:\/\/zim.orangewallcreative.com\/bg\/#organization\"},\"potentialAction\":[{\"@type\":\"SearchAction\",\"target\":{\"@type\":\"EntryPoint\",\"urlTemplate\":\"http:\/\/zim.orangewallcreative.com\/bg\/?s={search_term_string}\"},\"query-input\":{\"@type\":\"PropertyValueSpecification\",\"valueRequired\":true,\"valueName\":\"search_term_string\"}}],\"inLanguage\":\"sq\"},{\"@type\":\"Organization\",\"@id\":\"http:\/\/zim.orangewallcreative.com\/bg\/#organization\",\"name\":\"Zigong International Marketing LLC\",\"url\":\"http:\/\/zim.orangewallcreative.com\/bg\/\",\"logo\":{\"@type\":\"ImageObject\",\"inLanguage\":\"sq\",\"@id\":\"http:\/\/zim.orangewallcreative.com\/bg\/#\/schema\/logo\/image\/\",\"url\":\"https:\/\/zim-llc.com\/wp-content\/uploads\/2020\/06\/6-23-logo-c.jpg\",\"contentUrl\":\"https:\/\/zim-llc.com\/wp-content\/uploads\/2020\/06\/6-23-logo-c.jpg\",\"width\":201,\"height\":90,\"caption\":\"Zigong International Marketing LLC\"},\"image\":{\"@id\":\"http:\/\/zim.orangewallcreative.com\/bg\/#\/schema\/logo\/image\/\"}}]}<\/script>\n<!-- \/ Yoast SEO plugin. -->","yoast_head_json":{"title":"Carbide Precision Parts - Zigong International Marketing, LLC","description":"Cemented Carbide precision products have exceptional mechanical properties and features of high wear and corrosive resistance, high dimension accuracy, and specified surface roughness.","robots":{"index":"index","follow":"follow","max-snippet":"max-snippet:-1","max-image-preview":"max-image-preview:large","max-video-preview":"max-video-preview:-1"},"canonical":"https:\/\/zim.orangewallcreative.com\/sq\/cemented-carbides\/carbide-precision-parts\/","og_locale":"sq_AL","og_type":"article","og_title":"Carbide Precision Parts - Zigong International Marketing, LLC","og_description":"Cemented Carbide precision products have exceptional mechanical properties and features of high wear and corrosive resistance, high dimension accuracy, and specified surface roughness.","og_url":"https:\/\/zim.orangewallcreative.com\/sq\/cemented-carbides\/carbide-precision-parts\/","og_site_name":"Zigong International Marketing, LLC","article_modified_time":"2024-08-27T20:32:13+00:00","twitter_card":"summary_large_image","twitter_misc":{"Est. reading time":"1 minut\u00eb"},"schema":{"@context":"https:\/\/schema.org","@graph":[{"@type":"WebPage","@id":"https:\/\/zim.orangewallcreative.com\/nb\/cemented-carbides\/carbide-precision-parts\/","url":"https:\/\/zim.orangewallcreative.com\/nb\/cemented-carbides\/carbide-precision-parts\/","name":"Carbide Precision Parts - Zigong International Marketing, LLC","isPartOf":{"@id":"http:\/\/zim.orangewallcreative.com\/bg\/#website"},"datePublished":"2020-04-17T06:17:26+00:00","dateModified":"2024-08-27T20:32:13+00:00","description":"Cemented Carbide precision products have exceptional mechanical properties and features of high wear and corrosive resistance, high dimension accuracy, and specified surface roughness.","breadcrumb":{"@id":"https:\/\/zim.orangewallcreative.com\/nb\/cemented-carbides\/carbide-precision-parts\/#breadcrumb"},"inLanguage":"sq","potentialAction":[{"@type":"ReadAction","target":["https:\/\/zim.orangewallcreative.com\/nb\/cemented-carbides\/carbide-precision-parts\/"]}]},{"@type":"BreadcrumbList","@id":"https:\/\/zim.orangewallcreative.com\/nb\/cemented-carbides\/carbide-precision-parts\/#breadcrumb","itemListElement":[{"@type":"ListItem","position":1,"name":"Home","item":"http:\/\/zim.orangewallcreative.com\/bg\/"},{"@type":"ListItem","position":2,"name":"Cemented Carbides","item":"http:\/\/zim.orangewallcreative.com\/ca\/cemented-carbides\/"},{"@type":"ListItem","position":3,"name":"Carbide Precision Parts"}]},{"@type":"WebSite","@id":"http:\/\/zim.orangewallcreative.com\/bg\/#website","url":"http:\/\/zim.orangewallcreative.com\/bg\/","name":"Zigong International Marketing, LLC","description":"","publisher":{"@id":"http:\/\/zim.orangewallcreative.com\/bg\/#organization"},"potentialAction":[{"@type":"SearchAction","target":{"@type":"EntryPoint","urlTemplate":"http:\/\/zim.orangewallcreative.com\/bg\/?s={search_term_string}"},"query-input":{"@type":"PropertyValueSpecification","valueRequired":true,"valueName":"search_term_string"}}],"inLanguage":"sq"},{"@type":"Organization","@id":"http:\/\/zim.orangewallcreative.com\/bg\/#organization","name":"Zigong International Marketing LLC","url":"http:\/\/zim.orangewallcreative.com\/bg\/","logo":{"@type":"ImageObject","inLanguage":"sq","@id":"http:\/\/zim.orangewallcreative.com\/bg\/#\/schema\/logo\/image\/","url":"https:\/\/zim-llc.com\/wp-content\/uploads\/2020\/06\/6-23-logo-c.jpg","contentUrl":"https:\/\/zim-llc.com\/wp-content\/uploads\/2020\/06\/6-23-logo-c.jpg","width":201,"height":90,"caption":"Zigong International Marketing LLC"},"image":{"@id":"http:\/\/zim.orangewallcreative.com\/bg\/#\/schema\/logo\/image\/"}}]}},"_links":{"self":[{"href":"https:\/\/zim.orangewallcreative.com\/sq\/wp-json\/wp\/v2\/pages\/902","targetHints":{"allow":["GET"]}}],"collection":[{"href":"https:\/\/zim.orangewallcreative.com\/sq\/wp-json\/wp\/v2\/pages"}],"about":[{"href":"https:\/\/zim.orangewallcreative.com\/sq\/wp-json\/wp\/v2\/types\/page"}],"author":[{"embeddable":true,"href":"https:\/\/zim.orangewallcreative.com\/sq\/wp-json\/wp\/v2\/users\/4"}],"replies":[{"embeddable":true,"href":"https:\/\/zim.orangewallcreative.com\/sq\/wp-json\/wp\/v2\/comments?post=902"}],"version-history":[{"count":0,"href":"https:\/\/zim.orangewallcreative.com\/sq\/wp-json\/wp\/v2\/pages\/902\/revisions"}],"up":[{"embeddable":true,"href":"https:\/\/zim.orangewallcreative.com\/sq\/wp-json\/wp\/v2\/pages\/873"}],"wp:attachment":[{"href":"https:\/\/zim.orangewallcreative.com\/sq\/wp-json\/wp\/v2\/media?parent=902"}],"curies":[{"name":"wp","href":"https:\/\/api.w.org\/{rel}","templated":true}]}}