{"id":902,"date":"2020-04-17T06:17:26","date_gmt":"2020-04-17T06:17:26","guid":{"rendered":"https:\/\/zimllc.wpengine.com\/?page_id=902"},"modified":"2024-08-27T20:32:13","modified_gmt":"2024-08-27T20:32:13","slug":"carbide-precision-parts","status":"publish","type":"page","link":"https:\/\/zim.orangewallcreative.com\/tr\/cemented-carbides\/carbide-precision-parts\/","title":{"rendered":"Karb\u00fcr Hassas Par\u00e7alar"},"content":{"rendered":"<div class=\"fusion-fullwidth fullwidth-box fusion-builder-row-1 fusion-flex-container has-pattern-background has-mask-background nonhundred-percent-fullwidth non-hundred-percent-height-scrolling\" style=\"--awb-border-color:#0000;--awb-border-radius-top-left:0px;--awb-border-radius-top-right:0px;--awb-border-radius-bottom-right:0px;--awb-border-radius-bottom-left:0px;--awb-padding-right:0px;--awb-padding-left:60px;--awb-background-color:#0000;--awb-background-image:linear-gradient(180deg, #0000 0%,#0000 100%);--awb-flex-wrap:wrap;\" ><div class=\"fusion-builder-row fusion-row fusion-flex-align-items-flex-start fusion-flex-content-wrap\" style=\"max-width:1248px;margin-left: calc(-4% \/ 2 );margin-right: calc(-4% \/ 2 );\"><div class=\"fusion-layout-column fusion_builder_column fusion-builder-column-0 fusion_builder_column_2_3 2_3 fusion-flex-column\" style=\"--awb-bg-size:cover;--awb-width-large:66.666666666667%;--awb-margin-top-large:0px;--awb-spacing-right-large:2.88%;--awb-margin-bottom-large:0px;--awb-spacing-left-large:2.88%;--awb-width-medium:66.666666666667%;--awb-order-medium:0;--awb-spacing-right-medium:2.88%;--awb-spacing-left-medium:2.88%;--awb-width-small:100%;--awb-order-small:0;--awb-spacing-right-small:1.92%;--awb-spacing-left-small:1.92%;\" data-scroll-devices=\"small-visibility,medium-visibility,large-visibility\"><div class=\"fusion-column-wrapper fusion-column-has-shadow fusion-flex-justify-content-flex-start fusion-content-layout-column\"><div class=\"fusion-text fusion-text-1\"><h1>Karb\u00fcr Hassas Par\u00e7alar<\/h1>\n<p>Semente Karb\u00fcr hassas \u00fcr\u00fcnler, ola\u011fan\u00fcst\u00fc mekanik \u00f6zelliklere ve y\u00fcksek a\u015f\u0131nma ve korozyon direncine, y\u00fcksek boyut do\u011frulu\u011funa ve belirtilen y\u00fczey p\u00fcr\u00fczl\u00fcl\u00fc\u011f\u00fcne ve daha fazlas\u0131na sahiptir. Yar\u0131 mamul Semente Karb\u00fcr \u00fcr\u00fcnler, bir elmas disk ve EDM kullan\u0131larak ta\u015flanacakt\u0131r. Verimlili\u011fi art\u0131rmak ve kullan\u0131m \u00f6mr\u00fcn\u00fc uzatmak amac\u0131yla karma\u015f\u0131k ve olumsuz \u00e7al\u0131\u015fma ko\u015fullar\u0131 alt\u0131nda metal par\u00e7alar\u0131 de\u011fi\u015ftirmek \u00fczere \u00e7e\u015fitli bile\u015fenlere kesilecekler.<\/p>\n<p class=\"translation-block\">\u00c7imentolu Karb\u00fcr hassas \u00fcr\u00fcnlerimiz esas olarak <strong>eksenel man\u015fonlar, conta halkas\u0131, di\u015fli nozullar, bur\u00e7lar, valf g\u00f6bekleri, valf bilyalar\u0131 ve yuvalar\u0131, valf diskleri, standart d\u0131\u015f\u0131 yap\u0131 par\u00e7alar\u0131 ve mekanik bile\u015fenleri i\u00e7erir.<\/strong><\/p>\n<p>Karb\u00fcr hassas par\u00e7alar esas olarak bat\u0131k ya\u011f santrif\u00fcj pompalar\u0131nda, bat\u0131k elektrikli ya\u011f pompalar\u0131nda, bat\u0131k ya\u011f ay\u0131r\u0131c\u0131larda, bat\u0131k ya\u011f koruyucularda, tortu bulama\u00e7 pompalar\u0131nda, bat\u0131k ya\u011f santrif\u00fcjlerinde, bulama\u00e7 pompalar\u0131nda, aside dayan\u0131kl\u0131 pompalarda, at\u0131k su ar\u0131tma pompalar\u0131nda, i\u00e7me suyu pompalar\u0131nda kullan\u0131lacakt\u0131r. , PDC matkap u\u00e7lar\u0131, konik silindir u\u00e7lar\u0131, santrif\u00fcj ya\u011f\u0131 y\u00fckseltme pompalar\u0131, MWD ve LWD, dikey d\u00f6nen k\u0131lavuzlar ve kendili\u011finden etkinle\u015fen sal\u0131n\u0131ml\u0131-d\u00f6ner darbeli delme aletleri.<\/p>\n<p>\u2022 Malzemelerin \u00d6zel Tasar\u0131m\u0131 ve Geli\u015ftirilmesi<br \/>\n\u2022 Malzemelerin \u0130malat\u0131ndan Bitmi\u015f A\u015f\u0131nma Par\u00e7alar\u0131na Kadar Komple \u00dcretim S\u00fcreci<br \/>\n\u2022 Uluslararas\u0131 Petrol Hizmeti \u015eirketleriyle 20 Y\u0131l\u0131 A\u015fk\u0131n \u0130\u015fbirli\u011fi Deneyimi<br \/>\n\u2022 Geli\u015fmi\u015f Ekipman ve G\u00fc\u00e7l\u00fc Sistematik G\u00fcvenlik Yetenekleri<br \/>\n\u2022 Geni\u015f Aral\u0131kl\u0131 Kalite Kontrol\u00fc<\/p>\n<\/div><\/div><\/div><div class=\"fusion-layout-column fusion_builder_column fusion-builder-column-1 fusion_builder_column_1_4 1_4 fusion-flex-column\" style=\"--awb-bg-size:cover;--awb-width-large:25%;--awb-margin-top-large:0px;--awb-spacing-right-large:7.68%;--awb-margin-bottom-large:0px;--awb-spacing-left-large:7.68%;--awb-width-medium:25%;--awb-order-medium:0;--awb-spacing-right-medium:7.68%;--awb-spacing-left-medium:7.68%;--awb-width-small:100%;--awb-order-small:0;--awb-spacing-right-small:1.92%;--awb-spacing-left-small:1.92%;\" data-scroll-devices=\"small-visibility,medium-visibility,large-visibility\"><div class=\"fusion-column-wrapper fusion-column-has-shadow fusion-flex-justify-content-flex-start fusion-content-layout-column\"><div class=\"fusion-separator fusion-full-width-sep\" style=\"align-self: center;margin-left: auto;margin-right: auto;margin-bottom:20px;width:100%;\"><\/div><div class=\"fusion-text fusion-text-2\">\n\t\t<div id=\"wppdfemb-frame-container-5154\" style=\"-webkit-overflow-scrolling:auto;\">\n\t\t\t<iframe src=\"https:\/\/zim.orangewallcreative.com\/tr\/?url=https:\/\/www.zim-llc.com\/wp-content\/uploads\/2024\/08\/Precision-Carbide-Parts.pdf&#038;title=Precision%20Carbide%20Parts&#038;index=1&#038;pdfID=5154\"\n\t\t\t\tid=\"wppdf-emb-iframe-5154\"\n\t\t\t\tdata-pdf-index=\"1\"\n\t\t\t\tclass=\"pdfembed-iframe nonfullscreen\"\n\t\t\t\tstyle=\"border:none;width:100%;max-width:250px;min-height:350px\"\n\t\t\t\tscrolling=\"yes\">\n\t\t\t<\/iframe>\n\t\t<\/div>\n\n\t\t\n<\/div><\/div><\/div><\/div><\/div>","protected":false},"excerpt":{"rendered":"","protected":false},"author":4,"featured_media":0,"parent":873,"menu_order":3,"comment_status":"closed","ping_status":"closed","template":"","meta":{"footnotes":""},"class_list":["post-902","page","type-page","status-publish","hentry"],"yoast_head":"<!-- This site is optimized with the Yoast SEO plugin v26.8 - https:\/\/yoast.com\/product\/yoast-seo-wordpress\/ -->\n<title>Carbide Precision Parts - Zigong International Marketing, LLC<\/title>\n<meta name=\"description\" content=\"Cemented Carbide precision products have exceptional mechanical properties and features of high wear and corrosive resistance, high dimension accuracy, and specified surface roughness.\" \/>\n<meta name=\"robots\" content=\"index, follow, max-snippet:-1, max-image-preview:large, max-video-preview:-1\" \/>\n<link rel=\"canonical\" href=\"https:\/\/zim.orangewallcreative.com\/tr\/cemented-carbides\/carbide-precision-parts\/\" \/>\n<meta property=\"og:locale\" content=\"tr_TR\" \/>\n<meta property=\"og:type\" content=\"article\" \/>\n<meta property=\"og:title\" content=\"Carbide Precision Parts - Zigong International Marketing, LLC\" \/>\n<meta property=\"og:description\" content=\"Cemented Carbide precision products have exceptional mechanical properties and features of high wear and corrosive resistance, high dimension accuracy, and specified surface roughness.\" \/>\n<meta property=\"og:url\" content=\"https:\/\/zim.orangewallcreative.com\/tr\/cemented-carbides\/carbide-precision-parts\/\" \/>\n<meta property=\"og:site_name\" content=\"Zigong International Marketing, LLC\" \/>\n<meta property=\"article:modified_time\" content=\"2024-08-27T20:32:13+00:00\" \/>\n<meta name=\"twitter:card\" content=\"summary_large_image\" \/>\n<meta name=\"twitter:label1\" content=\"Tahmini okuma s\u00fcresi\" \/>\n\t<meta name=\"twitter:data1\" content=\"1 dakika\" \/>\n<script type=\"application\/ld+json\" class=\"yoast-schema-graph\">{\"@context\":\"https:\/\/schema.org\",\"@graph\":[{\"@type\":\"WebPage\",\"@id\":\"https:\/\/zim.orangewallcreative.com\/nb\/cemented-carbides\/carbide-precision-parts\/\",\"url\":\"https:\/\/zim.orangewallcreative.com\/nb\/cemented-carbides\/carbide-precision-parts\/\",\"name\":\"Carbide Precision Parts - Zigong International Marketing, LLC\",\"isPartOf\":{\"@id\":\"http:\/\/zim.orangewallcreative.com\/bg\/#website\"},\"datePublished\":\"2020-04-17T06:17:26+00:00\",\"dateModified\":\"2024-08-27T20:32:13+00:00\",\"description\":\"Cemented Carbide precision products have exceptional mechanical properties and features of high wear and corrosive resistance, high dimension accuracy, and specified surface roughness.\",\"breadcrumb\":{\"@id\":\"https:\/\/zim.orangewallcreative.com\/nb\/cemented-carbides\/carbide-precision-parts\/#breadcrumb\"},\"inLanguage\":\"tr\",\"potentialAction\":[{\"@type\":\"ReadAction\",\"target\":[\"https:\/\/zim.orangewallcreative.com\/nb\/cemented-carbides\/carbide-precision-parts\/\"]}]},{\"@type\":\"BreadcrumbList\",\"@id\":\"https:\/\/zim.orangewallcreative.com\/nb\/cemented-carbides\/carbide-precision-parts\/#breadcrumb\",\"itemListElement\":[{\"@type\":\"ListItem\",\"position\":1,\"name\":\"Home\",\"item\":\"http:\/\/zim.orangewallcreative.com\/bg\/\"},{\"@type\":\"ListItem\",\"position\":2,\"name\":\"Cemented Carbides\",\"item\":\"http:\/\/zim.orangewallcreative.com\/ca\/cemented-carbides\/\"},{\"@type\":\"ListItem\",\"position\":3,\"name\":\"Carbide Precision Parts\"}]},{\"@type\":\"WebSite\",\"@id\":\"http:\/\/zim.orangewallcreative.com\/bg\/#website\",\"url\":\"http:\/\/zim.orangewallcreative.com\/bg\/\",\"name\":\"Zigong International Marketing, LLC\",\"description\":\"\",\"publisher\":{\"@id\":\"http:\/\/zim.orangewallcreative.com\/bg\/#organization\"},\"potentialAction\":[{\"@type\":\"SearchAction\",\"target\":{\"@type\":\"EntryPoint\",\"urlTemplate\":\"http:\/\/zim.orangewallcreative.com\/bg\/?s={search_term_string}\"},\"query-input\":{\"@type\":\"PropertyValueSpecification\",\"valueRequired\":true,\"valueName\":\"search_term_string\"}}],\"inLanguage\":\"tr\"},{\"@type\":\"Organization\",\"@id\":\"http:\/\/zim.orangewallcreative.com\/bg\/#organization\",\"name\":\"Zigong International Marketing LLC\",\"url\":\"http:\/\/zim.orangewallcreative.com\/bg\/\",\"logo\":{\"@type\":\"ImageObject\",\"inLanguage\":\"tr\",\"@id\":\"http:\/\/zim.orangewallcreative.com\/bg\/#\/schema\/logo\/image\/\",\"url\":\"https:\/\/zim-llc.com\/wp-content\/uploads\/2020\/06\/6-23-logo-c.jpg\",\"contentUrl\":\"https:\/\/zim-llc.com\/wp-content\/uploads\/2020\/06\/6-23-logo-c.jpg\",\"width\":201,\"height\":90,\"caption\":\"Zigong International Marketing LLC\"},\"image\":{\"@id\":\"http:\/\/zim.orangewallcreative.com\/bg\/#\/schema\/logo\/image\/\"}}]}<\/script>\n<!-- \/ Yoast SEO plugin. -->","yoast_head_json":{"title":"Carbide Precision Parts - Zigong International Marketing, LLC","description":"Cemented Carbide precision products have exceptional mechanical properties and features of high wear and corrosive resistance, high dimension accuracy, and specified surface roughness.","robots":{"index":"index","follow":"follow","max-snippet":"max-snippet:-1","max-image-preview":"max-image-preview:large","max-video-preview":"max-video-preview:-1"},"canonical":"https:\/\/zim.orangewallcreative.com\/tr\/cemented-carbides\/carbide-precision-parts\/","og_locale":"tr_TR","og_type":"article","og_title":"Carbide Precision Parts - Zigong International Marketing, LLC","og_description":"Cemented Carbide precision products have exceptional mechanical properties and features of high wear and corrosive resistance, high dimension accuracy, and specified surface roughness.","og_url":"https:\/\/zim.orangewallcreative.com\/tr\/cemented-carbides\/carbide-precision-parts\/","og_site_name":"Zigong International Marketing, LLC","article_modified_time":"2024-08-27T20:32:13+00:00","twitter_card":"summary_large_image","twitter_misc":{"Tahmini okuma s\u00fcresi":"1 dakika"},"schema":{"@context":"https:\/\/schema.org","@graph":[{"@type":"WebPage","@id":"https:\/\/zim.orangewallcreative.com\/nb\/cemented-carbides\/carbide-precision-parts\/","url":"https:\/\/zim.orangewallcreative.com\/nb\/cemented-carbides\/carbide-precision-parts\/","name":"Carbide Precision Parts - Zigong International Marketing, LLC","isPartOf":{"@id":"http:\/\/zim.orangewallcreative.com\/bg\/#website"},"datePublished":"2020-04-17T06:17:26+00:00","dateModified":"2024-08-27T20:32:13+00:00","description":"Cemented Carbide precision products have exceptional mechanical properties and features of high wear and corrosive resistance, high dimension accuracy, and specified surface roughness.","breadcrumb":{"@id":"https:\/\/zim.orangewallcreative.com\/nb\/cemented-carbides\/carbide-precision-parts\/#breadcrumb"},"inLanguage":"tr","potentialAction":[{"@type":"ReadAction","target":["https:\/\/zim.orangewallcreative.com\/nb\/cemented-carbides\/carbide-precision-parts\/"]}]},{"@type":"BreadcrumbList","@id":"https:\/\/zim.orangewallcreative.com\/nb\/cemented-carbides\/carbide-precision-parts\/#breadcrumb","itemListElement":[{"@type":"ListItem","position":1,"name":"Home","item":"http:\/\/zim.orangewallcreative.com\/bg\/"},{"@type":"ListItem","position":2,"name":"Cemented Carbides","item":"http:\/\/zim.orangewallcreative.com\/ca\/cemented-carbides\/"},{"@type":"ListItem","position":3,"name":"Carbide Precision Parts"}]},{"@type":"WebSite","@id":"http:\/\/zim.orangewallcreative.com\/bg\/#website","url":"http:\/\/zim.orangewallcreative.com\/bg\/","name":"Zigong International Marketing, LLC","description":"","publisher":{"@id":"http:\/\/zim.orangewallcreative.com\/bg\/#organization"},"potentialAction":[{"@type":"SearchAction","target":{"@type":"EntryPoint","urlTemplate":"http:\/\/zim.orangewallcreative.com\/bg\/?s={search_term_string}"},"query-input":{"@type":"PropertyValueSpecification","valueRequired":true,"valueName":"search_term_string"}}],"inLanguage":"tr"},{"@type":"Organization","@id":"http:\/\/zim.orangewallcreative.com\/bg\/#organization","name":"Zigong Uluslararas\u0131 Pazarlama LLC","url":"http:\/\/zim.orangewallcreative.com\/bg\/","logo":{"@type":"ImageObject","inLanguage":"tr","@id":"http:\/\/zim.orangewallcreative.com\/bg\/#\/schema\/logo\/image\/","url":"https:\/\/zim-llc.com\/wp-content\/uploads\/2020\/06\/6-23-logo-c.jpg","contentUrl":"https:\/\/zim-llc.com\/wp-content\/uploads\/2020\/06\/6-23-logo-c.jpg","width":201,"height":90,"caption":"Zigong International Marketing LLC"},"image":{"@id":"http:\/\/zim.orangewallcreative.com\/bg\/#\/schema\/logo\/image\/"}}]}},"_links":{"self":[{"href":"https:\/\/zim.orangewallcreative.com\/tr\/wp-json\/wp\/v2\/pages\/902","targetHints":{"allow":["GET"]}}],"collection":[{"href":"https:\/\/zim.orangewallcreative.com\/tr\/wp-json\/wp\/v2\/pages"}],"about":[{"href":"https:\/\/zim.orangewallcreative.com\/tr\/wp-json\/wp\/v2\/types\/page"}],"author":[{"embeddable":true,"href":"https:\/\/zim.orangewallcreative.com\/tr\/wp-json\/wp\/v2\/users\/4"}],"replies":[{"embeddable":true,"href":"https:\/\/zim.orangewallcreative.com\/tr\/wp-json\/wp\/v2\/comments?post=902"}],"version-history":[{"count":0,"href":"https:\/\/zim.orangewallcreative.com\/tr\/wp-json\/wp\/v2\/pages\/902\/revisions"}],"up":[{"embeddable":true,"href":"https:\/\/zim.orangewallcreative.com\/tr\/wp-json\/wp\/v2\/pages\/873"}],"wp:attachment":[{"href":"https:\/\/zim.orangewallcreative.com\/tr\/wp-json\/wp\/v2\/media?parent=902"}],"curies":[{"name":"wp","href":"https:\/\/api.w.org\/{rel}","templated":true}]}}