{"id":3733,"date":"2022-12-12T19:20:34","date_gmt":"2022-12-12T19:20:34","guid":{"rendered":"https:\/\/zimllc.wpengine.com\/?page_id=3733"},"modified":"2024-04-24T16:06:15","modified_gmt":"2024-04-24T16:06:15","slug":"cemented-carbide-pallets","status":"publish","type":"page","link":"https:\/\/zim.orangewallcreative.com\/vi\/hardfacing-materials\/cemented-carbide-pallets\/","title":{"rendered":"Pallet cacbua xi m\u0103ng"},"content":{"rendered":"<div class=\"fusion-fullwidth fullwidth-box fusion-builder-row-1 fusion-flex-container has-pattern-background has-mask-background nonhundred-percent-fullwidth non-hundred-percent-height-scrolling\" style=\"--awb-border-color:#0000;--awb-border-radius-top-left:0px;--awb-border-radius-top-right:0px;--awb-border-radius-bottom-right:0px;--awb-border-radius-bottom-left:0px;--awb-padding-left:60px;--awb-background-color:#0000;--awb-background-image:linear-gradient(180deg, #0000 0%,#0000 100%);--awb-flex-wrap:wrap;\" ><div class=\"fusion-builder-row fusion-row fusion-flex-align-items-flex-start fusion-flex-content-wrap\" style=\"max-width:1248px;margin-left: calc(-4% \/ 2 );margin-right: calc(-4% \/ 2 );\"><div class=\"fusion-layout-column fusion_builder_column fusion-builder-column-0 fusion_builder_column_2_3 2_3 fusion-flex-column\" style=\"--awb-bg-size:cover;--awb-width-large:66.666666666667%;--awb-margin-top-large:0px;--awb-spacing-right-large:4.32%;--awb-margin-bottom-large:0px;--awb-spacing-left-large:2.88%;--awb-width-medium:66.666666666667%;--awb-spacing-right-medium:4.32%;--awb-spacing-left-medium:2.88%;--awb-width-small:100%;--awb-spacing-right-small:1.92%;--awb-spacing-left-small:1.92%;\"><div class=\"fusion-column-wrapper fusion-flex-justify-content-flex-start fusion-content-layout-column\"><div class=\"fusion-text fusion-text-1\"><h1>Pallet cacbua xi m\u0103ng<\/h1>\n<p class=\"translation-block\"><strong>Vi\u00ean cacbua xi m\u0103ng (\u0110CSTQ)<\/strong> \u0111\u01b0\u1ee3c l\u00e0m b\u1eb1ng WC v\u00e0 Co th\u00f4ng qua qu\u00e1 tr\u00ecnh t\u1ea1o h\u1ea1t, \u00e9p v\u00e0 thi\u00eau k\u1ebft v\u00e0 l\u00e0 c\u00e1c h\u1ea1t cacbua xi m\u0103ng m\u00e0u x\u00e1m \u0111en h\u00ecnh c\u1ea7u ho\u1eb7c c\u1eadn c\u1ea7u c\u00f3 \u0111\u1ed9 c\u1ee9ng cao (1400-1600 HV0.1), kh\u1ea3 n\u0103ng ch\u1ed1ng m\u00e0i m\u00f2n v\u00e0 ch\u1ed1ng x\u00f3i m\u00f2n cao.<\/p>\n<p>CCP \u0111\u01b0\u1ee3c s\u1eed d\u1ee5ng \u0111\u1ec3 chu\u1ea9n b\u1ecb c\u00e1c \u0111i\u1ec7n c\u1ef1c (d\u00e2y) ch\u1ecbu m\u00e0i m\u00f2n cacbua xi m\u0103ng, v\u1eadt li\u1ec7u h\u00e0n phun v\u00e0 v\u1eadt li\u1ec7u b\u1ec1 m\u1eb7t.  M\u1ee5c \u0111\u00edch ch\u00ednh l\u00e0 gia c\u1ed1 tr\u01b0\u1edbc c\u00e1c b\u1ec1 m\u1eb7t ch\u1ecbu m\u00e0i m\u00f2n ho\u1eb7c s\u1eeda ch\u1eefa c\u00e1c b\u1ec1 m\u1eb7t b\u1ecb m\u00f2n trong khai th\u00e1c m\u1ecf, d\u1ea7u kh\u00ed, luy\u1ec7n kim, m\u00e1y m\u00f3c x\u00e2y d\u1ef1ng, m\u00e1y m\u00f3c n\u00f4ng nghi\u1ec7p v\u00e0 c\u00f4ng nghi\u1ec7p th\u00e9p.<\/p>\n<p><strong>Th\u00e0nh ph\u1ea7n h\u00f3a h\u1ecdc (Wt, %) <\/strong><\/p>\n<table style=\"background-color: #ffffff; border-collapse: collapse; height: 259px; width: 800px;\" cellspacing=\"0\">\n<tbody>\n<tr>\n<td style=\"background-color: #2f5496; width: 97px; border: 0.5pt solid #000000;\" colspan=\"1\" rowspan=\"2\">\n<p style=\"text-align: center;\"><span style=\"color: #ffffff;\"><strong>C\u1ea5p <\/strong><\/span><\/p>\n<\/td>\n<td style=\"background-color: #2f5496; width: 589px; border: 0.5pt solid #000000;\" colspan=\"6\" rowspan=\"1\">\n<p style=\"text-align: center;\"><span style=\"color: #ffffff;\"><strong>Th\u00e0nh ph\u1ea7n h\u00f3a h\u1ecdc(on (wt, %) <\/strong><\/span><\/p>\n<\/td>\n<\/tr>\n<tr>\n<td style=\"background-color: #2f5496; border-color: #000000 #808080 #000000 #000000; border-style: solid; border-width: 0.5pt; width: 94px;\">\n<p style=\"text-align: center; color: #ffffff;\"><strong>c\u00f3 <\/strong><\/p>\n<\/td>\n<td style=\"background-color: #2f5496; border-color: #000000 #808080; border-style: solid; border-width: 0.5pt; width: 105px;\">\n<p style=\"text-align: center; color: #ffffff;\"><strong>T.C <\/strong><\/p>\n<\/td>\n<td style=\"background-color: #2f5496; border-color: #000000 #808080; border-style: solid; border-width: 0.5pt; width: 99px;\">\n<p style=\"text-align: center; color: #ffffff;\"><strong>F.C <\/strong><\/p>\n<\/td>\n<td style=\"background-color: #2f5496; border-color: #000000 #808080; border-style: solid; border-width: 0.5pt; width: 99px;\">\n<p style=\"text-align: center; color: #ffffff;\"><strong>Ti <\/strong><\/p>\n<\/td>\n<td style=\"background-color: #2f5496; border-color: #000000 #808080; border-style: solid; border-width: 0.5pt; width: 93px;\">\n<p style=\"text-align: center; color: #ffffff;\"><strong>Fe <\/strong><\/p>\n<\/td>\n<td style=\"background-color: #2f5496; border-color: #000000 #000000 #000000 #808080; border-style: solid; border-width: 0.5pt; width: 84px;\">\n<p style=\"text-align: center; color: #ffffff;\"><strong>\u1ed3 <\/strong><\/p>\n<\/td>\n<\/tr>\n<tr>\n<td style=\"background-color: #ffffff; border-color: #000000 #000000 #808080; border-style: solid; border-width: 0.5pt; width: 97px;\">\n<p style=\"text-align: center;\"><span style=\"font-family: 'Calibri'; font-size: 11.000000pt;\">ZTC31 <\/span><\/p>\n<\/td>\n<td style=\"background-color: #ffffff; border-color: #000000 #808080 #808080 #000000; border-style: solid; border-width: 0.5pt; width: 94px;\">\n<p style=\"text-align: center;\"><span style=\"font-family: 'Calibri'; font-size: 11.000000pt;\">6.5-7.2 <\/span><\/p>\n<\/td>\n<td style=\"background-color: #ffffff; border-color: #000000 #808080 #808080; border-style: solid; border-width: 0.5pt; width: 105px;\">\n<p style=\"text-align: center;\"><span style=\"font-family: 'Calibri'; font-size: 11.000000pt;\">5.4-5.8 <\/span><\/p>\n<\/td>\n<td style=\"background-color: #ffffff; border-color: #000000 #808080 #808080; border-style: solid; border-width: 0.5pt; width: 99px;\">\n<p style=\"text-align: center;\"><span style=\"font-family: 'Calibri'; font-size: 11.000000pt;\">.00,01 <\/span><\/p>\n<\/td>\n<td style=\"background-color: #ffffff; border-color: #000000 #808080 #808080; border-style: solid; border-width: 0.5pt; width: 99px;\">\n<p style=\"text-align: center;\"><span style=\"font-family: 'Calibri'; font-size: 11.000000pt;\">.50,5 <\/span><\/p>\n<\/td>\n<td style=\"background-color: #ffffff; border-color: #000000 #808080 #808080; border-style: solid; border-width: 0.5pt; width: 93px;\">\n<p style=\"text-align: center;\"><span style=\"font-family: 'Calibri'; font-size: 11.000000pt;\">.50,5 <\/span><\/p>\n<\/td>\n<td style=\"background-color: #ffffff; border-color: #000000 #000000 #808080 #808080; border-style: solid; border-width: 0.5pt; width: 84px;\">\n<p style=\"text-align: center;\"><span style=\"font-family: 'Calibri'; font-size: 11.000000pt;\">.80,8 <\/span><\/p>\n<\/td>\n<\/tr>\n<tr>\n<td style=\"background-color: #ffffff; border-color: #808080 #000000; border-style: solid; border-width: 0.5pt; width: 97px;\">\n<p style=\"text-align: center;\"><span style=\"font-family: 'Calibri'; font-size: 11.000000pt;\">ZTC32 <\/span><\/p>\n<\/td>\n<td style=\"background-color: #ffffff; border-color: #808080 #808080 #808080 #000000; border-style: solid; border-width: 0.5pt; width: 94px;\">\n<p style=\"text-align: center;\"><span style=\"font-family: 'Calibri'; font-size: 11.000000pt;\">3.5-4.0 <\/span><\/p>\n<\/td>\n<td style=\"background-color: #ffffff; width: 105px; border: 0.5pt solid #808080;\">\n<p style=\"text-align: center;\"><span style=\"font-family: 'Calibri'; font-size: 11.000000pt;\">5.5-5.9 <\/span><\/p>\n<\/td>\n<td style=\"background-color: #ffffff; width: 99px; border: 0.5pt solid #808080;\">\n<p style=\"text-align: center;\"><span style=\"font-family: 'Calibri'; font-size: 11.000000pt;\">.00,01 <\/span><\/p>\n<\/td>\n<td style=\"background-color: #ffffff; width: 99px; border: 0.5pt solid #808080;\">\n<p style=\"text-align: center;\"><span style=\"font-family: 'Calibri'; font-size: 11.000000pt;\">.50,5 <\/span><\/p>\n<\/td>\n<td style=\"background-color: #ffffff; width: 93px; border: 0.5pt solid #808080;\">\n<p style=\"text-align: center;\"><span style=\"font-family: 'Calibri'; font-size: 11.000000pt;\">.50,5 <\/span><\/p>\n<\/td>\n<td style=\"background-color: #ffffff; border-color: #808080 #000000 #808080 #808080; border-style: solid; border-width: 0.5pt; width: 84px;\">\n<p style=\"text-align: center;\"><span style=\"font-family: 'Calibri'; font-size: 11.000000pt;\">.80,8 <\/span><\/p>\n<\/td>\n<\/tr>\n<tr>\n<td style=\"background-color: #ffffff; border-color: #808080 #000000; border-style: solid; border-width: 0.5pt; width: 97px;\">\n<p style=\"text-align: center;\"><span style=\"font-family: 'Calibri'; font-size: 11.000000pt;\">ZTC33 <\/span><\/p>\n<\/td>\n<td style=\"background-color: #ffffff; border-color: #808080 #808080 #808080 #000000; border-style: solid; border-width: 0.5pt; width: 94px;\">\n<p style=\"text-align: center;\"><span style=\"font-family: 'Calibri'; font-size: 11.000000pt;\">5.7-6.3 <\/span><\/p>\n<\/td>\n<td style=\"background-color: #ffffff; width: 105px; border: 0.5pt solid #808080;\">\n<p style=\"text-align: center;\"><span style=\"font-family: 'Calibri'; font-size: 11.000000pt;\">5.4-5.8 <\/span><\/p>\n<\/td>\n<td style=\"background-color: #ffffff; width: 99px; border: 0.5pt solid #808080;\">\n<p style=\"text-align: center;\"><span style=\"font-family: 'Calibri'; font-size: 11.000000pt;\">.00,01 <\/span><\/p>\n<\/td>\n<td style=\"background-color: #ffffff; width: 99px; border: 0.5pt solid #808080;\">\n<p style=\"text-align: center;\"><span style=\"font-family: 'Calibri'; font-size: 11.000000pt;\">.50,5 <\/span><\/p>\n<\/td>\n<td style=\"background-color: #ffffff; width: 93px; border: 0.5pt solid #808080;\">\n<p style=\"text-align: center;\"><span style=\"font-family: 'Calibri'; font-size: 11.000000pt;\">.50,5 <\/span><\/p>\n<\/td>\n<td style=\"background-color: #ffffff; border-color: #808080 #000000 #808080 #808080; border-style: solid; border-width: 0.5pt; width: 84px;\">\n<p style=\"text-align: center;\"><span style=\"font-family: 'Calibri'; font-size: 11.000000pt;\">.30,3 <\/span><\/p>\n<\/td>\n<\/tr>\n<\/tbody>\n<\/table>\n<p><strong><br \/>\nC\u1ea5p v\u00e0 k\u00edch th\u01b0\u1edbc h\u1ea1t <\/strong><\/p>\n<table style=\"background-color: #ffffff; border-collapse: collapse; width: 800px;\" cellspacing=\"0\">\n<tbody>\n<tr>\n<td style=\"background-color: #2f5496; width: 94px; border: 0.5pt solid #000000;\" colspan=\"1\" rowspan=\"2\">\n<p style=\"text-align: center;\"><span style=\"color: #ffffff;\"><strong>C\u1ea5p <\/strong><\/span><\/p>\n<\/td>\n<td style=\"background-color: #2f5496; border-color: #000000 #808080 #000000 #000000; border-style: solid; border-width: 0.5pt; width: 222px;\" colspan=\"2\" rowspan=\"1\">\n<p style=\"text-align: center;\"><span style=\"color: #ffffff;\"><strong>T\u00ednh ch\u1ea5t v\u1eadt l\u00fd <\/strong><\/span><\/p>\n<\/td>\n<td style=\"background-color: #2f5496; border-color: #000000 #000000 #000000 #808080; border-style: solid; border-width: 0.5pt; width: 449px;\" colspan=\"3\" rowspan=\"1\">\n<p style=\"text-align: center;\"><span style=\"color: #ffffff;\"><strong>C\u1ea5u tr\u00fac vi m\u00f4 <\/strong><\/span><\/p>\n<\/td>\n<\/tr>\n<tr>\n<td style=\"background-color: #2f5496; border-color: #000000 #808080 #000000 #000000; border-style: solid; border-width: 0.5pt; width: 105px;\">\n<p style=\"text-align: center;\"><span style=\"color: #ffffff;\"><strong>M\u1eadt \u0111\u1ed9 (g\/cm<\/strong><strong>3<\/strong><strong>) <\/strong><\/span><\/p>\n<\/td>\n<td style=\"background-color: #2f5496; border-color: #000000 #808080; border-style: solid; border-width: 0.5pt; width: 114px;\">\n<p style=\"text-align: center;\"><span style=\"color: #ffffff;\"><strong>\u0110\u1ed9 c\u1ee9ng (HV) <\/strong><\/span><\/p>\n<\/td>\n<td style=\"background-color: #2f5496; border-color: #000000 #808080; border-style: solid; border-width: 0.5pt; width: 114px;\">\n<p style=\"text-align: center;\"><span style=\"color: #ffffff;\"><strong>\u0110\u1ed9 x\u1ed1p (&lt;) <\/strong><\/span><\/p>\n<\/td>\n<td style=\"background-color: #2f5496; border-color: #000000 #808080; border-style: solid; border-width: 0.5pt; width: 128px;\">\n<p style=\"text-align: center;\"><span style=\"color: #ffffff;\"><strong>Cacbon t\u1ef1 do (&lt;) <\/strong><\/span><\/p>\n<\/td>\n<td style=\"background-color: #2f5496; border-color: #000000 #000000 #000000 #808080; border-style: solid; border-width: 0.5pt; width: 200px;\">\n<p style=\"text-align: center;\"><span style=\"color: #ffffff;\"><strong>C\u1ea5u tr\u00fac vi m\u00f4 <\/strong><\/span><\/p>\n<\/td>\n<\/tr>\n<tr>\n<td style=\"background-color: #ffffff; border-color: #000000 #000000 #808080; border-style: solid; border-width: 0.5pt; width: 94px;\">\n<p style=\"text-align: center;\"><span style=\"font-family: 'Calibri'; font-size: 11.000000pt;\">ZTC31 <\/span><\/p>\n<\/td>\n<td style=\"background-color: #ffffff; border-color: #000000 #808080 #808080 #000000; border-style: solid; border-width: 0.5pt; width: 105px;\">\n<p style=\"text-align: center;\"><span style=\"font-family: 'Calibri'; font-size: 11.000000pt;\">14.5-15.0 <\/span><\/p>\n<\/td>\n<td style=\"background-color: #ffffff; border-color: #000000 #808080 #808080; border-style: solid; border-width: 0.5pt; width: 114px;\">\n<p style=\"text-align: center;\"><span style=\"font-family: 'Calibri'; font-size: 11.000000pt;\">\u22651400 <\/span><\/p>\n<\/td>\n<td style=\"background-color: #ffffff; border-color: #000000 #808080 #808080; border-style: solid; border-width: 0.5pt; width: 114px;\">\n<p style=\"text-align: center;\"><span style=\"font-family: 'Calibri'; font-size: 11.000000pt;\">A04B04 <\/span><\/p>\n<\/td>\n<td style=\"background-color: #ffffff; border-color: #000000 #808080 #808080; border-style: solid; border-width: 0.5pt; width: 128px;\">\n<p style=\"text-align: center;\"><span style=\"font-family: 'Calibri'; font-size: 11.000000pt;\">C04 <\/span><\/p>\n<\/td>\n<td style=\"background-color: #ffffff; border-color: #000000 #000000 #808080 #808080; border-style: solid; border-width: 0.5pt; width: 200px;\" colspan=\"1\" rowspan=\"3\">\n<p style=\"text-align: center;\"><span style=\"font-family: 'Calibri'; font-size: 11.000000pt;\">Kh\u00f4ng kh\u1eed cacbon v\u00e0 kh\u00f4ng k\u1ebft t\u1ee5 Cobalt. <\/span><\/p>\n<\/td>\n<\/tr>\n<tr>\n<td style=\"background-color: #ffffff; border-color: #808080 #000000; border-style: solid; border-width: 0.5pt; width: 94px;\">\n<p style=\"text-align: center;\"><span style=\"font-family: 'Calibri'; font-size: 11.000000pt;\">ZTC32 <\/span><\/p>\n<\/td>\n<td style=\"background-color: #ffffff; border-color: #808080 #808080 #808080 #000000; border-style: solid; border-width: 0.5pt; width: 105px;\">\n<p style=\"text-align: center;\"><span style=\"font-family: 'Calibri'; font-size: 11.000000pt;\">14.8-15.3 <\/span><\/p>\n<\/td>\n<td style=\"background-color: #ffffff; width: 114px; border: 0.5pt solid #808080;\">\n<p style=\"text-align: center;\"><span style=\"font-family: 'Calibri'; font-size: 11.000000pt;\">\u22651500 <\/span><\/p>\n<\/td>\n<td style=\"background-color: #ffffff; width: 114px; border: 0.5pt solid #808080;\">\n<p style=\"text-align: center;\"><span style=\"font-family: 'Calibri'; font-size: 11.000000pt;\">A04B04 <\/span><\/p>\n<\/td>\n<td style=\"background-color: #ffffff; width: 128px; border: 0.5pt solid #808080;\">\n<p style=\"text-align: center;\"><span style=\"font-family: 'Calibri'; font-size: 11.000000pt;\">C04 <\/span><\/p>\n<\/td>\n<\/tr>\n<tr>\n<td style=\"background-color: #ffffff; border-color: #808080 #000000; border-style: solid; border-width: 0.5pt; width: 94px;\">\n<p style=\"text-align: center;\"><span style=\"font-family: 'Calibri'; font-size: 11.000000pt;\">ZTC33 <\/span><\/p>\n<\/td>\n<td style=\"background-color: #ffffff; border-color: #808080 #808080 #808080 #000000; border-style: solid; border-width: 0.5pt; width: 105px;\">\n<p style=\"text-align: center;\"><span style=\"font-family: 'Calibri'; font-size: 11.000000pt;\">14.5-15.0 <\/span><\/p>\n<\/td>\n<td style=\"background-color: #ffffff; width: 114px; border: 0.5pt solid #808080;\">\n<p style=\"text-align: center;\"><span style=\"font-family: 'Calibri'; font-size: 11.000000pt;\">\u22651400 <\/span><\/p>\n<\/td>\n<td style=\"background-color: #ffffff; width: 114px; border: 0.5pt solid #808080;\">\n<p style=\"text-align: center;\"><span style=\"font-family: 'Calibri'; font-size: 11.000000pt;\">A04B04 <\/span><\/p>\n<\/td>\n<td style=\"background-color: #ffffff; width: 128px; border: 0.5pt solid #808080;\">\n<p style=\"text-align: center;\"><span style=\"font-family: 'Calibri'; font-size: 11.000000pt;\">C02 <\/span><\/p>\n<\/td>\n<\/tr>\n<\/tbody>\n<\/table>\n<\/div><\/div><\/div><div class=\"fusion-layout-column fusion_builder_column fusion-builder-column-1 fusion_builder_column_1_3 1_3 fusion-flex-column\" style=\"--awb-bg-size:cover;--awb-width-large:33.333333333333%;--awb-margin-top-large:0px;--awb-spacing-right-large:5.76%;--awb-margin-bottom-large:0px;--awb-spacing-left-large:2.88%;--awb-width-medium:33.333333333333%;--awb-spacing-right-medium:5.76%;--awb-spacing-left-medium:2.88%;--awb-width-small:100%;--awb-spacing-right-small:1.92%;--awb-spacing-left-small:1.92%;\"><div class=\"fusion-column-wrapper fusion-flex-justify-content-flex-start fusion-content-layout-column\"><div class=\"fusion-image-element\" style=\"text-align:center;--awb-caption-title-font-family:var(--h2_typography-font-family);--awb-caption-title-font-weight:var(--h2_typography-font-weight);--awb-caption-title-font-style:var(--h2_typography-font-style);--awb-caption-title-size:var(--h2_typography-font-size);--awb-caption-title-transform:var(--h2_typography-text-transform);--awb-caption-title-line-height:var(--h2_typography-line-height);--awb-caption-title-letter-spacing:var(--h2_typography-letter-spacing);\"><span class=\"fusion-imageframe imageframe-none imageframe-1 hover-type-zoomin\"><img decoding=\"async\" width=\"600\" height=\"600\" title=\"4.cemented-carbode-vi\u00ean-1\" src=\"https:\/\/zim-llc.com\/wp-content\/uploads\/2022\/12\/4.cemented-carbode-pellets-1.jpg\" alt class=\"img-responsive wp-image-3810\" srcset=\"https:\/\/zim.orangewallcreative.com\/wp-content\/uploads\/2022\/12\/4.cemented-carbode-pellets-1-150x150.jpg 150w, https:\/\/zim.orangewallcreative.com\/wp-content\/uploads\/2022\/12\/4.cemented-carbode-pellets-1-300x300.jpg 300w, https:\/\/zim.orangewallcreative.com\/wp-content\/uploads\/2022\/12\/4.cemented-carbode-pellets-1-350x350.jpg 350w, https:\/\/zim.orangewallcreative.com\/wp-content\/uploads\/2022\/12\/4.cemented-carbode-pellets-1.jpg 600w\" sizes=\"(max-width: 600px) 100vw, 600px\" \/><\/span><\/div><\/div><\/div><\/div><\/div>","protected":false},"excerpt":{"rendered":"","protected":false},"author":2,"featured_media":0,"parent":877,"menu_order":4,"comment_status":"closed","ping_status":"closed","template":"","meta":{"footnotes":""},"class_list":["post-3733","page","type-page","status-publish","hentry"],"yoast_head":"<!-- This site is optimized with the Yoast SEO plugin v26.8 - https:\/\/yoast.com\/product\/yoast-seo-wordpress\/ -->\n<title>Cemented Carbide Pallets - Zigong International Marketing, LLC<\/title>\n<meta name=\"description\" content=\"We manufacture three types of cast Tungsten Carbide powder.\" \/>\n<meta name=\"robots\" content=\"index, follow, max-snippet:-1, max-image-preview:large, max-video-preview:-1\" \/>\n<link rel=\"canonical\" href=\"https:\/\/zim.orangewallcreative.com\/vi\/hardfacing-materials\/cemented-carbide-pallets\/\" \/>\n<meta property=\"og:locale\" content=\"vi_VN\" \/>\n<meta property=\"og:type\" content=\"article\" \/>\n<meta property=\"og:title\" content=\"Cemented Carbide Pallets - Zigong International Marketing, LLC\" \/>\n<meta property=\"og:description\" content=\"We manufacture three types of cast Tungsten Carbide powder.\" \/>\n<meta property=\"og:url\" content=\"https:\/\/zim.orangewallcreative.com\/vi\/hardfacing-materials\/cemented-carbide-pallets\/\" \/>\n<meta property=\"og:site_name\" content=\"Zigong International Marketing, LLC\" \/>\n<meta property=\"article:modified_time\" content=\"2024-04-24T16:06:15+00:00\" \/>\n<meta name=\"twitter:card\" content=\"summary_large_image\" \/>\n<meta name=\"twitter:label1\" content=\"\u01af\u1edbc t\u00ednh th\u1eddi gian \u0111\u1ecdc\" \/>\n\t<meta name=\"twitter:data1\" content=\"1 ph\u00fat\" \/>\n<script type=\"application\/ld+json\" class=\"yoast-schema-graph\">{\"@context\":\"https:\/\/schema.org\",\"@graph\":[{\"@type\":\"WebPage\",\"@id\":\"https:\/\/zim.orangewallcreative.com\/nb\/hardfacing-materials\/cemented-carbide-pallets\/\",\"url\":\"https:\/\/zim.orangewallcreative.com\/nb\/hardfacing-materials\/cemented-carbide-pallets\/\",\"name\":\"Cemented Carbide Pallets - Zigong International Marketing, LLC\",\"isPartOf\":{\"@id\":\"http:\/\/zim.orangewallcreative.com\/bg\/#website\"},\"datePublished\":\"2022-12-12T19:20:34+00:00\",\"dateModified\":\"2024-04-24T16:06:15+00:00\",\"description\":\"We manufacture three types of cast Tungsten Carbide powder.\",\"breadcrumb\":{\"@id\":\"https:\/\/zim.orangewallcreative.com\/nb\/hardfacing-materials\/cemented-carbide-pallets\/#breadcrumb\"},\"inLanguage\":\"vi\",\"potentialAction\":[{\"@type\":\"ReadAction\",\"target\":[\"https:\/\/zim.orangewallcreative.com\/nb\/hardfacing-materials\/cemented-carbide-pallets\/\"]}]},{\"@type\":\"BreadcrumbList\",\"@id\":\"https:\/\/zim.orangewallcreative.com\/nb\/hardfacing-materials\/cemented-carbide-pallets\/#breadcrumb\",\"itemListElement\":[{\"@type\":\"ListItem\",\"position\":1,\"name\":\"Home\",\"item\":\"http:\/\/zim.orangewallcreative.com\/bg\/\"},{\"@type\":\"ListItem\",\"position\":2,\"name\":\"Hardfacing Materials\",\"item\":\"https:\/\/zim.orangewallcreative.com\/bg\/hardfacing-materials\/\"},{\"@type\":\"ListItem\",\"position\":3,\"name\":\"Cemented Carbide Pallets\"}]},{\"@type\":\"WebSite\",\"@id\":\"http:\/\/zim.orangewallcreative.com\/bg\/#website\",\"url\":\"http:\/\/zim.orangewallcreative.com\/bg\/\",\"name\":\"Zigong International Marketing, LLC\",\"description\":\"\",\"publisher\":{\"@id\":\"http:\/\/zim.orangewallcreative.com\/bg\/#organization\"},\"potentialAction\":[{\"@type\":\"SearchAction\",\"target\":{\"@type\":\"EntryPoint\",\"urlTemplate\":\"http:\/\/zim.orangewallcreative.com\/bg\/?s={search_term_string}\"},\"query-input\":{\"@type\":\"PropertyValueSpecification\",\"valueRequired\":true,\"valueName\":\"search_term_string\"}}],\"inLanguage\":\"vi\"},{\"@type\":\"Organization\",\"@id\":\"http:\/\/zim.orangewallcreative.com\/bg\/#organization\",\"name\":\"Zigong International Marketing LLC\",\"url\":\"http:\/\/zim.orangewallcreative.com\/bg\/\",\"logo\":{\"@type\":\"ImageObject\",\"inLanguage\":\"vi\",\"@id\":\"http:\/\/zim.orangewallcreative.com\/bg\/#\/schema\/logo\/image\/\",\"url\":\"https:\/\/zim-llc.com\/wp-content\/uploads\/2020\/06\/6-23-logo-c.jpg\",\"contentUrl\":\"https:\/\/zim-llc.com\/wp-content\/uploads\/2020\/06\/6-23-logo-c.jpg\",\"width\":201,\"height\":90,\"caption\":\"Zigong International Marketing LLC\"},\"image\":{\"@id\":\"http:\/\/zim.orangewallcreative.com\/bg\/#\/schema\/logo\/image\/\"}}]}<\/script>\n<!-- \/ Yoast SEO plugin. -->","yoast_head_json":{"title":"Cemented Carbide Pallets - Zigong International Marketing, LLC","description":"We manufacture three types of cast Tungsten Carbide powder.","robots":{"index":"index","follow":"follow","max-snippet":"max-snippet:-1","max-image-preview":"max-image-preview:large","max-video-preview":"max-video-preview:-1"},"canonical":"https:\/\/zim.orangewallcreative.com\/vi\/hardfacing-materials\/cemented-carbide-pallets\/","og_locale":"vi_VN","og_type":"article","og_title":"Cemented Carbide Pallets - Zigong International Marketing, LLC","og_description":"We manufacture three types of cast Tungsten Carbide powder.","og_url":"https:\/\/zim.orangewallcreative.com\/vi\/hardfacing-materials\/cemented-carbide-pallets\/","og_site_name":"Zigong International Marketing, LLC","article_modified_time":"2024-04-24T16:06:15+00:00","twitter_card":"summary_large_image","twitter_misc":{"\u01af\u1edbc t\u00ednh th\u1eddi gian \u0111\u1ecdc":"1 ph\u00fat"},"schema":{"@context":"https:\/\/schema.org","@graph":[{"@type":"WebPage","@id":"https:\/\/zim.orangewallcreative.com\/nb\/hardfacing-materials\/cemented-carbide-pallets\/","url":"https:\/\/zim.orangewallcreative.com\/nb\/hardfacing-materials\/cemented-carbide-pallets\/","name":"Cemented Carbide Pallets - Zigong International Marketing, LLC","isPartOf":{"@id":"http:\/\/zim.orangewallcreative.com\/bg\/#website"},"datePublished":"2022-12-12T19:20:34+00:00","dateModified":"2024-04-24T16:06:15+00:00","description":"We manufacture three types of cast Tungsten Carbide powder.","breadcrumb":{"@id":"https:\/\/zim.orangewallcreative.com\/nb\/hardfacing-materials\/cemented-carbide-pallets\/#breadcrumb"},"inLanguage":"vi","potentialAction":[{"@type":"ReadAction","target":["https:\/\/zim.orangewallcreative.com\/nb\/hardfacing-materials\/cemented-carbide-pallets\/"]}]},{"@type":"BreadcrumbList","@id":"https:\/\/zim.orangewallcreative.com\/nb\/hardfacing-materials\/cemented-carbide-pallets\/#breadcrumb","itemListElement":[{"@type":"ListItem","position":1,"name":"Home","item":"http:\/\/zim.orangewallcreative.com\/bg\/"},{"@type":"ListItem","position":2,"name":"Hardfacing Materials","item":"https:\/\/zim.orangewallcreative.com\/bg\/hardfacing-materials\/"},{"@type":"ListItem","position":3,"name":"Cemented Carbide Pallets"}]},{"@type":"WebSite","@id":"http:\/\/zim.orangewallcreative.com\/bg\/#website","url":"http:\/\/zim.orangewallcreative.com\/bg\/","name":"Ti\u1ebfp th\u1ecb qu\u1ed1c t\u1ebf Zigong, LLC","description":"","publisher":{"@id":"http:\/\/zim.orangewallcreative.com\/bg\/#organization"},"potentialAction":[{"@type":"SearchAction","target":{"@type":"EntryPoint","urlTemplate":"http:\/\/zim.orangewallcreative.com\/bg\/?s={search_term_string}"},"query-input":{"@type":"PropertyValueSpecification","valueRequired":true,"valueName":"search_term_string"}}],"inLanguage":"vi"},{"@type":"Organization","@id":"http:\/\/zim.orangewallcreative.com\/bg\/#organization","name":"C\u00f4ng ty TNHH Ti\u1ebfp th\u1ecb Qu\u1ed1c t\u1ebf Zigong","url":"http:\/\/zim.orangewallcreative.com\/bg\/","logo":{"@type":"ImageObject","inLanguage":"vi","@id":"http:\/\/zim.orangewallcreative.com\/bg\/#\/schema\/logo\/image\/","url":"https:\/\/zim-llc.com\/wp-content\/uploads\/2020\/06\/6-23-logo-c.jpg","contentUrl":"https:\/\/zim-llc.com\/wp-content\/uploads\/2020\/06\/6-23-logo-c.jpg","width":201,"height":90,"caption":"Zigong International Marketing LLC"},"image":{"@id":"http:\/\/zim.orangewallcreative.com\/bg\/#\/schema\/logo\/image\/"}}]}},"_links":{"self":[{"href":"https:\/\/zim.orangewallcreative.com\/vi\/wp-json\/wp\/v2\/pages\/3733","targetHints":{"allow":["GET"]}}],"collection":[{"href":"https:\/\/zim.orangewallcreative.com\/vi\/wp-json\/wp\/v2\/pages"}],"about":[{"href":"https:\/\/zim.orangewallcreative.com\/vi\/wp-json\/wp\/v2\/types\/page"}],"author":[{"embeddable":true,"href":"https:\/\/zim.orangewallcreative.com\/vi\/wp-json\/wp\/v2\/users\/2"}],"replies":[{"embeddable":true,"href":"https:\/\/zim.orangewallcreative.com\/vi\/wp-json\/wp\/v2\/comments?post=3733"}],"version-history":[{"count":0,"href":"https:\/\/zim.orangewallcreative.com\/vi\/wp-json\/wp\/v2\/pages\/3733\/revisions"}],"up":[{"embeddable":true,"href":"https:\/\/zim.orangewallcreative.com\/vi\/wp-json\/wp\/v2\/pages\/877"}],"wp:attachment":[{"href":"https:\/\/zim.orangewallcreative.com\/vi\/wp-json\/wp\/v2\/media?parent=3733"}],"curies":[{"name":"wp","href":"https:\/\/api.w.org\/{rel}","templated":true}]}}