{"id":861,"date":"2017-04-17T05:44:39","date_gmt":"2017-04-17T05:44:39","guid":{"rendered":"https:\/\/zimllc.wpengine.com\/?page_id=861"},"modified":"2024-04-12T02:57:15","modified_gmt":"2024-04-12T02:57:15","slug":"who-we-are","status":"publish","type":"page","link":"https:\/\/zim.orangewallcreative.com\/vi\/about\/who-we-are\/","title":{"rendered":"Ch\u00fang ta l\u00e0 ai"},"content":{"rendered":"<div class=\"fusion-fullwidth fullwidth-box fusion-builder-row-1 fusion-flex-container has-pattern-background has-mask-background nonhundred-percent-fullwidth non-hundred-percent-height-scrolling\" style=\"--awb-border-radius-top-left:0px;--awb-border-radius-top-right:0px;--awb-border-radius-bottom-right:0px;--awb-border-radius-bottom-left:0px;--awb-background-image:linear-gradient(180deg, #0000 0%,#0000 100%);--awb-flex-wrap:wrap;\" ><div class=\"fusion-builder-row fusion-row fusion-flex-align-items-flex-start fusion-flex-content-wrap\" style=\"max-width:1248px;margin-left: calc(-4% \/ 2 );margin-right: calc(-4% \/ 2 );\"><div class=\"fusion-layout-column fusion_builder_column fusion-builder-column-0 fusion_builder_column_3_4 3_4 fusion-flex-column\" style=\"--awb-padding-left:60px;--awb-bg-size:cover;--awb-width-large:75%;--awb-margin-top-large:0px;--awb-spacing-right-large:2.56%;--awb-margin-bottom-large:0px;--awb-spacing-left-large:2.56%;--awb-width-medium:75%;--awb-order-medium:0;--awb-spacing-right-medium:2.56%;--awb-spacing-left-medium:2.56%;--awb-width-small:100%;--awb-order-small:0;--awb-spacing-right-small:1.92%;--awb-spacing-left-small:1.92%;\" data-scroll-devices=\"small-visibility,medium-visibility,large-visibility\"><div class=\"fusion-column-wrapper fusion-column-has-shadow fusion-flex-justify-content-flex-start fusion-content-layout-column\"><div class=\"fusion-text fusion-text-1\"><h1>Ch\u00fang ta l\u00e0 ai<\/h1>\n<p class=\"translation-block\"><span style=\"color: #af2828\">\u2192<\/span> Ti\u1ebfp th\u1ecb qu\u1ed1c t\u1ebf Zigong l\u00e0 c\u00f4ng ty con c\u1ee7a C\u00f4ng ty TNHH Xi m\u0103ng cacbua Zigong.<\/p>\n<p class=\"translation-block\"><span style=\"color: #af2828\">\u2192<\/span> ZGCC l\u00e0 th\u00e0nh vi\u00ean c\u1ed1t l\u00f5i c\u1ee7a T\u1eadp \u0111o\u00e0n Minmetals Trung Qu\u1ed1c, m\u1ed9t trong 500 c\u00f4ng ty h\u00e0ng \u0111\u1ea7u th\u1ebf gi\u1edbi.<\/p>\n<p class=\"translation-block\"><span style=\"color: #af2828\">\u2192<\/span> \u0110\u00e2y l\u00e0 doanh nghi\u1ec7p s\u1ea3n xu\u1ea5t cacbua xi m\u0103ng quy m\u00f4 l\u1edbn \u0111\u01b0\u1ee3c thi\u1ebft k\u1ebf v\u00e0 x\u00e2y d\u1ef1ng t\u1ea1i nh\u00e0 \u0111\u1ea7u ti\u00ean \u1edf Trung Qu\u1ed1c.<\/p>\n<p class=\"translation-block\"><span style=\"color: #af2828\">\u2192<\/span> Ch\u00fang t\u00f4i l\u00e0 nh\u00e0 cung c\u1ea5p \u0111\u00e1ng tin c\u1eady c\u00e1c v\u1eadt li\u1ec7u gia c\u00f4ng c\u1ee9ng v\u1edbi tr\u00ecnh \u0111\u1ed9 ti\u00ean ti\u1ebfn tr\u00ean th\u1ebf gi\u1edbi v\u00e0 c\u00e1c d\u1ecbch v\u1ee5 \u1ee9ng d\u1ee5ng.<\/p>\n<p class=\"translation-block\"><span style=\"color: #af2828\">\u2192<\/span> ZGCC gi\u1eef v\u1ecb tr\u00ed d\u1eabn \u0111\u1ea7u trong ng\u00e0nh s\u1ea3n xu\u1ea5t s\u1ea3n ph\u1ea9m Vonfram v\u00e0 Molypden t\u1ea1i Trung Qu\u1ed1c.<\/p>\n<h2>D\u1ecbch v\u1ee5 kh\u00e1ch h\u00e0ng<\/h2>\n<p class=\"translation-block\"><span style=\"color: #af2828\">\u2192<\/span> <strong>H\u1ed6 TR\u1ee2:<\/strong> \u0110\u1ed9i ng\u0169 b\u00e1n h\u00e0ng chuy\u00ean nghi\u1ec7p v\u00e0 \u0111\u1ed9i ng\u0169 d\u1ecbch v\u1ee5 k\u1ef9 thu\u1eadt c\u1ee7a ch\u00fang t\u00f4i gi\u1eef li\u00ean l\u1ea1c v\u1edbi kh\u00e1ch h\u00e0ng. Ch\u00fang t\u00f4i cung c\u1ea5p s\u1ef1 h\u1ed7 tr\u1ee3 c\u1ea7n thi\u1ebft \u0111\u1ec3 \u0111\u00e1p \u1ee9ng c\u00e1c y\u00eau c\u1ea7u s\u1ea3n ph\u1ea9m c\u1ee5 th\u1ec3 c\u1ee7a b\u1ea1n.<\/p>\n<p class=\"translation-block\"><span style=\"color: #af2828\">\u2192<\/span> <strong>H\u00c0NG T\u1ed2N KHO:<\/strong> Ch\u00fang t\u00f4i duy tr\u00ec l\u01b0\u1ee3ng h\u00e0ng t\u1ed3n kho c\u1ea7n thi\u1ebft v\u00e0 ch\u00fang t\u00f4i c\u00f3 c\u00e1c trung t\u00e2m ph\u00e2n ph\u1ed1i \u1edf m\u1ecdi th\u1ecb tr\u01b0\u1eddng ch\u00ednh trong khu v\u1ef1c \u0111\u1ec3 cung c\u1ea5p cho kh\u00e1ch h\u00e0ng kh\u1ea3 n\u0103ng quay v\u00f2ng nhanh ch\u00f3ng.<\/p>\n<p class=\"translation-block\"><span style=\"color: #af2828\">\u2192<\/span> <strong>TH\u00c0NH C\u00d4NG + T\u0102NG TR\u01af\u1edeNG:<\/strong> Nh\u1eefng kh\u00e1ch h\u00e0ng ch\u1ee7 ch\u1ed1t \u0111a d\u1ea1ng c\u1ee7a ch\u00fang t\u00f4i \u0111\u00f3ng vai tr\u00f2 quan tr\u1ecdng trong m\u1ecdi l\u0129nh v\u1ef1c kinh t\u1ebf to\u00e0n c\u1ea7u. Ch\u00fang t\u00f4i l\u00e0m vi\u1ec7c v\u1edbi b\u1ea1n \u0111\u1ec3 gi\u00fap b\u1ea1n ph\u00e1t tri\u1ec3n doanh nghi\u1ec7p c\u1ee7a m\u00ecnh.<strong><br><\/strong><\/p>\n<h2>Nh\u1eefng g\u00ec ch\u00fang t\u00f4i cung c\u1ea5p cho kh\u00e1ch h\u00e0ng c\u1ee7a ch\u00fang t\u00f4i<\/h2>\n<p><em><strong>Kh\u00e1ch h\u00e0ng l\u00e0 tr\u1ecdng t\u00e2m c\u1ee7a ch\u00fang t\u00f4i. Ch\u00fang t\u00f4i c\u1ed1 g\u1eafng thi\u1ebft l\u1eadp m\u1ed1i quan h\u1ec7 l\u00e2u d\u00e0i v\u1edbi kh\u00e1ch h\u00e0ng v\u00e0 bi\u1ebfn ZGCC\/ZIM tr\u1edf th\u00e0nh l\u1ef1a ch\u1ecdn \u0111\u1ea7u ti\u00ean cho c\u00e1c s\u1ea3n ph\u1ea9m c\u1ee7a ch\u00fang t\u00f4i.<\/strong><\/em><\/p>\n<p>S\u1ee9 m\u1ec7nh c\u1ee7a ch\u00fang t\u00f4i l\u00e0 cung c\u1ea5p cho kh\u00e1ch h\u00e0ng nh\u1eefng s\u1ea3n ph\u1ea9m v\u00e0 d\u1ecbch v\u1ee5 ch\u1ea5t l\u01b0\u1ee3ng. Ch\u00fang t\u00f4i h\u1ee3p t\u00e1c v\u1edbi kh\u00e1ch h\u00e0ng \u0111\u1ec3 gi\u00fap h\u1ecd \u0111\u1ea1t \u0111\u01b0\u1ee3c m\u1ee5c ti\u00eau v\u00e0 h\u1ed7 tr\u1ee3 to\u00e0n b\u1ed9 qu\u00e1 tr\u00ecnh s\u1ea3n xu\u1ea5t. L\u00e0 m\u1ed9t doanh nghi\u1ec7p c\u00f3 tr\u00e1ch nhi\u1ec7m, ch\u00fang t\u00f4i n\u1ed7 l\u1ef1c t\u1ed1i \u0111a h\u00f3a ti\u1ec1m n\u0103ng kinh doanh v\u00e0 m\u1ee5c ti\u00eau kinh doanh c\u1ee7a b\u1ea1n. M\u1ee5c ti\u00eau c\u1ee7a ch\u00fang t\u00f4i l\u00e0 tr\u1edf th\u00e0nh nh\u00e0 s\u1ea3n xu\u1ea5t v\u00e0 cung c\u1ea5p h\u00e0ng \u0111\u1ea7u t\u1ea5t c\u1ea3 c\u00e1c nguy\u00ean li\u1ec7u v\u1ec1 cacbua xi m\u0103ng, vonfram v\u00e0 Molypden tr\u00ean to\u00e0n c\u1ea7u d\u01b0\u1edbi s\u1ef1 l\u00e3nh \u0111\u1ea1o c\u1ee7a T\u1eadp \u0111o\u00e0n China Minmentals.<\/p>\n<p>Ch\u00fang t\u00f4i xu\u1ea5t s\u1eafc \u0111\u01b0a ZGCC tr\u1edf th\u00e0nh nh\u00e0 cung c\u1ea5p h\u00e0ng \u0111\u1ea7u v\u1ec1 ti\u1ebfn b\u1ed9 khoa h\u1ecdc v\u00e0 nghi\u00ean c\u1ee9u trong l\u0129nh v\u1ef1c v\u1eadt li\u1ec7u m\u1edbi, \u0111\u1ed3ng th\u1eddi gi\u1eef ZGCC l\u00e0 nh\u00e0 cung c\u1ea5p \u0111\u1ee7 ti\u00eau chu\u1ea9n c\u00e1c gi\u1ea3i ph\u00e1p hi\u1ec7u qu\u1ea3 cho kh\u00e1ch h\u00e0ng c\u1ee7a ch\u00fang t\u00f4i. Ch\u00fang t\u00f4i nh\u00ecn v\u1ec1 t\u01b0\u01a1ng lai v\u00e0 ph\u1ea5n \u0111\u1ea5u cho s\u1ef1 ti\u1ebfn b\u1ed9 trong t\u01b0\u01a1ng lai, \u0111\u1ed3ng th\u1eddi kh\u00f4ng ng\u1eebng ph\u1ea5n \u0111\u1ea5u \u0111\u1ec3 duy tr\u00ec v\u1ecb tr\u00ed d\u1eabn \u0111\u1ea7u c\u1ee7a m\u00ecnh trong l\u0129nh v\u1ef1c Cacbua xi m\u0103ng, v\u1eadt li\u1ec7u c\u1ee9ng, c\u00e1c s\u1ea3n ph\u1ea9m Vonfram v\u00e0 Molypden c\u0169ng nh\u01b0 th\u1ecb tr\u01b0\u1eddng c\u1ee7a ch\u00fang. Th\u00e0nh c\u00f4ng trong t\u01b0\u01a1ng lai c\u1ee7a ch\u00fang t\u00f4i d\u1ef1a tr\u00ean n\u1ec1n t\u1ea3ng do nh\u00e2n vi\u00ean c\u1ee7a ch\u00fang t\u00f4i x\u00e2y d\u1ef1ng. Ch\u00fang t\u00f4i n\u1ed7 l\u1ef1c t\u1ea1o ra m\u1ed9t m\u00f4i tr\u01b0\u1eddng n\u01a1i h\u1ecd c\u00f3 th\u1ec3 ho\u00e0n th\u00e0nh m\u1ee5c ti\u00eau v\u00e0 khen th\u01b0\u1edfng cho nh\u1eefng th\u00e0nh c\u00f4ng c\u1ee7a m\u00ecnh. Ch\u00fang t\u00f4i c\u0169ng coi ZGCC l\u00e0 m\u1ed9t doanh nghi\u1ec7p c\u00f3 tr\u00e1ch nhi\u1ec7m x\u00e3 h\u1ed9i m\u1ea1nh m\u1ebd \u0111\u1ed1i v\u1edbi c\u1ed9ng \u0111\u1ed3ng c\u1ee7a m\u00ecnh.<\/p>\n<\/div><\/div><\/div><\/div><\/div>","protected":false},"excerpt":{"rendered":"","protected":false},"author":4,"featured_media":0,"parent":815,"menu_order":2,"comment_status":"closed","ping_status":"closed","template":"","meta":{"footnotes":""},"class_list":["post-861","page","type-page","status-publish","hentry"],"yoast_head":"<!-- This site is optimized with the Yoast SEO plugin v26.8 - https:\/\/yoast.com\/product\/yoast-seo-wordpress\/ -->\n<title>Who We Are - Zigong International Marketing, LLC<\/title>\n<meta name=\"description\" content=\"Zigong International Marketing is a subsidiary of Zignong Cemented Carbide Co., Ltd. Core member of China Minmentals Group.\" \/>\n<meta name=\"robots\" content=\"index, follow, max-snippet:-1, max-image-preview:large, max-video-preview:-1\" \/>\n<link rel=\"canonical\" href=\"https:\/\/zim.orangewallcreative.com\/vi\/about\/who-we-are\/\" \/>\n<meta property=\"og:locale\" content=\"vi_VN\" \/>\n<meta property=\"og:type\" content=\"article\" \/>\n<meta property=\"og:title\" content=\"Who We Are - Zigong International Marketing, LLC\" \/>\n<meta property=\"og:description\" content=\"Zigong International Marketing is a subsidiary of Zignong Cemented Carbide Co., Ltd. Core member of China Minmentals Group.\" \/>\n<meta property=\"og:url\" content=\"https:\/\/zim.orangewallcreative.com\/vi\/about\/who-we-are\/\" \/>\n<meta property=\"og:site_name\" content=\"Zigong International Marketing, LLC\" \/>\n<meta property=\"article:modified_time\" content=\"2024-04-12T02:57:15+00:00\" \/>\n<meta name=\"twitter:card\" content=\"summary_large_image\" \/>\n<meta name=\"twitter:label1\" content=\"\u01af\u1edbc t\u00ednh th\u1eddi gian \u0111\u1ecdc\" \/>\n\t<meta name=\"twitter:data1\" content=\"4 ph\u00fat\" \/>\n<script type=\"application\/ld+json\" class=\"yoast-schema-graph\">{\"@context\":\"https:\/\/schema.org\",\"@graph\":[{\"@type\":\"WebPage\",\"@id\":\"https:\/\/zim.orangewallcreative.com\/ug\/about\/who-we-are\/\",\"url\":\"https:\/\/zim.orangewallcreative.com\/ug\/about\/who-we-are\/\",\"name\":\"Who We Are - Zigong International Marketing, LLC\",\"isPartOf\":{\"@id\":\"http:\/\/zim.orangewallcreative.com\/bg\/#website\"},\"datePublished\":\"2017-04-17T05:44:39+00:00\",\"dateModified\":\"2024-04-12T02:57:15+00:00\",\"description\":\"Zigong International Marketing is a subsidiary of Zignong Cemented Carbide Co., Ltd. Core member of China Minmentals Group.\",\"breadcrumb\":{\"@id\":\"https:\/\/zim.orangewallcreative.com\/ug\/about\/who-we-are\/#breadcrumb\"},\"inLanguage\":\"vi\",\"potentialAction\":[{\"@type\":\"ReadAction\",\"target\":[\"https:\/\/zim.orangewallcreative.com\/ug\/about\/who-we-are\/\"]}]},{\"@type\":\"BreadcrumbList\",\"@id\":\"https:\/\/zim.orangewallcreative.com\/ug\/about\/who-we-are\/#breadcrumb\",\"itemListElement\":[{\"@type\":\"ListItem\",\"position\":1,\"name\":\"Home\",\"item\":\"http:\/\/zim.orangewallcreative.com\/bg\/\"},{\"@type\":\"ListItem\",\"position\":2,\"name\":\"About\",\"item\":\"https:\/\/zim.orangewallcreative.com\/ku\/about\/\"},{\"@type\":\"ListItem\",\"position\":3,\"name\":\"Who We Are\"}]},{\"@type\":\"WebSite\",\"@id\":\"http:\/\/zim.orangewallcreative.com\/bg\/#website\",\"url\":\"http:\/\/zim.orangewallcreative.com\/bg\/\",\"name\":\"Zigong International Marketing, LLC\",\"description\":\"\",\"publisher\":{\"@id\":\"http:\/\/zim.orangewallcreative.com\/bg\/#organization\"},\"potentialAction\":[{\"@type\":\"SearchAction\",\"target\":{\"@type\":\"EntryPoint\",\"urlTemplate\":\"http:\/\/zim.orangewallcreative.com\/bg\/?s={search_term_string}\"},\"query-input\":{\"@type\":\"PropertyValueSpecification\",\"valueRequired\":true,\"valueName\":\"search_term_string\"}}],\"inLanguage\":\"vi\"},{\"@type\":\"Organization\",\"@id\":\"http:\/\/zim.orangewallcreative.com\/bg\/#organization\",\"name\":\"Zigong International Marketing LLC\",\"url\":\"http:\/\/zim.orangewallcreative.com\/bg\/\",\"logo\":{\"@type\":\"ImageObject\",\"inLanguage\":\"vi\",\"@id\":\"http:\/\/zim.orangewallcreative.com\/bg\/#\/schema\/logo\/image\/\",\"url\":\"https:\/\/zim-llc.com\/wp-content\/uploads\/2020\/06\/6-23-logo-c.jpg\",\"contentUrl\":\"https:\/\/zim-llc.com\/wp-content\/uploads\/2020\/06\/6-23-logo-c.jpg\",\"width\":201,\"height\":90,\"caption\":\"Zigong International Marketing LLC\"},\"image\":{\"@id\":\"http:\/\/zim.orangewallcreative.com\/bg\/#\/schema\/logo\/image\/\"}}]}<\/script>\n<!-- \/ Yoast SEO plugin. -->","yoast_head_json":{"title":"Who We Are - Zigong International Marketing, LLC","description":"Zigong International Marketing is a subsidiary of Zignong Cemented Carbide Co., Ltd. Core member of China Minmentals Group.","robots":{"index":"index","follow":"follow","max-snippet":"max-snippet:-1","max-image-preview":"max-image-preview:large","max-video-preview":"max-video-preview:-1"},"canonical":"https:\/\/zim.orangewallcreative.com\/vi\/about\/who-we-are\/","og_locale":"vi_VN","og_type":"article","og_title":"Who We Are - Zigong International Marketing, LLC","og_description":"Zigong International Marketing is a subsidiary of Zignong Cemented Carbide Co., Ltd. Core member of China Minmentals Group.","og_url":"https:\/\/zim.orangewallcreative.com\/vi\/about\/who-we-are\/","og_site_name":"Zigong International Marketing, LLC","article_modified_time":"2024-04-12T02:57:15+00:00","twitter_card":"summary_large_image","twitter_misc":{"\u01af\u1edbc t\u00ednh th\u1eddi gian \u0111\u1ecdc":"4 ph\u00fat"},"schema":{"@context":"https:\/\/schema.org","@graph":[{"@type":"WebPage","@id":"https:\/\/zim.orangewallcreative.com\/ug\/about\/who-we-are\/","url":"https:\/\/zim.orangewallcreative.com\/ug\/about\/who-we-are\/","name":"Who We Are - Zigong International Marketing, LLC","isPartOf":{"@id":"http:\/\/zim.orangewallcreative.com\/bg\/#website"},"datePublished":"2017-04-17T05:44:39+00:00","dateModified":"2024-04-12T02:57:15+00:00","description":"Zigong International Marketing is a subsidiary of Zignong Cemented Carbide Co., Ltd. Core member of China Minmentals Group.","breadcrumb":{"@id":"https:\/\/zim.orangewallcreative.com\/ug\/about\/who-we-are\/#breadcrumb"},"inLanguage":"vi","potentialAction":[{"@type":"ReadAction","target":["https:\/\/zim.orangewallcreative.com\/ug\/about\/who-we-are\/"]}]},{"@type":"BreadcrumbList","@id":"https:\/\/zim.orangewallcreative.com\/ug\/about\/who-we-are\/#breadcrumb","itemListElement":[{"@type":"ListItem","position":1,"name":"Home","item":"http:\/\/zim.orangewallcreative.com\/bg\/"},{"@type":"ListItem","position":2,"name":"About","item":"https:\/\/zim.orangewallcreative.com\/ku\/about\/"},{"@type":"ListItem","position":3,"name":"Who We Are"}]},{"@type":"WebSite","@id":"http:\/\/zim.orangewallcreative.com\/bg\/#website","url":"http:\/\/zim.orangewallcreative.com\/bg\/","name":"Ti\u1ebfp th\u1ecb qu\u1ed1c t\u1ebf Zigong, LLC","description":"","publisher":{"@id":"http:\/\/zim.orangewallcreative.com\/bg\/#organization"},"potentialAction":[{"@type":"SearchAction","target":{"@type":"EntryPoint","urlTemplate":"http:\/\/zim.orangewallcreative.com\/bg\/?s={search_term_string}"},"query-input":{"@type":"PropertyValueSpecification","valueRequired":true,"valueName":"search_term_string"}}],"inLanguage":"vi"},{"@type":"Organization","@id":"http:\/\/zim.orangewallcreative.com\/bg\/#organization","name":"C\u00f4ng ty TNHH Ti\u1ebfp th\u1ecb Qu\u1ed1c t\u1ebf Zigong","url":"http:\/\/zim.orangewallcreative.com\/bg\/","logo":{"@type":"ImageObject","inLanguage":"vi","@id":"http:\/\/zim.orangewallcreative.com\/bg\/#\/schema\/logo\/image\/","url":"https:\/\/zim-llc.com\/wp-content\/uploads\/2020\/06\/6-23-logo-c.jpg","contentUrl":"https:\/\/zim-llc.com\/wp-content\/uploads\/2020\/06\/6-23-logo-c.jpg","width":201,"height":90,"caption":"Zigong International Marketing LLC"},"image":{"@id":"http:\/\/zim.orangewallcreative.com\/bg\/#\/schema\/logo\/image\/"}}]}},"_links":{"self":[{"href":"https:\/\/zim.orangewallcreative.com\/vi\/wp-json\/wp\/v2\/pages\/861","targetHints":{"allow":["GET"]}}],"collection":[{"href":"https:\/\/zim.orangewallcreative.com\/vi\/wp-json\/wp\/v2\/pages"}],"about":[{"href":"https:\/\/zim.orangewallcreative.com\/vi\/wp-json\/wp\/v2\/types\/page"}],"author":[{"embeddable":true,"href":"https:\/\/zim.orangewallcreative.com\/vi\/wp-json\/wp\/v2\/users\/4"}],"replies":[{"embeddable":true,"href":"https:\/\/zim.orangewallcreative.com\/vi\/wp-json\/wp\/v2\/comments?post=861"}],"version-history":[{"count":0,"href":"https:\/\/zim.orangewallcreative.com\/vi\/wp-json\/wp\/v2\/pages\/861\/revisions"}],"up":[{"embeddable":true,"href":"https:\/\/zim.orangewallcreative.com\/vi\/wp-json\/wp\/v2\/pages\/815"}],"wp:attachment":[{"href":"https:\/\/zim.orangewallcreative.com\/vi\/wp-json\/wp\/v2\/media?parent=861"}],"curies":[{"name":"wp","href":"https:\/\/api.w.org\/{rel}","templated":true}]}}