{"id":889,"date":"2020-04-17T06:13:18","date_gmt":"2020-04-17T06:13:18","guid":{"rendered":"https:\/\/zimllc.wpengine.com\/?page_id=889"},"modified":"2024-08-27T18:55:37","modified_gmt":"2024-08-27T18:55:37","slug":"tungsten-carbide-powder","status":"publish","type":"page","link":"https:\/\/zim.orangewallcreative.com\/vi\/powders\/tungsten-carbide-powder\/","title":{"rendered":"B\u1ed9t cacbua vonfram"},"content":{"rendered":"<div class=\"fusion-fullwidth fullwidth-box fusion-builder-row-1 fusion-flex-container has-pattern-background has-mask-background nonhundred-percent-fullwidth non-hundred-percent-height-scrolling\" style=\"--awb-border-radius-top-left:0px;--awb-border-radius-top-right:0px;--awb-border-radius-bottom-right:0px;--awb-border-radius-bottom-left:0px;--awb-padding-right:0px;--awb-padding-left:0px;--awb-background-image:linear-gradient(180deg, #0000 0%,#0000 100%);--awb-flex-wrap:wrap;\" ><div class=\"fusion-builder-row fusion-row fusion-flex-align-items-flex-start fusion-flex-content-wrap\" style=\"max-width:1248px;margin-left: calc(-4% \/ 2 );margin-right: calc(-4% \/ 2 );\"><div class=\"fusion-layout-column fusion_builder_column fusion-builder-column-0 fusion_builder_column_1_4 1_4 fusion-flex-column\" style=\"--awb-bg-size:cover;--awb-width-large:25%;--awb-margin-top-large:0px;--awb-spacing-right-large:7.68%;--awb-margin-bottom-large:0px;--awb-spacing-left-large:7.68%;--awb-width-medium:25%;--awb-order-medium:0;--awb-spacing-right-medium:7.68%;--awb-spacing-left-medium:7.68%;--awb-width-small:100%;--awb-order-small:0;--awb-spacing-right-small:1.92%;--awb-spacing-left-small:1.92%;\" data-scroll-devices=\"small-visibility,medium-visibility,large-visibility\"><div class=\"fusion-column-wrapper fusion-column-has-shadow fusion-flex-justify-content-flex-start fusion-content-layout-column\"><div class=\"fusion-image-element\" style=\"text-align:center;--awb-margin-bottom:10px;--awb-caption-title-font-family:var(--h2_typography-font-family);--awb-caption-title-font-weight:var(--h2_typography-font-weight);--awb-caption-title-font-style:var(--h2_typography-font-style);--awb-caption-title-size:var(--h2_typography-font-size);--awb-caption-title-transform:var(--h2_typography-text-transform);--awb-caption-title-line-height:var(--h2_typography-line-height);--awb-caption-title-letter-spacing:var(--h2_typography-letter-spacing);\"><span class=\"fusion-imageframe imageframe-none imageframe-1 hover-type-zoomin fusion-animated\" data-animationtype=\"fadeInRight\" data-animationduration=\"0.5\" data-animationdelay=\"0.1\" data-animationoffset=\"top-into-view\"><img decoding=\"async\" width=\"400\" height=\"300\" title=\"b\u1ed9t cacbua vonfram\" src=\"https:\/\/zim-llc.com\/wp-content\/uploads\/2017\/07\/tungsten-carbide-powder.jpg\" alt class=\"img-responsive wp-image-1423\" srcset=\"https:\/\/zim.orangewallcreative.com\/wp-content\/uploads\/2017\/07\/tungsten-carbide-powder-300x225.jpg 300w, https:\/\/zim.orangewallcreative.com\/wp-content\/uploads\/2017\/07\/tungsten-carbide-powder.jpg 400w\" sizes=\"(max-width: 400px) 100vw, 400px\" \/><\/span><\/div><div class=\"fusion-image-element\" style=\"text-align:center;--awb-margin-bottom:10px;--awb-caption-title-font-family:var(--h2_typography-font-family);--awb-caption-title-font-weight:var(--h2_typography-font-weight);--awb-caption-title-font-style:var(--h2_typography-font-style);--awb-caption-title-size:var(--h2_typography-font-size);--awb-caption-title-transform:var(--h2_typography-text-transform);--awb-caption-title-line-height:var(--h2_typography-line-height);--awb-caption-title-letter-spacing:var(--h2_typography-letter-spacing);\"><span class=\"fusion-imageframe imageframe-none imageframe-2 hover-type-zoomin fusion-animated\" data-animationtype=\"fadeInRight\" data-animationduration=\"0.5\" data-animationdelay=\"0.1\" data-animationoffset=\"top-into-view\"><img decoding=\"async\" width=\"484\" height=\"237\" title=\"h\u00ecnh \u1ea3nh b\u1ed9t cacbua vonfram\" src=\"https:\/\/zim-llc.com\/wp-content\/uploads\/2017\/07\/tungsten-carbide-powder-image.jpg\" alt class=\"img-responsive wp-image-1424\" srcset=\"https:\/\/zim.orangewallcreative.com\/wp-content\/uploads\/2017\/07\/tungsten-carbide-powder-image-300x147.jpg 300w, https:\/\/zim.orangewallcreative.com\/wp-content\/uploads\/2017\/07\/tungsten-carbide-powder-image.jpg 484w\" sizes=\"(max-width: 484px) 100vw, 484px\" \/><\/span><\/div><\/div><\/div><div class=\"fusion-layout-column fusion_builder_column fusion-builder-column-1 fusion_builder_column_1_2 1_2 fusion-flex-column\" style=\"--awb-bg-size:cover;--awb-width-large:50%;--awb-margin-top-large:0px;--awb-spacing-right-large:3.84%;--awb-margin-bottom-large:0px;--awb-spacing-left-large:3.84%;--awb-width-medium:50%;--awb-order-medium:0;--awb-spacing-right-medium:3.84%;--awb-spacing-left-medium:3.84%;--awb-width-small:100%;--awb-order-small:0;--awb-spacing-right-small:1.92%;--awb-spacing-left-small:1.92%;\" data-scroll-devices=\"small-visibility,medium-visibility,large-visibility\"><div class=\"fusion-column-wrapper fusion-column-has-shadow fusion-flex-justify-content-flex-start fusion-content-layout-column\"><div class=\"fusion-text fusion-text-1\"><h1>B\u1ed9t cacbua vonfram<\/h1>\n<p>ZGCC s\u1ea3n xu\u1ea5t nhi\u1ec1u lo\u1ea1i k\u00edch th\u01b0\u1edbc h\u1ea1t v\u1edbi nhi\u1ec1u t\u00ednh ch\u1ea5t v\u1eadt l\u00fd cho c\u00e1c \u1ee9ng d\u1ee5ng kh\u00e1c nhau. B\u1ed9t cacbua vonfram c\u00f3 \u0111\u1ed9 tinh khi\u1ebft cao, ph\u00e2n b\u1ed1 k\u00edch th\u01b0\u1edbc h\u1ea1t t\u1eadp trung, h\u00ecnh th\u00e1i tinh th\u1ec3 ho\u00e0n h\u1ea3o v\u00e0 ch\u1ea5t l\u01b0\u1ee3ng \u1ed5n \u0111\u1ecbnh.<\/p>\n<p><strong>V\u1ebb b\u1ec1 ngo\u00e0i:<br \/>\n<\/strong>M\u00e0u x\u00e1m \u0111\u1eadm ho\u1eb7c x\u00e1m nh\u1ea1t c\u00f3 m\u00e0u s\u1eafc \u0111\u1ed3ng nh\u1ea5t v\u00e0 th\u1ed1ng nh\u1ea5t.<\/p>\n<p><strong>K\u00edch c\u1ee1:\u00a0<\/strong>0,2 ~ 60\u03bcm<\/p>\n<p><strong>\u1ee8ng d\u1ee5ng:<br \/>\n<\/strong>B\u1ed9t cacbua vonfram ch\u1ee7 y\u1ebfu \u0111\u01b0\u1ee3c s\u1eed d\u1ee5ng l\u00e0m nguy\u00ean li\u1ec7u th\u00f4 \u0111\u1ec3 s\u1ea3n xu\u1ea5t c\u00e1c s\u1ea3n ph\u1ea9m cacbua xi m\u0103ng bao g\u1ed3m d\u1ee5ng c\u1ee5 c\u1eaft, d\u1ee5ng c\u1ee5 khai th\u00e1c, v\u1eadt li\u1ec7u l\u00e0m c\u1ee9ng b\u1eb1ng vonfram v\u00e0 c\u00e1c b\u1ed9 ph\u1eadn m\u00e0i m\u00f2n kh\u00e1c.<\/p>\n<p><strong>B\u1ed9t cacbua vonfram th\u00f4ng th\u01b0\u1eddng:<br \/>\n<\/strong>D\u00f2ng b\u1ed9t vonfram n\u00e0y c\u00f3 ch\u1ea5t l\u01b0\u1ee3ng \u1ed5n \u0111\u1ecbnh v\u00e0 c\u00f3 th\u1ec3 \u0111\u00e1p \u1ee9ng y\u00eau c\u1ea7u c\u1ee7a h\u1ea7u h\u1ebft c\u00e1c s\u1ea3n ph\u1ea9m cacbua xi m\u0103ng. \u0110\u00e2y l\u00e0 lo\u1ea1i b\u1ed9t cacbua vonfram \u0111\u01b0\u1ee3c s\u1eed d\u1ee5ng r\u1ed9ng r\u00e3i nh\u1ea5t.<\/p>\n<p><strong>B\u1ed9t cacbua vonfram si\u00eau m\u1ecbn:<br \/>\n<\/strong>D\u00f2ng b\u1ed9t cacbua vonfram n\u00e0y c\u00f3 ph\u00e2n b\u1ed1 k\u00edch th\u01b0\u1edbc h\u1ea1t t\u1eadp trung t\u1ed1t, \u0111\u1ed9 ph\u00e2n t\u00e1n tuy\u1ec7t v\u1eddi, \u0111\u1ed9 nh\u1ea1y th\u1ea5p v\u1edbi nhi\u1ec7t \u0111\u1ed9 thi\u00eau k\u1ebft h\u1ee3p kim, h\u00e0m l\u01b0\u1ee3ng oxy v\u1eeba ph\u1ea3i v\u00e0 \u0111\u1ed9 c\u1ee9ng cao.<\/p>\n<p><strong>Cacbua vonfram si\u00eau m\u1ecbn:<br \/>\n<\/strong>D\u00f2ng b\u1ed9t cacbua vonfram n\u00e0y c\u00f3 ph\u00e2n b\u1ed1 k\u00edch th\u01b0\u1edbc h\u1ea1t t\u1eadp trung, h\u00e0m l\u01b0\u1ee3ng oxy th\u1ea5p ph\u00e2n t\u00e1n tuy\u1ec7t v\u1eddi v\u00e0 ch\u1ea5t l\u01b0\u1ee3ng \u1ed5n \u0111\u1ecbnh.<\/p>\n<p><strong>Cacbua vonfram si\u00eau th\u00f4:<br \/>\n<\/strong>D\u00f2ng b\u1ed9t cacbua vonfram n\u00e0y c\u00f3 c\u1ea5u tr\u00fac h\u1ea1t ho\u00e0n h\u1ea3o v\u00e0 h\u00ecnh th\u00e1i h\u1ea1t tuy\u1ec7t v\u1eddi.<\/p>\n<\/div><\/div><\/div><div class=\"fusion-layout-column fusion_builder_column fusion-builder-column-2 fusion_builder_column_1_4 1_4 fusion-flex-column\" style=\"--awb-bg-size:cover;--awb-width-large:25%;--awb-margin-top-large:0px;--awb-spacing-right-large:7.68%;--awb-margin-bottom-large:0px;--awb-spacing-left-large:7.68%;--awb-width-medium:25%;--awb-order-medium:0;--awb-spacing-right-medium:7.68%;--awb-spacing-left-medium:7.68%;--awb-width-small:100%;--awb-order-small:0;--awb-spacing-right-small:1.92%;--awb-spacing-left-small:1.92%;\" data-scroll-devices=\"small-visibility,medium-visibility,large-visibility\"><div class=\"fusion-column-wrapper fusion-column-has-shadow fusion-flex-justify-content-flex-start fusion-content-layout-column\"><div class=\"fusion-separator fusion-full-width-sep\" style=\"align-self: center;margin-left: auto;margin-right: auto;margin-bottom:20px;width:100%;\"><\/div><div class=\"fusion-text fusion-text-2\">\n\t\t<div id=\"wppdfemb-frame-container-0\" style=\"-webkit-overflow-scrolling:auto;\">\n\t\t\t<iframe src=\"https:\/\/zim.orangewallcreative.com\/vi\/?url=https:\/\/zim-llc.com\/\/wp-content\/uploads\/2024\/04\/Tungsten-Carbide-Powder.pdf&#038;toolbarfixed=on&#038;index=1&#038;pdfID=0\"\n\t\t\t\tid=\"wppdf-emb-iframe-0\"\n\t\t\t\tdata-pdf-index=\"1\"\n\t\t\t\tclass=\"pdfembed-iframe nonfullscreen\"\n\t\t\t\tstyle=\"border:none;width:100%;max-width:250px;min-height:350px\"\n\t\t\t\tscrolling=\"yes\">\n\t\t\t<\/iframe>\n\t\t<\/div>\n\n\t\t\n<\/div><\/div><\/div><\/div><\/div>","protected":false},"excerpt":{"rendered":"","protected":false},"author":4,"featured_media":0,"parent":871,"menu_order":4,"comment_status":"closed","ping_status":"closed","template":"","meta":{"footnotes":""},"class_list":["post-889","page","type-page","status-publish","hentry"],"yoast_head":"<!-- This site is optimized with the Yoast SEO plugin v26.8 - https:\/\/yoast.com\/product\/yoast-seo-wordpress\/ -->\n<title>Tungsten Carbide Powder - Zigong International Marketing, LLC<\/title>\n<meta name=\"description\" content=\"Tungsten Carbide powder has a high purity, centralized particle size distribution, perfect crystal morphology and stable quality.\" \/>\n<meta name=\"robots\" content=\"index, follow, max-snippet:-1, max-image-preview:large, max-video-preview:-1\" \/>\n<link rel=\"canonical\" href=\"https:\/\/zim.orangewallcreative.com\/vi\/powders\/tungsten-carbide-powder\/\" \/>\n<meta property=\"og:locale\" content=\"vi_VN\" \/>\n<meta property=\"og:type\" content=\"article\" \/>\n<meta property=\"og:title\" content=\"Tungsten Carbide Powder - Zigong International Marketing, LLC\" \/>\n<meta property=\"og:description\" content=\"Tungsten Carbide powder has a high purity, centralized particle size distribution, perfect crystal morphology and stable quality.\" \/>\n<meta property=\"og:url\" content=\"https:\/\/zim.orangewallcreative.com\/vi\/powders\/tungsten-carbide-powder\/\" \/>\n<meta property=\"og:site_name\" content=\"Zigong International Marketing, LLC\" \/>\n<meta property=\"article:modified_time\" content=\"2024-08-27T18:55:37+00:00\" \/>\n<meta name=\"twitter:card\" content=\"summary_large_image\" \/>\n<meta name=\"twitter:label1\" content=\"\u01af\u1edbc t\u00ednh th\u1eddi gian \u0111\u1ecdc\" \/>\n\t<meta name=\"twitter:data1\" content=\"2 ph\u00fat\" \/>\n<script type=\"application\/ld+json\" class=\"yoast-schema-graph\">{\"@context\":\"https:\/\/schema.org\",\"@graph\":[{\"@type\":\"WebPage\",\"@id\":\"https:\/\/zim.orangewallcreative.com\/gl\/powders\/tungsten-carbide-powder\/\",\"url\":\"https:\/\/zim.orangewallcreative.com\/gl\/powders\/tungsten-carbide-powder\/\",\"name\":\"Tungsten Carbide Powder - Zigong International Marketing, LLC\",\"isPartOf\":{\"@id\":\"http:\/\/zim.orangewallcreative.com\/bg\/#website\"},\"datePublished\":\"2020-04-17T06:13:18+00:00\",\"dateModified\":\"2024-08-27T18:55:37+00:00\",\"description\":\"Tungsten Carbide powder has a high purity, centralized particle size distribution, perfect crystal morphology and stable quality.\",\"breadcrumb\":{\"@id\":\"https:\/\/zim.orangewallcreative.com\/gl\/powders\/tungsten-carbide-powder\/#breadcrumb\"},\"inLanguage\":\"vi\",\"potentialAction\":[{\"@type\":\"ReadAction\",\"target\":[\"https:\/\/zim.orangewallcreative.com\/gl\/powders\/tungsten-carbide-powder\/\"]}]},{\"@type\":\"BreadcrumbList\",\"@id\":\"https:\/\/zim.orangewallcreative.com\/gl\/powders\/tungsten-carbide-powder\/#breadcrumb\",\"itemListElement\":[{\"@type\":\"ListItem\",\"position\":1,\"name\":\"Home\",\"item\":\"http:\/\/zim.orangewallcreative.com\/bg\/\"},{\"@type\":\"ListItem\",\"position\":2,\"name\":\"Powders\",\"item\":\"http:\/\/zim.orangewallcreative.com\/en\/powders\/\"},{\"@type\":\"ListItem\",\"position\":3,\"name\":\"Tungsten Carbide Powder\"}]},{\"@type\":\"WebSite\",\"@id\":\"http:\/\/zim.orangewallcreative.com\/bg\/#website\",\"url\":\"http:\/\/zim.orangewallcreative.com\/bg\/\",\"name\":\"Zigong International Marketing, LLC\",\"description\":\"\",\"publisher\":{\"@id\":\"http:\/\/zim.orangewallcreative.com\/bg\/#organization\"},\"potentialAction\":[{\"@type\":\"SearchAction\",\"target\":{\"@type\":\"EntryPoint\",\"urlTemplate\":\"http:\/\/zim.orangewallcreative.com\/bg\/?s={search_term_string}\"},\"query-input\":{\"@type\":\"PropertyValueSpecification\",\"valueRequired\":true,\"valueName\":\"search_term_string\"}}],\"inLanguage\":\"vi\"},{\"@type\":\"Organization\",\"@id\":\"http:\/\/zim.orangewallcreative.com\/bg\/#organization\",\"name\":\"Zigong International Marketing LLC\",\"url\":\"http:\/\/zim.orangewallcreative.com\/bg\/\",\"logo\":{\"@type\":\"ImageObject\",\"inLanguage\":\"vi\",\"@id\":\"http:\/\/zim.orangewallcreative.com\/bg\/#\/schema\/logo\/image\/\",\"url\":\"https:\/\/zim-llc.com\/wp-content\/uploads\/2020\/06\/6-23-logo-c.jpg\",\"contentUrl\":\"https:\/\/zim-llc.com\/wp-content\/uploads\/2020\/06\/6-23-logo-c.jpg\",\"width\":201,\"height\":90,\"caption\":\"Zigong International Marketing LLC\"},\"image\":{\"@id\":\"http:\/\/zim.orangewallcreative.com\/bg\/#\/schema\/logo\/image\/\"}}]}<\/script>\n<!-- \/ Yoast SEO plugin. -->","yoast_head_json":{"title":"Tungsten Carbide Powder - Zigong International Marketing, LLC","description":"Tungsten Carbide powder has a high purity, centralized particle size distribution, perfect crystal morphology and stable quality.","robots":{"index":"index","follow":"follow","max-snippet":"max-snippet:-1","max-image-preview":"max-image-preview:large","max-video-preview":"max-video-preview:-1"},"canonical":"https:\/\/zim.orangewallcreative.com\/vi\/powders\/tungsten-carbide-powder\/","og_locale":"vi_VN","og_type":"article","og_title":"Tungsten Carbide Powder - Zigong International Marketing, LLC","og_description":"Tungsten Carbide powder has a high purity, centralized particle size distribution, perfect crystal morphology and stable quality.","og_url":"https:\/\/zim.orangewallcreative.com\/vi\/powders\/tungsten-carbide-powder\/","og_site_name":"Zigong International Marketing, LLC","article_modified_time":"2024-08-27T18:55:37+00:00","twitter_card":"summary_large_image","twitter_misc":{"\u01af\u1edbc t\u00ednh th\u1eddi gian \u0111\u1ecdc":"2 ph\u00fat"},"schema":{"@context":"https:\/\/schema.org","@graph":[{"@type":"WebPage","@id":"https:\/\/zim.orangewallcreative.com\/gl\/powders\/tungsten-carbide-powder\/","url":"https:\/\/zim.orangewallcreative.com\/gl\/powders\/tungsten-carbide-powder\/","name":"Tungsten Carbide Powder - Zigong International Marketing, LLC","isPartOf":{"@id":"http:\/\/zim.orangewallcreative.com\/bg\/#website"},"datePublished":"2020-04-17T06:13:18+00:00","dateModified":"2024-08-27T18:55:37+00:00","description":"Tungsten Carbide powder has a high purity, centralized particle size distribution, perfect crystal morphology and stable quality.","breadcrumb":{"@id":"https:\/\/zim.orangewallcreative.com\/gl\/powders\/tungsten-carbide-powder\/#breadcrumb"},"inLanguage":"vi","potentialAction":[{"@type":"ReadAction","target":["https:\/\/zim.orangewallcreative.com\/gl\/powders\/tungsten-carbide-powder\/"]}]},{"@type":"BreadcrumbList","@id":"https:\/\/zim.orangewallcreative.com\/gl\/powders\/tungsten-carbide-powder\/#breadcrumb","itemListElement":[{"@type":"ListItem","position":1,"name":"Home","item":"http:\/\/zim.orangewallcreative.com\/bg\/"},{"@type":"ListItem","position":2,"name":"Powders","item":"http:\/\/zim.orangewallcreative.com\/en\/powders\/"},{"@type":"ListItem","position":3,"name":"Tungsten Carbide Powder"}]},{"@type":"WebSite","@id":"http:\/\/zim.orangewallcreative.com\/bg\/#website","url":"http:\/\/zim.orangewallcreative.com\/bg\/","name":"Ti\u1ebfp th\u1ecb qu\u1ed1c t\u1ebf Zigong, LLC","description":"","publisher":{"@id":"http:\/\/zim.orangewallcreative.com\/bg\/#organization"},"potentialAction":[{"@type":"SearchAction","target":{"@type":"EntryPoint","urlTemplate":"http:\/\/zim.orangewallcreative.com\/bg\/?s={search_term_string}"},"query-input":{"@type":"PropertyValueSpecification","valueRequired":true,"valueName":"search_term_string"}}],"inLanguage":"vi"},{"@type":"Organization","@id":"http:\/\/zim.orangewallcreative.com\/bg\/#organization","name":"C\u00f4ng ty TNHH Ti\u1ebfp th\u1ecb Qu\u1ed1c t\u1ebf Zigong","url":"http:\/\/zim.orangewallcreative.com\/bg\/","logo":{"@type":"ImageObject","inLanguage":"vi","@id":"http:\/\/zim.orangewallcreative.com\/bg\/#\/schema\/logo\/image\/","url":"https:\/\/zim-llc.com\/wp-content\/uploads\/2020\/06\/6-23-logo-c.jpg","contentUrl":"https:\/\/zim-llc.com\/wp-content\/uploads\/2020\/06\/6-23-logo-c.jpg","width":201,"height":90,"caption":"Zigong International Marketing LLC"},"image":{"@id":"http:\/\/zim.orangewallcreative.com\/bg\/#\/schema\/logo\/image\/"}}]}},"_links":{"self":[{"href":"https:\/\/zim.orangewallcreative.com\/vi\/wp-json\/wp\/v2\/pages\/889","targetHints":{"allow":["GET"]}}],"collection":[{"href":"https:\/\/zim.orangewallcreative.com\/vi\/wp-json\/wp\/v2\/pages"}],"about":[{"href":"https:\/\/zim.orangewallcreative.com\/vi\/wp-json\/wp\/v2\/types\/page"}],"author":[{"embeddable":true,"href":"https:\/\/zim.orangewallcreative.com\/vi\/wp-json\/wp\/v2\/users\/4"}],"replies":[{"embeddable":true,"href":"https:\/\/zim.orangewallcreative.com\/vi\/wp-json\/wp\/v2\/comments?post=889"}],"version-history":[{"count":0,"href":"https:\/\/zim.orangewallcreative.com\/vi\/wp-json\/wp\/v2\/pages\/889\/revisions"}],"up":[{"embeddable":true,"href":"https:\/\/zim.orangewallcreative.com\/vi\/wp-json\/wp\/v2\/pages\/871"}],"wp:attachment":[{"href":"https:\/\/zim.orangewallcreative.com\/vi\/wp-json\/wp\/v2\/media?parent=889"}],"curies":[{"name":"wp","href":"https:\/\/api.w.org\/{rel}","templated":true}]}}